{"id":5184,"date":"2023-12-19T15:23:40","date_gmt":"2023-12-19T15:23:40","guid":{"rendered":"https:\/\/ibas.world\/pako-premium\/"},"modified":"2025-01-24T12:31:07","modified_gmt":"2025-01-24T12:31:07","slug":"pako-premium","status":"publish","type":"page","link":"https:\/\/ibas.world\/de\/pako-premium\/","title":{"rendered":"PREMIUM PAKET"},"content":{"rendered":"\t\t<div data-elementor-type=\"wp-page\" data-elementor-id=\"5184\" class=\"elementor elementor-5184 elementor-3759\">\n\t\t\t\t<div class=\"elementor-element elementor-element-f79ebb1 e-flex e-con-boxed e-con e-parent\" data-id=\"f79ebb1\" data-element_type=\"container\">\n\t\t\t\t\t<div class=\"e-con-inner\">\n\t\t\t\t<div class=\"elementor-element elementor-element-c25bba1 elementor-widget elementor-widget-html\" data-id=\"c25bba1\" data-element_type=\"widget\" data-widget_type=\"html.default\">\n\t\t\t\t<div class=\"elementor-widget-container\">\n\t\t\t<div class=\"page-pakos\">\n    <div class=\"modal-wrapper\">\n        <div class=\"modal-under\">\n            <div class=\"head-content\">\n                <h3>PREMIUM PAKET<\/h3>\n               <p>Dieser Kontotyp erm\u00f6glicht es Ihnen nicht nur, Zahlungen an \u00f6ffentliche Institutionen und f\u00fcr Versorgungsdienste (wie Strom, Wasser und M\u00fcllentsorgung) zu leisten sowie Kredite oder \u00dcberziehungen zu beantragen, sondern bietet auch folgende zus\u00e4tzliche Dienstleistungen: Zugang zum PREMIUM-Paket \u2013 Ihr Tor zu einem unvergleichlichen Bankerlebnis, und das f\u00fcr nur: <\/p>\n                <h2>9,99\u20ac <span style=\"font-size:14px!important; font-weight:300\">\/pro Monat <\/span><\/h2>\n                <a class=\"exitIcon\" href=\"javascript:void(0)\" onclick=\"remModals()\" aria-label=\"IbasLink\">\n                    <svg xmlns=\"http:\/\/www.w3.org\/2000\/svg\" fill=\"#000000\" width=\"800px\" height=\"800px\" viewbox=\"0 0 256 256\" id=\"Flat\">\n                        <path d=\"M202.82861,197.17188a3.99991,3.99991,0,1,1-5.65722,5.65624L128,133.65723,58.82861,202.82812a3.99991,3.99991,0,0,1-5.65722-5.65624L122.343,128,53.17139,58.82812a3.99991,3.99991,0,0,1,5.65722-5.65624L128,122.34277l69.17139-69.17089a3.99991,3.99991,0,0,1,5.65722,5.65624L133.657,128Z\"><\/path>\n                    <\/svg>\n                <\/a>\n                <p>Die Bankdienstleistungen, die Sie mit Ihrem PLOT-Konto erhalten:<\/p>\n            <\/div>\n            <div class=\"modal-content\">\n                <div class=\"firstModal-col\">\n                    <ul class=\"modalChecks\">\n                        <li>\n                            <div class=\"mod-img-title\">\n                                <img decoding=\"async\" data-lazyloaded=\"1\" src=\"\/wp-content\/uploads\/2023\/07\/sepa.svg\" data-src=\"\/wp-content\/uploads\/2023\/07\/sepa.svg\" alt=\"ibas37\" data-ll-status=\"loaded\" class=\"entered litespeed-loaded\">\n                                <div>\n                                    <h5>Britisches Bankkonto mit SEPA-Zugang<\/h5>\n                                    <p>Mit diesem von IBAS bereitgestellten Konto k\u00f6nnen Sie Geld innerhalb von Sekunden in den gesamten Europ\u00e4ischen Wirtschaftsraum senden, unabh\u00e4ngig von der Betragsh\u00f6he. Gleichzeitig k\u00f6nnen Sie Geld aus derselben Zone empfangen, sei es als \u00dcberweisung von Ihren Familienangeh\u00f6rigen, die in Europa leben, oder als Zahlung von Ihren Auftraggebern \u00fcber Plattformen wie Shopify, AirBNB, Wise und viele andere. Dieses Konto bietet Ihnen au\u00dferdem zwei (2) SEPA-\u00dcberweisungen pro Monat kostenlos an.  <\/p>\n                                <\/div>\n                            <\/div>\n                        <\/li>\n                        <li>\n                            <div class=\"mod-img-title\">\n                                <img decoding=\"async\" data-lazyloaded=\"1\" src=\"\/wp-content\/uploads\/2023\/08\/pay-1.png\" data-src=\"\/wp-content\/uploads\/2023\/08\/pay-1.png\" alt=\"ibas38\" data-ll-status=\"loaded\" class=\"entered litespeed-loaded\">\n                                <div>\n                                    <h5>Zinsfreier Kredit f\u00fcr Ihre Zahlungen <\/h5>\n                                    <p>Wenn Sie jetzt kaufen und sp\u00e4ter zahlen m\u00f6chten, bietet Ihnen dieses Konto bis zu 750 \u20ac zinsfrei f\u00fcr drei (3) Monate. Sie zahlen Zinsen nur f\u00fcr den Betrag, den Sie \u00fcber die drei (3) Monate hinaus nutzen.  <\/p>\n                                <\/div>\n                            <\/div>\n                        <\/li>\n          \n                    <\/ul>\n                <\/div>\n                <div>\n                    <ul class=\"modalChecks\">\n                                    \n                        <li>\n                            <div class=\"mod-img-title\">\n                                <img decoding=\"async\" data-lazyloaded=\"1\" src=\"\/wp-content\/uploads\/2023\/07\/tegjitha_pagesat.svg\" data-src=\"\/wp-content\/uploads\/2023\/07\/tegjitha_pagesat.svg\" alt=\"ibas40\" data-ll-status=\"loaded\" class=\"entered litespeed-loaded\">\n                                <div>\n                                    <h5>Europ\u00e4ische Elektronische Identit\u00e4t von rTrust: <\/h5>\n                                    <p>Mit der elektronischen Signatur von rTrust k\u00f6nnen Sie den genehmigten Kredit oder \u00dcberziehungsrahmen von bis zu 5.000 \u20ac abrufen, ohne die B\u00fcros zu besuchen oder das IBAS-Personal pers\u00f6nlich zu treffen. <\/p>\n                                <\/div>\n<\/div>\n                        <\/li>\n                          <li>\n                            <div class=\"mod-img-title\">\n                                <img decoding=\"async\" data-lazyloaded=\"1\" src=\"\/wp-content\/uploads\/2023\/07\/mbushja_kuletes.svg\" data-src=\"\/wp-content\/uploads\/2023\/07\/mbushja_kuletes.svg\" alt=\"ibas39\" data-ll-status=\"loaded\" class=\"entered litespeed-loaded\">\n                                <div>\n                                    <h5> Pass-through eWallet (Elektronische Durchlaufgeldb\u00f6rse): <\/h5>\n                                    <p> Dieses Konto erm\u00f6glicht es Ihnen, Zahlungen und \u00dcberweisungen direkt von Ihrem Bankkonto aus durchzuf\u00fchren, ohne Geld auf IBAS zu \u00fcberweisen oder die Geldb\u00f6rse im Voraus aufzuladen. <\/p>\n                                <\/div>\n                            <\/div>\n                        <\/li>\n                    <\/ul>\n                <\/div>\n            <\/div>\n        <\/div>\n        <div style=\"margin-top:20px;\">\n            <p>Vielen Dank, dass Sie sich f\u00fcr IBAS f\u00fcr Ihre Bankbed\u00fcrfnisse entschieden haben! Wir freuen uns, Sie auf unserer Reise willkommen zu hei\u00dfen. In \u00dcbereinstimmung mit den regulatorischen Anforderungen bitten wir Sie, unsere App herunterzuladen und den KYC\/KYB-Prozess zu starten, der eine gesetzliche Voraussetzung f\u00fcr die Er\u00f6ffnung eines Bankkontos ist.   <br><br> Der Prozess ist unkompliziert und wird mit den notwendigen Anweisungen bereitgestellt. <br><br> Erleben Sie die IBAS-L\u00f6sungen in vollen Z\u00fcgen! <br><br> W\u00e4hlen Sie die Optionen, um die App herunterzuladen: <\/p>\n        <\/div>\n        <div class=\"modal-button\">\n            <a href=\"https:\/\/ibas.world\/de\/ibas-beitreten\/\" class=\"modal-button\" aria-label=\"IbasLink\">Bewerben<\/a>\n        <\/div>\n    <\/div>\n<\/div>\n\n\n<style>\n    .page-pakos .modal-wrapper{\n        position:static;\n        transform:none!important;\n        animation:none!important;\n        width:100%!important;\n        max-width:100%!important;\n        max-height:100%!important;\n        overflow:hidden;\n        padding:0;\n    }\n<\/style>\t\t<\/div>\n\t\t\t\t<\/div>\n\t\t\t\t\t<\/div>\n\t\t\t\t<\/div>\n\t\t\t\t<\/div>\n\t\t","protected":false},"excerpt":{"rendered":"<p>PREMIUM PAKET Dieser Kontotyp erm\u00f6glicht es Ihnen nicht nur, Zahlungen an \u00f6ffentliche Institutionen und f\u00fcr Versorgungsdienste (wie Strom, Wasser und M\u00fcllentsorgung) zu leisten sowie Kredite oder \u00dcberziehungen zu beantragen, sondern bietet auch folgende zus\u00e4tzliche Dienstleistungen: Zugang zum PREMIUM-Paket \u2013 Ihr Tor zu einem unvergleichlichen Bankerlebnis, und das f\u00fcr nur: 9,99\u20ac \/pro Monat Die Bankdienstleistungen, die [&hellip;]<\/p>\n","protected":false},"author":54,"featured_media":0,"parent":0,"menu_order":0,"comment_status":"closed","ping_status":"closed","template":"","meta":{"inline_featured_image":false,"footnotes":""},"yoast_head":"<!-- This site is optimized with the Yoast SEO plugin v22.5 - https:\/\/yoast.com\/wordpress\/plugins\/seo\/ -->\r\n<title>PREMIUM PAKET - IBAS<\/title>\r\n<meta name=\"description\" content=\"Eine Welt, in der Erschwinglichkeit auf au\u00dfergew\u00f6hnliche Vorteile trifft. Abgestimmt auf diejenigen, die Einfachheit suchen, passt sich dieses Konto nahtlos Ihren individuellen Vorlieben an. Erleben Sie das zinsfreie Angebot \u201eJetzt kaufen, sp\u00e4ter bezahlen\u201c.\" \/>\r\n<meta name=\"robots\" content=\"index, follow, max-snippet:-1, max-image-preview:large, max-video-preview:-1\" \/>\r\n<link rel=\"canonical\" href=\"https:\/\/ibas.world\/de\/pako-premium\/\" \/>\r\n<meta property=\"og:locale\" content=\"de_DE\" \/>\r\n<meta property=\"og:type\" content=\"article\" \/>\r\n<meta property=\"og:title\" content=\"PREMIUM PAKET - IBAS\" \/>\r\n<meta property=\"og:description\" content=\"Eine Welt, in der Erschwinglichkeit auf au\u00dfergew\u00f6hnliche Vorteile trifft. Abgestimmt auf diejenigen, die Einfachheit suchen, passt sich dieses Konto nahtlos Ihren individuellen Vorlieben an. Erleben Sie das zinsfreie Angebot \u201eJetzt kaufen, sp\u00e4ter bezahlen\u201c.\" \/>\r\n<meta property=\"og:url\" content=\"https:\/\/ibas.world\/de\/pako-premium\/\" \/>\r\n<meta property=\"og:site_name\" content=\"IBAS\" \/>\r\n<meta property=\"article:publisher\" content=\"https:\/\/www.facebook.com\/ibas.world\" \/>\r\n<meta property=\"article:modified_time\" content=\"2025-01-24T12:31:07+00:00\" \/>\r\n<meta property=\"og:image\" content=\"https:\/\/ibas.world\/wp-content\/uploads\/2023\/09\/Solutions-we-deliver.png\" \/>\r\n\t<meta property=\"og:image:width\" content=\"1200\" \/>\r\n\t<meta property=\"og:image:height\" content=\"630\" \/>\r\n\t<meta property=\"og:image:type\" content=\"image\/png\" \/>\r\n<meta name=\"twitter:card\" content=\"summary_large_image\" \/>\r\n<meta name=\"twitter:label1\" content=\"Gesch\u00e4tzte Lesezeit\" \/>\n\t<meta name=\"twitter:data1\" content=\"2\u00a0Minuten\" \/>\r\n<script type=\"application\/ld+json\" class=\"yoast-schema-graph\">{\"@context\":\"https:\/\/schema.org\",\"@graph\":[{\"@type\":\"WebPage\",\"@id\":\"https:\/\/ibas.world\/de\/pako-premium\/\",\"url\":\"https:\/\/ibas.world\/de\/pako-premium\/\",\"name\":\"PREMIUM PAKET - IBAS\",\"isPartOf\":{\"@id\":\"https:\/\/ibas.world\/de\/#website\"},\"datePublished\":\"2023-12-19T15:23:40+00:00\",\"dateModified\":\"2025-01-24T12:31:07+00:00\",\"description\":\"Eine Welt, in der Erschwinglichkeit auf au\u00dfergew\u00f6hnliche Vorteile trifft. Abgestimmt auf diejenigen, die Einfachheit suchen, passt sich dieses Konto nahtlos Ihren individuellen Vorlieben an. Erleben Sie das zinsfreie Angebot \u201eJetzt kaufen, sp\u00e4ter bezahlen\u201c.\",\"breadcrumb\":{\"@id\":\"https:\/\/ibas.world\/de\/pako-premium\/#breadcrumb\"},\"inLanguage\":\"de\",\"potentialAction\":[{\"@type\":\"ReadAction\",\"target\":[\"https:\/\/ibas.world\/de\/pako-premium\/\"]}]},{\"@type\":\"BreadcrumbList\",\"@id\":\"https:\/\/ibas.world\/de\/pako-premium\/#breadcrumb\",\"itemListElement\":[{\"@type\":\"ListItem\",\"position\":1,\"name\":\"Home\",\"item\":\"https:\/\/ibas.world\/de\/\"},{\"@type\":\"ListItem\",\"position\":2,\"name\":\"PREMIUM PAKET\"}]},{\"@type\":\"WebSite\",\"@id\":\"https:\/\/ibas.world\/de\/#website\",\"url\":\"https:\/\/ibas.world\/de\/\",\"name\":\"IBAS\",\"description\":\"\",\"publisher\":{\"@id\":\"https:\/\/ibas.world\/de\/#organization\"},\"potentialAction\":[{\"@type\":\"SearchAction\",\"target\":{\"@type\":\"EntryPoint\",\"urlTemplate\":\"https:\/\/ibas.world\/de\/?s={search_term_string}\"},\"query-input\":\"required name=search_term_string\"}],\"inLanguage\":\"de\"},{\"@type\":\"Organization\",\"@id\":\"https:\/\/ibas.world\/de\/#organization\",\"name\":\"IBAS\",\"url\":\"https:\/\/ibas.world\/de\/\",\"logo\":{\"@type\":\"ImageObject\",\"inLanguage\":\"de\",\"@id\":\"https:\/\/ibas.world\/de\/#\/schema\/logo\/image\/\",\"url\":\"https:\/\/ibas.world\/wp-content\/uploads\/2023\/06\/favicon.png\",\"contentUrl\":\"https:\/\/ibas.world\/wp-content\/uploads\/2023\/06\/favicon.png\",\"width\":374,\"height\":340,\"caption\":\"IBAS\"},\"image\":{\"@id\":\"https:\/\/ibas.world\/de\/#\/schema\/logo\/image\/\"},\"sameAs\":[\"https:\/\/www.facebook.com\/ibas.world\",\"https:\/\/www.instagram.com\/ibas.world\/\",\"https:\/\/in.linkedin.com\/company\/ibas-world\"]}]}<\/script>\r\n<!-- \/ Yoast SEO plugin. -->","yoast_head_json":{"title":"PREMIUM PAKET - IBAS","description":"Eine Welt, in der Erschwinglichkeit auf au\u00dfergew\u00f6hnliche Vorteile trifft. Abgestimmt auf diejenigen, die Einfachheit suchen, passt sich dieses Konto nahtlos Ihren individuellen Vorlieben an. Erleben Sie das zinsfreie Angebot \u201eJetzt kaufen, sp\u00e4ter bezahlen\u201c.","robots":{"index":"index","follow":"follow","max-snippet":"max-snippet:-1","max-image-preview":"max-image-preview:large","max-video-preview":"max-video-preview:-1"},"canonical":"https:\/\/ibas.world\/de\/pako-premium\/","og_locale":"de_DE","og_type":"article","og_title":"PREMIUM PAKET - IBAS","og_description":"Eine Welt, in der Erschwinglichkeit auf au\u00dfergew\u00f6hnliche Vorteile trifft. Abgestimmt auf diejenigen, die Einfachheit suchen, passt sich dieses Konto nahtlos Ihren individuellen Vorlieben an. Erleben Sie das zinsfreie Angebot \u201eJetzt kaufen, sp\u00e4ter bezahlen\u201c.","og_url":"https:\/\/ibas.world\/de\/pako-premium\/","og_site_name":"IBAS","article_publisher":"https:\/\/www.facebook.com\/ibas.world","article_modified_time":"2025-01-24T12:31:07+00:00","og_image":[{"width":1200,"height":630,"url":"https:\/\/ibas.world\/wp-content\/uploads\/2023\/09\/Solutions-we-deliver.png","type":"image\/png"}],"twitter_card":"summary_large_image","twitter_misc":{"Gesch\u00e4tzte Lesezeit":"2\u00a0Minuten"},"schema":{"@context":"https:\/\/schema.org","@graph":[{"@type":"WebPage","@id":"https:\/\/ibas.world\/de\/pako-premium\/","url":"https:\/\/ibas.world\/de\/pako-premium\/","name":"PREMIUM PAKET - IBAS","isPartOf":{"@id":"https:\/\/ibas.world\/de\/#website"},"datePublished":"2023-12-19T15:23:40+00:00","dateModified":"2025-01-24T12:31:07+00:00","description":"Eine Welt, in der Erschwinglichkeit auf au\u00dfergew\u00f6hnliche Vorteile trifft. Abgestimmt auf diejenigen, die Einfachheit suchen, passt sich dieses Konto nahtlos Ihren individuellen Vorlieben an. Erleben Sie das zinsfreie Angebot \u201eJetzt kaufen, sp\u00e4ter bezahlen\u201c.","breadcrumb":{"@id":"https:\/\/ibas.world\/de\/pako-premium\/#breadcrumb"},"inLanguage":"de","potentialAction":[{"@type":"ReadAction","target":["https:\/\/ibas.world\/de\/pako-premium\/"]}]},{"@type":"BreadcrumbList","@id":"https:\/\/ibas.world\/de\/pako-premium\/#breadcrumb","itemListElement":[{"@type":"ListItem","position":1,"name":"Home","item":"https:\/\/ibas.world\/de\/"},{"@type":"ListItem","position":2,"name":"PREMIUM PAKET"}]},{"@type":"WebSite","@id":"https:\/\/ibas.world\/de\/#website","url":"https:\/\/ibas.world\/de\/","name":"IBAS","description":"","publisher":{"@id":"https:\/\/ibas.world\/de\/#organization"},"potentialAction":[{"@type":"SearchAction","target":{"@type":"EntryPoint","urlTemplate":"https:\/\/ibas.world\/de\/?s={search_term_string}"},"query-input":"required name=search_term_string"}],"inLanguage":"de"},{"@type":"Organization","@id":"https:\/\/ibas.world\/de\/#organization","name":"IBAS","url":"https:\/\/ibas.world\/de\/","logo":{"@type":"ImageObject","inLanguage":"de","@id":"https:\/\/ibas.world\/de\/#\/schema\/logo\/image\/","url":"https:\/\/ibas.world\/wp-content\/uploads\/2023\/06\/favicon.png","contentUrl":"https:\/\/ibas.world\/wp-content\/uploads\/2023\/06\/favicon.png","width":374,"height":340,"caption":"IBAS"},"image":{"@id":"https:\/\/ibas.world\/de\/#\/schema\/logo\/image\/"},"sameAs":["https:\/\/www.facebook.com\/ibas.world","https:\/\/www.instagram.com\/ibas.world\/","https:\/\/in.linkedin.com\/company\/ibas-world"]}]}},"_links":{"self":[{"href":"https:\/\/ibas.world\/de\/wp-json\/wp\/v2\/pages\/5184"}],"collection":[{"href":"https:\/\/ibas.world\/de\/wp-json\/wp\/v2\/pages"}],"about":[{"href":"https:\/\/ibas.world\/de\/wp-json\/wp\/v2\/types\/page"}],"author":[{"embeddable":true,"href":"https:\/\/ibas.world\/de\/wp-json\/wp\/v2\/users\/54"}],"replies":[{"embeddable":true,"href":"https:\/\/ibas.world\/de\/wp-json\/wp\/v2\/comments?post=5184"}],"version-history":[{"count":8,"href":"https:\/\/ibas.world\/de\/wp-json\/wp\/v2\/pages\/5184\/revisions"}],"predecessor-version":[{"id":5863,"href":"https:\/\/ibas.world\/de\/wp-json\/wp\/v2\/pages\/5184\/revisions\/5863"}],"wp:attachment":[{"href":"https:\/\/ibas.world\/de\/wp-json\/wp\/v2\/media?parent=5184"}],"curies":[{"name":"wp","href":"https:\/\/api.w.org\/{rel}","templated":true}]}}