{"id":5219,"date":"2023-12-19T14:56:03","date_gmt":"2023-12-19T14:56:03","guid":{"rendered":"https:\/\/ibas.world\/pako-standard\/"},"modified":"2025-01-21T09:24:55","modified_gmt":"2025-01-21T09:24:55","slug":"pako-standard","status":"publish","type":"page","link":"https:\/\/ibas.world\/de\/pako-standard\/","title":{"rendered":"STANDARD PAKET"},"content":{"rendered":"\t\t<div data-elementor-type=\"wp-page\" data-elementor-id=\"5219\" class=\"elementor elementor-5219 elementor-3727\">\n\t\t\t\t<div class=\"elementor-element elementor-element-5502bbb e-flex e-con-boxed e-con e-parent\" data-id=\"5502bbb\" data-element_type=\"container\">\n\t\t\t\t\t<div class=\"e-con-inner\">\n\t\t\t\t<div class=\"elementor-element elementor-element-8192fc4 elementor-widget elementor-widget-html\" data-id=\"8192fc4\" data-element_type=\"widget\" data-widget_type=\"html.default\">\n\t\t\t\t<div class=\"elementor-widget-container\">\n\t\t\t<div class=\"page-pakos\">\n<div class=\"modal-wrapper\"><div class=\"modal-under\"><div class=\"head-content\"><h3>STANDARD PAKET<\/h3><p>Dieser Kontotyp erm\u00f6glicht es Ihnen, nicht nur alle Zahlungen an \u00f6ffentliche Institutionen, Versicherungsunternehmen und Versorgungsdienste (wie Strom, Wasser und M\u00fcllentsorgung) zu leisten sowie Kredite oder \u00dcberziehungen zu beantragen, sondern bietet auch folgende zus\u00e4tzliche Dienstleistungen: <\/p><h2>0,00\u20ac <span style=\"font-size:14px!important; font-weight:300\">\/pro Monat <\/span><\/h2><p>Bankdienstleistungen, die Sie mit Ihrem KOSTENLOSEN Konto erhalten: <\/p>\n<\/div><div class=\"modal-content\"><div class=\"firstModal-col\"><ul class=\"modalChecks\"><li><div class=\"mod-img-title\">\n<img decoding=\"async\" data-lazyloaded=\"1\" src=\"\/wp-content\/uploads\/2023\/07\/sepa.svg\" data-src=\"\/wp-content\/uploads\/2023\/07\/sepa.svg\" alt=\"ibas30\" data-ll-status=\"loaded\" class=\"entered litespeed-loaded\"><div><h5>Britisches Bankkonto mit SEPA-Zugang<\/h5><p>Mit diesem von IBAS angebotenen Konto k\u00f6nnen Sie innerhalb von Sekunden Geld in den gesamten Europ\u00e4ischen Wirtschaftsraum (EWR) senden, unabh\u00e4ngig vom Betrag. Gleichzeitig k\u00f6nnen Sie Zahlungen aus derselben Region empfangen, sei es als \u00dcberweisungen von Familienangeh\u00f6rigen, die in Europa leben, oder als Zahlungen von Auftraggebern \u00fcber Plattformen wie Shopify, AirBNB, Wise und viele weitere globale Plattformen. <\/p><\/div><\/div><\/li><li><div class=\"mod-img-title\">\n<img decoding=\"async\" data-lazyloaded=\"1\" src=\"\/wp-content\/uploads\/2023\/07\/tegjitha_pagesat.svg\" data-src=\"\/wp-content\/uploads\/2023\/07\/tegjitha_pagesat.svg\" alt=\"ibas32\" data-ll-status=\"loaded\" class=\"entered litespeed-loaded\"><div><h5> Europ\u00e4ische Elektronische Identit\u00e4t von rTrust:<\/h5><p>Mit der elektronischen Signatur von rTrust k\u00f6nnen Sie den genehmigten Kredit oder \u00dcberziehungsrahmen von bis zu 5.000 \u20ac abrufen, ohne die B\u00fcros zu besuchen oder das IBAS-Personal pers\u00f6nlich zu treffen. <\/p><\/div><\/div><p><\/p><\/ul><\/div><div><ul class=\"modalChecks\"><li><div class=\"mod-img-title\">\n<img decoding=\"async\" data-lazyloaded=\"1\" src=\"\/wp-content\/uploads\/2023\/07\/mbushja_kuletes.svg\" data-src=\"\/wp-content\/uploads\/2023\/07\/mbushja_kuletes.svg\" alt=\"ibas31\" data-ll-status=\"loaded\" class=\"entered litespeed-loaded\"><div><h5>Pass-through eWallet (Elektronische Durchlaufgeldb\u00f6rse):<\/h5><p>Dieses Konto erm\u00f6glicht es Ihnen, Zahlungen und \u00dcberweisungen direkt von Ihrem Bankkonto aus durchzuf\u00fchren, ohne Geld auf IBAS zu \u00fcberweisen oder die Geldb\u00f6rse im Voraus aufzuladen.<\/p><\/div><\/div><\/li><\/ul><\/div><\/div><\/div>\n<div style=\"margin-bottom:20px;\">Vielen Dank, dass Sie sich f\u00fcr IBAS f\u00fcr Ihre Bankbed\u00fcrfnisse entschieden haben! Wir freuen uns, Sie auf unserer Reise willkommen zu hei\u00dfen. In \u00dcbereinstimmung mit den regulatorischen Anforderungen bitten wir Sie, unsere App herunterzuladen und den KYC\/KYB-Prozess zu starten, der eine gesetzliche Voraussetzung f\u00fcr die Er\u00f6ffnung eines Bankkontos ist.   <br><br> Der Prozess ist unkompliziert und wird mit den notwendigen Anweisungen bereitgestellt. <br><br> Erleben Sie die IBAS-L\u00f6sungen in vollen Z\u00fcgen! <br><br> W\u00e4hlen Sie die Optionen, um die App herunterzuladen: <\/div>\n<div class=\"modal-button\">\n<a href=\"https:\/\/ibas.world\/de\/ibas-beitreten\/\" class=\"modal-button\" aria-label=\"IbasLink\">Bewerben<\/a><\/div><\/div>\n<\/div>\n\n<style>\n    .page-pakos .modal-wrapper{\n        position:static;\n        transform:none!important;\n        animation:none!important;\n        width:100%!important;\n        max-width:100%!important;\n        max-height:100%!important;\n        overflow:hidden;\n        padding:0;\n    }\n<\/style>\t\t<\/div>\n\t\t\t\t<\/div>\n\t\t\t\t\t<\/div>\n\t\t\t\t<\/div>\n\t\t\t\t<\/div>\n\t\t","protected":false},"excerpt":{"rendered":"<p>STANDARD PAKET Dieser Kontotyp erm\u00f6glicht es Ihnen, nicht nur alle Zahlungen an \u00f6ffentliche Institutionen, Versicherungsunternehmen und Versorgungsdienste (wie Strom, Wasser und M\u00fcllentsorgung) zu leisten sowie Kredite oder \u00dcberziehungen zu beantragen, sondern bietet auch folgende zus\u00e4tzliche Dienstleistungen: 0,00\u20ac \/pro Monat Bankdienstleistungen, die Sie mit Ihrem KOSTENLOSEN Konto erhalten: Britisches Bankkonto mit SEPA-Zugang Mit diesem von IBAS [&hellip;]<\/p>\n","protected":false},"author":54,"featured_media":0,"parent":0,"menu_order":0,"comment_status":"closed","ping_status":"closed","template":"","meta":{"inline_featured_image":false,"footnotes":""},"yoast_head":"<!-- This site is optimized with the Yoast SEO plugin v22.5 - https:\/\/yoast.com\/wordpress\/plugins\/seo\/ -->\r\n<title>STANDARD PAKET - IBAS<\/title>\r\n<meta name=\"robots\" content=\"index, follow, max-snippet:-1, max-image-preview:large, max-video-preview:-1\" \/>\r\n<link rel=\"canonical\" href=\"https:\/\/ibas.world\/de\/pako-standard\/\" \/>\r\n<meta property=\"og:locale\" content=\"de_DE\" \/>\r\n<meta property=\"og:type\" content=\"article\" \/>\r\n<meta property=\"og:title\" content=\"STANDARD PAKET - IBAS\" \/>\r\n<meta property=\"og:description\" content=\"STANDARD PAKET Dieser Kontotyp erm\u00f6glicht es Ihnen, nicht nur alle Zahlungen an \u00f6ffentliche Institutionen, Versicherungsunternehmen und Versorgungsdienste (wie Strom, Wasser und M\u00fcllentsorgung) zu leisten sowie Kredite oder \u00dcberziehungen zu beantragen, sondern bietet auch folgende zus\u00e4tzliche Dienstleistungen: 0,00\u20ac \/pro Monat Bankdienstleistungen, die Sie mit Ihrem KOSTENLOSEN Konto erhalten: Britisches Bankkonto mit SEPA-Zugang Mit diesem von IBAS [&hellip;]\" \/>\r\n<meta property=\"og:url\" content=\"https:\/\/ibas.world\/de\/pako-standard\/\" \/>\r\n<meta property=\"og:site_name\" content=\"IBAS\" \/>\r\n<meta property=\"article:publisher\" content=\"https:\/\/www.facebook.com\/ibas.world\" \/>\r\n<meta property=\"article:modified_time\" content=\"2025-01-21T09:24:55+00:00\" \/>\r\n<meta property=\"og:image\" content=\"https:\/\/ibas.world\/wp-content\/uploads\/2023\/09\/Solutions-we-deliver.png\" \/>\r\n\t<meta property=\"og:image:width\" content=\"1200\" \/>\r\n\t<meta property=\"og:image:height\" content=\"630\" \/>\r\n\t<meta property=\"og:image:type\" content=\"image\/png\" \/>\r\n<meta name=\"twitter:card\" content=\"summary_large_image\" \/>\r\n<meta name=\"twitter:label1\" content=\"Gesch\u00e4tzte Lesezeit\" \/>\n\t<meta name=\"twitter:data1\" content=\"1\u00a0Minute\" \/>\r\n<script type=\"application\/ld+json\" class=\"yoast-schema-graph\">{\"@context\":\"https:\/\/schema.org\",\"@graph\":[{\"@type\":\"WebPage\",\"@id\":\"https:\/\/ibas.world\/de\/pako-standard\/\",\"url\":\"https:\/\/ibas.world\/de\/pako-standard\/\",\"name\":\"STANDARD PAKET - IBAS\",\"isPartOf\":{\"@id\":\"https:\/\/ibas.world\/de\/#website\"},\"datePublished\":\"2023-12-19T14:56:03+00:00\",\"dateModified\":\"2025-01-21T09:24:55+00:00\",\"breadcrumb\":{\"@id\":\"https:\/\/ibas.world\/de\/pako-standard\/#breadcrumb\"},\"inLanguage\":\"de\",\"potentialAction\":[{\"@type\":\"ReadAction\",\"target\":[\"https:\/\/ibas.world\/de\/pako-standard\/\"]}]},{\"@type\":\"BreadcrumbList\",\"@id\":\"https:\/\/ibas.world\/de\/pako-standard\/#breadcrumb\",\"itemListElement\":[{\"@type\":\"ListItem\",\"position\":1,\"name\":\"Home\",\"item\":\"https:\/\/ibas.world\/de\/\"},{\"@type\":\"ListItem\",\"position\":2,\"name\":\"STANDARD PAKET\"}]},{\"@type\":\"WebSite\",\"@id\":\"https:\/\/ibas.world\/de\/#website\",\"url\":\"https:\/\/ibas.world\/de\/\",\"name\":\"IBAS\",\"description\":\"\",\"publisher\":{\"@id\":\"https:\/\/ibas.world\/de\/#organization\"},\"potentialAction\":[{\"@type\":\"SearchAction\",\"target\":{\"@type\":\"EntryPoint\",\"urlTemplate\":\"https:\/\/ibas.world\/de\/?s={search_term_string}\"},\"query-input\":\"required name=search_term_string\"}],\"inLanguage\":\"de\"},{\"@type\":\"Organization\",\"@id\":\"https:\/\/ibas.world\/de\/#organization\",\"name\":\"IBAS\",\"url\":\"https:\/\/ibas.world\/de\/\",\"logo\":{\"@type\":\"ImageObject\",\"inLanguage\":\"de\",\"@id\":\"https:\/\/ibas.world\/de\/#\/schema\/logo\/image\/\",\"url\":\"https:\/\/ibas.world\/wp-content\/uploads\/2023\/06\/favicon.png\",\"contentUrl\":\"https:\/\/ibas.world\/wp-content\/uploads\/2023\/06\/favicon.png\",\"width\":374,\"height\":340,\"caption\":\"IBAS\"},\"image\":{\"@id\":\"https:\/\/ibas.world\/de\/#\/schema\/logo\/image\/\"},\"sameAs\":[\"https:\/\/www.facebook.com\/ibas.world\",\"https:\/\/www.instagram.com\/ibas.world\/\",\"https:\/\/in.linkedin.com\/company\/ibas-world\"]}]}<\/script>\r\n<!-- \/ Yoast SEO plugin. -->","yoast_head_json":{"title":"STANDARD PAKET - IBAS","robots":{"index":"index","follow":"follow","max-snippet":"max-snippet:-1","max-image-preview":"max-image-preview:large","max-video-preview":"max-video-preview:-1"},"canonical":"https:\/\/ibas.world\/de\/pako-standard\/","og_locale":"de_DE","og_type":"article","og_title":"STANDARD PAKET - IBAS","og_description":"STANDARD PAKET Dieser Kontotyp erm\u00f6glicht es Ihnen, nicht nur alle Zahlungen an \u00f6ffentliche Institutionen, Versicherungsunternehmen und Versorgungsdienste (wie Strom, Wasser und M\u00fcllentsorgung) zu leisten sowie Kredite oder \u00dcberziehungen zu beantragen, sondern bietet auch folgende zus\u00e4tzliche Dienstleistungen: 0,00\u20ac \/pro Monat Bankdienstleistungen, die Sie mit Ihrem KOSTENLOSEN Konto erhalten: Britisches Bankkonto mit SEPA-Zugang Mit diesem von IBAS [&hellip;]","og_url":"https:\/\/ibas.world\/de\/pako-standard\/","og_site_name":"IBAS","article_publisher":"https:\/\/www.facebook.com\/ibas.world","article_modified_time":"2025-01-21T09:24:55+00:00","og_image":[{"width":1200,"height":630,"url":"https:\/\/ibas.world\/wp-content\/uploads\/2023\/09\/Solutions-we-deliver.png","type":"image\/png"}],"twitter_card":"summary_large_image","twitter_misc":{"Gesch\u00e4tzte Lesezeit":"1\u00a0Minute"},"schema":{"@context":"https:\/\/schema.org","@graph":[{"@type":"WebPage","@id":"https:\/\/ibas.world\/de\/pako-standard\/","url":"https:\/\/ibas.world\/de\/pako-standard\/","name":"STANDARD PAKET - IBAS","isPartOf":{"@id":"https:\/\/ibas.world\/de\/#website"},"datePublished":"2023-12-19T14:56:03+00:00","dateModified":"2025-01-21T09:24:55+00:00","breadcrumb":{"@id":"https:\/\/ibas.world\/de\/pako-standard\/#breadcrumb"},"inLanguage":"de","potentialAction":[{"@type":"ReadAction","target":["https:\/\/ibas.world\/de\/pako-standard\/"]}]},{"@type":"BreadcrumbList","@id":"https:\/\/ibas.world\/de\/pako-standard\/#breadcrumb","itemListElement":[{"@type":"ListItem","position":1,"name":"Home","item":"https:\/\/ibas.world\/de\/"},{"@type":"ListItem","position":2,"name":"STANDARD PAKET"}]},{"@type":"WebSite","@id":"https:\/\/ibas.world\/de\/#website","url":"https:\/\/ibas.world\/de\/","name":"IBAS","description":"","publisher":{"@id":"https:\/\/ibas.world\/de\/#organization"},"potentialAction":[{"@type":"SearchAction","target":{"@type":"EntryPoint","urlTemplate":"https:\/\/ibas.world\/de\/?s={search_term_string}"},"query-input":"required name=search_term_string"}],"inLanguage":"de"},{"@type":"Organization","@id":"https:\/\/ibas.world\/de\/#organization","name":"IBAS","url":"https:\/\/ibas.world\/de\/","logo":{"@type":"ImageObject","inLanguage":"de","@id":"https:\/\/ibas.world\/de\/#\/schema\/logo\/image\/","url":"https:\/\/ibas.world\/wp-content\/uploads\/2023\/06\/favicon.png","contentUrl":"https:\/\/ibas.world\/wp-content\/uploads\/2023\/06\/favicon.png","width":374,"height":340,"caption":"IBAS"},"image":{"@id":"https:\/\/ibas.world\/de\/#\/schema\/logo\/image\/"},"sameAs":["https:\/\/www.facebook.com\/ibas.world","https:\/\/www.instagram.com\/ibas.world\/","https:\/\/in.linkedin.com\/company\/ibas-world"]}]}},"_links":{"self":[{"href":"https:\/\/ibas.world\/de\/wp-json\/wp\/v2\/pages\/5219"}],"collection":[{"href":"https:\/\/ibas.world\/de\/wp-json\/wp\/v2\/pages"}],"about":[{"href":"https:\/\/ibas.world\/de\/wp-json\/wp\/v2\/types\/page"}],"author":[{"embeddable":true,"href":"https:\/\/ibas.world\/de\/wp-json\/wp\/v2\/users\/54"}],"replies":[{"embeddable":true,"href":"https:\/\/ibas.world\/de\/wp-json\/wp\/v2\/comments?post=5219"}],"version-history":[{"count":10,"href":"https:\/\/ibas.world\/de\/wp-json\/wp\/v2\/pages\/5219\/revisions"}],"predecessor-version":[{"id":5686,"href":"https:\/\/ibas.world\/de\/wp-json\/wp\/v2\/pages\/5219\/revisions\/5686"}],"wp:attachment":[{"href":"https:\/\/ibas.world\/de\/wp-json\/wp\/v2\/media?parent=5219"}],"curies":[{"name":"wp","href":"https:\/\/api.w.org\/{rel}","templated":true}]}}