{"id":5228,"date":"2023-09-10T22:42:42","date_gmt":"2023-09-10T22:42:42","guid":{"rendered":"https:\/\/ibas.world\/randstab\/"},"modified":"2024-12-31T09:28:13","modified_gmt":"2024-12-31T09:28:13","slug":"randstab","status":"publish","type":"page","link":"https:\/\/ibas.world\/de\/randstab\/","title":{"rendered":"Randstab"},"content":{"rendered":"\t\t<div data-elementor-type=\"wp-page\" data-elementor-id=\"5228\" class=\"elementor elementor-5228 elementor-3224\">\n\t\t\t\t<div class=\"elementor-element elementor-element-7688c56 e-flex e-con-boxed e-con e-parent\" data-id=\"7688c56\" data-element_type=\"container\">\n\t\t\t\t\t<div class=\"e-con-inner\">\n\t\t\t\t<div class=\"elementor-element elementor-element-4d74569 elementor-widget elementor-widget-html\" data-id=\"4d74569\" data-element_type=\"widget\" data-widget_type=\"html.default\">\n\t\t\t\t<div class=\"elementor-widget-container\">\n\t\t\t<h1 class=\"black0f0\">Mitarbeiter von Edge<\/h1>\t\t<\/div>\n\t\t\t\t<\/div>\n\t\t\t\t\t<\/div>\n\t\t\t\t<\/div>\n\t\t<div class=\"elementor-element elementor-element-ea5f964 e-flex e-con-boxed e-con e-parent\" data-id=\"ea5f964\" data-element_type=\"container\">\n\t\t\t\t\t<div class=\"e-con-inner\">\n\t\t\t\t<div class=\"elementor-element elementor-element-b201a75 elementor-widget elementor-widget-html\" data-id=\"b201a75\" data-element_type=\"widget\" data-widget_type=\"html.default\">\n\t\t\t\t<div class=\"elementor-widget-container\">\n\t\t\t<div class=\"ibasEkipa\">\n    <!--ekipa ibas-->\n    <div class=\"ekipa-titles\">\n    \n    <div>\n        <p class=\"black0f0 parag\" style=\"padding-bottom:0!important\">Gr\u00fcnder<\/p>\n    <\/div>\n    <div>\n        <p class=\"black0f0 parag\" style=\"padding-bottom:0!important\">Vorstandsmitglied<\/p>\n    <\/div>\n    <div>\n        <p class=\"black0f0 parag\" style=\"padding-bottom:0!important\">Management Team<\/p>\n    <\/div>\n    <\/div>\n    <div class=\"ekipa-wrapper\">\n    <div class=\"ekipa-under\">\n        <div>\n            <img decoding=\"async\" src=\"\/wp-content\/uploads\/2023\/09\/Gazmend.jpg\" alt=\"ibas13\">\n        <\/div>\n        <div class=\"bAf\">\n            <h5>Gazmend Selmani<\/h5>\n            <p>Gr\u00fcnder und Architekt der L\u00f6sung<\/p>\n        <\/div>\n    <\/div>\n    <div class=\"ekipa-under\">\n        <div>\n            <img decoding=\"async\" src=\"\/wp-content\/uploads\/2023\/09\/verona.jpg\" alt=\"ibas14\">\n        <\/div>\n        <div>\n            <h5 class=\"blAf\">Verona Selmani<\/h5>\n            <p>Vorstandsmitglied<\/p>\n        <\/div>\n    <\/div>\n    <div class=\"ekipa-under\">\n        <div>\n            <img decoding=\"async\" src=\"\/wp-content\/uploads\/2023\/09\/a8d26b51-cc15-4415-bf95-b688eac40a5d-1.jpg\" alt=\"ibas15\">\n        <\/div>\n        <div>\n            <h5 class=\"blAf\">Rizvan Rexhaj<\/h5>\n            <p>Vorstandsmitglied und Vorsitzender des Risiko- und Pr\u00fcfungsausschusses<\/p>\n        <\/div>\n    <\/div>\n    <div class=\"ekipa-under\">\n        <div>\n            <img decoding=\"async\" src=\"\/wp-content\/uploads\/2023\/09\/20230911_143121_0000.png\" alt=\"ibas16\">\n        <\/div>\n        <div>\n            <h5 class=\"blAf\">\n  Paul Wild  \n            <\/h5>\n            <p>Der Berater des Vorstands<\/p>\n        <\/div>\n    <\/div>\n    <div class=\"ekipa-under\">\n        <div>\n            <img decoding=\"async\" src=\"\/wp-content\/uploads\/2023\/07\/Mask-Group-5-1.webp\" alt=\"ibas17\">\n        <\/div>\n        <div>\n            <h5>Muhamet Hajdari<\/h5>\n            <p>Vorstandsvorsitzender<\/p>\n        <\/div>\n    <\/div>\n    <div class=\"ekipa-under\">\n        <div>\n            <img decoding=\"async\" src=\"\/wp-content\/uploads\/2023\/07\/Mask-Group-6.webp\" alt=\"ibas18\">\n        <\/div>\n        <div>\n            <h5>Ylli Qarkaxhiu<\/h5>\n            <p>Leiter der Technologieabteilung<\/p>\n        <\/div>\n    <\/div>\n    <div class=\"ekipa-under\">\n        <div>\n            <img decoding=\"async\" src=\"\/wp-content\/uploads\/2023\/09\/kushtrimi-01-08-2-1.png\" alt=\"ibas19\">\n        <\/div>\n        <div>\n            <h5>Kushtrim Morina<\/h5>\n            <p>Finanzvorstand<\/p>\n        <\/div>\n    <\/div>\n    <div class=\"ekipa-under\">\n        <div>\n            <img decoding=\"async\" src=\"\/wp-content\/uploads\/2023\/07\/Mask-Group-11-1.webp\" alt=\"ibas20\">\n        <\/div>\n        <div>\n            <h5>Ilir Demolli<\/h5>\n            <p>Leiter des Vertriebs<\/p>\n        <\/div>\n    <\/div>\n    <div class=\"ekipa-under\">\n        <div>\n            <img decoding=\"async\" src=\"\/wp-content\/uploads\/2023\/07\/Mask-Group-13-1.webp\" alt=\"ibas21\">\n        <\/div>\n        <div>\n            <h5>Myrvete Haxholli<\/h5>\n            <p>Leiter der Abteilung Humankapital und CRM<\/p>\n        <\/div>\n    <\/div>\n    <div class=\"ekipa-under\">\n        <div>\n            <img decoding=\"async\" src=\"\/wp-content\/uploads\/2023\/07\/Mask-Group-12-1.webp\" alt=\"ibas22\">\n        <\/div>\n        <div>\n            <h5>Ilir Berisha<\/h5>\n            <p>Direktor der Rechtsabteilung<\/p>\n        <\/div>\n    <\/div>\n    <div class=\"ekipa-under\">\n        <div>\n            <img decoding=\"async\" src=\"\/wp-content\/uploads\/2023\/09\/363338984_782861537180955_616416350203248300_n.jpg\" alt=\"ibas23\">\n        <\/div>\n        <div>\n            <h5>Alma Selmani<\/h5>\n            <p>Leiter der Abteilung RISK<\/p>\n        <\/div>\n        <\/div>\n        <div class=\"ekipa-under\">\n            <div>\n                <img decoding=\"async\" src=\"\/wp-content\/uploads\/2023\/09\/arta.jpeg\" alt=\"ibas24\">\n            <\/div>\n            <div>\n                <h5>Arta Pireva<\/h5>\n                <p>Externer Experte des RISK- und Pr\u00fcfungsausschusses<\/p>\n            <\/div>\n        <\/div>\n        <div class=\"ekipa-under\">\n            <div>\n                <img decoding=\"async\" src=\"\/wp-content\/uploads\/2023\/09\/oleandra-1.png\" alt=\"ibas25\">\n            <\/div>\n            <div>\n                <h5>\n  Oleandra Seremi\n                <\/h5>\n                <p>Chief Marketing Officer<\/p>\n            <\/div>\n        <\/div>\n    <div class=\"ekipa-under\">\n        <div>\n            <img decoding=\"async\" src=\"\/wp-content\/uploads\/2023\/07\/Mask-Group-7.webp\" alt=\"ibas26\">\n        <\/div>\n        <div>\n            <h5>P\u00ebrparim Zejnullahu<\/h5>\n            <p>Teamleiter<\/p>\n        <\/div>\n    <\/div>\n    \n    <div class=\"ekipa-under\">\n        <div>\n            <img decoding=\"async\" src=\"\/wp-content\/uploads\/2023\/09\/362631345_782000087267100_1656412220783101848_n-1.jpg\" alt=\"ibas27\">\n        <\/div>\n        <div>\n            <h5>Albana Meqa<\/h5>\n            <p>Stellvertretender Generaldirektor f\u00fcr Finanzen und Betrieb<\/p>\n        <\/div>\n    <\/div>\n    <div class=\"ekipa-under\">\n        <div>\n            <img decoding=\"async\" src=\"\/wp-content\/uploads\/2023\/07\/Mask-Group-19.webp\" alt=\"ibas28\">\n        <\/div>\n        <div>\n            <h5>Safet Deliu<\/h5>\n            <p>Datenschutzbeauftragter<\/p>\n        <\/div>\n        <\/div>\n        <div class=\"ekipa-under\">\n        <div>\n            <img decoding=\"async\" src=\"\/wp-content\/uploads\/2023\/07\/Mask-Group-15.webp\" alt=\"ibas29\">\n        <\/div>\n        <div>\n            <h5>F\u00ebll\u00ebnza Smakolli<\/h5>\n            <p>NVM-Vertriebsmitarbeiter<\/p>\n        <\/div>\n    <\/div>\n    <!--<div class=\"ekipa-under\">-->\n    <!-- <div>-->\n    <!-- <img decoding=\"async\" src=\"\/wp-content\/uploads\/2023\/07\/Mask-Group-10.webp\">-->\n    <!-- <\/div>-->\n    <!-- <div>-->\n    <!-- <h5>Sherife K\u00e7iku\u2013Vishaj<\/h5>-->\n    <!-- <p>Director of Public Relations and Marketing<\/p>-->\n    <!-- <\/div>-->\n    <!--<\/div>-->\n    \n\n    \n    \n    <div class=\"ekipa-under\">\n        <div>\n            <img decoding=\"async\" src=\"\/wp-content\/uploads\/2023\/07\/Mask-Group-14.webp\" alt=\"ibas30\">\n        <\/div>\n        <div>\n            <h5>Arbri Gashi<\/h5>\n            <p>Vertriebsspezialist<\/p>\n        <\/div>\n    <\/div>\n    \n    <div class=\"ekipa-under\">\n        <div>\n            <img decoding=\"async\" src=\"\/wp-content\/uploads\/2023\/09\/dren.webp\" alt=\"ibas31\">\n        <\/div>\n        <div>\n            <h5>Dren Gjakova<\/h5>\n            <p>Business Account Manager f\u00fcr die Region Dukagjini<\/p>\n        <\/div>\n    <\/div>\n    <div class=\"ekipa-under\">\n        <div>\n            <img decoding=\"async\" src=\"\/wp-content\/uploads\/2023\/09\/gezime-1.png\" alt=\"ibas32\">\n        <\/div>\n        <div>\n            <h5>\n  G\u00ebzime Kastrati  \n            <\/h5>\n            <p>RISK-Beauftragter<\/p>\n        <\/div>\n    <\/div>\n    <div class=\"ekipa-under\">\n        <div>\n            <img decoding=\"async\" src=\"\/wp-content\/uploads\/2023\/09\/valbona-1.png\" alt=\"ibas33\">\n        <\/div>\n        <div>\n            <h5>\n  Valbona Gjoci\n            <\/h5>\n            <p>RISK-Beauftragter<\/p>\n        <\/div>\n    <\/div>\n    <div class=\"ekipa-under\">\n        <div>\n            <img decoding=\"async\" src=\"\/wp-content\/uploads\/2023\/09\/adriatik-1.png\" alt=\"ibas34\">\n        <\/div>\n        <div>\n            <h5>Adriatik Qeli<\/h5>\n            <p>Vertriebsmitarbeiter in Ferizaj<\/p>\n        <\/div>\n    <\/div>\n        <div class=\"ekipa-under\">\n        <div>\n            <img decoding=\"async\" src=\"\/wp-content\/uploads\/2023\/07\/Mask-Group-20.webp\" alt=\"ibas35\">\n        <\/div>\n        <div>\n            <h5>Aurora Selimi<\/h5>\n            <p>Kundenbetreuung<\/p>\n        <\/div>\n    <\/div>\n        <div class=\"ekipa-under\">\n            <div>\n                <img decoding=\"async\" src=\"\/wp-content\/uploads\/2023\/09\/erlind-1.jpeg\" alt=\"ibas36\">\n            <\/div>\n            <div>\n                <h5>Erlind Fazliu<\/h5>\n                <p>Inkasso-Beauftragter<\/p>\n            <\/div>\n        <\/div>\n        <div class=\"ekipa-under\">\n        <div>\n            <img decoding=\"async\" src=\"\/wp-content\/uploads\/2023\/09\/anita.jpeg\" alt=\"ibas37\">\n        <\/div>\n        <div>\n            <h5>\n  Anita Zogaj\n            <\/h5>\n            <p>Kundenbetreuerin<\/p>\n        <\/div>\n    <\/div>\n        <div class=\"ekipa-under\">\n            <div>\n                <img decoding=\"async\" src=\"\/wp-content\/uploads\/2023\/09\/drenkras-1.png\" alt=\"ibas38\">\n            <\/div>\n            <div>\n            <h5>\n  Dren Krasniqi\n            <\/h5>\n            <p>Senior Grafikdesigner<\/p>\n            <\/div>\n                \n        <\/div>\n        <div class=\"ekipa-under\">\n            <div>\n                <img decoding=\"async\" src=\"\/wp-content\/uploads\/2023\/09\/Ibadete-IBAS-1-3.webp\" alt=\"ibas39\">\n            <\/div>\n            <div>\n                <h5>Ibadete Kozmaqi<\/h5>\n                <p>Spezialist f\u00fcr Vertrieb und Entwicklung<\/p>\n            <\/div>\n        <\/div>\n        \n        \n    \n<\/div>\n    \n    <!--ekipa ibas-->\n    \n<\/div>\t\t<\/div>\n\t\t\t\t<\/div>\n\t\t\t\t\t<\/div>\n\t\t\t\t<\/div>\n\t\t\t\t<\/div>\n\t\t","protected":false},"excerpt":{"rendered":"<p>Mitarbeiter von Edge Gr\u00fcnder Vorstandsmitglied Management Team Gazmend Selmani Gr\u00fcnder und Architekt der L\u00f6sung Verona Selmani Vorstandsmitglied Rizvan Rexhaj Vorstandsmitglied und Vorsitzender des Risiko- und Pr\u00fcfungsausschusses Paul Wild Der Berater des Vorstands Muhamet Hajdari Vorstandsvorsitzender Ylli Qarkaxhiu Leiter der Technologieabteilung Kushtrim Morina Finanzvorstand Ilir Demolli Leiter des Vertriebs Myrvete Haxholli Leiter der Abteilung Humankapital und [&hellip;]<\/p>\n","protected":false},"author":54,"featured_media":4996,"parent":0,"menu_order":0,"comment_status":"closed","ping_status":"closed","template":"","meta":{"inline_featured_image":false,"footnotes":""},"yoast_head":"<!-- This site is optimized with the Yoast SEO plugin v22.5 - https:\/\/yoast.com\/wordpress\/plugins\/seo\/ -->\r\n<title>Randstab - IBAS<\/title>\r\n<meta name=\"description\" content=\"Wir bei IBAS sind der festen \u00dcberzeugung, dass unsere Errungenschaften das Ergebnis von zwei wesentlichen Komponenten sind: unsere au\u00dfergew\u00f6hnlichen...\" \/>\r\n<meta name=\"robots\" content=\"index, follow, max-snippet:-1, max-image-preview:large, max-video-preview:-1\" \/>\r\n<link rel=\"canonical\" href=\"https:\/\/ibas.world\/de\/randstab\/\" \/>\r\n<meta property=\"og:locale\" content=\"de_DE\" \/>\r\n<meta property=\"og:type\" content=\"article\" \/>\r\n<meta property=\"og:title\" content=\"Randstab - IBAS\" \/>\r\n<meta property=\"og:description\" content=\"Wir bei IBAS sind der festen \u00dcberzeugung, dass unsere Errungenschaften das Ergebnis von zwei wesentlichen Komponenten sind: unsere au\u00dfergew\u00f6hnlichen...\" \/>\r\n<meta property=\"og:url\" content=\"https:\/\/ibas.world\/de\/randstab\/\" \/>\r\n<meta property=\"og:site_name\" content=\"IBAS\" \/>\r\n<meta property=\"article:publisher\" content=\"https:\/\/www.facebook.com\/ibas.world\" \/>\r\n<meta property=\"article:modified_time\" content=\"2024-12-31T09:28:13+00:00\" \/>\r\n<meta property=\"og:image\" content=\"https:\/\/ibas.world\/wp-content\/uploads\/2023\/09\/Solutions-we-deliver.png\" \/>\r\n\t<meta property=\"og:image:width\" content=\"1200\" \/>\r\n\t<meta property=\"og:image:height\" content=\"630\" \/>\r\n\t<meta property=\"og:image:type\" content=\"image\/png\" \/>\r\n<meta name=\"twitter:card\" content=\"summary_large_image\" \/>\r\n<meta name=\"twitter:label1\" content=\"Gesch\u00e4tzte Lesezeit\" \/>\n\t<meta name=\"twitter:data1\" content=\"1\u00a0Minute\" \/>\r\n<script type=\"application\/ld+json\" class=\"yoast-schema-graph\">{\"@context\":\"https:\/\/schema.org\",\"@graph\":[{\"@type\":\"WebPage\",\"@id\":\"https:\/\/ibas.world\/de\/randstab\/\",\"url\":\"https:\/\/ibas.world\/de\/randstab\/\",\"name\":\"Randstab - IBAS\",\"isPartOf\":{\"@id\":\"https:\/\/ibas.world\/de\/#website\"},\"primaryImageOfPage\":{\"@id\":\"https:\/\/ibas.world\/de\/randstab\/#primaryimage\"},\"image\":{\"@id\":\"https:\/\/ibas.world\/de\/randstab\/#primaryimage\"},\"thumbnailUrl\":\"https:\/\/ibas.world\/wp-content\/uploads\/2023\/09\/Solutions-we-deliver.png\",\"datePublished\":\"2023-09-10T22:42:42+00:00\",\"dateModified\":\"2024-12-31T09:28:13+00:00\",\"description\":\"Wir bei IBAS sind der festen \u00dcberzeugung, dass unsere Errungenschaften das Ergebnis von zwei wesentlichen Komponenten sind: unsere au\u00dfergew\u00f6hnlichen...\",\"breadcrumb\":{\"@id\":\"https:\/\/ibas.world\/de\/randstab\/#breadcrumb\"},\"inLanguage\":\"de\",\"potentialAction\":[{\"@type\":\"ReadAction\",\"target\":[\"https:\/\/ibas.world\/de\/randstab\/\"]}]},{\"@type\":\"ImageObject\",\"inLanguage\":\"de\",\"@id\":\"https:\/\/ibas.world\/de\/randstab\/#primaryimage\",\"url\":\"https:\/\/ibas.world\/wp-content\/uploads\/2023\/09\/Solutions-we-deliver.png\",\"contentUrl\":\"https:\/\/ibas.world\/wp-content\/uploads\/2023\/09\/Solutions-we-deliver.png\",\"width\":1200,\"height\":630},{\"@type\":\"BreadcrumbList\",\"@id\":\"https:\/\/ibas.world\/de\/randstab\/#breadcrumb\",\"itemListElement\":[{\"@type\":\"ListItem\",\"position\":1,\"name\":\"Home\",\"item\":\"https:\/\/ibas.world\/de\/\"},{\"@type\":\"ListItem\",\"position\":2,\"name\":\"Randstab\"}]},{\"@type\":\"WebSite\",\"@id\":\"https:\/\/ibas.world\/de\/#website\",\"url\":\"https:\/\/ibas.world\/de\/\",\"name\":\"IBAS\",\"description\":\"\",\"publisher\":{\"@id\":\"https:\/\/ibas.world\/de\/#organization\"},\"potentialAction\":[{\"@type\":\"SearchAction\",\"target\":{\"@type\":\"EntryPoint\",\"urlTemplate\":\"https:\/\/ibas.world\/de\/?s={search_term_string}\"},\"query-input\":\"required name=search_term_string\"}],\"inLanguage\":\"de\"},{\"@type\":\"Organization\",\"@id\":\"https:\/\/ibas.world\/de\/#organization\",\"name\":\"IBAS\",\"url\":\"https:\/\/ibas.world\/de\/\",\"logo\":{\"@type\":\"ImageObject\",\"inLanguage\":\"de\",\"@id\":\"https:\/\/ibas.world\/de\/#\/schema\/logo\/image\/\",\"url\":\"https:\/\/ibas.world\/wp-content\/uploads\/2023\/06\/favicon.png\",\"contentUrl\":\"https:\/\/ibas.world\/wp-content\/uploads\/2023\/06\/favicon.png\",\"width\":374,\"height\":340,\"caption\":\"IBAS\"},\"image\":{\"@id\":\"https:\/\/ibas.world\/de\/#\/schema\/logo\/image\/\"},\"sameAs\":[\"https:\/\/www.facebook.com\/ibas.world\",\"https:\/\/www.instagram.com\/ibas.world\/\",\"https:\/\/in.linkedin.com\/company\/ibas-world\"]}]}<\/script>\r\n<!-- \/ Yoast SEO plugin. -->","yoast_head_json":{"title":"Randstab - IBAS","description":"Wir bei IBAS sind der festen \u00dcberzeugung, dass unsere Errungenschaften das Ergebnis von zwei wesentlichen Komponenten sind: unsere au\u00dfergew\u00f6hnlichen...","robots":{"index":"index","follow":"follow","max-snippet":"max-snippet:-1","max-image-preview":"max-image-preview:large","max-video-preview":"max-video-preview:-1"},"canonical":"https:\/\/ibas.world\/de\/randstab\/","og_locale":"de_DE","og_type":"article","og_title":"Randstab - IBAS","og_description":"Wir bei IBAS sind der festen \u00dcberzeugung, dass unsere Errungenschaften das Ergebnis von zwei wesentlichen Komponenten sind: unsere au\u00dfergew\u00f6hnlichen...","og_url":"https:\/\/ibas.world\/de\/randstab\/","og_site_name":"IBAS","article_publisher":"https:\/\/www.facebook.com\/ibas.world","article_modified_time":"2024-12-31T09:28:13+00:00","og_image":[{"width":1200,"height":630,"url":"https:\/\/ibas.world\/wp-content\/uploads\/2023\/09\/Solutions-we-deliver.png","type":"image\/png"}],"twitter_card":"summary_large_image","twitter_misc":{"Gesch\u00e4tzte Lesezeit":"1\u00a0Minute"},"schema":{"@context":"https:\/\/schema.org","@graph":[{"@type":"WebPage","@id":"https:\/\/ibas.world\/de\/randstab\/","url":"https:\/\/ibas.world\/de\/randstab\/","name":"Randstab - IBAS","isPartOf":{"@id":"https:\/\/ibas.world\/de\/#website"},"primaryImageOfPage":{"@id":"https:\/\/ibas.world\/de\/randstab\/#primaryimage"},"image":{"@id":"https:\/\/ibas.world\/de\/randstab\/#primaryimage"},"thumbnailUrl":"https:\/\/ibas.world\/wp-content\/uploads\/2023\/09\/Solutions-we-deliver.png","datePublished":"2023-09-10T22:42:42+00:00","dateModified":"2024-12-31T09:28:13+00:00","description":"Wir bei IBAS sind der festen \u00dcberzeugung, dass unsere Errungenschaften das Ergebnis von zwei wesentlichen Komponenten sind: unsere au\u00dfergew\u00f6hnlichen...","breadcrumb":{"@id":"https:\/\/ibas.world\/de\/randstab\/#breadcrumb"},"inLanguage":"de","potentialAction":[{"@type":"ReadAction","target":["https:\/\/ibas.world\/de\/randstab\/"]}]},{"@type":"ImageObject","inLanguage":"de","@id":"https:\/\/ibas.world\/de\/randstab\/#primaryimage","url":"https:\/\/ibas.world\/wp-content\/uploads\/2023\/09\/Solutions-we-deliver.png","contentUrl":"https:\/\/ibas.world\/wp-content\/uploads\/2023\/09\/Solutions-we-deliver.png","width":1200,"height":630},{"@type":"BreadcrumbList","@id":"https:\/\/ibas.world\/de\/randstab\/#breadcrumb","itemListElement":[{"@type":"ListItem","position":1,"name":"Home","item":"https:\/\/ibas.world\/de\/"},{"@type":"ListItem","position":2,"name":"Randstab"}]},{"@type":"WebSite","@id":"https:\/\/ibas.world\/de\/#website","url":"https:\/\/ibas.world\/de\/","name":"IBAS","description":"","publisher":{"@id":"https:\/\/ibas.world\/de\/#organization"},"potentialAction":[{"@type":"SearchAction","target":{"@type":"EntryPoint","urlTemplate":"https:\/\/ibas.world\/de\/?s={search_term_string}"},"query-input":"required name=search_term_string"}],"inLanguage":"de"},{"@type":"Organization","@id":"https:\/\/ibas.world\/de\/#organization","name":"IBAS","url":"https:\/\/ibas.world\/de\/","logo":{"@type":"ImageObject","inLanguage":"de","@id":"https:\/\/ibas.world\/de\/#\/schema\/logo\/image\/","url":"https:\/\/ibas.world\/wp-content\/uploads\/2023\/06\/favicon.png","contentUrl":"https:\/\/ibas.world\/wp-content\/uploads\/2023\/06\/favicon.png","width":374,"height":340,"caption":"IBAS"},"image":{"@id":"https:\/\/ibas.world\/de\/#\/schema\/logo\/image\/"},"sameAs":["https:\/\/www.facebook.com\/ibas.world","https:\/\/www.instagram.com\/ibas.world\/","https:\/\/in.linkedin.com\/company\/ibas-world"]}]}},"_links":{"self":[{"href":"https:\/\/ibas.world\/de\/wp-json\/wp\/v2\/pages\/5228"}],"collection":[{"href":"https:\/\/ibas.world\/de\/wp-json\/wp\/v2\/pages"}],"about":[{"href":"https:\/\/ibas.world\/de\/wp-json\/wp\/v2\/types\/page"}],"author":[{"embeddable":true,"href":"https:\/\/ibas.world\/de\/wp-json\/wp\/v2\/users\/54"}],"replies":[{"embeddable":true,"href":"https:\/\/ibas.world\/de\/wp-json\/wp\/v2\/comments?post=5228"}],"version-history":[{"count":2,"href":"https:\/\/ibas.world\/de\/wp-json\/wp\/v2\/pages\/5228\/revisions"}],"predecessor-version":[{"id":5232,"href":"https:\/\/ibas.world\/de\/wp-json\/wp\/v2\/pages\/5228\/revisions\/5232"}],"wp:featuredmedia":[{"embeddable":true,"href":"https:\/\/ibas.world\/de\/wp-json\/wp\/v2\/media\/4996"}],"wp:attachment":[{"href":"https:\/\/ibas.world\/de\/wp-json\/wp\/v2\/media?parent=5228"}],"curies":[{"name":"wp","href":"https:\/\/api.w.org\/{rel}","templated":true}]}}