{"id":5230,"date":"2023-12-08T13:40:42","date_gmt":"2023-12-08T13:40:42","guid":{"rendered":"https:\/\/ibas.world\/schuetzen-sie-sich-vor-betrug-und-abzocke\/"},"modified":"2025-01-10T13:00:55","modified_gmt":"2025-01-10T13:00:55","slug":"schuetzen-sie-sich-vor-betrug-und-abzocke","status":"publish","type":"page","link":"https:\/\/ibas.world\/de\/schuetzen-sie-sich-vor-betrug-und-abzocke\/","title":{"rendered":"Sch\u00fctzen Sie sich vor Betrug und Abzocke"},"content":{"rendered":"\t\t<div data-elementor-type=\"wp-page\" data-elementor-id=\"5230\" class=\"elementor elementor-5230 elementor-3637\">\n\t\t\t\t<div class=\"elementor-element elementor-element-1e3c7fc e-flex e-con-boxed e-con e-parent\" data-id=\"1e3c7fc\" data-element_type=\"container\">\n\t\t\t\t\t<div class=\"e-con-inner\">\n\t\t\t\t<div class=\"elementor-element elementor-element-59f1431 elementor-widget elementor-widget-html\" data-id=\"59f1431\" data-element_type=\"widget\" data-widget_type=\"html.default\">\n\t\t\t\t<div class=\"elementor-widget-container\">\n\t\t\t<h1 class=\"h1-main\">Sch\u00fctzen Sie sich vor Betrug und Abzocke<\/h1>\n<p>Bei IBAS nehmen wir Ihre Sicherheit sehr ernst. Deshalb haben wir auf unserer Plattform das h\u00f6chste Schutzniveau implementiert. Unsere starke Kundenauthentifizierung (SCA) entspricht der Europ\u00e4ischen Zahlungsdiensterichtlinie 2 und gew\u00e4hrleistet eine erh\u00f6hte Sicherheit f\u00fcr Ihre Transaktionen. Au\u00dferdem setzen wir modernste Verschl\u00fcsselungstechnologie ein, um alle Ihre sensiblen Daten zu sch\u00fctzen.     <br><br>  Um die Zuverl\u00e4ssigkeit weiter zu erh\u00f6hen, arbeiten wir von drei verschiedenen internationalen Rechenzentren aus, die jeweils als Tier 4 eingestuft sind und so f\u00fcr Redundanz und st\u00e4ndige Verf\u00fcgbarkeit sorgen.  <br><br>  Bei IBAS k\u00f6nnen Sie sich darauf verlassen, dass Ihre Finanzdaten in sicheren H\u00e4nden sind und Ihre Transaktionen durch die neuesten verf\u00fcgbaren Sicherheitsma\u00dfnahmen gesch\u00fctzt werden.<\/p>\n<p>Bei IBAS steht Ihre Sicherheit an erster Stelle. Wir sind bestrebt, Ihre Sicherheit zu gew\u00e4hrleisten, insbesondere in der sich entwickelnden Landschaft des Finanzbetrugs. <br><br>  Die britische Aufsichtsbeh\u00f6rde f\u00fcr Zahlungsdienste (Payment Services Regulator, PSR) wird in K\u00fcrze \u00c4nderungen in Bezug auf die Erstattung f\u00fcr Opfer von Authorized Push Payment (APP)-Betrug vornehmen. Diese \u00c4nderung wird h\u00f6chstwahrscheinlich eine obligatorische Erstattung f\u00fcr die Opfer erzwingen, wobei sowohl die sendenden als auch die empfangenden Zahlungsdienstleister die Verantwortung teilen. <br><br>\n<strong>Verst\u00e4ndnis von APP-Betrug:<\/strong> Bei APP-Betrug \u00fcberreden Betr\u00fcger Personen dazu, Zahlungen zu autorisieren, was zu einem Gelddiebstahl f\u00fchrt. Es gibt verschiedene Formen von Betrug, z.B. Kaufbetrug, Anlagebetrug, Betrug im Bereich der Romantik und mehr. Um sich zu sch\u00fctzen, ist es wichtig, dass Sie sich dieser Typologien bewusst sind.  <br><br>\n<strong>Wie Sie sich selbst sch\u00fctzen k\u00f6nnen:<\/strong><\/p>\n<ul>\n    <li><strong>Bleiben Sie auf dem Laufenden:<\/strong> Machen Sie sich mit den verschiedenen Arten von APP-Betrug vertraut, indem Sie auf glaubw\u00fcrdige Quellen wie den Link zum UK Finance Annual Fraud Report zur\u00fcckgreifen.<\/li>\n    <li><strong>Seien Sie vorsichtig:<\/strong> \u00dcberpr\u00fcfen Sie Zahlungsaufforderungen gr\u00fcndlich, insbesondere wenn sie verd\u00e4chtig oder zu gut um wahr zu sein erscheinen.<\/li>\n    <li><strong>Seien Sie vorsichtig bei Anfragen:<\/strong> Geben Sie keine pers\u00f6nlichen Informationen weiter und leisten Sie keine Zahlungen an ungepr\u00fcfte Quellen, insbesondere nicht unter Druck.<\/li>\n    <li><strong>\u00dcberpr\u00fcfen Sie regelm\u00e4\u00dfig Transaktionen:<\/strong> \u00dcberwachen Sie Ihre Finanzberichte und Transaktionen auf ungew\u00f6hnliche Aktivit\u00e4ten.<\/li>\n<\/ul>\n<br>\n<p><strong>Unser Engagement f\u00fcr Ihre Sicherheit: <\/strong>Wir bei IBAS ergreifen proaktiv Ma\u00dfnahmen, um Ihnen zu helfen, sich zu sch\u00fctzen. Wir werden unsere Website mit detaillierten Informationen zur Erkennung und Verhinderung von APP-Betrug aktualisieren, damit Sie gut informiert und ger\u00fcstet sind. <br><br>  Ihre Sicherheit ist uns wichtig. Sollten Sie Bedenken haben oder betr\u00fcgerische Aktivit\u00e4ten vermuten, z\u00f6gern Sie bitte nicht, uns \u00fcber die auf unserer Website angegebenen Kontaktm\u00f6glichkeiten zu kontaktieren. <br><br>  Danke, dass Sie uns Ihre finanziellen Bed\u00fcrfnisse anvertrauen. Gemeinsam werden wir diese Herausforderungen meistern und Ihr finanzielles Wohlergehen sichern <\/p>\t\t<\/div>\n\t\t\t\t<\/div>\n\t\t\t\t\t<\/div>\n\t\t\t\t<\/div>\n\t\t\t\t<\/div>\n\t\t","protected":false},"excerpt":{"rendered":"<p>Sch\u00fctzen Sie sich vor Betrug und Abzocke Bei IBAS nehmen wir Ihre Sicherheit sehr ernst. Deshalb haben wir auf unserer Plattform das h\u00f6chste Schutzniveau implementiert. Unsere starke Kundenauthentifizierung (SCA) entspricht der Europ\u00e4ischen Zahlungsdiensterichtlinie 2 und gew\u00e4hrleistet eine erh\u00f6hte Sicherheit f\u00fcr Ihre Transaktionen. Au\u00dferdem setzen wir modernste Verschl\u00fcsselungstechnologie ein, um alle Ihre sensiblen Daten zu sch\u00fctzen. [&hellip;]<\/p>\n","protected":false},"author":54,"featured_media":0,"parent":0,"menu_order":0,"comment_status":"closed","ping_status":"closed","template":"","meta":{"inline_featured_image":false,"footnotes":""},"yoast_head":"<!-- This site is optimized with the Yoast SEO plugin v22.5 - https:\/\/yoast.com\/wordpress\/plugins\/seo\/ -->\r\n<title>Sch\u00fctzen Sie sich vor Betrug und Abzocke - IBAS<\/title>\r\n<meta name=\"description\" content=\"Bei IBAS nehmen wir Ihre Sicherheit sehr ernst. Deshalb haben wir auf unserer Plattform das h\u00f6chste Schutzniveau implementiert. Unsere starke Kundenauthentifizierung (SCA) entspricht der Europ\u00e4ischen Zahlungsdiensterichtlinie 2 und gew\u00e4hrleistet eine erh\u00f6hte Sicherheit f\u00fcr Ihre Transaktionen. Au\u00dferdem setzen wir modernste Verschl\u00fcsselungstechnologie ein, um alle Ihre sensiblen Daten zu sch\u00fctzen.\" \/>\r\n<meta name=\"robots\" content=\"index, follow, max-snippet:-1, max-image-preview:large, max-video-preview:-1\" \/>\r\n<link rel=\"canonical\" href=\"https:\/\/ibas.world\/de\/schuetzen-sie-sich-vor-betrug-und-abzocke\/\" \/>\r\n<meta property=\"og:locale\" content=\"de_DE\" \/>\r\n<meta property=\"og:type\" content=\"article\" \/>\r\n<meta property=\"og:title\" content=\"Sch\u00fctzen Sie sich vor Betrug und Abzocke - IBAS\" \/>\r\n<meta property=\"og:description\" content=\"Bei IBAS nehmen wir Ihre Sicherheit sehr ernst. Deshalb haben wir auf unserer Plattform das h\u00f6chste Schutzniveau implementiert. Unsere starke Kundenauthentifizierung (SCA) entspricht der Europ\u00e4ischen Zahlungsdiensterichtlinie 2 und gew\u00e4hrleistet eine erh\u00f6hte Sicherheit f\u00fcr Ihre Transaktionen. Au\u00dferdem setzen wir modernste Verschl\u00fcsselungstechnologie ein, um alle Ihre sensiblen Daten zu sch\u00fctzen.\" \/>\r\n<meta property=\"og:url\" content=\"https:\/\/ibas.world\/de\/schuetzen-sie-sich-vor-betrug-und-abzocke\/\" \/>\r\n<meta property=\"og:site_name\" content=\"IBAS\" \/>\r\n<meta property=\"article:publisher\" content=\"https:\/\/www.facebook.com\/ibas.world\" \/>\r\n<meta property=\"article:modified_time\" content=\"2025-01-10T13:00:55+00:00\" \/>\r\n<meta property=\"og:image\" content=\"https:\/\/ibas.world\/wp-content\/uploads\/2023\/09\/Solutions-we-deliver.png\" \/>\r\n\t<meta property=\"og:image:width\" content=\"1200\" \/>\r\n\t<meta property=\"og:image:height\" content=\"630\" \/>\r\n\t<meta property=\"og:image:type\" content=\"image\/png\" \/>\r\n<meta name=\"twitter:card\" content=\"summary_large_image\" \/>\r\n<meta name=\"twitter:label1\" content=\"Gesch\u00e4tzte Lesezeit\" \/>\n\t<meta name=\"twitter:data1\" content=\"2\u00a0Minuten\" \/>\r\n<script type=\"application\/ld+json\" class=\"yoast-schema-graph\">{\"@context\":\"https:\/\/schema.org\",\"@graph\":[{\"@type\":\"WebPage\",\"@id\":\"https:\/\/ibas.world\/de\/schuetzen-sie-sich-vor-betrug-und-abzocke\/\",\"url\":\"https:\/\/ibas.world\/de\/schuetzen-sie-sich-vor-betrug-und-abzocke\/\",\"name\":\"Sch\u00fctzen Sie sich vor Betrug und Abzocke - IBAS\",\"isPartOf\":{\"@id\":\"https:\/\/ibas.world\/de\/#website\"},\"datePublished\":\"2023-12-08T13:40:42+00:00\",\"dateModified\":\"2025-01-10T13:00:55+00:00\",\"description\":\"Bei IBAS nehmen wir Ihre Sicherheit sehr ernst. Deshalb haben wir auf unserer Plattform das h\u00f6chste Schutzniveau implementiert. Unsere starke Kundenauthentifizierung (SCA) entspricht der Europ\u00e4ischen Zahlungsdiensterichtlinie 2 und gew\u00e4hrleistet eine erh\u00f6hte Sicherheit f\u00fcr Ihre Transaktionen. Au\u00dferdem setzen wir modernste Verschl\u00fcsselungstechnologie ein, um alle Ihre sensiblen Daten zu sch\u00fctzen.\",\"breadcrumb\":{\"@id\":\"https:\/\/ibas.world\/de\/schuetzen-sie-sich-vor-betrug-und-abzocke\/#breadcrumb\"},\"inLanguage\":\"de\",\"potentialAction\":[{\"@type\":\"ReadAction\",\"target\":[\"https:\/\/ibas.world\/de\/schuetzen-sie-sich-vor-betrug-und-abzocke\/\"]}]},{\"@type\":\"BreadcrumbList\",\"@id\":\"https:\/\/ibas.world\/de\/schuetzen-sie-sich-vor-betrug-und-abzocke\/#breadcrumb\",\"itemListElement\":[{\"@type\":\"ListItem\",\"position\":1,\"name\":\"Home\",\"item\":\"https:\/\/ibas.world\/de\/\"},{\"@type\":\"ListItem\",\"position\":2,\"name\":\"Sch\u00fctzen Sie sich vor Betrug und Abzocke\"}]},{\"@type\":\"WebSite\",\"@id\":\"https:\/\/ibas.world\/de\/#website\",\"url\":\"https:\/\/ibas.world\/de\/\",\"name\":\"IBAS\",\"description\":\"\",\"publisher\":{\"@id\":\"https:\/\/ibas.world\/de\/#organization\"},\"potentialAction\":[{\"@type\":\"SearchAction\",\"target\":{\"@type\":\"EntryPoint\",\"urlTemplate\":\"https:\/\/ibas.world\/de\/?s={search_term_string}\"},\"query-input\":\"required name=search_term_string\"}],\"inLanguage\":\"de\"},{\"@type\":\"Organization\",\"@id\":\"https:\/\/ibas.world\/de\/#organization\",\"name\":\"IBAS\",\"url\":\"https:\/\/ibas.world\/de\/\",\"logo\":{\"@type\":\"ImageObject\",\"inLanguage\":\"de\",\"@id\":\"https:\/\/ibas.world\/de\/#\/schema\/logo\/image\/\",\"url\":\"https:\/\/ibas.world\/wp-content\/uploads\/2023\/06\/favicon.png\",\"contentUrl\":\"https:\/\/ibas.world\/wp-content\/uploads\/2023\/06\/favicon.png\",\"width\":374,\"height\":340,\"caption\":\"IBAS\"},\"image\":{\"@id\":\"https:\/\/ibas.world\/de\/#\/schema\/logo\/image\/\"},\"sameAs\":[\"https:\/\/www.facebook.com\/ibas.world\",\"https:\/\/www.instagram.com\/ibas.world\/\",\"https:\/\/in.linkedin.com\/company\/ibas-world\"]}]}<\/script>\r\n<!-- \/ Yoast SEO plugin. -->","yoast_head_json":{"title":"Sch\u00fctzen Sie sich vor Betrug und Abzocke - IBAS","description":"Bei IBAS nehmen wir Ihre Sicherheit sehr ernst. Deshalb haben wir auf unserer Plattform das h\u00f6chste Schutzniveau implementiert. Unsere starke Kundenauthentifizierung (SCA) entspricht der Europ\u00e4ischen Zahlungsdiensterichtlinie 2 und gew\u00e4hrleistet eine erh\u00f6hte Sicherheit f\u00fcr Ihre Transaktionen. Au\u00dferdem setzen wir modernste Verschl\u00fcsselungstechnologie ein, um alle Ihre sensiblen Daten zu sch\u00fctzen.","robots":{"index":"index","follow":"follow","max-snippet":"max-snippet:-1","max-image-preview":"max-image-preview:large","max-video-preview":"max-video-preview:-1"},"canonical":"https:\/\/ibas.world\/de\/schuetzen-sie-sich-vor-betrug-und-abzocke\/","og_locale":"de_DE","og_type":"article","og_title":"Sch\u00fctzen Sie sich vor Betrug und Abzocke - IBAS","og_description":"Bei IBAS nehmen wir Ihre Sicherheit sehr ernst. Deshalb haben wir auf unserer Plattform das h\u00f6chste Schutzniveau implementiert. Unsere starke Kundenauthentifizierung (SCA) entspricht der Europ\u00e4ischen Zahlungsdiensterichtlinie 2 und gew\u00e4hrleistet eine erh\u00f6hte Sicherheit f\u00fcr Ihre Transaktionen. Au\u00dferdem setzen wir modernste Verschl\u00fcsselungstechnologie ein, um alle Ihre sensiblen Daten zu sch\u00fctzen.","og_url":"https:\/\/ibas.world\/de\/schuetzen-sie-sich-vor-betrug-und-abzocke\/","og_site_name":"IBAS","article_publisher":"https:\/\/www.facebook.com\/ibas.world","article_modified_time":"2025-01-10T13:00:55+00:00","og_image":[{"width":1200,"height":630,"url":"https:\/\/ibas.world\/wp-content\/uploads\/2023\/09\/Solutions-we-deliver.png","type":"image\/png"}],"twitter_card":"summary_large_image","twitter_misc":{"Gesch\u00e4tzte Lesezeit":"2\u00a0Minuten"},"schema":{"@context":"https:\/\/schema.org","@graph":[{"@type":"WebPage","@id":"https:\/\/ibas.world\/de\/schuetzen-sie-sich-vor-betrug-und-abzocke\/","url":"https:\/\/ibas.world\/de\/schuetzen-sie-sich-vor-betrug-und-abzocke\/","name":"Sch\u00fctzen Sie sich vor Betrug und Abzocke - IBAS","isPartOf":{"@id":"https:\/\/ibas.world\/de\/#website"},"datePublished":"2023-12-08T13:40:42+00:00","dateModified":"2025-01-10T13:00:55+00:00","description":"Bei IBAS nehmen wir Ihre Sicherheit sehr ernst. Deshalb haben wir auf unserer Plattform das h\u00f6chste Schutzniveau implementiert. Unsere starke Kundenauthentifizierung (SCA) entspricht der Europ\u00e4ischen Zahlungsdiensterichtlinie 2 und gew\u00e4hrleistet eine erh\u00f6hte Sicherheit f\u00fcr Ihre Transaktionen. Au\u00dferdem setzen wir modernste Verschl\u00fcsselungstechnologie ein, um alle Ihre sensiblen Daten zu sch\u00fctzen.","breadcrumb":{"@id":"https:\/\/ibas.world\/de\/schuetzen-sie-sich-vor-betrug-und-abzocke\/#breadcrumb"},"inLanguage":"de","potentialAction":[{"@type":"ReadAction","target":["https:\/\/ibas.world\/de\/schuetzen-sie-sich-vor-betrug-und-abzocke\/"]}]},{"@type":"BreadcrumbList","@id":"https:\/\/ibas.world\/de\/schuetzen-sie-sich-vor-betrug-und-abzocke\/#breadcrumb","itemListElement":[{"@type":"ListItem","position":1,"name":"Home","item":"https:\/\/ibas.world\/de\/"},{"@type":"ListItem","position":2,"name":"Sch\u00fctzen Sie sich vor Betrug und Abzocke"}]},{"@type":"WebSite","@id":"https:\/\/ibas.world\/de\/#website","url":"https:\/\/ibas.world\/de\/","name":"IBAS","description":"","publisher":{"@id":"https:\/\/ibas.world\/de\/#organization"},"potentialAction":[{"@type":"SearchAction","target":{"@type":"EntryPoint","urlTemplate":"https:\/\/ibas.world\/de\/?s={search_term_string}"},"query-input":"required name=search_term_string"}],"inLanguage":"de"},{"@type":"Organization","@id":"https:\/\/ibas.world\/de\/#organization","name":"IBAS","url":"https:\/\/ibas.world\/de\/","logo":{"@type":"ImageObject","inLanguage":"de","@id":"https:\/\/ibas.world\/de\/#\/schema\/logo\/image\/","url":"https:\/\/ibas.world\/wp-content\/uploads\/2023\/06\/favicon.png","contentUrl":"https:\/\/ibas.world\/wp-content\/uploads\/2023\/06\/favicon.png","width":374,"height":340,"caption":"IBAS"},"image":{"@id":"https:\/\/ibas.world\/de\/#\/schema\/logo\/image\/"},"sameAs":["https:\/\/www.facebook.com\/ibas.world","https:\/\/www.instagram.com\/ibas.world\/","https:\/\/in.linkedin.com\/company\/ibas-world"]}]}},"_links":{"self":[{"href":"https:\/\/ibas.world\/de\/wp-json\/wp\/v2\/pages\/5230"}],"collection":[{"href":"https:\/\/ibas.world\/de\/wp-json\/wp\/v2\/pages"}],"about":[{"href":"https:\/\/ibas.world\/de\/wp-json\/wp\/v2\/types\/page"}],"author":[{"embeddable":true,"href":"https:\/\/ibas.world\/de\/wp-json\/wp\/v2\/users\/54"}],"replies":[{"embeddable":true,"href":"https:\/\/ibas.world\/de\/wp-json\/wp\/v2\/comments?post=5230"}],"version-history":[{"count":4,"href":"https:\/\/ibas.world\/de\/wp-json\/wp\/v2\/pages\/5230\/revisions"}],"predecessor-version":[{"id":5383,"href":"https:\/\/ibas.world\/de\/wp-json\/wp\/v2\/pages\/5230\/revisions\/5383"}],"wp:attachment":[{"href":"https:\/\/ibas.world\/de\/wp-json\/wp\/v2\/media?parent=5230"}],"curies":[{"name":"wp","href":"https:\/\/api.w.org\/{rel}","templated":true}]}}