{"id":5250,"date":"2023-08-14T13:55:14","date_gmt":"2023-08-14T13:55:14","guid":{"rendered":"https:\/\/ibas.world\/liste-der-preise\/"},"modified":"2025-11-25T12:36:31","modified_gmt":"2025-11-25T12:36:31","slug":"liste-der-preise","status":"publish","type":"page","link":"https:\/\/ibas.world\/de\/liste-der-preise\/","title":{"rendered":"Liste der Preise"},"content":{"rendered":"\t\t<div data-elementor-type=\"wp-page\" data-elementor-id=\"5250\" class=\"elementor elementor-5250 elementor-2575\">\n\t\t\t\t<div class=\"elementor-element elementor-element-24cdd82 e-flex e-con-boxed e-con e-parent\" data-id=\"24cdd82\" data-element_type=\"container\">\n\t\t\t\t\t<div class=\"e-con-inner\">\n\t\t\t\t<div class=\"elementor-element elementor-element-3f30f62 elementor-widget elementor-widget-html\" data-id=\"3f30f62\" data-element_type=\"widget\" data-widget_type=\"html.default\">\n\t\t\t\t<div class=\"elementor-widget-container\">\n\t\t\t<h1 class=\"h1-main blueLinear\">Liste der Preise<\/h1>\t\t<\/div>\n\t\t\t\t<\/div>\n\t\t\t\t\t<\/div>\n\t\t\t\t<\/div>\n\t\t<div class=\"elementor-element elementor-element-0a9687b e-flex e-con-boxed e-con e-parent\" data-id=\"0a9687b\" data-element_type=\"container\">\n\t\t\t\t\t<div class=\"e-con-inner\">\n\t\t\t\t<div class=\"elementor-element elementor-element-cc32217 elementor-widget elementor-widget-html\" data-id=\"cc32217\" data-element_type=\"widget\" data-widget_type=\"html.default\">\n\t\t\t\t<div class=\"elementor-widget-container\">\n\t\t\t<h5 style=\"font-size:20px\"><strong>Enth\u00fcllung unserer transparenten Preisgestaltung  <\/strong><\/h5>\n<p class=\"p-main black0f0\">Wir bei IBAS stehen fest f\u00fcr Ehrlichkeit und Transparenz. Wir m\u00f6chten Ihnen einen transparenten und verst\u00e4ndlichen \u00dcberblick \u00fcber unsere Preisstruktur geben, damit Sie fundierte finanzielle Entscheidungen treffen k\u00f6nnen. Auf dieser Seite erhalten Sie einen klaren und detaillierten Einblick in unser Preismodell.    <br><br>  Egal, ob es sich um Kontogeb\u00fchren, Transaktionskosten oder andere Finanzdienstleistungen handelt, wir legen gro\u00dfen Wert darauf, diese Details auf einfache Art und Weise darzustellen. Wir wissen, dass finanzielle Klarheit Ihnen die M\u00f6glichkeit gibt, Ihr Geld mit Sicherheit zu verwalten.   <br><br>  Erfahren Sie im Folgenden mehr \u00fcber unsere transparente Preisgestaltung und starten Sie Ihre Finanzreise, die auf Vertrauen, Klarheit und Ihrem finanziellen Wohlbefinden basiert.  <\/p>\t\t<\/div>\n\t\t\t\t<\/div>\n\t\t\t\t\t<\/div>\n\t\t\t\t<\/div>\n\t\t<div class=\"elementor-element elementor-element-6db95f5 e-flex e-con-boxed e-con e-parent\" data-id=\"6db95f5\" data-element_type=\"container\">\n\t\t\t\t\t<div class=\"e-con-inner\">\n\t\t\t\t<div class=\"elementor-element elementor-element-b445d78 elementor-widget elementor-widget-html\" data-id=\"b445d78\" data-element_type=\"widget\" data-widget_type=\"html.default\">\n\t\t\t\t<div class=\"elementor-widget-container\">\n\t\t\t<table class=\"price-table\">\r\n  <tr>\r\n    <th>Dienstleistung<\/th>\r\n    <th>Geb\u00fchr<\/th>\r\n  <\/tr>\r\n  <tr><td>Kontoer\u00f6ffnung<\/td><td>0.00 \u20ac<\/td><\/tr>\r\n  <tr><td>Kontoerhaltung<\/td><td>0.00 \u20ac<\/td><\/tr>\r\n  <tr><td>PLOT-Konto<\/td><td>7.99 \u20ac\/Monat<\/td><\/tr>\r\n  <tr><td>INTEGRA-Konto<\/td><td>14.99 \u20ac\/Monat<\/td><\/tr>\r\n  <tr><td>PREMIUM-Konto<\/td><td>9.99 \u20ac\/Monat<\/td><\/tr>\r\n  <tr><td>SMS-Benachrichtigungen<\/td><td>0.00 \u20ac<\/td><\/tr>\r\n  <tr><td>\u00dcberweisungen innerhalb von IBAS<\/td><td>0.00 \u20ac<\/td><\/tr>\r\n  <tr><td>Zahlungseingang bei IBAS als Unternehmen<\/td><td>1.5% - 3%<\/td><\/tr>\r\n  <tr><td>Zahlungen f\u00fcr Unternehmen bei IBAS<\/td><td>0.00 \u20ac<\/td><\/tr>\r\n  <tr><td>Zahlungen f\u00fcr Privatpersonen bei IBAS<\/td><td>0.00 \u20ac<\/td><\/tr>\r\n  <tr><td>Nationale Zahlungen (au\u00dferhalb von IBAS)<\/td><td>1 \u20ac<\/td><\/tr>\r\n  <tr><td>Geldsendung oder -empfang \u00fcber SEPA<\/td><td>3.00 \u20ac<\/td><\/tr>\r\n  <tr><td>Zahlungen f\u00fcr Wasserwerk Prishtina<\/td><td>0.00 \u20ac<\/td><\/tr>\r\n  <tr><td>Zahlungen mit zahlungspflichtiger Vollmacht<\/td><td>0.30 - 1.00 \u20ac<\/td><\/tr>\r\n  <tr><td>Bargeldabhebung<\/td><td>1%, mind. 1.00 \u20ac und max. 5.00 \u20ac<\/td><\/tr>\r\n  <tr><td>Ausgabe von E-Geld aus Bargeld<\/td><td>0.5%, mind. 0.50 \u20ac und max. 2.5 \u20ac<\/td><\/tr>\r\n  <tr><td>Aufbewahrung und Sicherung von Geldern<\/td><td>0.00 \u20ac<\/td><\/tr>\r\n  <tr><td>PIN-Zur\u00fccksetzung<\/td><td>0.00 \u20ac<\/td><\/tr>\r\n  <tr><td>Fahrzeugregistrierung<\/td><td>0.83 \u20ac<\/td><\/tr>\r\n  <tr><td>Abfallgeb\u00fchr (Gemeinde Prishtina)<\/td><td>1.00 \u20ac<\/td><\/tr>\r\n  <tr><td>Strom<\/td><td>0.30 \u20ac<\/td><\/tr>\r\n  <tr><td>Steuern und Beitr\u00e4ge<\/td><td>1.00 \u20ac<\/td><\/tr>\r\n  <tr><td>Erinnerung \/ Mahnung<\/td><td>0.00 \u20ac<\/td><\/tr>\r\n  <tr><td>\u00d6ffentliches Wohnungsunternehmen<\/td><td>0.00 \u20ac<\/td><\/tr>\r\n  <tr><td>Versicherungsgesellschaften<\/td><td>1.00 \u20ac<\/td><\/tr>\r\n  <tr><td>Eco Hygiene<\/td><td>0.00 \u20ac<\/td><\/tr>\r\n  <tr><td>Verkehrsstrafen<\/td><td>1.00 \u20ac<\/td><\/tr>\r\n  <tr><td>Hydrodrini<\/td><td>0.00 \u20ac<\/td><\/tr>\r\n  <tr><td>Hidromorava<\/td><td>0.00 \u20ac<\/td><\/tr>\r\n  <tr><td>Gemeinden<\/td><td>1.00 \u20ac<\/td><\/tr>\r\n  <tr><td>KRM Reinigung<\/td><td>0.50 \u20ac<\/td><\/tr>\r\n  <tr><td>KRU Mitrovica SH.A<\/td><td>0.00 \u20ac<\/td><\/tr>\r\n  <tr><td>Abfallgeb\u00fchr (Gemeinde Prizren)<\/td><td>1.00 \u20ac<\/td><\/tr>\r\n  <tr><td>Verwaltungsgeb\u00fchr<\/td><td>1.00 \u20ac<\/td><\/tr>\r\n  <tr><td>Universit\u00e4t Prishtina<\/td><td>1% des Transaktionsbetrags<\/td><\/tr>\r\n  <tr><td>Kredit NEI<\/td><td>35%<\/td><\/tr>\r\n  <tr><td>Kreditbearbeitung<\/td><td>3%<\/td><\/tr>\r\n  <tr><td>OVD NEI<\/td><td>27%<\/td><\/tr>\r\n  <tr><td>OVD-Bearbeitung<\/td><td>1%<\/td><\/tr>\r\n  <tr>\r\n    <td>IBAS-Debitkarte \u2013 STANDARD-Konten (Kosovo-IBAN und UK-IBAN)<\/td>\r\n    <td>3.00 \u20ac (einmalig) \/ Monatliche Kartenwartung: Kostenlos<\/td>\r\n  <\/tr>\r\n  <tr>\r\n    <td>IBAS-Debitkarte \u2013 Erweiterte Konten (PLOT, PREMIUM, INTEGRA)<\/td>\r\n    <td>Kostenlos<\/td>\r\n  <\/tr>\r\n  <tr><td>Kartennutzungsgeb\u00fchren \u2013 Zahlungen mit Karte:<\/td><td>In lokalen Gesch\u00e4ften: Kostenlos<\/td><\/tr>\r\n  <tr><td>Kartennutzungsgeb\u00fchren \u2013 Zahlungen mit Karte:<\/td><td>In internationalen Gesch\u00e4ften: Kostenlos<\/td><\/tr>\r\n  <tr><td>Kartennutzungsgeb\u00fchren \u2013 Zahlungen mit Karte:<\/td><td>F\u00fcr Online-Eink\u00e4ufe: Kostenlos<\/td><\/tr>\r\n  <tr><td>Bargeldabhebungen:<\/td><td>An Pribank-Geldautomaten: 0.50 \u20ac<\/td><\/tr>\r\n  <tr><td>Bargeldabhebungen:<\/td><td>An anderen Bankautomaten: 2.5% des abgehobenen Betrags, mindestens 3.00 \u20ac<\/td><\/tr>\r\n  <tr><td>Aufladen der IBAS-Brieftasche \u00fcber Bankkarte, VISA oder MASTERCARD:<\/td><td>2% des Betrags<\/td><\/tr>\r\n<\/table>\r\n\t\t<\/div>\n\t\t\t\t<\/div>\n\t\t\t\t\t<\/div>\n\t\t\t\t<\/div>\n\t\t\t\t<\/div>\n\t\t","protected":false},"excerpt":{"rendered":"<p>Liste der Preise Enth\u00fcllung unserer transparenten Preisgestaltung Wir bei IBAS stehen fest f\u00fcr Ehrlichkeit und Transparenz. Wir m\u00f6chten Ihnen einen transparenten und verst\u00e4ndlichen \u00dcberblick \u00fcber unsere Preisstruktur geben, damit Sie fundierte finanzielle Entscheidungen treffen k\u00f6nnen. Auf dieser Seite erhalten Sie einen klaren und detaillierten Einblick in unser Preismodell. Egal, ob es sich um Kontogeb\u00fchren, Transaktionskosten [&hellip;]<\/p>\n","protected":false},"author":54,"featured_media":0,"parent":0,"menu_order":0,"comment_status":"closed","ping_status":"closed","template":"","meta":{"inline_featured_image":false,"footnotes":""},"yoast_head":"<!-- This site is optimized with the Yoast SEO plugin v22.5 - https:\/\/yoast.com\/wordpress\/plugins\/seo\/ -->\r\n<title>Liste der Preise - IBAS<\/title>\r\n<meta name=\"description\" content=\"Wir bei IBAS stehen fest f\u00fcr Ehrlichkeit und Transparenz. Wir verpflichten uns, Ihnen einen kristallklaren Einblick in unsere Preisstruktur zu geben.\" \/>\r\n<meta name=\"robots\" content=\"index, follow, max-snippet:-1, max-image-preview:large, max-video-preview:-1\" \/>\r\n<link rel=\"canonical\" href=\"https:\/\/ibas.world\/de\/liste-der-preise\/\" \/>\r\n<meta property=\"og:locale\" content=\"de_DE\" \/>\r\n<meta property=\"og:type\" content=\"article\" \/>\r\n<meta property=\"og:title\" content=\"Liste der Preise - IBAS\" \/>\r\n<meta property=\"og:description\" content=\"Wir bei IBAS stehen fest f\u00fcr Ehrlichkeit und Transparenz. Wir verpflichten uns, Ihnen einen kristallklaren Einblick in unsere Preisstruktur zu geben.\" \/>\r\n<meta property=\"og:url\" content=\"https:\/\/ibas.world\/de\/liste-der-preise\/\" \/>\r\n<meta property=\"og:site_name\" content=\"IBAS\" \/>\r\n<meta property=\"article:publisher\" content=\"https:\/\/www.facebook.com\/ibas.world\" \/>\r\n<meta property=\"article:modified_time\" content=\"2025-11-25T12:36:31+00:00\" \/>\r\n<meta property=\"og:image\" content=\"https:\/\/ibas.world\/wp-content\/uploads\/2023\/09\/Solutions-we-deliver.png\" \/>\r\n\t<meta property=\"og:image:width\" content=\"1200\" \/>\r\n\t<meta property=\"og:image:height\" content=\"630\" \/>\r\n\t<meta property=\"og:image:type\" content=\"image\/png\" \/>\r\n<meta name=\"twitter:card\" content=\"summary_large_image\" \/>\r\n<meta name=\"twitter:label1\" content=\"Gesch\u00e4tzte Lesezeit\" \/>\n\t<meta name=\"twitter:data1\" content=\"3\u00a0Minuten\" \/>\r\n<script type=\"application\/ld+json\" class=\"yoast-schema-graph\">{\"@context\":\"https:\/\/schema.org\",\"@graph\":[{\"@type\":\"WebPage\",\"@id\":\"https:\/\/ibas.world\/de\/liste-der-preise\/\",\"url\":\"https:\/\/ibas.world\/de\/liste-der-preise\/\",\"name\":\"Liste der Preise - IBAS\",\"isPartOf\":{\"@id\":\"https:\/\/ibas.world\/de\/#website\"},\"datePublished\":\"2023-08-14T13:55:14+00:00\",\"dateModified\":\"2025-11-25T12:36:31+00:00\",\"description\":\"Wir bei IBAS stehen fest f\u00fcr Ehrlichkeit und Transparenz. Wir verpflichten uns, Ihnen einen kristallklaren Einblick in unsere Preisstruktur zu geben.\",\"breadcrumb\":{\"@id\":\"https:\/\/ibas.world\/de\/liste-der-preise\/#breadcrumb\"},\"inLanguage\":\"de\",\"potentialAction\":[{\"@type\":\"ReadAction\",\"target\":[\"https:\/\/ibas.world\/de\/liste-der-preise\/\"]}]},{\"@type\":\"BreadcrumbList\",\"@id\":\"https:\/\/ibas.world\/de\/liste-der-preise\/#breadcrumb\",\"itemListElement\":[{\"@type\":\"ListItem\",\"position\":1,\"name\":\"Home\",\"item\":\"https:\/\/ibas.world\/de\/\"},{\"@type\":\"ListItem\",\"position\":2,\"name\":\"Liste der Preise\"}]},{\"@type\":\"WebSite\",\"@id\":\"https:\/\/ibas.world\/de\/#website\",\"url\":\"https:\/\/ibas.world\/de\/\",\"name\":\"IBAS\",\"description\":\"\",\"publisher\":{\"@id\":\"https:\/\/ibas.world\/de\/#organization\"},\"potentialAction\":[{\"@type\":\"SearchAction\",\"target\":{\"@type\":\"EntryPoint\",\"urlTemplate\":\"https:\/\/ibas.world\/de\/?s={search_term_string}\"},\"query-input\":\"required name=search_term_string\"}],\"inLanguage\":\"de\"},{\"@type\":\"Organization\",\"@id\":\"https:\/\/ibas.world\/de\/#organization\",\"name\":\"IBAS\",\"url\":\"https:\/\/ibas.world\/de\/\",\"logo\":{\"@type\":\"ImageObject\",\"inLanguage\":\"de\",\"@id\":\"https:\/\/ibas.world\/de\/#\/schema\/logo\/image\/\",\"url\":\"https:\/\/ibas.world\/wp-content\/uploads\/2023\/06\/favicon.png\",\"contentUrl\":\"https:\/\/ibas.world\/wp-content\/uploads\/2023\/06\/favicon.png\",\"width\":374,\"height\":340,\"caption\":\"IBAS\"},\"image\":{\"@id\":\"https:\/\/ibas.world\/de\/#\/schema\/logo\/image\/\"},\"sameAs\":[\"https:\/\/www.facebook.com\/ibas.world\",\"https:\/\/www.instagram.com\/ibas.world\/\",\"https:\/\/in.linkedin.com\/company\/ibas-world\"]}]}<\/script>\r\n<!-- \/ Yoast SEO plugin. -->","yoast_head_json":{"title":"Liste der Preise - IBAS","description":"Wir bei IBAS stehen fest f\u00fcr Ehrlichkeit und Transparenz. Wir verpflichten uns, Ihnen einen kristallklaren Einblick in unsere Preisstruktur zu geben.","robots":{"index":"index","follow":"follow","max-snippet":"max-snippet:-1","max-image-preview":"max-image-preview:large","max-video-preview":"max-video-preview:-1"},"canonical":"https:\/\/ibas.world\/de\/liste-der-preise\/","og_locale":"de_DE","og_type":"article","og_title":"Liste der Preise - IBAS","og_description":"Wir bei IBAS stehen fest f\u00fcr Ehrlichkeit und Transparenz. Wir verpflichten uns, Ihnen einen kristallklaren Einblick in unsere Preisstruktur zu geben.","og_url":"https:\/\/ibas.world\/de\/liste-der-preise\/","og_site_name":"IBAS","article_publisher":"https:\/\/www.facebook.com\/ibas.world","article_modified_time":"2025-11-25T12:36:31+00:00","og_image":[{"width":1200,"height":630,"url":"https:\/\/ibas.world\/wp-content\/uploads\/2023\/09\/Solutions-we-deliver.png","type":"image\/png"}],"twitter_card":"summary_large_image","twitter_misc":{"Gesch\u00e4tzte Lesezeit":"3\u00a0Minuten"},"schema":{"@context":"https:\/\/schema.org","@graph":[{"@type":"WebPage","@id":"https:\/\/ibas.world\/de\/liste-der-preise\/","url":"https:\/\/ibas.world\/de\/liste-der-preise\/","name":"Liste der Preise - IBAS","isPartOf":{"@id":"https:\/\/ibas.world\/de\/#website"},"datePublished":"2023-08-14T13:55:14+00:00","dateModified":"2025-11-25T12:36:31+00:00","description":"Wir bei IBAS stehen fest f\u00fcr Ehrlichkeit und Transparenz. Wir verpflichten uns, Ihnen einen kristallklaren Einblick in unsere Preisstruktur zu geben.","breadcrumb":{"@id":"https:\/\/ibas.world\/de\/liste-der-preise\/#breadcrumb"},"inLanguage":"de","potentialAction":[{"@type":"ReadAction","target":["https:\/\/ibas.world\/de\/liste-der-preise\/"]}]},{"@type":"BreadcrumbList","@id":"https:\/\/ibas.world\/de\/liste-der-preise\/#breadcrumb","itemListElement":[{"@type":"ListItem","position":1,"name":"Home","item":"https:\/\/ibas.world\/de\/"},{"@type":"ListItem","position":2,"name":"Liste der Preise"}]},{"@type":"WebSite","@id":"https:\/\/ibas.world\/de\/#website","url":"https:\/\/ibas.world\/de\/","name":"IBAS","description":"","publisher":{"@id":"https:\/\/ibas.world\/de\/#organization"},"potentialAction":[{"@type":"SearchAction","target":{"@type":"EntryPoint","urlTemplate":"https:\/\/ibas.world\/de\/?s={search_term_string}"},"query-input":"required name=search_term_string"}],"inLanguage":"de"},{"@type":"Organization","@id":"https:\/\/ibas.world\/de\/#organization","name":"IBAS","url":"https:\/\/ibas.world\/de\/","logo":{"@type":"ImageObject","inLanguage":"de","@id":"https:\/\/ibas.world\/de\/#\/schema\/logo\/image\/","url":"https:\/\/ibas.world\/wp-content\/uploads\/2023\/06\/favicon.png","contentUrl":"https:\/\/ibas.world\/wp-content\/uploads\/2023\/06\/favicon.png","width":374,"height":340,"caption":"IBAS"},"image":{"@id":"https:\/\/ibas.world\/de\/#\/schema\/logo\/image\/"},"sameAs":["https:\/\/www.facebook.com\/ibas.world","https:\/\/www.instagram.com\/ibas.world\/","https:\/\/in.linkedin.com\/company\/ibas-world"]}]}},"_links":{"self":[{"href":"https:\/\/ibas.world\/de\/wp-json\/wp\/v2\/pages\/5250"}],"collection":[{"href":"https:\/\/ibas.world\/de\/wp-json\/wp\/v2\/pages"}],"about":[{"href":"https:\/\/ibas.world\/de\/wp-json\/wp\/v2\/types\/page"}],"author":[{"embeddable":true,"href":"https:\/\/ibas.world\/de\/wp-json\/wp\/v2\/users\/54"}],"replies":[{"embeddable":true,"href":"https:\/\/ibas.world\/de\/wp-json\/wp\/v2\/comments?post=5250"}],"version-history":[{"count":14,"href":"https:\/\/ibas.world\/de\/wp-json\/wp\/v2\/pages\/5250\/revisions"}],"predecessor-version":[{"id":8079,"href":"https:\/\/ibas.world\/de\/wp-json\/wp\/v2\/pages\/5250\/revisions\/8079"}],"wp:attachment":[{"href":"https:\/\/ibas.world\/de\/wp-json\/wp\/v2\/media?parent=5250"}],"curies":[{"name":"wp","href":"https:\/\/api.w.org\/{rel}","templated":true}]}}