{"id":5261,"date":"2023-08-14T13:39:55","date_gmt":"2023-08-14T13:39:55","guid":{"rendered":"https:\/\/ibas.world\/empfehlungen\/"},"modified":"2025-10-20T10:10:57","modified_gmt":"2025-10-20T10:10:57","slug":"empfehlungen","status":"publish","type":"page","link":"https:\/\/ibas.world\/de\/empfehlungen\/","title":{"rendered":"Empfehlungen"},"content":{"rendered":"\t\t<div data-elementor-type=\"wp-page\" data-elementor-id=\"5261\" class=\"elementor elementor-5261 elementor-2568\">\n\t\t\t\t<div class=\"elementor-element elementor-element-90dc5b7 e-flex e-con-boxed e-con e-parent\" data-id=\"90dc5b7\" data-element_type=\"container\">\n\t\t\t\t\t<div class=\"e-con-inner\">\n\t\t\t\t<div class=\"elementor-element elementor-element-1953483 elementor-widget elementor-widget-html\" data-id=\"1953483\" data-element_type=\"widget\" data-widget_type=\"html.default\">\n\t\t\t\t<div class=\"elementor-widget-container\">\n\t\t\t<h2 class=\"blueLinear\">Ihre Stimme kann unsere Zukunft pr\u00e4gen!  <\/h2>\n<p class=\"p-main black0f0\">  Wir bei IBAS glauben, dass die besten Ideen oft von denjenigen kommen, die unsere Dienstleistungen aus erster Hand erfahren. Deshalb laden wir Sie ein, Ihre Gedanken und Empfehlungen mit uns zu teilen. Wir sind nicht nur ein Finanzinstitut, das innovatives Banking und attraktive L\u00f6sungen anbietet - wir sind Ihr Partner im Fortschritt. Ihre wertvollen Erkenntnisse k\u00f6nnen uns helfen, unser Angebot zu verbessern, unsere Dienstleistungen auf Ihre Bed\u00fcrfnisse zuzuschneiden und ein Bankerlebnis zu schaffen, das Ihre Erwartungen \u00fcbertrifft.     <br><br>  Gemeinsam k\u00f6nnen wir eine bessere finanzielle Zukunft aufbauen. Wir sind Ihnen sehr dankbar f\u00fcr Ihre Anregungen und wir werden Ihre Ideen in Ma\u00dfnahmen umsetzen, die unsere Dienstleistungen verbessern. Danke, dass Sie uns auf unserem Weg zu Innovation und Exzellenz begleiten.    <\/p>\t\t<\/div>\n\t\t\t\t<\/div>\n\t\t\t\t\t<\/div>\n\t\t\t\t<\/div>\n\t\t<div class=\"elementor-element elementor-element-84f95a5 e-flex e-con-boxed e-con e-parent\" data-id=\"84f95a5\" data-element_type=\"container\">\n\t\t\t\t\t<div class=\"e-con-inner\">\n\t\t\t\t<div class=\"elementor-element elementor-element-ed830a7 elementor-widget elementor-widget-html\" data-id=\"ed830a7\" data-element_type=\"widget\" data-widget_type=\"html.default\">\n\t\t\t\t<div class=\"elementor-widget-container\">\n\t\t\t<h5>Teilen Sie uns noch heute Ihre Empfehlungen mit und lassen Sie uns gemeinsam eine bessere Zukunft gestalten!\"<\/h5>\t\t<\/div>\n\t\t\t\t<\/div>\n\t\t\t\t\t<\/div>\n\t\t\t\t<\/div>\n\t\t<div class=\"elementor-element elementor-element-0e47fd0 e-flex e-con-boxed e-con e-parent\" data-id=\"0e47fd0\" data-element_type=\"container\">\n\t\t\t\t\t<div class=\"e-con-inner\">\n\t\t\t\t<div class=\"elementor-element elementor-element-c550023 elementor-widget elementor-widget-shortcode\" data-id=\"c550023\" data-element_type=\"widget\" data-widget_type=\"shortcode.default\">\n\t\t\t\t<div class=\"elementor-widget-container\">\n\t\t\t\t\t<div class=\"elementor-shortcode\">\n<div class=\"wpcf7 no-js\" id=\"wpcf7-f5555-o1\" lang=\"de-DE\" dir=\"ltr\">\n<div class=\"screen-reader-response\"><p role=\"status\" aria-live=\"polite\" aria-atomic=\"true\"><\/p> <ul><\/ul><\/div>\n<form action=\"\/de\/wp-json\/wp\/v2\/pages\/5261#wpcf7-f5555-o1\" method=\"post\" class=\"wpcf7-form init\" aria-label=\"Kontaktformular\" novalidate=\"novalidate\" data-status=\"init\">\n<div style=\"display: none;\">\n<input type=\"hidden\" name=\"_wpcf7\" value=\"5555\" \/>\n<input type=\"hidden\" name=\"_wpcf7_version\" value=\"5.9.3\" \/>\n<input type=\"hidden\" name=\"_wpcf7_locale\" value=\"de_DE\" \/>\n<input type=\"hidden\" name=\"_wpcf7_unit_tag\" value=\"wpcf7-f5555-o1\" \/>\n<input type=\"hidden\" name=\"_wpcf7_container_post\" value=\"0\" \/>\n<input type=\"hidden\" name=\"_wpcf7_posted_data_hash\" value=\"\" \/>\n<input type=\"hidden\" name=\"_wpcf7cf_hidden_group_fields\" value=\"[]\" \/>\n<input type=\"hidden\" name=\"_wpcf7cf_hidden_groups\" value=\"[]\" \/>\n<input type=\"hidden\" name=\"_wpcf7cf_visible_groups\" value=\"[]\" \/>\n<input type=\"hidden\" name=\"_wpcf7cf_repeaters\" value=\"[]\" \/>\n<input type=\"hidden\" name=\"_wpcf7cf_steps\" value=\"{}\" \/>\n<input type=\"hidden\" name=\"_wpcf7cf_options\" value=\"{&quot;form_id&quot;:5555,&quot;conditions&quot;:[],&quot;settings&quot;:{&quot;animation&quot;:&quot;yes&quot;,&quot;animation_intime&quot;:&quot;200&quot;,&quot;animation_outtime&quot;:&quot;200&quot;,&quot;conditions_ui&quot;:&quot;normal&quot;,&quot;notice_dismissed&quot;:&quot;&quot;,&quot;notice_dismissed_update-cf7-5.9.6&quot;:true,&quot;notice_dismissed_update-cf7-6.1.3&quot;:true}}\" \/>\n<\/div>\n<div class=\"aksione-wrapper\">\n\t<div class=\"aksione-under\">\n\t\t<div>\n\t\t\t<p><label>Vorname und Nachname <span class=\"wpcf7-form-control-wrap\" data-name=\"emriMbiemri\"><input size=\"40\" class=\"wpcf7-form-control wpcf7-text wpcf7-validates-as-required\" aria-required=\"true\" aria-invalid=\"false\" placeholder=\"Schreiben Sie Ihren Vornamen und Nachnamen\" value=\"\" type=\"text\" name=\"emriMbiemri\" \/><\/span><br \/>\n<\/label>\n\t\t\t<\/p>\n\t\t<\/div>\n\t\t<div>\n\t\t\t<p><label>Telefonnummer <span class=\"wpcf7-form-control-wrap\" data-name=\"telefoniAksione\"><input size=\"40\" maxlength=\"11\" minlength=\"9\" class=\"wpcf7-form-control wpcf7-tel wpcf7-validates-as-required wpcf7-text wpcf7-validates-as-tel\" aria-required=\"true\" aria-invalid=\"false\" placeholder=\"04*******\" value=\"\" type=\"tel\" name=\"telefoniAksione\" \/><\/span><br \/>\n<\/label>\n\t\t\t<\/p>\n\t\t<\/div>\n\t\t<div>\n\t\t\t<p><label>E-Mail-Adresse: <span class=\"wpcf7-form-control-wrap\" data-name=\"emaili\"><input size=\"40\" class=\"wpcf7-form-control wpcf7-email wpcf7-validates-as-required wpcf7-text wpcf7-validates-as-email\" aria-required=\"true\" aria-invalid=\"false\" placeholder=\"Geben Sie hier Ihre E-Mail-Adresse ein\" value=\"\" type=\"email\" name=\"emaili\" \/><\/span><br \/>\n<\/label>\n\t\t\t<\/p>\n\t\t<\/div>\n\t\t<div class=\"mesazhi\">\n\t\t\t<p><label>Ihre Empfehlung <span class=\"wpcf7-form-control-wrap\" data-name=\"mesazhi\"><textarea cols=\"40\" rows=\"10\" class=\"wpcf7-form-control wpcf7-textarea wpcf7-validates-as-required\" aria-required=\"true\" aria-invalid=\"false\" placeholder=\"Ihre Empfehlung!\" name=\"mesazhi\"><\/textarea><\/span><br \/>\n<\/label>\n\t\t\t<\/p>\n\t\t<\/div>\n\t<\/div>\n<\/div>\n<p><div class=\"cf7-cf-turnstile\" style=\"margin-top: 0px; margin-bottom: -15px;\"> <div id=\"cf-turnstile-cf7-3923793448\" class=\"cf-turnstile\" data-callback=\"turnstileCF7Callback\" data-sitekey=\"0x4AAAAAAAKD1eRimFWui5AM\" data-theme=\"light\" data-language=\"auto\" data-size=\"normal\" data-retry=\"auto\" data-retry-interval=\"1000\" data-refresh-expired=\"auto\" data-action=\"contact-form-7\" data-appearance=\"always\"><\/div> <style>.wpcf7-submit { pointer-events: none; opacity: 0.5; }<\/style> <script>document.addEventListener(\"DOMContentLoaded\", function() { setTimeout(function(){ var e=document.getElementById(\"cf-turnstile-cf7-3923793448\"); e&&!e.innerHTML.trim()&&(turnstile.remove(\"#cf-turnstile-cf7-3923793448\"), turnstile.render(\"#cf-turnstile-cf7-3923793448\", {sitekey:\"0x4AAAAAAAKD1eRimFWui5AM\"})); }, 100); });<\/script> <br class=\"cf-turnstile-br cf-turnstile-br-cf7-3923793448\"> <style>#cf-turnstile-cf7-3923793448 { margin-left: -15px; }<\/style> <script>document.addEventListener(\"DOMContentLoaded\",function(){document.querySelectorAll('.wpcf7-form').forEach(function(e){e.addEventListener('submit',function(){if(document.getElementById('cf-turnstile-cf7-3923793448')){setTimeout(function(){turnstile.reset('#cf-turnstile-cf7-3923793448');},1000)}})})});<\/script> <\/div><br\/><input class=\"wpcf7-form-control wpcf7-submit has-spinner aplikoPaymentGateway\" type=\"submit\" value=\"Absenden\" \/>\n<\/p><div class=\"wpcf7-response-output\" aria-hidden=\"true\"><\/div>\n<\/form>\n<\/div>\n<\/div>\n\t\t\t\t<\/div>\n\t\t\t\t<\/div>\n\t\t\t\t\t<\/div>\n\t\t\t\t<\/div>\n\t\t\t\t<\/div>\n\t\t","protected":false},"excerpt":{"rendered":"<p>Ihre Stimme kann unsere Zukunft pr\u00e4gen! Wir bei IBAS glauben, dass die besten Ideen oft von denjenigen kommen, die unsere Dienstleistungen aus erster Hand erfahren. Deshalb laden wir Sie ein, Ihre Gedanken und Empfehlungen mit uns zu teilen. Wir sind nicht nur ein Finanzinstitut, das innovatives Banking und attraktive L\u00f6sungen anbietet &#8211; wir sind Ihr [&hellip;]<\/p>\n","protected":false},"author":54,"featured_media":5018,"parent":0,"menu_order":0,"comment_status":"closed","ping_status":"closed","template":"","meta":{"inline_featured_image":false,"footnotes":""},"yoast_head":"<!-- This site is optimized with the Yoast SEO plugin v22.5 - https:\/\/yoast.com\/wordpress\/plugins\/seo\/ -->\r\n<title>Empfehlungen - IBAS<\/title>\r\n<meta name=\"description\" content=\"Wir bei IBAS glauben, dass die besten Ideen oft von denjenigen kommen, die unsere Dienstleistungen aus erster Hand erfahren. Deshalb laden wir Sie dazu ein, uns Ihre Gedanken mitzuteilen.\" \/>\r\n<meta name=\"robots\" content=\"index, follow, max-snippet:-1, max-image-preview:large, max-video-preview:-1\" \/>\r\n<link rel=\"canonical\" href=\"https:\/\/ibas.world\/de\/empfehlungen\/\" \/>\r\n<meta property=\"og:locale\" content=\"de_DE\" \/>\r\n<meta property=\"og:type\" content=\"article\" \/>\r\n<meta property=\"og:title\" content=\"Empfehlungen - IBAS\" \/>\r\n<meta property=\"og:description\" content=\"Wir bei IBAS glauben, dass die besten Ideen oft von denjenigen kommen, die unsere Dienstleistungen aus erster Hand erfahren. Deshalb laden wir Sie dazu ein, uns Ihre Gedanken mitzuteilen.\" \/>\r\n<meta property=\"og:url\" content=\"https:\/\/ibas.world\/de\/empfehlungen\/\" \/>\r\n<meta property=\"og:site_name\" content=\"IBAS\" \/>\r\n<meta property=\"article:publisher\" content=\"https:\/\/www.facebook.com\/ibas.world\" \/>\r\n<meta property=\"article:modified_time\" content=\"2025-10-20T10:10:57+00:00\" \/>\r\n<meta property=\"og:image\" content=\"https:\/\/ibas.world\/wp-content\/uploads\/2023\/09\/20230908_080307_0000.png\" \/>\r\n\t<meta property=\"og:image:width\" content=\"1200\" \/>\r\n\t<meta property=\"og:image:height\" content=\"630\" \/>\r\n\t<meta property=\"og:image:type\" content=\"image\/png\" \/>\r\n<meta name=\"twitter:card\" content=\"summary_large_image\" \/>\r\n<meta name=\"twitter:label1\" content=\"Gesch\u00e4tzte Lesezeit\" \/>\n\t<meta name=\"twitter:data1\" content=\"1\u00a0Minute\" \/>\r\n<script type=\"application\/ld+json\" class=\"yoast-schema-graph\">{\"@context\":\"https:\/\/schema.org\",\"@graph\":[{\"@type\":\"WebPage\",\"@id\":\"https:\/\/ibas.world\/de\/empfehlungen\/\",\"url\":\"https:\/\/ibas.world\/de\/empfehlungen\/\",\"name\":\"Empfehlungen - IBAS\",\"isPartOf\":{\"@id\":\"https:\/\/ibas.world\/de\/#website\"},\"primaryImageOfPage\":{\"@id\":\"https:\/\/ibas.world\/de\/empfehlungen\/#primaryimage\"},\"image\":{\"@id\":\"https:\/\/ibas.world\/de\/empfehlungen\/#primaryimage\"},\"thumbnailUrl\":\"https:\/\/ibas.world\/wp-content\/uploads\/2023\/09\/20230908_080307_0000.png\",\"datePublished\":\"2023-08-14T13:39:55+00:00\",\"dateModified\":\"2025-10-20T10:10:57+00:00\",\"description\":\"Wir bei IBAS glauben, dass die besten Ideen oft von denjenigen kommen, die unsere Dienstleistungen aus erster Hand erfahren. Deshalb laden wir Sie dazu ein, uns Ihre Gedanken mitzuteilen.\",\"breadcrumb\":{\"@id\":\"https:\/\/ibas.world\/de\/empfehlungen\/#breadcrumb\"},\"inLanguage\":\"de\",\"potentialAction\":[{\"@type\":\"ReadAction\",\"target\":[\"https:\/\/ibas.world\/de\/empfehlungen\/\"]}]},{\"@type\":\"ImageObject\",\"inLanguage\":\"de\",\"@id\":\"https:\/\/ibas.world\/de\/empfehlungen\/#primaryimage\",\"url\":\"https:\/\/ibas.world\/wp-content\/uploads\/2023\/09\/20230908_080307_0000.png\",\"contentUrl\":\"https:\/\/ibas.world\/wp-content\/uploads\/2023\/09\/20230908_080307_0000.png\",\"width\":1200,\"height\":630},{\"@type\":\"BreadcrumbList\",\"@id\":\"https:\/\/ibas.world\/de\/empfehlungen\/#breadcrumb\",\"itemListElement\":[{\"@type\":\"ListItem\",\"position\":1,\"name\":\"Home\",\"item\":\"https:\/\/ibas.world\/de\/\"},{\"@type\":\"ListItem\",\"position\":2,\"name\":\"Empfehlungen\"}]},{\"@type\":\"WebSite\",\"@id\":\"https:\/\/ibas.world\/de\/#website\",\"url\":\"https:\/\/ibas.world\/de\/\",\"name\":\"IBAS\",\"description\":\"\",\"publisher\":{\"@id\":\"https:\/\/ibas.world\/de\/#organization\"},\"potentialAction\":[{\"@type\":\"SearchAction\",\"target\":{\"@type\":\"EntryPoint\",\"urlTemplate\":\"https:\/\/ibas.world\/de\/?s={search_term_string}\"},\"query-input\":\"required name=search_term_string\"}],\"inLanguage\":\"de\"},{\"@type\":\"Organization\",\"@id\":\"https:\/\/ibas.world\/de\/#organization\",\"name\":\"IBAS\",\"url\":\"https:\/\/ibas.world\/de\/\",\"logo\":{\"@type\":\"ImageObject\",\"inLanguage\":\"de\",\"@id\":\"https:\/\/ibas.world\/de\/#\/schema\/logo\/image\/\",\"url\":\"https:\/\/ibas.world\/wp-content\/uploads\/2023\/06\/favicon.png\",\"contentUrl\":\"https:\/\/ibas.world\/wp-content\/uploads\/2023\/06\/favicon.png\",\"width\":374,\"height\":340,\"caption\":\"IBAS\"},\"image\":{\"@id\":\"https:\/\/ibas.world\/de\/#\/schema\/logo\/image\/\"},\"sameAs\":[\"https:\/\/www.facebook.com\/ibas.world\",\"https:\/\/www.instagram.com\/ibas.world\/\",\"https:\/\/in.linkedin.com\/company\/ibas-world\"]}]}<\/script>\r\n<!-- \/ Yoast SEO plugin. -->","yoast_head_json":{"title":"Empfehlungen - IBAS","description":"Wir bei IBAS glauben, dass die besten Ideen oft von denjenigen kommen, die unsere Dienstleistungen aus erster Hand erfahren. Deshalb laden wir Sie dazu ein, uns Ihre Gedanken mitzuteilen.","robots":{"index":"index","follow":"follow","max-snippet":"max-snippet:-1","max-image-preview":"max-image-preview:large","max-video-preview":"max-video-preview:-1"},"canonical":"https:\/\/ibas.world\/de\/empfehlungen\/","og_locale":"de_DE","og_type":"article","og_title":"Empfehlungen - IBAS","og_description":"Wir bei IBAS glauben, dass die besten Ideen oft von denjenigen kommen, die unsere Dienstleistungen aus erster Hand erfahren. Deshalb laden wir Sie dazu ein, uns Ihre Gedanken mitzuteilen.","og_url":"https:\/\/ibas.world\/de\/empfehlungen\/","og_site_name":"IBAS","article_publisher":"https:\/\/www.facebook.com\/ibas.world","article_modified_time":"2025-10-20T10:10:57+00:00","og_image":[{"width":1200,"height":630,"url":"https:\/\/ibas.world\/wp-content\/uploads\/2023\/09\/20230908_080307_0000.png","type":"image\/png"}],"twitter_card":"summary_large_image","twitter_misc":{"Gesch\u00e4tzte Lesezeit":"1\u00a0Minute"},"schema":{"@context":"https:\/\/schema.org","@graph":[{"@type":"WebPage","@id":"https:\/\/ibas.world\/de\/empfehlungen\/","url":"https:\/\/ibas.world\/de\/empfehlungen\/","name":"Empfehlungen - IBAS","isPartOf":{"@id":"https:\/\/ibas.world\/de\/#website"},"primaryImageOfPage":{"@id":"https:\/\/ibas.world\/de\/empfehlungen\/#primaryimage"},"image":{"@id":"https:\/\/ibas.world\/de\/empfehlungen\/#primaryimage"},"thumbnailUrl":"https:\/\/ibas.world\/wp-content\/uploads\/2023\/09\/20230908_080307_0000.png","datePublished":"2023-08-14T13:39:55+00:00","dateModified":"2025-10-20T10:10:57+00:00","description":"Wir bei IBAS glauben, dass die besten Ideen oft von denjenigen kommen, die unsere Dienstleistungen aus erster Hand erfahren. Deshalb laden wir Sie dazu ein, uns Ihre Gedanken mitzuteilen.","breadcrumb":{"@id":"https:\/\/ibas.world\/de\/empfehlungen\/#breadcrumb"},"inLanguage":"de","potentialAction":[{"@type":"ReadAction","target":["https:\/\/ibas.world\/de\/empfehlungen\/"]}]},{"@type":"ImageObject","inLanguage":"de","@id":"https:\/\/ibas.world\/de\/empfehlungen\/#primaryimage","url":"https:\/\/ibas.world\/wp-content\/uploads\/2023\/09\/20230908_080307_0000.png","contentUrl":"https:\/\/ibas.world\/wp-content\/uploads\/2023\/09\/20230908_080307_0000.png","width":1200,"height":630},{"@type":"BreadcrumbList","@id":"https:\/\/ibas.world\/de\/empfehlungen\/#breadcrumb","itemListElement":[{"@type":"ListItem","position":1,"name":"Home","item":"https:\/\/ibas.world\/de\/"},{"@type":"ListItem","position":2,"name":"Empfehlungen"}]},{"@type":"WebSite","@id":"https:\/\/ibas.world\/de\/#website","url":"https:\/\/ibas.world\/de\/","name":"IBAS","description":"","publisher":{"@id":"https:\/\/ibas.world\/de\/#organization"},"potentialAction":[{"@type":"SearchAction","target":{"@type":"EntryPoint","urlTemplate":"https:\/\/ibas.world\/de\/?s={search_term_string}"},"query-input":"required name=search_term_string"}],"inLanguage":"de"},{"@type":"Organization","@id":"https:\/\/ibas.world\/de\/#organization","name":"IBAS","url":"https:\/\/ibas.world\/de\/","logo":{"@type":"ImageObject","inLanguage":"de","@id":"https:\/\/ibas.world\/de\/#\/schema\/logo\/image\/","url":"https:\/\/ibas.world\/wp-content\/uploads\/2023\/06\/favicon.png","contentUrl":"https:\/\/ibas.world\/wp-content\/uploads\/2023\/06\/favicon.png","width":374,"height":340,"caption":"IBAS"},"image":{"@id":"https:\/\/ibas.world\/de\/#\/schema\/logo\/image\/"},"sameAs":["https:\/\/www.facebook.com\/ibas.world","https:\/\/www.instagram.com\/ibas.world\/","https:\/\/in.linkedin.com\/company\/ibas-world"]}]}},"_links":{"self":[{"href":"https:\/\/ibas.world\/de\/wp-json\/wp\/v2\/pages\/5261"}],"collection":[{"href":"https:\/\/ibas.world\/de\/wp-json\/wp\/v2\/pages"}],"about":[{"href":"https:\/\/ibas.world\/de\/wp-json\/wp\/v2\/types\/page"}],"author":[{"embeddable":true,"href":"https:\/\/ibas.world\/de\/wp-json\/wp\/v2\/users\/54"}],"replies":[{"embeddable":true,"href":"https:\/\/ibas.world\/de\/wp-json\/wp\/v2\/comments?post=5261"}],"version-history":[{"count":5,"href":"https:\/\/ibas.world\/de\/wp-json\/wp\/v2\/pages\/5261\/revisions"}],"predecessor-version":[{"id":7404,"href":"https:\/\/ibas.world\/de\/wp-json\/wp\/v2\/pages\/5261\/revisions\/7404"}],"wp:featuredmedia":[{"embeddable":true,"href":"https:\/\/ibas.world\/de\/wp-json\/wp\/v2\/media\/5018"}],"wp:attachment":[{"href":"https:\/\/ibas.world\/de\/wp-json\/wp\/v2\/media?parent=5261"}],"curies":[{"name":"wp","href":"https:\/\/api.w.org\/{rel}","templated":true}]}}