{"id":5276,"date":"2023-05-24T14:46:51","date_gmt":"2023-05-24T14:46:51","guid":{"rendered":"https:\/\/ibas.world\/ueberpruefen-sie\/"},"modified":"2026-04-01T08:48:13","modified_gmt":"2026-04-01T08:48:13","slug":"ueberpruefen-sie","status":"publish","type":"page","link":"https:\/\/ibas.world\/de\/ueberpruefen-sie\/","title":{"rendered":"\u00dcberpr\u00fcfen Sie"},"content":{"rendered":"\t\t<div data-elementor-type=\"wp-page\" data-elementor-id=\"5276\" class=\"elementor elementor-5276 elementor-356\">\n\t\t\t\t<div class=\"elementor-element elementor-element-e33e6dc e-con-full e-flex e-con e-parent\" data-id=\"e33e6dc\" data-element_type=\"container\" id=\"verifyContainer\" data-settings=\"{&quot;background_background&quot;:&quot;gradient&quot;}\">\n\t\t\t\t<div class=\"elementor-element elementor-element-ac5980c elementor-widget elementor-widget-html\" data-id=\"ac5980c\" data-element_type=\"widget\" data-widget_type=\"html.default\">\n\t\t\t\t<div class=\"elementor-widget-container\">\n\t\t\t<div class=\"verifiko-pagesat-wrapper\">\r\n    <div class=\"verifiko-pagesat-under\">\r\n        <div class=\"verifiko-title\">\r\n            <h1 class=\"h1-main tcenter\">\u00dcberpr\u00fcfen Sie Transaktionen oder Zahlungen<\/h1>\r\n        <\/div>\r\n\r\n        <div class=\"inputiPageses\">\r\n            <label>\r\n                Referenz\r\n                <input class=\"numriFletepageses\" placeholder=\"Hier eingeben...\" type=\"text\">\r\n                <a href=\"javascript:void(0)\" class=\"searchBtn\">\u00dcberpr\u00fcfen<\/a>\r\n            <\/label>\r\n            <p>Bitte geben Sie die Referenznummer ein und klicken Sie auf \u201e\u00dcberpr\u00fcfen\u201c, um zu sehen, ob die Zahlung erfolgreich war.<\/p>\r\n        <\/div>\r\n\r\n        <!-- SUCCESS BOX (GREEN) -->\r\n        <div class=\"verifyShow-wrapper\" style=\"display:none;\">\r\n            <div class=\"verifyShow\">\r\n                <div class=\"row1 status\">\r\n                    <div><h4>Status<\/h4><\/div>\r\n                    <div class=\"statusVerify\"><p>BEZAHLT<\/p><\/div>\r\n                <\/div>\r\n                <div class=\"row payer\"><div><p>Zahler<\/p><\/div><div class=\"payerVerify\"><p>Max Mustermann<\/p><\/div><\/div>\r\n                <div class=\"row beneficiary\"><div><p>Beg\u00fcnstigter<\/p><\/div><div class=\"beneficiaryVerify\"><p>Stadtwerke GmbH<\/p><\/div><\/div>\r\n                <div class=\"row referenceID\"><div><p>Referenz-ID<\/p><\/div><div class=\"referenceIDVerify\"><p>ABC123<\/p><\/div><\/div>\r\n                <div class=\"row transactionAmount\"><div><p>Betrag<\/p><\/div><div class=\"transactionAmountVerify\"><p>99,00 \u20ac<\/p><\/div><\/div>\r\n                <div class=\"row fee\"><div><p>Geb\u00fchr<\/p><\/div><div class=\"feeVerify\"><p>1,00 \u20ac<\/p><\/div><\/div>\r\n                <div class=\"row total\"><div><p>Gesamt<\/p><\/div><div class=\"totalVerify\"><p>100,00 \u20ac<\/p><\/div><\/div>\r\n                <div class=\"row verifyButtons\">\r\n                    <div><a href=\"javascript:void(0)\" onclick=\"exitTheVerification()\" class=\"closeVerify\">Schlie\u00dfen<\/a><\/div>\r\n                    <div><a href=\"javascript:void(0)\" class=\"printVerify\">Drucken<\/a><\/div>\r\n                <\/div>\r\n            <\/div>\r\n        <\/div>\r\n\r\n        <!-- LOADING SPINNER -->\r\n        <div class=\"loadingio-spinner-spinner-zu35wlamfwp apiLoading\">\r\n            <div class=\"ldio-o3e231nu56\">\r\n                <div><\/div><div><\/div><div><\/div><div><\/div><div><\/div><div><\/div>\r\n                <div><\/div><div><\/div><div><\/div><div><\/div><div><\/div><div><\/div>\r\n            <\/div>\r\n        <\/div>\r\n    <\/div>\r\n<\/div>\r\n\r\n<!-- ERROR MODAL \u2013 ONLY ON FAILURE (BEAUTIFUL BLUE, NO BLUR) -->\r\n<div id=\"errorModal\">\r\n    <div class=\"error-box\">\r\n        <div class=\"error-header\">\r\n            <h3>\u00dcberpr\u00fcfung fehlgeschlagen<\/h3>\r\n        <\/div>\r\n        <div class=\"error-body\">\r\n            <p id=\"errorText\">\r\n                <strong>TEST2025D<\/strong> wurde nicht gefunden.<br><br>\r\n                Pr\u00fcfen Sie die Referenz<br>\r\n                Versuchen Sie es in 5 Minuten erneut<br>\r\n                Kontaktieren Sie uns bei anhaltenden Problemen\r\n            <\/p>\r\n        <\/div>\r\n        <div class=\"error-footer\">\r\n            <button class=\"btn-ok\">OK<\/button>\r\n        <\/div>\r\n    <\/div>\r\n<\/div>\r\n\r\n<style>\r\n\/* MODAL \u2013 CLEAN, BLUE, NO BLUR *\/\r\n#errorModal{\r\n    display:none;\r\n    position:fixed;\r\n    z-index:99999;\r\n    left:0; top:0;\r\n    width:100%; height:100%;\r\n    background:rgba(0,0,0,0.82);\r\n    justify-content:center;\r\n    align-items:center;\r\n}\r\n.error-box{\r\n    background:#fff;\r\n    width:90%;\r\n    max-width:360px;\r\n    border-radius:20px;\r\n    overflow:hidden;\r\n    box-shadow:0 18px 45px rgba(20,39,105,.38);\r\n    animation:zoomIn .4s ease;\r\n}\r\n.error-header{\r\n    background:linear-gradient(180deg, #274ED2 0%, #142769 100%);\r\n    color:#fff;\r\n    padding:20px 18px;\r\n    text-align:center;\r\n}\r\n.error-header .icon{\r\n    font-size:48px;\r\n    font-weight:900;\r\n    display:block;\r\n    margin-bottom:6px;\r\n}\r\n.error-header h3{\r\n    margin:0;\r\n    font-size:1.25rem;\r\n    font-weight:600;\r\n}\r\n.error-body{\r\n    padding:22px 24px;\r\n    text-align:center;\r\n    color:#333;\r\n    line-height:1.7;\r\n    font-size:0.98rem;\r\n}\r\n.error-body strong{color:#274ED2}\r\n.error-footer{\r\n    padding:14px;\r\n    background:#f8f9ff;\r\n    text-align:center;\r\n}\r\n.btn-ok{\r\n    background:#274ED2;\r\n    color:#fff;\r\n    border:none;\r\n    padding:10px 36px;\r\n    border-radius:50px;\r\n    font-weight:600;\r\n    font-size:1rem;\r\n    cursor:pointer;\r\n    box-shadow:0 6px 18px rgba(39,78,210,.35);\r\n    transition:.3s;\r\n}\r\n.btn-ok:hover{\r\n    background:#1e3aa8;\r\n    transform:translateY(-2px);\r\n}\r\n@keyframes zoomIn{\r\n    from{transform:scale(0.8);opacity:0}\r\n    to{transform:scale(1);opacity:1}\r\n}\r\n<\/style>\r\n\r\n\t\t<\/div>\n\t\t\t\t<\/div>\n\t\t\t\t<\/div>\n\t\t\t\t<\/div>\n\t\t","protected":false},"excerpt":{"rendered":"<p>\u00dcberpr\u00fcfen Sie Transaktionen oder Zahlungen Referenz \u00dcberpr\u00fcfen Bitte geben Sie die Referenznummer ein und klicken Sie auf \u201e\u00dcberpr\u00fcfen\u201c, um zu sehen, ob die Zahlung erfolgreich war. Status BEZAHLT Zahler Max Mustermann Beg\u00fcnstigter Stadtwerke GmbH Referenz-ID ABC123 Betrag 99,00 \u20ac Geb\u00fchr 1,00 \u20ac Gesamt 100,00 \u20ac Schlie\u00dfen Drucken \u00dcberpr\u00fcfung fehlgeschlagen TEST2025D wurde nicht gefunden. Pr\u00fcfen Sie [&hellip;]<\/p>\n","protected":false},"author":54,"featured_media":0,"parent":0,"menu_order":0,"comment_status":"closed","ping_status":"closed","template":"","meta":{"inline_featured_image":false,"footnotes":""},"yoast_head":"<!-- This site is optimized with the Yoast SEO plugin v22.5 - https:\/\/yoast.com\/wordpress\/plugins\/seo\/ -->\r\n<title>\u00dcberpr\u00fcfen Sie - IBAS<\/title>\r\n<meta name=\"description\" content=\"Optimieren Sie Ihren Verifizierungsprozess mit unserer IBAS-Transaktionsverifizierung. Gew\u00e4hrleisten Sie die Authentizit\u00e4t und Sicherheit Ihrer Finanztransaktionen und Eink\u00e4ufe.\" \/>\r\n<meta name=\"robots\" content=\"index, follow, max-snippet:-1, max-image-preview:large, max-video-preview:-1\" \/>\r\n<link rel=\"canonical\" href=\"https:\/\/ibas.world\/de\/ueberpruefen-sie\/\" \/>\r\n<meta property=\"og:locale\" content=\"de_DE\" \/>\r\n<meta property=\"og:type\" content=\"article\" \/>\r\n<meta property=\"og:title\" content=\"\u00dcberpr\u00fcfen Sie - IBAS\" \/>\r\n<meta property=\"og:description\" content=\"Optimieren Sie Ihren Verifizierungsprozess mit unserer IBAS-Transaktionsverifizierung. Gew\u00e4hrleisten Sie die Authentizit\u00e4t und Sicherheit Ihrer Finanztransaktionen und Eink\u00e4ufe.\" \/>\r\n<meta property=\"og:url\" content=\"https:\/\/ibas.world\/de\/ueberpruefen-sie\/\" \/>\r\n<meta property=\"og:site_name\" content=\"IBAS\" \/>\r\n<meta property=\"article:publisher\" content=\"https:\/\/www.facebook.com\/ibas.world\" \/>\r\n<meta property=\"article:modified_time\" content=\"2026-04-01T08:48:13+00:00\" \/>\r\n<meta property=\"og:image\" content=\"https:\/\/ibas.world\/wp-content\/uploads\/2023\/09\/Solutions-we-deliver.png\" \/>\r\n\t<meta property=\"og:image:width\" content=\"1200\" \/>\r\n\t<meta property=\"og:image:height\" content=\"630\" \/>\r\n\t<meta property=\"og:image:type\" content=\"image\/png\" \/>\r\n<meta name=\"twitter:card\" content=\"summary_large_image\" \/>\r\n<meta name=\"twitter:label1\" content=\"Gesch\u00e4tzte Lesezeit\" \/>\n\t<meta name=\"twitter:data1\" content=\"1\u00a0Minute\" \/>\r\n<script type=\"application\/ld+json\" class=\"yoast-schema-graph\">{\"@context\":\"https:\/\/schema.org\",\"@graph\":[{\"@type\":\"WebPage\",\"@id\":\"https:\/\/ibas.world\/de\/ueberpruefen-sie\/\",\"url\":\"https:\/\/ibas.world\/de\/ueberpruefen-sie\/\",\"name\":\"\u00dcberpr\u00fcfen Sie - IBAS\",\"isPartOf\":{\"@id\":\"https:\/\/ibas.world\/de\/#website\"},\"datePublished\":\"2023-05-24T14:46:51+00:00\",\"dateModified\":\"2026-04-01T08:48:13+00:00\",\"description\":\"Optimieren Sie Ihren Verifizierungsprozess mit unserer IBAS-Transaktionsverifizierung. Gew\u00e4hrleisten Sie die Authentizit\u00e4t und Sicherheit Ihrer Finanztransaktionen und Eink\u00e4ufe.\",\"breadcrumb\":{\"@id\":\"https:\/\/ibas.world\/de\/ueberpruefen-sie\/#breadcrumb\"},\"inLanguage\":\"de\",\"potentialAction\":[{\"@type\":\"ReadAction\",\"target\":[\"https:\/\/ibas.world\/de\/ueberpruefen-sie\/\"]}]},{\"@type\":\"BreadcrumbList\",\"@id\":\"https:\/\/ibas.world\/de\/ueberpruefen-sie\/#breadcrumb\",\"itemListElement\":[{\"@type\":\"ListItem\",\"position\":1,\"name\":\"Home\",\"item\":\"https:\/\/ibas.world\/de\/\"},{\"@type\":\"ListItem\",\"position\":2,\"name\":\"\u00dcberpr\u00fcfen Sie\"}]},{\"@type\":\"WebSite\",\"@id\":\"https:\/\/ibas.world\/de\/#website\",\"url\":\"https:\/\/ibas.world\/de\/\",\"name\":\"IBAS\",\"description\":\"\",\"publisher\":{\"@id\":\"https:\/\/ibas.world\/de\/#organization\"},\"potentialAction\":[{\"@type\":\"SearchAction\",\"target\":{\"@type\":\"EntryPoint\",\"urlTemplate\":\"https:\/\/ibas.world\/de\/?s={search_term_string}\"},\"query-input\":\"required name=search_term_string\"}],\"inLanguage\":\"de\"},{\"@type\":\"Organization\",\"@id\":\"https:\/\/ibas.world\/de\/#organization\",\"name\":\"IBAS\",\"url\":\"https:\/\/ibas.world\/de\/\",\"logo\":{\"@type\":\"ImageObject\",\"inLanguage\":\"de\",\"@id\":\"https:\/\/ibas.world\/de\/#\/schema\/logo\/image\/\",\"url\":\"https:\/\/ibas.world\/wp-content\/uploads\/2023\/06\/favicon.png\",\"contentUrl\":\"https:\/\/ibas.world\/wp-content\/uploads\/2023\/06\/favicon.png\",\"width\":374,\"height\":340,\"caption\":\"IBAS\"},\"image\":{\"@id\":\"https:\/\/ibas.world\/de\/#\/schema\/logo\/image\/\"},\"sameAs\":[\"https:\/\/www.facebook.com\/ibas.world\",\"https:\/\/www.instagram.com\/ibas.world\/\",\"https:\/\/in.linkedin.com\/company\/ibas-world\"]}]}<\/script>\r\n<!-- \/ Yoast SEO plugin. -->","yoast_head_json":{"title":"\u00dcberpr\u00fcfen Sie - IBAS","description":"Optimieren Sie Ihren Verifizierungsprozess mit unserer IBAS-Transaktionsverifizierung. Gew\u00e4hrleisten Sie die Authentizit\u00e4t und Sicherheit Ihrer Finanztransaktionen und Eink\u00e4ufe.","robots":{"index":"index","follow":"follow","max-snippet":"max-snippet:-1","max-image-preview":"max-image-preview:large","max-video-preview":"max-video-preview:-1"},"canonical":"https:\/\/ibas.world\/de\/ueberpruefen-sie\/","og_locale":"de_DE","og_type":"article","og_title":"\u00dcberpr\u00fcfen Sie - IBAS","og_description":"Optimieren Sie Ihren Verifizierungsprozess mit unserer IBAS-Transaktionsverifizierung. Gew\u00e4hrleisten Sie die Authentizit\u00e4t und Sicherheit Ihrer Finanztransaktionen und Eink\u00e4ufe.","og_url":"https:\/\/ibas.world\/de\/ueberpruefen-sie\/","og_site_name":"IBAS","article_publisher":"https:\/\/www.facebook.com\/ibas.world","article_modified_time":"2026-04-01T08:48:13+00:00","og_image":[{"width":1200,"height":630,"url":"https:\/\/ibas.world\/wp-content\/uploads\/2023\/09\/Solutions-we-deliver.png","type":"image\/png"}],"twitter_card":"summary_large_image","twitter_misc":{"Gesch\u00e4tzte Lesezeit":"1\u00a0Minute"},"schema":{"@context":"https:\/\/schema.org","@graph":[{"@type":"WebPage","@id":"https:\/\/ibas.world\/de\/ueberpruefen-sie\/","url":"https:\/\/ibas.world\/de\/ueberpruefen-sie\/","name":"\u00dcberpr\u00fcfen Sie - IBAS","isPartOf":{"@id":"https:\/\/ibas.world\/de\/#website"},"datePublished":"2023-05-24T14:46:51+00:00","dateModified":"2026-04-01T08:48:13+00:00","description":"Optimieren Sie Ihren Verifizierungsprozess mit unserer IBAS-Transaktionsverifizierung. Gew\u00e4hrleisten Sie die Authentizit\u00e4t und Sicherheit Ihrer Finanztransaktionen und Eink\u00e4ufe.","breadcrumb":{"@id":"https:\/\/ibas.world\/de\/ueberpruefen-sie\/#breadcrumb"},"inLanguage":"de","potentialAction":[{"@type":"ReadAction","target":["https:\/\/ibas.world\/de\/ueberpruefen-sie\/"]}]},{"@type":"BreadcrumbList","@id":"https:\/\/ibas.world\/de\/ueberpruefen-sie\/#breadcrumb","itemListElement":[{"@type":"ListItem","position":1,"name":"Home","item":"https:\/\/ibas.world\/de\/"},{"@type":"ListItem","position":2,"name":"\u00dcberpr\u00fcfen Sie"}]},{"@type":"WebSite","@id":"https:\/\/ibas.world\/de\/#website","url":"https:\/\/ibas.world\/de\/","name":"IBAS","description":"","publisher":{"@id":"https:\/\/ibas.world\/de\/#organization"},"potentialAction":[{"@type":"SearchAction","target":{"@type":"EntryPoint","urlTemplate":"https:\/\/ibas.world\/de\/?s={search_term_string}"},"query-input":"required name=search_term_string"}],"inLanguage":"de"},{"@type":"Organization","@id":"https:\/\/ibas.world\/de\/#organization","name":"IBAS","url":"https:\/\/ibas.world\/de\/","logo":{"@type":"ImageObject","inLanguage":"de","@id":"https:\/\/ibas.world\/de\/#\/schema\/logo\/image\/","url":"https:\/\/ibas.world\/wp-content\/uploads\/2023\/06\/favicon.png","contentUrl":"https:\/\/ibas.world\/wp-content\/uploads\/2023\/06\/favicon.png","width":374,"height":340,"caption":"IBAS"},"image":{"@id":"https:\/\/ibas.world\/de\/#\/schema\/logo\/image\/"},"sameAs":["https:\/\/www.facebook.com\/ibas.world","https:\/\/www.instagram.com\/ibas.world\/","https:\/\/in.linkedin.com\/company\/ibas-world"]}]}},"_links":{"self":[{"href":"https:\/\/ibas.world\/de\/wp-json\/wp\/v2\/pages\/5276"}],"collection":[{"href":"https:\/\/ibas.world\/de\/wp-json\/wp\/v2\/pages"}],"about":[{"href":"https:\/\/ibas.world\/de\/wp-json\/wp\/v2\/types\/page"}],"author":[{"embeddable":true,"href":"https:\/\/ibas.world\/de\/wp-json\/wp\/v2\/users\/54"}],"replies":[{"embeddable":true,"href":"https:\/\/ibas.world\/de\/wp-json\/wp\/v2\/comments?post=5276"}],"version-history":[{"count":8,"href":"https:\/\/ibas.world\/de\/wp-json\/wp\/v2\/pages\/5276\/revisions"}],"predecessor-version":[{"id":9368,"href":"https:\/\/ibas.world\/de\/wp-json\/wp\/v2\/pages\/5276\/revisions\/9368"}],"wp:attachment":[{"href":"https:\/\/ibas.world\/de\/wp-json\/wp\/v2\/media?parent=5276"}],"curies":[{"name":"wp","href":"https:\/\/api.w.org\/{rel}","templated":true}]}}