{"id":5292,"date":"2023-05-30T12:14:57","date_gmt":"2023-05-30T12:14:57","guid":{"rendered":"https:\/\/ibas.world\/veroeffentlichungen\/"},"modified":"2025-11-06T13:17:33","modified_gmt":"2025-11-06T13:17:33","slug":"veroeffentlichungen","status":"publish","type":"page","link":"https:\/\/ibas.world\/de\/veroeffentlichungen\/","title":{"rendered":"Ver\u00f6ffentlichungen"},"content":{"rendered":"\t\t<div data-elementor-type=\"wp-page\" data-elementor-id=\"5292\" class=\"elementor elementor-5292 elementor-609\">\n\t\t\t\t<div class=\"elementor-element elementor-element-f1d8640 e-flex e-con-boxed e-con e-parent\" data-id=\"f1d8640\" data-element_type=\"container\">\n\t\t\t\t\t<div class=\"e-con-inner\">\n\t\t\t\t<div class=\"elementor-element elementor-element-1269963 elementor-widget elementor-widget-html\" data-id=\"1269963\" data-element_type=\"widget\" data-widget_type=\"html.default\">\n\t\t\t\t<div class=\"elementor-widget-container\">\n\t\t\t<h2 class=\"black0f0 blueLinear\">Ver\u00f6ffentlichungen<\/h2>\n<p>Willkommen auf der Seite Ver\u00f6ffentlichungen. Dieser spezielle Bereich dient als Plattform, um die \u00d6ffentlichkeit \u00fcber offizielle Erkl\u00e4rungen, aufschlussreiche Blogs, die neuesten Nachrichten und autorisierte Mitteilungen zu informieren, die von unserem Management gebilligt wurden. <\/p>\t\t<\/div>\n\t\t\t\t<\/div>\n\t\t\t\t\t<\/div>\n\t\t\t\t<\/div>\n\t\t<div class=\"elementor-element elementor-element-9c63de5 e-flex e-con-boxed e-con e-parent\" data-id=\"9c63de5\" data-element_type=\"container\">\n\t\t\t\t\t<div class=\"e-con-inner\">\n\t\t\t\t<div class=\"elementor-element elementor-element-1d59977 elementor-widget elementor-widget-shortcode\" data-id=\"1d59977\" data-element_type=\"widget\" data-widget_type=\"shortcode.default\">\n\t\t\t\t<div class=\"elementor-widget-container\">\n\t\t\t\t\t<div class=\"elementor-shortcode\"><div class=\"post-container\">\t\r\n<div class=\"post-wrapper\" onclick=\"window.location.href='https:\/\/ibas.world\/de\/blog-de\/gesundheit-und-wohlstand-so-kuemmert-sich-ibas-um-seine-kunden\/'\">\r\n \r\n                <div class=\"post-thumbnail\">\r\n                    <img decoding=\"async\" src=\"https:\/\/ibas.world\/wp-content\/uploads\/2026\/03\/Shendet-dhe-para-4-1.jpg\">\r\n                <\/div>\r\n              \r\n\t<div>\r\n\t\t\t<span class=\"post_category\"><i class=\"fas fa-newspaper\"><\/i> <a href=\"https:\/\/ibas.world\/de\/category\/blog-de\/\" rel=\"category tag\">Blog<\/a><\/span>\r\n\t\t<\/div>\r\n    <div class=\"post-title-content\">\r\n\t\t<div class=\"under-post-title\">\r\n            <h3 class=\"black0f0\">Gesundheit und Wohlstand \u2013 so k\u00fcmmert sich IBAS um seine Kunden<\/h3>\r\n\t\t<\/div>\r\n\t\t\r\n\t\t<div class=\"under-post-excerpt\">\r\n\t\t\t\tIn einer Zeit, in der sich die meisten Finanzinstitute nur auf Zahlungen, \u00dcberweisungen oder Kredite konzentrieren, hat IBAS beschlossen, etwas mehr zu bieten. Etwas, das direkt mit dem t\u00e4glichen Leben, dem Wohlbefinden und der Motivation jedes einzelnen Kunden verbunden ist. Diese Funktion hei\u00dft Gesundheit und Wohlstand. Und ja, der Name sagt genau, worum es geht: [&hellip;]\t\t<\/div>\r\n\t\t<div class=\"post-date\">\r\n\t\t\tM\u00e4rz 17, 2026\t\t<\/div>\r\n\t<\/div> \r\n<\/div>\r\n\r\n        \t\r\n<div class=\"post-wrapper\" onclick=\"window.location.href='https:\/\/ibas.world\/de\/blog-de\/ibas-die-entwicklung-2020-2025-und-die-vision-2026-2028ibas-the-journey-2020-2025-and-the-vision-for-2026-2028\/'\">\r\n \r\n                <div class=\"post-thumbnail\">\r\n                    <img decoding=\"async\" src=\"https:\/\/ibas.world\/wp-content\/uploads\/2026\/03\/ibaspublication.webp\">\r\n                <\/div>\r\n              \r\n\t<div>\r\n\t\t\t<span class=\"post_category\"><i class=\"fas fa-newspaper\"><\/i> <a href=\"https:\/\/ibas.world\/de\/category\/blog-de\/\" rel=\"category tag\">Blog<\/a><\/span>\r\n\t\t<\/div>\r\n    <div class=\"post-title-content\">\r\n\t\t<div class=\"under-post-title\">\r\n            <h3 class=\"black0f0\">IBAS \u2014 Die Entwicklung 2020\u20132025 und die Vision 2026\u20132028<\/h3>\r\n\t\t<\/div>\r\n\t\t\r\n\t\t<div class=\"under-post-excerpt\">\r\n\t\t\t\tW\u00e4hrend eines ganzt\u00e4gigen Workshops hatte das IBAS-Team die Gelegenheit, auf den bisherigen Weg des Unternehmens zur\u00fcckzublicken, die Ergebnisse der Jahre 2020\u20132025 zu analysieren und die strategische Vision f\u00fcr den Zeitraum 2026\u20132028 zu pr\u00e4sentieren. Dieses Treffen war ein wichtiger Moment, um Erfahrungen auszutauschen, den bisherigen Erfolg besser zu verstehen und die strategische Ausrichtung von IBAS f\u00fcr [&hellip;]\t\t<\/div>\r\n\t\t<div class=\"post-date\">\r\n\t\t\tM\u00e4rz 5, 2026\t\t<\/div>\r\n\t<\/div> \r\n<\/div>\r\n\r\n        \t\r\n<div class=\"post-wrapper\" onclick=\"window.location.href='https:\/\/ibas.world\/de\/blog-de\/echter-black-friday-1-000-euro-zinsfrei-fuer-12-monate-ueberweisungen-aus-europa-ohne-gebuehr-kostenlose-krankenhaus-krankenversicherung\/'\">\r\n \r\n                <div class=\"post-thumbnail\">\r\n                    <img decoding=\"async\" src=\"https:\/\/ibas.world\/wp-content\/uploads\/2025\/11\/BLACK-FRIDAY-2.png\">\r\n                <\/div>\r\n              \r\n\t<div>\r\n\t\t\t<span class=\"post_category\"><i class=\"fas fa-newspaper\"><\/i> <a href=\"https:\/\/ibas.world\/de\/category\/blog-de\/\" rel=\"category tag\">Blog<\/a><\/span>\r\n\t\t<\/div>\r\n    <div class=\"post-title-content\">\r\n\t\t<div class=\"under-post-title\">\r\n            <h3 class=\"black0f0\">ECHTER BLACK FRIDAY. 1.000 EURO \u2013 ZINSFREI F\u00dcR 12 MONATE. \u00dcBERWEISUNGEN AUS EUROPA OHNE GEB\u00dcHR. KOSTENLOSE KRANKENHAUS-KRANKENVERSICHERUNG&lt;br&gt;<\/h3>\r\n\t\t<\/div>\r\n\t\t\r\n\t\t<div class=\"under-post-excerpt\">\r\n\t\t\t\tBlack Friday wird normalerweise mit Fernsehern, Handys und Haushaltsger\u00e4ten verbunden. Dieses Jahr verwandelt IBAS den Black Friday in eine finanzielle M\u00f6glichkeit f\u00fcr dich und deine Familie: Mit dem INTEGRA-Konto profitierst du von 1.000 EURO ZINSFREI f\u00fcr 12 Monate, plus vielen weiteren Vorteilen, die deinen Alltag einfacher machen. Was ist das INTEGRA-Konto? Das INTEGRA-Konto ist ein [&hellip;]\t\t<\/div>\r\n\t\t<div class=\"post-date\">\r\n\t\t\tNovember 18, 2025\t\t<\/div>\r\n\t<\/div> \r\n<\/div>\r\n\r\n        \t\r\n<div class=\"post-wrapper\" onclick=\"window.location.href='https:\/\/ibas.world\/de\/blog-de\/ibas-staerkt-seine-governance-und-strategische-fuehrung-mit-der-genehmigung-seines-ceo-durch-die-zentralbank-des-kosovo\/'\">\r\n \r\n                <div class=\"post-thumbnail\">\r\n                    <img decoding=\"async\" src=\"https:\/\/ibas.world\/wp-content\/uploads\/2025\/10\/Gazmend-Selmani-CEO.png\">\r\n                <\/div>\r\n              \r\n\t<div>\r\n\t\t\t<span class=\"post_category\"><i class=\"fas fa-newspaper\"><\/i> <a href=\"https:\/\/ibas.world\/de\/category\/blog-de\/\" rel=\"category tag\">Blog<\/a><\/span>\r\n\t\t<\/div>\r\n    <div class=\"post-title-content\">\r\n\t\t<div class=\"under-post-title\">\r\n            <h3 class=\"black0f0\">IBAS st\u00e4rkt seine Governance und strategische F\u00fchrung mit der Genehmigung seines CEO durch die Zentralbank des Kosovo<\/h3>\r\n\t\t<\/div>\r\n\t\t\r\n\t\t<div class=\"under-post-excerpt\">\r\n\t\t\t\tDie Zentralbank des Kosovo hat die Ernennung von Herrn Gazmend Selmani zum Chief Executive Officer (CEO) der IBAS J.S.C. genehmigt. Herr Selmani, Gr\u00fcnder und Mitinvestor von IBAS, spielt seit der Gr\u00fcndung des Instituts eine kontinuierliche und entscheidende Rolle.In den Anfangsphasen fungierte er als Architekt des technologischen Rahmens des Unternehmens, und in den letzten zwei Jahren [&hellip;]\t\t<\/div>\r\n\t\t<div class=\"post-date\">\r\n\t\t\tOktober 17, 2025\t\t<\/div>\r\n\t<\/div> \r\n<\/div>\r\n\r\n        \t\r\n<div class=\"post-wrapper\" onclick=\"window.location.href='https:\/\/ibas.world\/de\/blog-de\/ihr-geld-von-lizenzierten-krypto-boersen-zu-ibas-in-sekundenschnelle\/'\">\r\n \r\n                <div class=\"post-thumbnail\">\r\n                    <img decoding=\"async\" src=\"https:\/\/ibas.world\/wp-content\/uploads\/2025\/09\/Binance-Ibas.png\">\r\n                <\/div>\r\n              \r\n\t<div>\r\n\t\t\t<span class=\"post_category\"><i class=\"fas fa-newspaper\"><\/i> <a href=\"https:\/\/ibas.world\/de\/category\/blog-de\/\" rel=\"category tag\">Blog<\/a><\/span>\r\n\t\t<\/div>\r\n    <div class=\"post-title-content\">\r\n\t\t<div class=\"under-post-title\">\r\n            <h3 class=\"black0f0\">Ihr Geld von lizenzierten Krypto-B\u00f6rsen zu IBAS \u2013 in Sekundenschnelle<\/h3>\r\n\t\t<\/div>\r\n\t\t\r\n\t\t<div class=\"under-post-excerpt\">\r\n\t\t\t\tIBAS-Nutzer mit verifizierten Konten bei lizenzierten europ\u00e4ischen B\u00f6rsen wie Binance, Bitstamp, ByBit und anderen k\u00f6nnen jetzt schnell und sicher ihre Gelder direkt auf ihr IBAS SEPA Instant IBAN-Konto \u00fcberweisen \u2013 und sie sofort mit der IBAS Mastercard ausgeben, sei es f\u00fcr Zahlungen oder Bargeldabhebungen in Kosovo und dar\u00fcber hinaus. Sicherheit und Transparenz Jede Transaktion, die [&hellip;]\t\t<\/div>\r\n\t\t<div class=\"post-date\">\r\n\t\t\tSeptember 15, 2025\t\t<\/div>\r\n\t<\/div> \r\n<\/div>\r\n\r\n        \t\r\n<div class=\"post-wrapper\" onclick=\"window.location.href='https:\/\/ibas.world\/de\/blog-de\/ibas-cashback-programm-die-intelligenteste-loesung-um-ihre-verkaufszahlen-zu-steigern\/'\">\r\n \r\n                <div class=\"post-thumbnail\">\r\n                    <img decoding=\"async\" src=\"https:\/\/ibas.world\/wp-content\/uploads\/2025\/09\/888.png\">\r\n                <\/div>\r\n              \r\n\t<div>\r\n\t\t\t<span class=\"post_category\"><i class=\"fas fa-newspaper\"><\/i> <a href=\"https:\/\/ibas.world\/de\/category\/blog-de\/\" rel=\"category tag\">Blog<\/a><\/span>\r\n\t\t<\/div>\r\n    <div class=\"post-title-content\">\r\n\t\t<div class=\"under-post-title\">\r\n            <h3 class=\"black0f0\">IBAS Cashback-Programm \u2013 Die intelligenteste L\u00f6sung, um Ihre Verkaufszahlen zu steigern<\/h3>\r\n\t\t<\/div>\r\n\t\t\r\n\t\t<div class=\"under-post-excerpt\">\r\n\t\t\t\tIn einem zunehmend wettbewerbsintensiven Markt ben\u00f6tigt Ihr Unternehmen neue Strategien, die echte Verk\u00e4ufe f\u00f6rdern \u2013 nicht nur Marketingpr\u00e4senz.IBAS bietet genau das: ein strukturiertes Cashback-Programm, bei dem Sie nur bezahlen, wenn Verk\u00e4ufe tats\u00e4chlich stattfinden, w\u00e4hrend IBAS das gesamte Marketing und die Angebotsverteilung \u00fcbernimmt. Warum eine Partnerschaft mit IBAS? Wie funktioniert es? Praktisches Beispiel Das Beispiel basiert [&hellip;]\t\t<\/div>\r\n\t\t<div class=\"post-date\">\r\n\t\t\tSeptember 9, 2025\t\t<\/div>\r\n\t<\/div> \r\n<\/div>\r\n\r\n        \t\r\n<div class=\"post-wrapper\" onclick=\"window.location.href='https:\/\/ibas.world\/de\/blog-de\/keine-gebuehren-beim-geldsenden-nach-kosovo-zahlen\/'\">\r\n \r\n                <div class=\"post-thumbnail\">\r\n                    <img decoding=\"async\" src=\"https:\/\/ibas.world\/wp-content\/uploads\/2025\/04\/austri-blog.jpg\">\r\n                <\/div>\r\n              \r\n\t<div>\r\n\t\t\t<span class=\"post_category\"><i class=\"fas fa-newspaper\"><\/i> <a href=\"https:\/\/ibas.world\/de\/category\/blog-de\/\" rel=\"category tag\">Blog<\/a><\/span>\r\n\t\t<\/div>\r\n    <div class=\"post-title-content\">\r\n\t\t<div class=\"under-post-title\">\r\n            <h3 class=\"black0f0\">Keine Geb\u00fchren beim Geldsenden nach Kosovo zahlen<\/h3>\r\n\t\t<\/div>\r\n\t\t\r\n\t\t<div class=\"under-post-excerpt\">\r\n\t\t\t\tEine der h\u00e4ufigsten Fragen, die wir von unseren Freunden in der Diaspora erhalten, lautet:\u201eWie kann ich schnell und ohne Geb\u00fchren Geld nach Kosovo senden?\u201cEine berechtigte Frage \u2013 schlie\u00dflich m\u00f6chte niemand Geb\u00fchren zahlen, wenn es auch kostenlos geht.Genau das bietet IBAS \u2013 eine L\u00f6sung, die niemand sonst anbietet, und die das Leben sowohl f\u00fcr Familienmitglieder in [&hellip;]\t\t<\/div>\r\n\t\t<div class=\"post-date\">\r\n\t\t\tApril 18, 2025\t\t<\/div>\r\n\t<\/div> \r\n<\/div>\r\n\r\n        \t\r\n<div class=\"post-wrapper\" onclick=\"window.location.href='https:\/\/ibas.world\/de\/blog-de\/warum-investitionen-in-digitale-finanzdienstleistungen-eine-gewinnbringende-strategie-sind\/'\">\r\n \r\n                <div class=\"post-thumbnail\">\r\n                    <img decoding=\"async\" src=\"https:\/\/ibas.world\/wp-content\/uploads\/2025\/02\/ibas-graph-2-1.jpg\">\r\n                <\/div>\r\n              \r\n\t<div>\r\n\t\t\t<span class=\"post_category\"><i class=\"fas fa-newspaper\"><\/i> <a href=\"https:\/\/ibas.world\/de\/category\/blog-de\/\" rel=\"category tag\">Blog<\/a><\/span>\r\n\t\t<\/div>\r\n    <div class=\"post-title-content\">\r\n\t\t<div class=\"under-post-title\">\r\n            <h3 class=\"black0f0\">Warum Investitionen in digitale Finanzdienstleistungen eine gewinnbringende Strategie sind<\/h3>\r\n\t\t<\/div>\r\n\t\t\r\n\t\t<div class=\"under-post-excerpt\">\r\n\t\t\t\tDie Fintech-Revolution hat den Finanzsektor grundlegend ver\u00e4ndert und beispiellose Investitionsm\u00f6glichkeiten im Bereich des digitalen Bankwesens und der Finanzdienstleistungen geschaffen. Investoren, die das Potenzial fr\u00fchzeitig erkannt haben, konnten besonders in M\u00e4rkten mit starken regulatorischen Rahmenbedingungen und rascher digitaler Adoption bemerkenswerte Renditen erzielen. Da sich Finanzdienstleistungen weiterhin in Richtung mobile-first, KI-gesteuerter und nahtloser Erlebnisse entwickeln, stehen Fintech-Banking-Dienstleister [&hellip;]\t\t<\/div>\r\n\t\t<div class=\"post-date\">\r\n\t\t\tFebruar 19, 2025\t\t<\/div>\r\n\t<\/div> \r\n<\/div>\r\n\r\n        \t\r\n<div class=\"post-wrapper\" onclick=\"window.location.href='https:\/\/ibas.world\/de\/blog-de\/ueberall-von-ueberall\/'\">\r\n \r\n                <div class=\"post-thumbnail\">\r\n                    <img decoding=\"async\" src=\"https:\/\/ibas.world\/wp-content\/uploads\/2025\/01\/pagesat-digjitale-BLOG-new.png\">\r\n                <\/div>\r\n              \r\n\t<div>\r\n\t\t\t<span class=\"post_category\"><i class=\"fas fa-newspaper\"><\/i> <a href=\"https:\/\/ibas.world\/de\/category\/blog-de\/\" rel=\"category tag\">Blog<\/a><\/span>\r\n\t\t<\/div>\r\n    <div class=\"post-title-content\">\r\n\t\t<div class=\"under-post-title\">\r\n            <h3 class=\"black0f0\">\u00dcberall, von \u00fcberall!<\/h3>\r\n\t\t<\/div>\r\n\t\t\r\n\t\t<div class=\"under-post-excerpt\">\r\n\t\t\t\tIBAS ist die Finanzinstitution mit den attraktivsten und wettbewerbsf\u00e4higsten L\u00f6sungen f\u00fcr digitale Zahlungen. Eine der neuesten M\u00f6glichkeiten, die IBAS eingef\u00fchrt hat, ist die Geldsendung bis zur Haust\u00fcr. Die Zeiten, in denen der Geldempf\u00e4nger einen kleinen Kiosk aufsuchen musste, der nicht selten neben finanziellen Dienstleistungen auch Handyservice, gef\u00e4lschte Parfums und sogar Textilprodukte anbot, geh\u00f6ren der Vergangenheit [&hellip;]\t\t<\/div>\r\n\t\t<div class=\"post-date\">\r\n\t\t\tJanuar 10, 2025\t\t<\/div>\r\n\t<\/div> \r\n<\/div>\r\n\r\n        <\/div><\/div>\n\t\t\t\t<\/div>\n\t\t\t\t<\/div>\n\t\t\t\t\t<\/div>\n\t\t\t\t<\/div>\n\t\t\t\t<\/div>\n\t\t","protected":false},"excerpt":{"rendered":"<p>Ver\u00f6ffentlichungen Willkommen auf der Seite Ver\u00f6ffentlichungen. Dieser spezielle Bereich dient als Plattform, um die \u00d6ffentlichkeit \u00fcber offizielle Erkl\u00e4rungen, aufschlussreiche Blogs, die neuesten Nachrichten und autorisierte Mitteilungen zu informieren, die von unserem Management gebilligt wurden.<\/p>\n","protected":false},"author":54,"featured_media":0,"parent":0,"menu_order":0,"comment_status":"closed","ping_status":"closed","template":"","meta":{"inline_featured_image":false,"footnotes":""},"yoast_head":"<!-- This site is optimized with the Yoast SEO plugin v22.5 - https:\/\/yoast.com\/wordpress\/plugins\/seo\/ -->\r\n<title>Ver\u00f6ffentlichungen - IBAS<\/title>\r\n<meta name=\"description\" content=\"Entdecken Sie unsere kuratierte Sammlung von aufschlussreichen Publikationen. Tauchen Sie ein in eine F\u00fclle von Wissen, Forschung und interessanten Inhalten zu verschiedenen Themen.\" \/>\r\n<meta name=\"robots\" content=\"index, follow, max-snippet:-1, max-image-preview:large, max-video-preview:-1\" \/>\r\n<link rel=\"canonical\" href=\"https:\/\/ibas.world\/de\/veroeffentlichungen\/\" \/>\r\n<meta property=\"og:locale\" content=\"de_DE\" \/>\r\n<meta property=\"og:type\" content=\"article\" \/>\r\n<meta property=\"og:title\" content=\"Ver\u00f6ffentlichungen - IBAS\" \/>\r\n<meta property=\"og:description\" content=\"Entdecken Sie unsere kuratierte Sammlung von aufschlussreichen Publikationen. Tauchen Sie ein in eine F\u00fclle von Wissen, Forschung und interessanten Inhalten zu verschiedenen Themen.\" \/>\r\n<meta property=\"og:url\" content=\"https:\/\/ibas.world\/de\/veroeffentlichungen\/\" \/>\r\n<meta property=\"og:site_name\" content=\"IBAS\" \/>\r\n<meta property=\"article:publisher\" content=\"https:\/\/www.facebook.com\/ibas.world\" \/>\r\n<meta property=\"article:modified_time\" content=\"2025-11-06T13:17:33+00:00\" \/>\r\n<meta property=\"og:image\" content=\"https:\/\/ibas.world\/wp-content\/uploads\/2023\/09\/Solutions-we-deliver.png\" \/>\r\n\t<meta property=\"og:image:width\" content=\"1200\" \/>\r\n\t<meta property=\"og:image:height\" content=\"630\" \/>\r\n\t<meta property=\"og:image:type\" content=\"image\/png\" \/>\r\n<meta name=\"twitter:card\" content=\"summary_large_image\" \/>\r\n<meta name=\"twitter:label1\" content=\"Gesch\u00e4tzte Lesezeit\" \/>\n\t<meta name=\"twitter:data1\" content=\"1\u00a0Minute\" \/>\r\n<script type=\"application\/ld+json\" class=\"yoast-schema-graph\">{\"@context\":\"https:\/\/schema.org\",\"@graph\":[{\"@type\":\"WebPage\",\"@id\":\"https:\/\/ibas.world\/de\/veroeffentlichungen\/\",\"url\":\"https:\/\/ibas.world\/de\/veroeffentlichungen\/\",\"name\":\"Ver\u00f6ffentlichungen - IBAS\",\"isPartOf\":{\"@id\":\"https:\/\/ibas.world\/de\/#website\"},\"datePublished\":\"2023-05-30T12:14:57+00:00\",\"dateModified\":\"2025-11-06T13:17:33+00:00\",\"description\":\"Entdecken Sie unsere kuratierte Sammlung von aufschlussreichen Publikationen. Tauchen Sie ein in eine F\u00fclle von Wissen, Forschung und interessanten Inhalten zu verschiedenen Themen.\",\"breadcrumb\":{\"@id\":\"https:\/\/ibas.world\/de\/veroeffentlichungen\/#breadcrumb\"},\"inLanguage\":\"de\",\"potentialAction\":[{\"@type\":\"ReadAction\",\"target\":[\"https:\/\/ibas.world\/de\/veroeffentlichungen\/\"]}]},{\"@type\":\"BreadcrumbList\",\"@id\":\"https:\/\/ibas.world\/de\/veroeffentlichungen\/#breadcrumb\",\"itemListElement\":[{\"@type\":\"ListItem\",\"position\":1,\"name\":\"Home\",\"item\":\"https:\/\/ibas.world\/de\/\"},{\"@type\":\"ListItem\",\"position\":2,\"name\":\"Ver\u00f6ffentlichungen\"}]},{\"@type\":\"WebSite\",\"@id\":\"https:\/\/ibas.world\/de\/#website\",\"url\":\"https:\/\/ibas.world\/de\/\",\"name\":\"IBAS\",\"description\":\"\",\"publisher\":{\"@id\":\"https:\/\/ibas.world\/de\/#organization\"},\"potentialAction\":[{\"@type\":\"SearchAction\",\"target\":{\"@type\":\"EntryPoint\",\"urlTemplate\":\"https:\/\/ibas.world\/de\/?s={search_term_string}\"},\"query-input\":\"required name=search_term_string\"}],\"inLanguage\":\"de\"},{\"@type\":\"Organization\",\"@id\":\"https:\/\/ibas.world\/de\/#organization\",\"name\":\"IBAS\",\"url\":\"https:\/\/ibas.world\/de\/\",\"logo\":{\"@type\":\"ImageObject\",\"inLanguage\":\"de\",\"@id\":\"https:\/\/ibas.world\/de\/#\/schema\/logo\/image\/\",\"url\":\"https:\/\/ibas.world\/wp-content\/uploads\/2023\/06\/favicon.png\",\"contentUrl\":\"https:\/\/ibas.world\/wp-content\/uploads\/2023\/06\/favicon.png\",\"width\":374,\"height\":340,\"caption\":\"IBAS\"},\"image\":{\"@id\":\"https:\/\/ibas.world\/de\/#\/schema\/logo\/image\/\"},\"sameAs\":[\"https:\/\/www.facebook.com\/ibas.world\",\"https:\/\/www.instagram.com\/ibas.world\/\",\"https:\/\/in.linkedin.com\/company\/ibas-world\"]}]}<\/script>\r\n<!-- \/ Yoast SEO plugin. -->","yoast_head_json":{"title":"Ver\u00f6ffentlichungen - IBAS","description":"Entdecken Sie unsere kuratierte Sammlung von aufschlussreichen Publikationen. Tauchen Sie ein in eine F\u00fclle von Wissen, Forschung und interessanten Inhalten zu verschiedenen Themen.","robots":{"index":"index","follow":"follow","max-snippet":"max-snippet:-1","max-image-preview":"max-image-preview:large","max-video-preview":"max-video-preview:-1"},"canonical":"https:\/\/ibas.world\/de\/veroeffentlichungen\/","og_locale":"de_DE","og_type":"article","og_title":"Ver\u00f6ffentlichungen - IBAS","og_description":"Entdecken Sie unsere kuratierte Sammlung von aufschlussreichen Publikationen. Tauchen Sie ein in eine F\u00fclle von Wissen, Forschung und interessanten Inhalten zu verschiedenen Themen.","og_url":"https:\/\/ibas.world\/de\/veroeffentlichungen\/","og_site_name":"IBAS","article_publisher":"https:\/\/www.facebook.com\/ibas.world","article_modified_time":"2025-11-06T13:17:33+00:00","og_image":[{"width":1200,"height":630,"url":"https:\/\/ibas.world\/wp-content\/uploads\/2023\/09\/Solutions-we-deliver.png","type":"image\/png"}],"twitter_card":"summary_large_image","twitter_misc":{"Gesch\u00e4tzte Lesezeit":"1\u00a0Minute"},"schema":{"@context":"https:\/\/schema.org","@graph":[{"@type":"WebPage","@id":"https:\/\/ibas.world\/de\/veroeffentlichungen\/","url":"https:\/\/ibas.world\/de\/veroeffentlichungen\/","name":"Ver\u00f6ffentlichungen - IBAS","isPartOf":{"@id":"https:\/\/ibas.world\/de\/#website"},"datePublished":"2023-05-30T12:14:57+00:00","dateModified":"2025-11-06T13:17:33+00:00","description":"Entdecken Sie unsere kuratierte Sammlung von aufschlussreichen Publikationen. Tauchen Sie ein in eine F\u00fclle von Wissen, Forschung und interessanten Inhalten zu verschiedenen Themen.","breadcrumb":{"@id":"https:\/\/ibas.world\/de\/veroeffentlichungen\/#breadcrumb"},"inLanguage":"de","potentialAction":[{"@type":"ReadAction","target":["https:\/\/ibas.world\/de\/veroeffentlichungen\/"]}]},{"@type":"BreadcrumbList","@id":"https:\/\/ibas.world\/de\/veroeffentlichungen\/#breadcrumb","itemListElement":[{"@type":"ListItem","position":1,"name":"Home","item":"https:\/\/ibas.world\/de\/"},{"@type":"ListItem","position":2,"name":"Ver\u00f6ffentlichungen"}]},{"@type":"WebSite","@id":"https:\/\/ibas.world\/de\/#website","url":"https:\/\/ibas.world\/de\/","name":"IBAS","description":"","publisher":{"@id":"https:\/\/ibas.world\/de\/#organization"},"potentialAction":[{"@type":"SearchAction","target":{"@type":"EntryPoint","urlTemplate":"https:\/\/ibas.world\/de\/?s={search_term_string}"},"query-input":"required name=search_term_string"}],"inLanguage":"de"},{"@type":"Organization","@id":"https:\/\/ibas.world\/de\/#organization","name":"IBAS","url":"https:\/\/ibas.world\/de\/","logo":{"@type":"ImageObject","inLanguage":"de","@id":"https:\/\/ibas.world\/de\/#\/schema\/logo\/image\/","url":"https:\/\/ibas.world\/wp-content\/uploads\/2023\/06\/favicon.png","contentUrl":"https:\/\/ibas.world\/wp-content\/uploads\/2023\/06\/favicon.png","width":374,"height":340,"caption":"IBAS"},"image":{"@id":"https:\/\/ibas.world\/de\/#\/schema\/logo\/image\/"},"sameAs":["https:\/\/www.facebook.com\/ibas.world","https:\/\/www.instagram.com\/ibas.world\/","https:\/\/in.linkedin.com\/company\/ibas-world"]}]}},"_links":{"self":[{"href":"https:\/\/ibas.world\/de\/wp-json\/wp\/v2\/pages\/5292"}],"collection":[{"href":"https:\/\/ibas.world\/de\/wp-json\/wp\/v2\/pages"}],"about":[{"href":"https:\/\/ibas.world\/de\/wp-json\/wp\/v2\/types\/page"}],"author":[{"embeddable":true,"href":"https:\/\/ibas.world\/de\/wp-json\/wp\/v2\/users\/54"}],"replies":[{"embeddable":true,"href":"https:\/\/ibas.world\/de\/wp-json\/wp\/v2\/comments?post=5292"}],"version-history":[{"count":5,"href":"https:\/\/ibas.world\/de\/wp-json\/wp\/v2\/pages\/5292\/revisions"}],"predecessor-version":[{"id":7897,"href":"https:\/\/ibas.world\/de\/wp-json\/wp\/v2\/pages\/5292\/revisions\/7897"}],"wp:attachment":[{"href":"https:\/\/ibas.world\/de\/wp-json\/wp\/v2\/media?parent=5292"}],"curies":[{"name":"wp","href":"https:\/\/api.w.org\/{rel}","templated":true}]}}