{"id":5305,"date":"2023-05-23T14:10:57","date_gmt":"2023-05-23T14:10:57","guid":{"rendered":"https:\/\/ibas.world\/produkte\/"},"modified":"2025-10-20T07:00:42","modified_gmt":"2025-10-20T07:00:42","slug":"produkte","status":"publish","type":"page","link":"https:\/\/ibas.world\/de\/produkte\/","title":{"rendered":"Produkte"},"content":{"rendered":"\t\t<div data-elementor-type=\"wp-page\" data-elementor-id=\"5305\" class=\"elementor elementor-5305 elementor-187\">\n\t\t\t\t<div class=\"elementor-element elementor-element-f81a8ad elementor-hidden-desktop elementor-hidden-tablet_extra elementor-hidden-tablet elementor-hidden-mobile e-flex e-con-boxed e-con e-parent\" data-id=\"f81a8ad\" data-element_type=\"container\" data-settings=\"{&quot;background_background&quot;:&quot;classic&quot;}\">\n\t\t\t\t\t<div class=\"e-con-inner\">\n\t\t\t\t<div class=\"elementor-element elementor-element-f3fcd99 elementor-widget elementor-widget-html\" data-id=\"f3fcd99\" data-element_type=\"widget\" data-widget_type=\"html.default\">\n\t\t\t\t<div class=\"elementor-widget-container\">\n\t\t\t<div class=\"products-wrapper\">\n    <div>\n        <h1 class=\"h1-main\">Unsere Produkte<\/h1>\n    <\/div>\n    <div>\n        <p class=\"p-main black0f0 sBold\">Wir bei IBAS haben uns nicht nur verpflichtet, sondern widmen uns mit Leidenschaft der Herstellung von Spitzenprodukten, die Ihr t\u00e4gliches Leben bereichern und einen sp\u00fcrbaren Mehrwert f\u00fcr Ihre pers\u00f6nlichen und beruflichen Bem\u00fchungen bieten.\n<\/p>\n    <\/div>\n<\/div>\n\t\t<\/div>\n\t\t\t\t<\/div>\n\t\t\t\t\t<\/div>\n\t\t\t\t<\/div>\n\t\t<div class=\"elementor-element elementor-element-c3aa5a7 elementor-hidden-desktop elementor-hidden-tablet_extra elementor-hidden-tablet elementor-hidden-mobile e-flex e-con-boxed e-con e-parent\" data-id=\"c3aa5a7\" data-element_type=\"container\">\n\t\t\t\t\t<div class=\"e-con-inner\">\n\t\t\t\t<div class=\"elementor-element elementor-element-e3b4a49 elementor-widget elementor-widget-text-editor\" data-id=\"e3b4a49\" data-element_type=\"widget\" data-widget_type=\"text-editor.default\">\n\t\t\t\t<div class=\"elementor-widget-container\">\n\t\t\t<style>\/*! elementor - v3.21.0 - 25-04-2024 *\/\n.elementor-widget-text-editor.elementor-drop-cap-view-stacked .elementor-drop-cap{background-color:#69727d;color:#fff}.elementor-widget-text-editor.elementor-drop-cap-view-framed .elementor-drop-cap{color:#69727d;border:3px solid;background-color:transparent}.elementor-widget-text-editor:not(.elementor-drop-cap-view-default) .elementor-drop-cap{margin-top:8px}.elementor-widget-text-editor:not(.elementor-drop-cap-view-default) .elementor-drop-cap-letter{width:1em;height:1em}.elementor-widget-text-editor .elementor-drop-cap{float:left;text-align:center;line-height:1;font-size:50px}.elementor-widget-text-editor .elementor-drop-cap-letter{display:inline-block}<\/style>\t\t\t\t<p><strong>IBAS<\/strong> ist der innovative L\u00f6sungsanbieter f\u00fcr alle Ihre finanziellen Bed\u00fcrfnisse. Mit unseren innovativen <strong>Diensten<\/strong> <strong>eWallet<\/strong>, <strong>Pass-Through eWallet<\/strong>, <strong>ePOS<\/strong>, <strong>eTransactions<\/strong>, <strong>eCommerce<\/strong> und <strong>eLoans<\/strong> bieten wir Ihnen ein umfassendes Paket von Tools zur Verwaltung Ihrer Finanzen.<\/p>\n\t\t\t\t\t\t<\/div>\n\t\t\t\t<\/div>\n\t\t\t\t\t<\/div>\n\t\t\t\t<\/div>\n\t\t<div class=\"elementor-element elementor-element-a321ac5 e-flex e-con-boxed e-con e-parent\" data-id=\"a321ac5\" data-element_type=\"container\">\n\t\t\t\t\t<div class=\"e-con-inner\">\n\t\t\t\t<div class=\"elementor-element elementor-element-756adcd elementor-widget elementor-widget-html\" data-id=\"756adcd\" data-element_type=\"widget\" data-widget_type=\"html.default\">\n\t\t\t\t<div class=\"elementor-widget-container\">\n\t\t\t<h2 class=\"black0f0 tcenter blueLinear\">Umfassende Finanzl\u00f6sungen\n<\/h2>\n<p class=\"p-main black0f0 tcenter\">Unser Angebot umfasst unter anderem digitale Zahlungen und elektronische Kassensysteme, internationale Geldtransfers, zweckgebundene Kredite, personalisierte Anlageberatung und eine Reihe innovativer Finanzprodukte wie Buy Now Pay Later, Zahltagskredite und Cash-Back-M\u00f6glichkeiten.<\/p>\t\t<\/div>\n\t\t\t\t<\/div>\n\t\t\t\t\t<\/div>\n\t\t\t\t<\/div>\n\t\t<div class=\"elementor-element elementor-element-2149f1d e-flex e-con-boxed e-con e-parent\" data-id=\"2149f1d\" data-element_type=\"container\" id=\"digitalLoc\">\n\t\t\t\t\t<div class=\"e-con-inner\">\n\t\t\t\t<div class=\"elementor-element elementor-element-f69bcaf elementor-widget elementor-widget-html\" data-id=\"f69bcaf\" data-element_type=\"widget\" data-widget_type=\"html.default\">\n\t\t\t\t<div class=\"elementor-widget-container\">\n\t\t\t<div class=\"solutions-wrapp\">\n    <div class=\"sol-img\">\n        <img decoding=\"async\" src=\"\/wp-content\/uploads\/2023\/08\/Group-521.svg\">\n    <\/div>\n    <div class=\"sol-cont\">\n        <div>\n        <h3 class=\"black0f0\">Digitaler Zahlungsverkehr<\/h3>\n        <\/div>\n        <div>\n            <h5 class=\"black0f0\">Unsere dynamische Produktpalette:\n<\/h5>\n\n        <ul class=\"ul-prods\">\n            <li>\n  Britische IBAN mit SEPA-Zugang (Single European Payment Area)\n            <\/li>\n            <li>\n  ePOS- und QR-Code-Zahlungsl\u00f6sungen\n\n            <\/li>\n            <li>\n  Debitkarten und sicheres Zahlungsgateway\n\n            <\/li>\n            <li>\n  Zahlungsdienste f\u00fcr Versorgungsrechnungen\n\n            <\/li>\n            <li>\n  Problemlose Zahlungen f\u00fcr \u00f6ffentliche Einrichtungen\n \n            <\/li>\n            <\/ul>\n\n        <\/div>\n    <\/div>\n<\/div>\t\t<\/div>\n\t\t\t\t<\/div>\n\t\t\t\t\t<\/div>\n\t\t\t\t<\/div>\n\t\t<div class=\"elementor-element elementor-element-5f2e011 e-flex e-con-boxed e-con e-parent\" data-id=\"5f2e011\" data-element_type=\"container\" id=\"internationalLoc\">\n\t\t\t\t\t<div class=\"e-con-inner\">\n\t\t\t\t<div class=\"elementor-element elementor-element-91f5d72 elementor-widget elementor-widget-html\" data-id=\"91f5d72\" data-element_type=\"widget\" data-widget_type=\"html.default\">\n\t\t\t\t<div class=\"elementor-widget-container\">\n\t\t\t<div class=\"solutions-wrapp\">\n    <div class=\"sol-img\">\n        <img decoding=\"async\" src=\"\/wp-content\/uploads\/2023\/08\/Group-522.svg\">\n    <\/div>\n    <div class=\"sol-cont\">\n        <div>\n        <h3 class=\"black0f0\">Internationale Geld\u00fcberweisungen \n<\/h3>\n        <\/div>\n        <div>\n            <h5 class=\"black0f0\">Unsere globalen Dienstleistungen umfassen:\n<\/h5>\n            <ul class=\"ul-prods\">\n            <li>\n  Nahtlose \u00dcberweisungen zu und von mehr als 5.000 Banken im Europ\u00e4ischen Wirtschaftsraum\n\n            <\/li>\n            <li>\n  M\u00fchelose Abhebungen von PayPal, Wise und \u00e4hnlichen E-Wallets\n\n            <\/li>\n            <li>\nBequeme Zahlungen f\u00fcr Outsourcing-Plattformen wie Upwork, Fiverr, PeopleperHour, TopTal usw.\n\n            <\/li>\n            <\/ul>\n        <\/div>\n    <\/div>\n<\/div>\t\t<\/div>\n\t\t\t\t<\/div>\n\t\t\t\t\t<\/div>\n\t\t\t\t<\/div>\n\t\t<div class=\"elementor-element elementor-element-a55cabb e-flex e-con-boxed e-con e-parent\" data-id=\"a55cabb\" data-element_type=\"container\" id=\"loansLoc\">\n\t\t\t\t\t<div class=\"e-con-inner\">\n\t\t\t\t<div class=\"elementor-element elementor-element-d34cba8 elementor-widget elementor-widget-html\" data-id=\"d34cba8\" data-element_type=\"widget\" data-widget_type=\"html.default\">\n\t\t\t\t<div class=\"elementor-widget-container\">\n\t\t\t<div class=\"solutions-wrapp\">\n    <div class=\"sol-img\">\n        <img decoding=\"async\" src=\"\/wp-content\/uploads\/2023\/08\/Group-523.svg\">\n    <\/div>\n    <div class=\"sol-cont\">\n        <div>\n        <h3 class=\"black0f0\">Darlehen f\u00fcr Zahlungen\n<\/h3>\n        <\/div>\n        <div>\n            <h5 class=\"black0f0\">Unsere Kredite decken eine Vielzahl von Bed\u00fcrfnissen ab:\n<\/h5>\n            <ul class=\"ul-prods\">\n                <li>Darlehen f\u00fcr Zahlungen bis zu 100.000 \u20ac\n<\/li>\n                <li>\u00dcberziehungskredite bis zu 100.000 \u20ac\n\n<\/li>\n                <li>Jetzt kaufen, sp\u00e4ter bezahlen: drei Monate zinsfrei\n<\/li>\n            <\/ul>\n\n        <\/div>\n    <\/div>\n<\/div>\t\t<\/div>\n\t\t\t\t<\/div>\n\t\t\t\t\t<\/div>\n\t\t\t\t<\/div>\n\t\t<div class=\"elementor-element elementor-element-85ce21d e-flex e-con-boxed e-con e-parent\" data-id=\"85ce21d\" data-element_type=\"container\" id=\"investmentLoc\">\n\t\t\t\t\t<div class=\"e-con-inner\">\n\t\t\t\t<div class=\"elementor-element elementor-element-0810103 elementor-widget elementor-widget-html\" data-id=\"0810103\" data-element_type=\"widget\" data-widget_type=\"html.default\">\n\t\t\t\t<div class=\"elementor-widget-container\">\n\t\t\t<div class=\"solutions-wrapp\">\n    <div class=\"sol-img\">\n        <img decoding=\"async\" src=\"\/wp-content\/uploads\/2023\/08\/Group-524.svg\">\n    <\/div>\n    <div class=\"sol-cont\">\n        <div>\n        <h3 class=\"black0f0\">Anlageberatungsdienste\n<\/h3>\n        <\/div>\n        <div>\n            <h5 class=\"black0f0\">Unsere spezialisierten Dienstleistungen umfassen:\n<\/h5>\n            <ul class=\"ul-prods\">\n                <li>Fachkundige Beratung und Anlagepl\u00e4ne f\u00fcr den Kauf von Finanzinstrumenten wie Aktien, Anleihen, Handelsscheinen und\n<\/li>\n                <li>Strategische Beratung und Investitionspl\u00e4ne f\u00fcr den Verkauf von Finanzinstrumenten wie Aktien, Anleihen und Handelsscheinen.<\/li>\n            <\/ul>\n        <\/div>\n    <\/div>\n<\/div>\t\t<\/div>\n\t\t\t\t<\/div>\n\t\t\t\t\t<\/div>\n\t\t\t\t<\/div>\n\t\t\t\t<\/div>\n\t\t","protected":false},"excerpt":{"rendered":"<p>Unsere Produkte Wir bei IBAS haben uns nicht nur verpflichtet, sondern widmen uns mit Leidenschaft der Herstellung von Spitzenprodukten, die Ihr t\u00e4gliches Leben bereichern und einen sp\u00fcrbaren Mehrwert f\u00fcr Ihre pers\u00f6nlichen und beruflichen Bem\u00fchungen bieten. IBAS ist der innovative L\u00f6sungsanbieter f\u00fcr alle Ihre finanziellen Bed\u00fcrfnisse. Mit unseren innovativen Diensten eWallet, Pass-Through eWallet, ePOS, eTransactions, eCommerce [&hellip;]<\/p>\n","protected":false},"author":54,"featured_media":0,"parent":0,"menu_order":0,"comment_status":"closed","ping_status":"closed","template":"","meta":{"inline_featured_image":false,"footnotes":""},"yoast_head":"<!-- This site is optimized with the Yoast SEO plugin v22.5 - https:\/\/yoast.com\/wordpress\/plugins\/seo\/ -->\r\n<title>Produkte - IBAS<\/title>\r\n<meta name=\"description\" content=\"Bei IBAS widmen wir uns nicht nur mit Hingabe, sondern auch mit Leidenschaft der Herstellung von Spitzenprodukten, die Ihr t\u00e4gliches Leben deutlich bereichern.\" \/>\r\n<meta name=\"robots\" content=\"index, follow, max-snippet:-1, max-image-preview:large, max-video-preview:-1\" \/>\r\n<link rel=\"canonical\" href=\"https:\/\/ibas.world\/de\/produkte\/\" \/>\r\n<meta property=\"og:locale\" content=\"de_DE\" \/>\r\n<meta property=\"og:type\" content=\"article\" \/>\r\n<meta property=\"og:title\" content=\"Produkte - IBAS\" \/>\r\n<meta property=\"og:description\" content=\"Bei IBAS widmen wir uns nicht nur mit Hingabe, sondern auch mit Leidenschaft der Herstellung von Spitzenprodukten, die Ihr t\u00e4gliches Leben deutlich bereichern.\" \/>\r\n<meta property=\"og:url\" content=\"https:\/\/ibas.world\/de\/produkte\/\" \/>\r\n<meta property=\"og:site_name\" content=\"IBAS\" \/>\r\n<meta property=\"article:publisher\" content=\"https:\/\/www.facebook.com\/ibas.world\" \/>\r\n<meta property=\"article:modified_time\" content=\"2025-10-20T07:00:42+00:00\" \/>\r\n<meta property=\"og:image\" content=\"https:\/\/ibas.world\/wp-content\/uploads\/2023\/09\/Solutions-we-deliver.png\" \/>\r\n\t<meta property=\"og:image:width\" content=\"1200\" \/>\r\n\t<meta property=\"og:image:height\" content=\"630\" \/>\r\n\t<meta property=\"og:image:type\" content=\"image\/png\" \/>\r\n<meta name=\"twitter:card\" content=\"summary_large_image\" \/>\r\n<meta name=\"twitter:label1\" content=\"Gesch\u00e4tzte Lesezeit\" \/>\n\t<meta name=\"twitter:data1\" content=\"3\u00a0Minuten\" \/>\r\n<script type=\"application\/ld+json\" class=\"yoast-schema-graph\">{\"@context\":\"https:\/\/schema.org\",\"@graph\":[{\"@type\":\"WebPage\",\"@id\":\"https:\/\/ibas.world\/de\/produkte\/\",\"url\":\"https:\/\/ibas.world\/de\/produkte\/\",\"name\":\"Produkte - IBAS\",\"isPartOf\":{\"@id\":\"https:\/\/ibas.world\/de\/#website\"},\"datePublished\":\"2023-05-23T14:10:57+00:00\",\"dateModified\":\"2025-10-20T07:00:42+00:00\",\"description\":\"Bei IBAS widmen wir uns nicht nur mit Hingabe, sondern auch mit Leidenschaft der Herstellung von Spitzenprodukten, die Ihr t\u00e4gliches Leben deutlich bereichern.\",\"breadcrumb\":{\"@id\":\"https:\/\/ibas.world\/de\/produkte\/#breadcrumb\"},\"inLanguage\":\"de\",\"potentialAction\":[{\"@type\":\"ReadAction\",\"target\":[\"https:\/\/ibas.world\/de\/produkte\/\"]}]},{\"@type\":\"BreadcrumbList\",\"@id\":\"https:\/\/ibas.world\/de\/produkte\/#breadcrumb\",\"itemListElement\":[{\"@type\":\"ListItem\",\"position\":1,\"name\":\"Home\",\"item\":\"https:\/\/ibas.world\/de\/\"},{\"@type\":\"ListItem\",\"position\":2,\"name\":\"Produkte\"}]},{\"@type\":\"WebSite\",\"@id\":\"https:\/\/ibas.world\/de\/#website\",\"url\":\"https:\/\/ibas.world\/de\/\",\"name\":\"IBAS\",\"description\":\"\",\"publisher\":{\"@id\":\"https:\/\/ibas.world\/de\/#organization\"},\"potentialAction\":[{\"@type\":\"SearchAction\",\"target\":{\"@type\":\"EntryPoint\",\"urlTemplate\":\"https:\/\/ibas.world\/de\/?s={search_term_string}\"},\"query-input\":\"required name=search_term_string\"}],\"inLanguage\":\"de\"},{\"@type\":\"Organization\",\"@id\":\"https:\/\/ibas.world\/de\/#organization\",\"name\":\"IBAS\",\"url\":\"https:\/\/ibas.world\/de\/\",\"logo\":{\"@type\":\"ImageObject\",\"inLanguage\":\"de\",\"@id\":\"https:\/\/ibas.world\/de\/#\/schema\/logo\/image\/\",\"url\":\"https:\/\/ibas.world\/wp-content\/uploads\/2023\/06\/favicon.png\",\"contentUrl\":\"https:\/\/ibas.world\/wp-content\/uploads\/2023\/06\/favicon.png\",\"width\":374,\"height\":340,\"caption\":\"IBAS\"},\"image\":{\"@id\":\"https:\/\/ibas.world\/de\/#\/schema\/logo\/image\/\"},\"sameAs\":[\"https:\/\/www.facebook.com\/ibas.world\",\"https:\/\/www.instagram.com\/ibas.world\/\",\"https:\/\/in.linkedin.com\/company\/ibas-world\"]}]}<\/script>\r\n<!-- \/ Yoast SEO plugin. -->","yoast_head_json":{"title":"Produkte - IBAS","description":"Bei IBAS widmen wir uns nicht nur mit Hingabe, sondern auch mit Leidenschaft der Herstellung von Spitzenprodukten, die Ihr t\u00e4gliches Leben deutlich bereichern.","robots":{"index":"index","follow":"follow","max-snippet":"max-snippet:-1","max-image-preview":"max-image-preview:large","max-video-preview":"max-video-preview:-1"},"canonical":"https:\/\/ibas.world\/de\/produkte\/","og_locale":"de_DE","og_type":"article","og_title":"Produkte - IBAS","og_description":"Bei IBAS widmen wir uns nicht nur mit Hingabe, sondern auch mit Leidenschaft der Herstellung von Spitzenprodukten, die Ihr t\u00e4gliches Leben deutlich bereichern.","og_url":"https:\/\/ibas.world\/de\/produkte\/","og_site_name":"IBAS","article_publisher":"https:\/\/www.facebook.com\/ibas.world","article_modified_time":"2025-10-20T07:00:42+00:00","og_image":[{"width":1200,"height":630,"url":"https:\/\/ibas.world\/wp-content\/uploads\/2023\/09\/Solutions-we-deliver.png","type":"image\/png"}],"twitter_card":"summary_large_image","twitter_misc":{"Gesch\u00e4tzte Lesezeit":"3\u00a0Minuten"},"schema":{"@context":"https:\/\/schema.org","@graph":[{"@type":"WebPage","@id":"https:\/\/ibas.world\/de\/produkte\/","url":"https:\/\/ibas.world\/de\/produkte\/","name":"Produkte - IBAS","isPartOf":{"@id":"https:\/\/ibas.world\/de\/#website"},"datePublished":"2023-05-23T14:10:57+00:00","dateModified":"2025-10-20T07:00:42+00:00","description":"Bei IBAS widmen wir uns nicht nur mit Hingabe, sondern auch mit Leidenschaft der Herstellung von Spitzenprodukten, die Ihr t\u00e4gliches Leben deutlich bereichern.","breadcrumb":{"@id":"https:\/\/ibas.world\/de\/produkte\/#breadcrumb"},"inLanguage":"de","potentialAction":[{"@type":"ReadAction","target":["https:\/\/ibas.world\/de\/produkte\/"]}]},{"@type":"BreadcrumbList","@id":"https:\/\/ibas.world\/de\/produkte\/#breadcrumb","itemListElement":[{"@type":"ListItem","position":1,"name":"Home","item":"https:\/\/ibas.world\/de\/"},{"@type":"ListItem","position":2,"name":"Produkte"}]},{"@type":"WebSite","@id":"https:\/\/ibas.world\/de\/#website","url":"https:\/\/ibas.world\/de\/","name":"IBAS","description":"","publisher":{"@id":"https:\/\/ibas.world\/de\/#organization"},"potentialAction":[{"@type":"SearchAction","target":{"@type":"EntryPoint","urlTemplate":"https:\/\/ibas.world\/de\/?s={search_term_string}"},"query-input":"required name=search_term_string"}],"inLanguage":"de"},{"@type":"Organization","@id":"https:\/\/ibas.world\/de\/#organization","name":"IBAS","url":"https:\/\/ibas.world\/de\/","logo":{"@type":"ImageObject","inLanguage":"de","@id":"https:\/\/ibas.world\/de\/#\/schema\/logo\/image\/","url":"https:\/\/ibas.world\/wp-content\/uploads\/2023\/06\/favicon.png","contentUrl":"https:\/\/ibas.world\/wp-content\/uploads\/2023\/06\/favicon.png","width":374,"height":340,"caption":"IBAS"},"image":{"@id":"https:\/\/ibas.world\/de\/#\/schema\/logo\/image\/"},"sameAs":["https:\/\/www.facebook.com\/ibas.world","https:\/\/www.instagram.com\/ibas.world\/","https:\/\/in.linkedin.com\/company\/ibas-world"]}]}},"_links":{"self":[{"href":"https:\/\/ibas.world\/de\/wp-json\/wp\/v2\/pages\/5305"}],"collection":[{"href":"https:\/\/ibas.world\/de\/wp-json\/wp\/v2\/pages"}],"about":[{"href":"https:\/\/ibas.world\/de\/wp-json\/wp\/v2\/types\/page"}],"author":[{"embeddable":true,"href":"https:\/\/ibas.world\/de\/wp-json\/wp\/v2\/users\/54"}],"replies":[{"embeddable":true,"href":"https:\/\/ibas.world\/de\/wp-json\/wp\/v2\/comments?post=5305"}],"version-history":[{"count":5,"href":"https:\/\/ibas.world\/de\/wp-json\/wp\/v2\/pages\/5305\/revisions"}],"predecessor-version":[{"id":7334,"href":"https:\/\/ibas.world\/de\/wp-json\/wp\/v2\/pages\/5305\/revisions\/7334"}],"wp:attachment":[{"href":"https:\/\/ibas.world\/de\/wp-json\/wp\/v2\/media?parent=5305"}],"curies":[{"name":"wp","href":"https:\/\/api.w.org\/{rel}","templated":true}]}}