{"id":5322,"date":"2023-05-23T14:58:24","date_gmt":"2023-05-23T14:58:24","guid":{"rendered":"https:\/\/ibas.world\/darlehen\/"},"modified":"2025-10-20T12:31:08","modified_gmt":"2025-10-20T12:31:08","slug":"darlehen","status":"publish","type":"page","link":"https:\/\/ibas.world\/de\/darlehen\/","title":{"rendered":"Darlehen"},"content":{"rendered":"\t\t<div data-elementor-type=\"wp-page\" data-elementor-id=\"5322\" class=\"elementor elementor-5322 elementor-212\">\n\t\t\t\t<div class=\"elementor-element elementor-element-5f8f448 e-flex e-con-boxed e-con e-parent\" data-id=\"5f8f448\" data-element_type=\"container\" data-settings=\"{&quot;background_background&quot;:&quot;classic&quot;}\">\n\t\t\t\t\t<div class=\"e-con-inner\">\n\t\t\t\t<div class=\"elementor-element elementor-element-67c700d elementor-widget elementor-widget-html\" data-id=\"67c700d\" data-element_type=\"widget\" data-widget_type=\"html.default\">\n\t\t\t\t<div class=\"elementor-widget-container\">\n\t\t\t<div class=\"products-wrapper\">\n    <div>\n        <h1 class=\"h1-main blueLinear\">Darlehensantrag<\/h1>\n    <\/div>\n    <div>\n        <p class=\"p-main black0f0 sBold\">Mit unserem einfachen Kreditantragsverfahren erhalten Sie schnell und einfach das ben\u00f6tigte Geld.<\/p>\n    <\/div> \n<\/div>\n\n\t\t<\/div>\n\t\t\t\t<\/div>\n\t\t\t\t\t<\/div>\n\t\t\t\t<\/div>\n\t\t<div class=\"elementor-element elementor-element-9c27254 e-flex e-con-boxed e-con e-parent\" data-id=\"9c27254\" data-element_type=\"container\" data-settings=\"{&quot;background_background&quot;:&quot;classic&quot;}\">\n\t\t\t\t\t<div class=\"e-con-inner\">\n\t\t\t\t<div class=\"elementor-element elementor-element-13bdd1b elementor-widget elementor-widget-html\" data-id=\"13bdd1b\" data-element_type=\"widget\" data-widget_type=\"html.default\">\n\t\t\t\t<div class=\"elementor-widget-container\">\n\t\t\t<h3 class=\"tcenter\">F\u00fcllen Sie unser einfaches und sicheres Kreditantragsformular aus, um Ihre Finanzierungsreise zu beginnen.<\/h3>\n\n\t\t<\/div>\n\t\t\t\t<\/div>\n\t\t\t\t\t<\/div>\n\t\t\t\t<\/div>\n\t\t<div class=\"elementor-element elementor-element-0d19c20 e-flex e-con-boxed e-con e-parent\" data-id=\"0d19c20\" data-element_type=\"container\" data-settings=\"{&quot;background_background&quot;:&quot;classic&quot;}\">\n\t\t\t\t\t<div class=\"e-con-inner\">\n\t\t\t\t<div class=\"elementor-element elementor-element-7b4519e elementor-widget elementor-widget-shortcode\" data-id=\"7b4519e\" data-element_type=\"widget\" data-widget_type=\"shortcode.default\">\n\t\t\t\t<div class=\"elementor-widget-container\">\n\t\t\t\t\t<div class=\"elementor-shortcode\">\n<div class=\"wpcf7 no-js\" id=\"wpcf7-f5560-o1\" lang=\"de-DE\" dir=\"ltr\">\n<div class=\"screen-reader-response\"><p role=\"status\" aria-live=\"polite\" aria-atomic=\"true\"><\/p> <ul><\/ul><\/div>\n<form action=\"\/de\/wp-json\/wp\/v2\/pages\/5322#wpcf7-f5560-o1\" method=\"post\" class=\"wpcf7-form init\" aria-label=\"Kontaktformular\" novalidate=\"novalidate\" data-status=\"init\">\n<div style=\"display: none;\">\n<input type=\"hidden\" name=\"_wpcf7\" value=\"5560\" \/>\n<input type=\"hidden\" name=\"_wpcf7_version\" value=\"5.9.3\" \/>\n<input type=\"hidden\" name=\"_wpcf7_locale\" value=\"de_DE\" \/>\n<input type=\"hidden\" name=\"_wpcf7_unit_tag\" value=\"wpcf7-f5560-o1\" \/>\n<input type=\"hidden\" name=\"_wpcf7_container_post\" value=\"0\" \/>\n<input type=\"hidden\" name=\"_wpcf7_posted_data_hash\" value=\"\" \/>\n<input type=\"hidden\" name=\"_wpcf7cf_hidden_group_fields\" value=\"[]\" \/>\n<input type=\"hidden\" name=\"_wpcf7cf_hidden_groups\" value=\"[]\" \/>\n<input type=\"hidden\" name=\"_wpcf7cf_visible_groups\" value=\"[]\" \/>\n<input type=\"hidden\" name=\"_wpcf7cf_repeaters\" value=\"[]\" \/>\n<input type=\"hidden\" name=\"_wpcf7cf_steps\" value=\"{}\" \/>\n<input type=\"hidden\" name=\"_wpcf7cf_options\" value=\"{&quot;form_id&quot;:5560,&quot;conditions&quot;:[],&quot;settings&quot;:{&quot;animation&quot;:&quot;yes&quot;,&quot;animation_intime&quot;:&quot;200&quot;,&quot;animation_outtime&quot;:&quot;200&quot;,&quot;conditions_ui&quot;:&quot;normal&quot;,&quot;notice_dismissed&quot;:&quot;&quot;,&quot;notice_dismissed_update-cf7-5.9.6&quot;:true,&quot;notice_dismissed_update-cf7-6.1.3&quot;:true}}\" \/>\n<\/div>\n<div class=\"aplikimiKredise-wrapp\">\n\t<div class=\"formNumbers\">\n\t\t<div>\n\t\t\t<p><label>Vorname und Nachname <span class=\"wpcf7-form-control-wrap\" data-name=\"emriMbiemri\"><input size=\"40\" class=\"wpcf7-form-control wpcf7-text wpcf7-validates-as-required\" aria-required=\"true\" aria-invalid=\"false\" placeholder=\"Geben Sie Ihren Vornamen und Nachnamen ein\" value=\"\" type=\"text\" name=\"emriMbiemri\" \/><\/span><\/label>\n\t\t\t<\/p>\n\t\t<\/div>\n\t\t<div>\n\t\t\t<p><label>Ausweisnummer <span class=\"wpcf7-form-control-wrap\" data-name=\"numriPersonal\"><input class=\"wpcf7-form-control wpcf7-number wpcf7-validates-as-required wpcf7-validates-as-number\" min=\"1000000000\" max=\"9999999999\" aria-required=\"true\" aria-invalid=\"false\" placeholder=\"Schreiben Sie Ihre ausweisnummer\" value=\"\" type=\"number\" name=\"numriPersonal\" \/><\/span><\/label>\n\t\t\t<\/p>\n\t\t<\/div>\n\t<\/div>\n\t<div class=\"creditOptions\">\n\t\t<div>\n\t\t\t<p><label>Telefonnummer <span class=\"wpcf7-form-control-wrap\" data-name=\"numriTelefonit\"><input size=\"40\" maxlength=\"11\" minlength=\"9\" class=\"wpcf7-form-control wpcf7-tel wpcf7-validates-as-required wpcf7-text wpcf7-validates-as-tel\" aria-required=\"true\" aria-invalid=\"false\" placeholder=\"04*******\" value=\"\" type=\"tel\" name=\"numriTelefonit\" \/><\/span><\/label>\n\t\t\t<\/p>\n\t\t<\/div>\n\t\t<div>\n\t\t\t<p><label>Betrag, den Sie beantragen <span class=\"wpcf7-form-control-wrap\" data-name=\"shumaInvestuese\"><input class=\"wpcf7-form-control wpcf7-number wpcf7-validates-as-required wpcf7-validates-as-number\" max=\"99999\" aria-required=\"true\" aria-invalid=\"false\" placeholder=\"\u20ac\" value=\"\" type=\"number\" name=\"shumaInvestuese\" \/><\/span><\/label>\n\t\t\t<\/p>\n\t\t<\/div>\n\t<\/div>\n\t<div class=\"kohezgjatjaEmri\">\n\t\t<div>\n\t\t\t<p><label>Kreditart<br \/>\n<span class=\"wpcf7-form-control-wrap\" data-name=\"llojiKredise\"><select class=\"wpcf7-form-control wpcf7-select wpcf7-validates-as-required\" aria-required=\"true\" aria-invalid=\"false\" name=\"llojiKredise\"><option value=\"Kredit\">Kredit<\/option><option value=\"\u00dcberziehungskredit\">\u00dcberziehungskredit<\/option><option value=\"Jetzt kaufen, sp\u00e4ter bezahlen\">Jetzt kaufen, sp\u00e4ter bezahlen<\/option><\/select><\/span><br \/>\n<\/label>\n\t\t\t<\/p>\n\t\t<\/div>\n\t\t<div>\n\t\t\t<p><label>Dauer<br \/>\n<span class=\"wpcf7-form-control-wrap\" data-name=\"kohezgjatjaKredise\"><select class=\"wpcf7-form-control wpcf7-select wpcf7-validates-as-required\" aria-required=\"true\" aria-invalid=\"false\" name=\"kohezgjatjaKredise\"><option value=\"1 Monat\">1 Monat<\/option><option value=\"3 Monate\">3 Monate<\/option><option value=\"4 Monate\">4 Monate<\/option><option value=\"5 Monate\">5 Monate<\/option><option value=\"6 Monate\">6 Monate<\/option><option value=\"7 Monate\">7 Monate<\/option><option value=\"8 Monate\">8 Monate<\/option><option value=\"9 Monate\">9 Monate<\/option><option value=\"10 Monate\">10 Monate<\/option><option value=\"11 Monate\">11 Monate<\/option><option value=\"12 Monate\">12 Monate<\/option><\/select><\/span><br \/>\n<\/label>\n\t\t\t<\/p>\n\t\t<\/div>\n\t<\/div>\n<\/div>\n<div class=\"approvalAccess\">\n\t<div>\n\t\t<h3>ZUSTIMMUNG F\u00dcR DEN ZUGRIFF AUF DAS KREDITREGISTER\n\t\t<\/h3>\n\t\t<h5>Hiermit erteile ich IBAS die Erlaubnis:\n\t\t<\/h5>\n\t\t<ul>\n\t\t\t<li>\n\t\t\t\t<p>Meine Kreditanfrage zu pr\u00fcfen und zu bewerten.\n\t\t\t\t<\/p>\n\t\t\t<\/li>\n\t\t\t<li>\n\t\t\t\t<p>Meine Kreditrisiko-Historie bei der Zentralbank oder anderen relevanten Stellen zu bewerten.\n\t\t\t\t<\/p>\n\t\t\t<\/li>\n\t\t\t<li>\n\t\t\t\t<p>Meine Bonit\u00e4t und Glaubw\u00fcrdigkeit als mit dem Kreditnehmer verbundene Person zu beurteilen.\n\t\t\t\t<\/p>\n\t\t\t<\/li>\n\t\t\t<li>\n\t\t\t\t<p>Meine bestehenden Verpflichtungen gegen\u00fcber Banken oder autorisierten Kreditgebern anhand der Daten aus dem Kreditregister zu \u00fcberpr\u00fcfen.\n\t\t\t\t<\/p>\n\t\t\t<\/li>\n\t\t\t<li>\n\t\t\t\t<p>Den Wert finanzieller Sicherheiten sowie meine F\u00e4higkeit zur Erf\u00fcllung finanzieller Verpflichtungen festzustellen.\n\t\t\t\t<\/p>\n\t\t\t<\/li>\n\t\t<\/ul>\n\t<\/div>\n\t<div>\n\t\t<h3>ZUSTIMMUNG ZUR ERHEBUNG UND VERARBEITUNG PERS\u00d6NLICHER DATEN\n\t\t<\/h3>\n\t\t<h5>Ich erkenne an und erteile freiwillig meine Zustimmung an IBAS f\u00fcr die folgenden Zwecke:\n\t\t<\/h5>\n\t\t<ul>\n\t\t\t<li>\n\t\t\t\t<p>Offenlegung aller meiner pers\u00f6nlichen Daten\n\t\t\t\t<\/p>\n\t\t\t<\/li>\n\t\t\t<li>\n\t\t\t\t<p>Verwendung, Verarbeitung und Speicherung dieser Daten zur Identifikation und zum Schutz von Verm\u00f6gensinteressen im Rahmen der Gesch\u00e4ftsbeziehung mit IBAS\n\t\t\t\t<\/p>\n\t\t\t<\/li>\n\t\t\t<li>\n\t\t\t\t<p>Bildung einer gemeinsamen Kundendatenbank\n\t\t\t\t<\/p>\n\t\t\t<\/li>\n\t\t<\/ul>\n\t\t<p style=\"font-size:15px!important; margin-bottom:0!important\"><br \/>\nIch erkenne an, dass IBAS meine Informationen nach Bedarf mit Dritten teilen kann,<br \/>\ndie als f\u00fcr rechtliche Transaktionen zwischen mir, IBAS und anderen relevanten Institutionen notwendige Stellen definiert sind,<br \/>\ngem\u00e4\u00df den geltenden Gesetzen von Kosovo.\n\t\t<\/p>\n\t<\/div>\n<\/div>\n<p><div class=\"cf7-cf-turnstile\" style=\"margin-top: 0px; margin-bottom: -15px;\"> <div id=\"cf-turnstile-cf7-902778037\" class=\"cf-turnstile\" data-callback=\"turnstileCF7Callback\" data-sitekey=\"0x4AAAAAAAKD1eRimFWui5AM\" data-theme=\"light\" data-language=\"auto\" data-size=\"normal\" data-retry=\"auto\" data-retry-interval=\"1000\" data-refresh-expired=\"auto\" data-action=\"contact-form-7\" data-appearance=\"always\"><\/div> <style>.wpcf7-submit { pointer-events: none; opacity: 0.5; }<\/style> <script>document.addEventListener(\"DOMContentLoaded\", function() { setTimeout(function(){ var e=document.getElementById(\"cf-turnstile-cf7-902778037\"); e&&!e.innerHTML.trim()&&(turnstile.remove(\"#cf-turnstile-cf7-902778037\"), turnstile.render(\"#cf-turnstile-cf7-902778037\", {sitekey:\"0x4AAAAAAAKD1eRimFWui5AM\"})); }, 100); });<\/script> <br class=\"cf-turnstile-br cf-turnstile-br-cf7-902778037\"> <style>#cf-turnstile-cf7-902778037 { margin-left: -15px; }<\/style> <script>document.addEventListener(\"DOMContentLoaded\",function(){document.querySelectorAll('.wpcf7-form').forEach(function(e){e.addEventListener('submit',function(){if(document.getElementById('cf-turnstile-cf7-902778037')){setTimeout(function(){turnstile.reset('#cf-turnstile-cf7-902778037');},1000)}})})});<\/script> <\/div><br\/><input class=\"wpcf7-form-control wpcf7-submit has-spinner aplikoCredit\" type=\"submit\" value=\"Jetzt beantragen\" \/>\n<\/p>\n<p class=\"p-main\" style=\"padding:0 10px!important\"><br \/>\nWenn Sie w\u00e4hrend der Bewerbung Unterst\u00fctzung ben\u00f6tigen, kontaktieren Sie uns unter der Nummer<br \/>\n<a href=\"tel:038600300\" class=\"main-link\">038600300<\/a> oder \u00fcber unsere sozialen Netzwerke!\n<\/p><div class=\"wpcf7-response-output\" aria-hidden=\"true\"><\/div>\n<\/form>\n<\/div>\n<\/div>\n\t\t\t\t<\/div>\n\t\t\t\t<\/div>\n\t\t\t\t\t<\/div>\n\t\t\t\t<\/div>\n\t\t<div class=\"elementor-element elementor-element-ea3ee1c e-flex e-con-boxed e-con e-parent\" data-id=\"ea3ee1c\" data-element_type=\"container\">\n\t\t\t\t\t<div class=\"e-con-inner\">\n\t\t\t\t<div class=\"elementor-element elementor-element-25158fa elementor-widget elementor-widget-html\" data-id=\"25158fa\" data-element_type=\"widget\" data-widget_type=\"html.default\">\n\t\t\t\t<div class=\"elementor-widget-container\">\n\t\t\t<script>const shumaParave = document.querySelector('[data-name=\"shumaInvestuese\"]')\n    const verejtje = document.createElement('p')\n    verejtje.classList.add('verejtje')\n    verejtje.innerHTML = '<span class=\"red\">Warning! <\/span> The maximum allowable amount per application is \u20ac100,000.'\n    shumaParave.appendChild(verejtje)\n    \n<\/script>\t\t<\/div>\n\t\t\t\t<\/div>\n\t\t\t\t\t<\/div>\n\t\t\t\t<\/div>\n\t\t\t\t<\/div>\n\t\t","protected":false},"excerpt":{"rendered":"<p>Darlehensantrag Mit unserem einfachen Kreditantragsverfahren erhalten Sie schnell und einfach das ben\u00f6tigte Geld. F\u00fcllen Sie unser einfaches und sicheres Kreditantragsformular aus, um Ihre Finanzierungsreise zu beginnen.<\/p>\n","protected":false},"author":54,"featured_media":0,"parent":0,"menu_order":0,"comment_status":"closed","ping_status":"closed","template":"","meta":{"inline_featured_image":false,"footnotes":""},"yoast_head":"<!-- This site is optimized with the Yoast SEO plugin v22.5 - https:\/\/yoast.com\/wordpress\/plugins\/seo\/ -->\r\n<title>Darlehen - IBAS<\/title>\r\n<meta name=\"description\" content=\"Mit unserem einfachen Kreditantragsverfahren erhalten Sie schnell und einfach das Geld, das Sie brauchen. F\u00fcllen Sie unser einfaches und sicheres Kreditantragsformular aus, um...\" \/>\r\n<meta name=\"robots\" content=\"index, follow, max-snippet:-1, max-image-preview:large, max-video-preview:-1\" \/>\r\n<link rel=\"canonical\" href=\"https:\/\/ibas.world\/de\/darlehen\/\" \/>\r\n<meta property=\"og:locale\" content=\"de_DE\" \/>\r\n<meta property=\"og:type\" content=\"article\" \/>\r\n<meta property=\"og:title\" content=\"Darlehen - IBAS\" \/>\r\n<meta property=\"og:description\" content=\"Mit unserem einfachen Kreditantragsverfahren erhalten Sie schnell und einfach das Geld, das Sie brauchen. F\u00fcllen Sie unser einfaches und sicheres Kreditantragsformular aus, um...\" \/>\r\n<meta property=\"og:url\" content=\"https:\/\/ibas.world\/de\/darlehen\/\" \/>\r\n<meta property=\"og:site_name\" content=\"IBAS\" \/>\r\n<meta property=\"article:publisher\" content=\"https:\/\/www.facebook.com\/ibas.world\" \/>\r\n<meta property=\"article:modified_time\" content=\"2025-10-20T12:31:08+00:00\" \/>\r\n<meta property=\"og:image\" content=\"https:\/\/ibas.world\/wp-content\/uploads\/2023\/09\/Solutions-we-deliver.png\" \/>\r\n\t<meta property=\"og:image:width\" content=\"1200\" \/>\r\n\t<meta property=\"og:image:height\" content=\"630\" \/>\r\n\t<meta property=\"og:image:type\" content=\"image\/png\" \/>\r\n<meta name=\"twitter:card\" content=\"summary_large_image\" \/>\r\n<meta name=\"twitter:label1\" content=\"Gesch\u00e4tzte Lesezeit\" \/>\n\t<meta name=\"twitter:data1\" content=\"1\u00a0Minute\" \/>\r\n<script type=\"application\/ld+json\" class=\"yoast-schema-graph\">{\"@context\":\"https:\/\/schema.org\",\"@graph\":[{\"@type\":\"WebPage\",\"@id\":\"https:\/\/ibas.world\/de\/darlehen\/\",\"url\":\"https:\/\/ibas.world\/de\/darlehen\/\",\"name\":\"Darlehen - IBAS\",\"isPartOf\":{\"@id\":\"https:\/\/ibas.world\/de\/#website\"},\"datePublished\":\"2023-05-23T14:58:24+00:00\",\"dateModified\":\"2025-10-20T12:31:08+00:00\",\"description\":\"Mit unserem einfachen Kreditantragsverfahren erhalten Sie schnell und einfach das Geld, das Sie brauchen. F\u00fcllen Sie unser einfaches und sicheres Kreditantragsformular aus, um...\",\"breadcrumb\":{\"@id\":\"https:\/\/ibas.world\/de\/darlehen\/#breadcrumb\"},\"inLanguage\":\"de\",\"potentialAction\":[{\"@type\":\"ReadAction\",\"target\":[\"https:\/\/ibas.world\/de\/darlehen\/\"]}]},{\"@type\":\"BreadcrumbList\",\"@id\":\"https:\/\/ibas.world\/de\/darlehen\/#breadcrumb\",\"itemListElement\":[{\"@type\":\"ListItem\",\"position\":1,\"name\":\"Home\",\"item\":\"https:\/\/ibas.world\/de\/\"},{\"@type\":\"ListItem\",\"position\":2,\"name\":\"Darlehen\"}]},{\"@type\":\"WebSite\",\"@id\":\"https:\/\/ibas.world\/de\/#website\",\"url\":\"https:\/\/ibas.world\/de\/\",\"name\":\"IBAS\",\"description\":\"\",\"publisher\":{\"@id\":\"https:\/\/ibas.world\/de\/#organization\"},\"potentialAction\":[{\"@type\":\"SearchAction\",\"target\":{\"@type\":\"EntryPoint\",\"urlTemplate\":\"https:\/\/ibas.world\/de\/?s={search_term_string}\"},\"query-input\":\"required name=search_term_string\"}],\"inLanguage\":\"de\"},{\"@type\":\"Organization\",\"@id\":\"https:\/\/ibas.world\/de\/#organization\",\"name\":\"IBAS\",\"url\":\"https:\/\/ibas.world\/de\/\",\"logo\":{\"@type\":\"ImageObject\",\"inLanguage\":\"de\",\"@id\":\"https:\/\/ibas.world\/de\/#\/schema\/logo\/image\/\",\"url\":\"https:\/\/ibas.world\/wp-content\/uploads\/2023\/06\/favicon.png\",\"contentUrl\":\"https:\/\/ibas.world\/wp-content\/uploads\/2023\/06\/favicon.png\",\"width\":374,\"height\":340,\"caption\":\"IBAS\"},\"image\":{\"@id\":\"https:\/\/ibas.world\/de\/#\/schema\/logo\/image\/\"},\"sameAs\":[\"https:\/\/www.facebook.com\/ibas.world\",\"https:\/\/www.instagram.com\/ibas.world\/\",\"https:\/\/in.linkedin.com\/company\/ibas-world\"]}]}<\/script>\r\n<!-- \/ Yoast SEO plugin. -->","yoast_head_json":{"title":"Darlehen - IBAS","description":"Mit unserem einfachen Kreditantragsverfahren erhalten Sie schnell und einfach das Geld, das Sie brauchen. F\u00fcllen Sie unser einfaches und sicheres Kreditantragsformular aus, um...","robots":{"index":"index","follow":"follow","max-snippet":"max-snippet:-1","max-image-preview":"max-image-preview:large","max-video-preview":"max-video-preview:-1"},"canonical":"https:\/\/ibas.world\/de\/darlehen\/","og_locale":"de_DE","og_type":"article","og_title":"Darlehen - IBAS","og_description":"Mit unserem einfachen Kreditantragsverfahren erhalten Sie schnell und einfach das Geld, das Sie brauchen. F\u00fcllen Sie unser einfaches und sicheres Kreditantragsformular aus, um...","og_url":"https:\/\/ibas.world\/de\/darlehen\/","og_site_name":"IBAS","article_publisher":"https:\/\/www.facebook.com\/ibas.world","article_modified_time":"2025-10-20T12:31:08+00:00","og_image":[{"width":1200,"height":630,"url":"https:\/\/ibas.world\/wp-content\/uploads\/2023\/09\/Solutions-we-deliver.png","type":"image\/png"}],"twitter_card":"summary_large_image","twitter_misc":{"Gesch\u00e4tzte Lesezeit":"1\u00a0Minute"},"schema":{"@context":"https:\/\/schema.org","@graph":[{"@type":"WebPage","@id":"https:\/\/ibas.world\/de\/darlehen\/","url":"https:\/\/ibas.world\/de\/darlehen\/","name":"Darlehen - IBAS","isPartOf":{"@id":"https:\/\/ibas.world\/de\/#website"},"datePublished":"2023-05-23T14:58:24+00:00","dateModified":"2025-10-20T12:31:08+00:00","description":"Mit unserem einfachen Kreditantragsverfahren erhalten Sie schnell und einfach das Geld, das Sie brauchen. F\u00fcllen Sie unser einfaches und sicheres Kreditantragsformular aus, um...","breadcrumb":{"@id":"https:\/\/ibas.world\/de\/darlehen\/#breadcrumb"},"inLanguage":"de","potentialAction":[{"@type":"ReadAction","target":["https:\/\/ibas.world\/de\/darlehen\/"]}]},{"@type":"BreadcrumbList","@id":"https:\/\/ibas.world\/de\/darlehen\/#breadcrumb","itemListElement":[{"@type":"ListItem","position":1,"name":"Home","item":"https:\/\/ibas.world\/de\/"},{"@type":"ListItem","position":2,"name":"Darlehen"}]},{"@type":"WebSite","@id":"https:\/\/ibas.world\/de\/#website","url":"https:\/\/ibas.world\/de\/","name":"IBAS","description":"","publisher":{"@id":"https:\/\/ibas.world\/de\/#organization"},"potentialAction":[{"@type":"SearchAction","target":{"@type":"EntryPoint","urlTemplate":"https:\/\/ibas.world\/de\/?s={search_term_string}"},"query-input":"required name=search_term_string"}],"inLanguage":"de"},{"@type":"Organization","@id":"https:\/\/ibas.world\/de\/#organization","name":"IBAS","url":"https:\/\/ibas.world\/de\/","logo":{"@type":"ImageObject","inLanguage":"de","@id":"https:\/\/ibas.world\/de\/#\/schema\/logo\/image\/","url":"https:\/\/ibas.world\/wp-content\/uploads\/2023\/06\/favicon.png","contentUrl":"https:\/\/ibas.world\/wp-content\/uploads\/2023\/06\/favicon.png","width":374,"height":340,"caption":"IBAS"},"image":{"@id":"https:\/\/ibas.world\/de\/#\/schema\/logo\/image\/"},"sameAs":["https:\/\/www.facebook.com\/ibas.world","https:\/\/www.instagram.com\/ibas.world\/","https:\/\/in.linkedin.com\/company\/ibas-world"]}]}},"_links":{"self":[{"href":"https:\/\/ibas.world\/de\/wp-json\/wp\/v2\/pages\/5322"}],"collection":[{"href":"https:\/\/ibas.world\/de\/wp-json\/wp\/v2\/pages"}],"about":[{"href":"https:\/\/ibas.world\/de\/wp-json\/wp\/v2\/types\/page"}],"author":[{"embeddable":true,"href":"https:\/\/ibas.world\/de\/wp-json\/wp\/v2\/users\/54"}],"replies":[{"embeddable":true,"href":"https:\/\/ibas.world\/de\/wp-json\/wp\/v2\/comments?post=5322"}],"version-history":[{"count":14,"href":"https:\/\/ibas.world\/de\/wp-json\/wp\/v2\/pages\/5322\/revisions"}],"predecessor-version":[{"id":7470,"href":"https:\/\/ibas.world\/de\/wp-json\/wp\/v2\/pages\/5322\/revisions\/7470"}],"wp:attachment":[{"href":"https:\/\/ibas.world\/de\/wp-json\/wp\/v2\/media?parent=5322"}],"curies":[{"name":"wp","href":"https:\/\/api.w.org\/{rel}","templated":true}]}}