{"id":5202,"date":"2023-12-19T15:11:42","date_gmt":"2023-12-19T15:11:42","guid":{"rendered":"https:\/\/ibas.world\/pako-ploti\/"},"modified":"2025-01-20T15:19:46","modified_gmt":"2025-01-20T15:19:46","slug":"pako-ploti","status":"publish","type":"page","link":"https:\/\/ibas.world\/sq\/pako-ploti\/","title":{"rendered":"PAKO PLOTI"},"content":{"rendered":"\t\t<div data-elementor-type=\"wp-page\" data-elementor-id=\"5202\" class=\"elementor elementor-5202 elementor-3742\">\n\t\t\t\t<div class=\"elementor-element elementor-element-afcee34 e-flex e-con-boxed e-con e-parent\" data-id=\"afcee34\" data-element_type=\"container\">\n\t\t\t\t\t<div class=\"e-con-inner\">\n\t\t\t\t<div class=\"elementor-element elementor-element-733bd57 elementor-widget elementor-widget-html\" data-id=\"733bd57\" data-element_type=\"widget\" data-widget_type=\"html.default\">\n\t\t\t\t<div class=\"elementor-widget-container\">\n\t\t\t<div class=\"page-pakos\">\n    <div class=\"modal-wrapper\">\n        <div class=\"modal-under\">\n            <div class=\"head-content\">\n                <h3>PAKO PLOTI<\/h3>\n               \n                <h2>2.99 \u20ac <span style=\"font-size:14px!important; font-weight:300\">\/n\u00eb muaj<\/span><\/h2>\n                <a class=\"exitIcon\" href=\"javascript:void(0)\" onclick=\"remModals()\" aria-label=\"IbasLink\">\n                    <svg xmlns=\"http:\/\/www.w3.org\/2000\/svg\" fill=\"#000000\" width=\"800px\" height=\"800px\" viewbox=\"0 0 256 256\" id=\"Flat\">\n                        <path d=\"M202.82861,197.17188a3.99991,3.99991,0,1,1-5.65722,5.65624L128,133.65723,58.82861,202.82812a3.99991,3.99991,0,0,1-5.65722-5.65624L122.343,128,53.17139,58.82812a3.99991,3.99991,0,0,1,5.65722-5.65624L128,122.34277l69.17139-69.17089a3.99991,3.99991,0,0,1,5.65722,5.65624L133.657,128Z\"><\/path>\n                    <\/svg>\n                <\/a>\n                <p>Sh\u00ebrbimet bankare q\u00eb merrni nga llogaria juaj PLOT:<\/p>\n            <\/div>\n            <div class=\"modal-content\">\n                <div class=\"firstModal-col\">\n                    <ul class=\"modalChecks\">\n                        <li>\n                            <div class=\"mod-img-title\">\n                                <img decoding=\"async\" data-lazyloaded=\"1\" src=\"\/wp-content\/uploads\/2023\/07\/sepa.svg\" data-src=\"\/wp-content\/uploads\/2023\/07\/sepa.svg\" alt=\"ibas37\" data-ll-status=\"loaded\" class=\"entered litespeed-loaded\">\n                                <div>\n                                    <h5>Numri i llogaris\u00eb bankare britaneze me qasje n\u00eb SEPA (Zon\u00eb e vetme evropiane e pagesave)<\/h5>\n                                    <p>D\u00ebrgoni ose pranoni para mbi 5000 banka brenda Zon\u00ebs Ekonomike Evropiane ose n\u00eb mbar\u00eb bot\u00ebn. Nj\u00eb (1) transferim n\u00eb muaj me SEPA hyrje\/dalje falas.. <\/p>\n                                <\/div>\n                            <\/div>\n                        <\/li>\n                        <li>\n                            <div class=\"mod-img-title\">\n                                <img decoding=\"async\" data-lazyloaded=\"1\" src=\"\/wp-content\/uploads\/2023\/08\/pay-1.png\" data-src=\"\/wp-content\/uploads\/2023\/08\/pay-1.png\" alt=\"ibas38\" data-ll-status=\"loaded\" class=\"entered litespeed-loaded\">\n                                <div>\n                                    <h5>Bli tani Paguaj m\u00eb von\u00eb me tre muaj pa interes  <\/h5>\n                                    <p>100 \u20ac do t\u00eb kreditohen automatikisht n\u00eb llogarin\u00eb tuaj, gati p\u00ebr t\u00eb kryer faqet tuaja. Plus, nuk ka tarifa interesi n\u00ebse kthehen brenda tre muajve t\u00eb ardhsh\u00ebm.   <\/p>\n                                <\/div>\n                            <\/div>\n                        <\/li>\n                        <li>\n                            <div class=\"mod-img-title\">\n                                <img decoding=\"async\" data-lazyloaded=\"1\" src=\"\/wp-content\/uploads\/2023\/07\/mbushja_kuletes.svg\" data-src=\"\/wp-content\/uploads\/2023\/07\/mbushja_kuletes.svg\" alt=\"ibas39\" data-ll-status=\"loaded\" class=\"entered litespeed-loaded\">\n                                <div>\n                                    <h5>  Mbushja E Kulet\u00ebs Tuaj Virtuale Nga T\u00eb Gjitha Bankat Vendase Ose Nd\u00ebrkomb\u00ebtare  <\/h5>\n                                    <p>  Ju mund t\u00eb mbushni kulet\u00ebn tuaj n\u00eb IBAS direkt nga banka ose p\u00ebrmes kartave Visa ose Mastercard.  <\/p>\n                                <\/div>\n                            <\/div>\n                        <\/li>\n                        <li>\n                            <div class=\"mod-img-title\">\n                                <img decoding=\"async\" data-lazyloaded=\"1\" src=\"\/wp-content\/uploads\/2023\/07\/tegjitha_pagesat.svg\" data-src=\"\/wp-content\/uploads\/2023\/07\/tegjitha_pagesat.svg\" alt=\"ibas40\" data-ll-status=\"loaded\" class=\"entered litespeed-loaded\">\n                                <div>\n                                    <h5>T\u00eb Gjitha Pagesat P\u00ebr Institucionet Publike  <\/h5>\n                                    <p>Taksat, Gjobat, Regjistrimi i trafikut, Universitetet publike, e t\u00eb tjera.  <\/p>\n                                <\/div>\n                            <\/div>\n                        <\/li>\n                        <li>\n                            <div class=\"mod-img-title\">\n                                <img decoding=\"async\" data-lazyloaded=\"1\" src=\"\/wp-content\/uploads\/2023\/07\/pagesa_utilitare.svg\" data-src=\"\/wp-content\/uploads\/2023\/07\/pagesa_utilitare.svg\" alt=\"ibas41\" data-ll-status=\"loaded\" class=\"entered litespeed-loaded\">\n                                <div>\n                                    <h5>Pagesat E Sh\u00ebrbimeve  <\/h5>\n                                    <p>Energjia elektrike, Uji, Mbeturinat, Interneti dhe t\u00eb tjera.  <\/p>\n                                <\/div>\n                            <\/div>\n                        <\/li>\n                        <li>\n                            <div class=\"mod-img-title\">\n                                <img decoding=\"async\" data-lazyloaded=\"1\" src=\"\/wp-content\/uploads\/2023\/07\/terheqja.svg\" data-src=\"\/wp-content\/uploads\/2023\/07\/terheqja.svg\" alt=\"ibas42\" data-ll-status=\"loaded\" class=\"entered litespeed-loaded\">\n                                <div>\n                                    <h5>T\u00ebrheqja E Parave  <\/h5>\n                                    <p>N\u00eb llogarit\u00eb, p\u00ebr partner\u00ebt IBAS, ose p\u00ebr bankat e bankave.  <\/p>\n                                <\/div>\n                            <\/div>\n                        <\/li>\n                        <li>\n                            <div class=\"mod-img-title\">\n                                <img decoding=\"async\" data-lazyloaded=\"1\" src=\"\/wp-content\/uploads\/2023\/07\/kredi.svg\" data-src=\"\/wp-content\/uploads\/2023\/07\/kredi.svg\" alt=\"ibas43\" data-ll-status=\"loaded\" class=\"entered litespeed-loaded\">\n                                <div>\n                                    <h5>Kredi p\u00ebr faqe  <\/h5>\n                                    <p>Aplikimi p\u00ebr mbit\u00ebrheqje ose kredi falas p\u00ebr t\u00eb leht\u00ebsuar faqet tuaja.  <\/p>\n                                <\/div>\n                            <\/div>\n                        <\/li>\n                    <\/ul>\n                <\/div>\n                <div>\n                    <ul class=\"modalChecks\">\n                        <li>\n                            <div class=\"mod-img-title\">\n                                <img decoding=\"async\" data-lazyloaded=\"1\" src=\"\/wp-content\/uploads\/2023\/07\/mbiterheqeje.svg\" data-src=\"\/wp-content\/uploads\/2023\/07\/mbiterheqeje.svg\" alt=\"ibas44\" data-ll-status=\"loaded\" class=\"entered litespeed-loaded\">\n                                <div>\n                                    <h5>Mbit\u00ebrheqje p\u00ebr pagesa  <\/h5>\n                                    <p>Aplikimi p\u00ebr mbit\u00ebrheqje ose kredi falas p\u00ebr t\u00eb leht\u00ebsuar faqet tuaja.  <\/p>\n                                <\/div>\n                            <\/div>\n                        <\/li>\n                    <\/ul>\n                <\/div>\n            <\/div>\n        <\/div>\n        <div style=\"margin-top:20px;\">\n            <p>Faleminderit q\u00eb zgjodh\u00ebt IBAS p\u00ebr ndihm\u00ebn tuaj bankare! Kemi k\u00ebnaq\u00ebsin\u00eb t'ju mir\u00ebpresim n\u00eb udh\u00ebtimin ton\u00eb. N\u00eb vend me rregulloret, ju k\u00ebrkojm\u00eb t\u00eb shqyrtojm\u00eb k\u00ebrkesat n\u00eb ton\u00eb dhe t\u00eb filloj\u00eb procesi KYC\/KYB, i cili \u00ebsht\u00eb nj\u00eb parakusht ligjor p\u00ebr hapjen e nj\u00eb llogarie bankare.    <br><br>  Procesi \u00ebsht\u00eb i drejtp\u00ebrdrejt\u00eb dhe vjen me udh\u00ebzimet e nevojshme.  <br><br>  P\u00ebrjetoni n\u00eb maksimum zgjidhjet e IBAS!  <br><br>  Opsionet e zgjedhura p\u00ebr pajisjet n\u00eb:  <\/p>\n        <\/div>\n        <div class=\"modal-button\">\n            <a href=\"https:\/\/ibas.world\/join-ibas\/\" class=\"modal-button\" aria-label=\"IbasLink\">Apliko<\/a>\n        <\/div>\n    <\/div>\n<\/div>\n\n\n<style>\n    .page-pakos .modal-wrapper{\n        position:static;\n        transform:none!important;\n        animation:none!important;\n        width:100%!important;\n        max-width:100%!important;\n        max-height:100%!important;\n        overflow:hidden;\n        padding:0;\n    }\n<\/style>\t\t<\/div>\n\t\t\t\t<\/div>\n\t\t\t\t\t<\/div>\n\t\t\t\t<\/div>\n\t\t\t\t<\/div>\n\t\t","protected":false},"excerpt":{"rendered":"<p>PAKO PLOTI 2.99 \u20ac \/n\u00eb muaj Sh\u00ebrbimet bankare q\u00eb merrni nga llogaria juaj PLOT: Numri i llogaris\u00eb bankare britaneze me qasje n\u00eb SEPA (Zon\u00eb e vetme evropiane e pagesave) D\u00ebrgoni ose pranoni para mbi 5000 banka brenda Zon\u00ebs Ekonomike Evropiane ose n\u00eb mbar\u00eb bot\u00ebn. Nj\u00eb (1) transferim n\u00eb muaj me SEPA hyrje\/dalje falas.. Bli tani [&hellip;]<\/p>\n","protected":false},"author":54,"featured_media":0,"parent":0,"menu_order":0,"comment_status":"closed","ping_status":"closed","template":"","meta":{"inline_featured_image":false,"footnotes":""},"yoast_head":"<!-- This site is optimized with the Yoast SEO plugin v22.5 - https:\/\/yoast.com\/wordpress\/plugins\/seo\/ -->\r\n<title>PAKO PLOTI - IBAS<\/title>\r\n<meta name=\"description\" content=\"Nj\u00eb bot\u00eb ku p\u00ebrballueshm\u00ebria p\u00ebrputhet me p\u00ebrfitimet e jasht\u00ebzakonshme. E p\u00ebrshtatur p\u00ebr ata q\u00eb k\u00ebrkojn\u00eb thjesht\u00ebsi, kjo llogari p\u00ebrshtatet pa problem me preferencat tuaja unike. P\u00ebrjetoni ofert\u00ebn pa interes, \u2018\u2019Blej Tani Paguaj M\u00eb Von\u00eb\u2019\" \/>\r\n<meta name=\"robots\" content=\"index, follow, max-snippet:-1, max-image-preview:large, max-video-preview:-1\" \/>\r\n<link rel=\"canonical\" href=\"https:\/\/ibas.world\/sq\/pako-ploti\/\" \/>\r\n<meta property=\"og:locale\" content=\"sq_AL\" \/>\r\n<meta property=\"og:type\" content=\"article\" \/>\r\n<meta property=\"og:title\" content=\"PAKO PLOTI - IBAS\" \/>\r\n<meta property=\"og:description\" content=\"Nj\u00eb bot\u00eb ku p\u00ebrballueshm\u00ebria p\u00ebrputhet me p\u00ebrfitimet e jasht\u00ebzakonshme. E p\u00ebrshtatur p\u00ebr ata q\u00eb k\u00ebrkojn\u00eb thjesht\u00ebsi, kjo llogari p\u00ebrshtatet pa problem me preferencat tuaja unike. P\u00ebrjetoni ofert\u00ebn pa interes, \u2018\u2019Blej Tani Paguaj M\u00eb Von\u00eb\u2019\" \/>\r\n<meta property=\"og:url\" content=\"https:\/\/ibas.world\/sq\/pako-ploti\/\" \/>\r\n<meta property=\"og:site_name\" content=\"IBAS\" \/>\r\n<meta property=\"article:publisher\" content=\"https:\/\/www.facebook.com\/ibas.world\" \/>\r\n<meta property=\"article:modified_time\" content=\"2025-01-20T15:19:46+00:00\" \/>\r\n<meta property=\"og:image\" content=\"https:\/\/ibas.world\/wp-content\/uploads\/2023\/09\/Solutions-we-deliver.png\" \/>\r\n\t<meta property=\"og:image:width\" content=\"1200\" \/>\r\n\t<meta property=\"og:image:height\" content=\"630\" \/>\r\n\t<meta property=\"og:image:type\" content=\"image\/png\" \/>\r\n<meta name=\"twitter:card\" content=\"summary_large_image\" \/>\r\n<meta name=\"twitter:label1\" content=\"Est. reading time\" \/>\n\t<meta name=\"twitter:data1\" content=\"1 minute\" \/>\r\n<script type=\"application\/ld+json\" class=\"yoast-schema-graph\">{\"@context\":\"https:\/\/schema.org\",\"@graph\":[{\"@type\":\"WebPage\",\"@id\":\"https:\/\/ibas.world\/sq\/pako-ploti\/\",\"url\":\"https:\/\/ibas.world\/sq\/pako-ploti\/\",\"name\":\"PAKO PLOTI - IBAS\",\"isPartOf\":{\"@id\":\"https:\/\/ibas.world\/sq\/#website\"},\"datePublished\":\"2023-12-19T15:11:42+00:00\",\"dateModified\":\"2025-01-20T15:19:46+00:00\",\"description\":\"Nj\u00eb bot\u00eb ku p\u00ebrballueshm\u00ebria p\u00ebrputhet me p\u00ebrfitimet e jasht\u00ebzakonshme. E p\u00ebrshtatur p\u00ebr ata q\u00eb k\u00ebrkojn\u00eb thjesht\u00ebsi, kjo llogari p\u00ebrshtatet pa problem me preferencat tuaja unike. P\u00ebrjetoni ofert\u00ebn pa interes, \u2018\u2019Blej Tani Paguaj M\u00eb Von\u00eb\u2019\",\"breadcrumb\":{\"@id\":\"https:\/\/ibas.world\/sq\/pako-ploti\/#breadcrumb\"},\"inLanguage\":\"sq-AL\",\"potentialAction\":[{\"@type\":\"ReadAction\",\"target\":[\"https:\/\/ibas.world\/sq\/pako-ploti\/\"]}]},{\"@type\":\"BreadcrumbList\",\"@id\":\"https:\/\/ibas.world\/sq\/pako-ploti\/#breadcrumb\",\"itemListElement\":[{\"@type\":\"ListItem\",\"position\":1,\"name\":\"Home\",\"item\":\"https:\/\/ibas.world\/sq\/\"},{\"@type\":\"ListItem\",\"position\":2,\"name\":\"PAKO PLOTI\"}]},{\"@type\":\"WebSite\",\"@id\":\"https:\/\/ibas.world\/sq\/#website\",\"url\":\"https:\/\/ibas.world\/sq\/\",\"name\":\"IBAS\",\"description\":\"\",\"publisher\":{\"@id\":\"https:\/\/ibas.world\/sq\/#organization\"},\"potentialAction\":[{\"@type\":\"SearchAction\",\"target\":{\"@type\":\"EntryPoint\",\"urlTemplate\":\"https:\/\/ibas.world\/sq\/?s={search_term_string}\"},\"query-input\":\"required name=search_term_string\"}],\"inLanguage\":\"sq-AL\"},{\"@type\":\"Organization\",\"@id\":\"https:\/\/ibas.world\/sq\/#organization\",\"name\":\"IBAS\",\"url\":\"https:\/\/ibas.world\/sq\/\",\"logo\":{\"@type\":\"ImageObject\",\"inLanguage\":\"sq-AL\",\"@id\":\"https:\/\/ibas.world\/sq\/#\/schema\/logo\/image\/\",\"url\":\"https:\/\/ibas.world\/wp-content\/uploads\/2023\/06\/favicon.png\",\"contentUrl\":\"https:\/\/ibas.world\/wp-content\/uploads\/2023\/06\/favicon.png\",\"width\":374,\"height\":340,\"caption\":\"IBAS\"},\"image\":{\"@id\":\"https:\/\/ibas.world\/sq\/#\/schema\/logo\/image\/\"},\"sameAs\":[\"https:\/\/www.facebook.com\/ibas.world\",\"https:\/\/www.instagram.com\/ibas.world\/\",\"https:\/\/in.linkedin.com\/company\/ibas-world\"]}]}<\/script>\r\n<!-- \/ Yoast SEO plugin. -->","yoast_head_json":{"title":"PAKO PLOTI - IBAS","description":"Nj\u00eb bot\u00eb ku p\u00ebrballueshm\u00ebria p\u00ebrputhet me p\u00ebrfitimet e jasht\u00ebzakonshme. E p\u00ebrshtatur p\u00ebr ata q\u00eb k\u00ebrkojn\u00eb thjesht\u00ebsi, kjo llogari p\u00ebrshtatet pa problem me preferencat tuaja unike. P\u00ebrjetoni ofert\u00ebn pa interes, \u2018\u2019Blej Tani Paguaj M\u00eb Von\u00eb\u2019","robots":{"index":"index","follow":"follow","max-snippet":"max-snippet:-1","max-image-preview":"max-image-preview:large","max-video-preview":"max-video-preview:-1"},"canonical":"https:\/\/ibas.world\/sq\/pako-ploti\/","og_locale":"sq_AL","og_type":"article","og_title":"PAKO PLOTI - IBAS","og_description":"Nj\u00eb bot\u00eb ku p\u00ebrballueshm\u00ebria p\u00ebrputhet me p\u00ebrfitimet e jasht\u00ebzakonshme. E p\u00ebrshtatur p\u00ebr ata q\u00eb k\u00ebrkojn\u00eb thjesht\u00ebsi, kjo llogari p\u00ebrshtatet pa problem me preferencat tuaja unike. P\u00ebrjetoni ofert\u00ebn pa interes, \u2018\u2019Blej Tani Paguaj M\u00eb Von\u00eb\u2019","og_url":"https:\/\/ibas.world\/sq\/pako-ploti\/","og_site_name":"IBAS","article_publisher":"https:\/\/www.facebook.com\/ibas.world","article_modified_time":"2025-01-20T15:19:46+00:00","og_image":[{"width":1200,"height":630,"url":"https:\/\/ibas.world\/wp-content\/uploads\/2023\/09\/Solutions-we-deliver.png","type":"image\/png"}],"twitter_card":"summary_large_image","twitter_misc":{"Est. reading time":"1 minute"},"schema":{"@context":"https:\/\/schema.org","@graph":[{"@type":"WebPage","@id":"https:\/\/ibas.world\/sq\/pako-ploti\/","url":"https:\/\/ibas.world\/sq\/pako-ploti\/","name":"PAKO PLOTI - IBAS","isPartOf":{"@id":"https:\/\/ibas.world\/sq\/#website"},"datePublished":"2023-12-19T15:11:42+00:00","dateModified":"2025-01-20T15:19:46+00:00","description":"Nj\u00eb bot\u00eb ku p\u00ebrballueshm\u00ebria p\u00ebrputhet me p\u00ebrfitimet e jasht\u00ebzakonshme. E p\u00ebrshtatur p\u00ebr ata q\u00eb k\u00ebrkojn\u00eb thjesht\u00ebsi, kjo llogari p\u00ebrshtatet pa problem me preferencat tuaja unike. P\u00ebrjetoni ofert\u00ebn pa interes, \u2018\u2019Blej Tani Paguaj M\u00eb Von\u00eb\u2019","breadcrumb":{"@id":"https:\/\/ibas.world\/sq\/pako-ploti\/#breadcrumb"},"inLanguage":"sq-AL","potentialAction":[{"@type":"ReadAction","target":["https:\/\/ibas.world\/sq\/pako-ploti\/"]}]},{"@type":"BreadcrumbList","@id":"https:\/\/ibas.world\/sq\/pako-ploti\/#breadcrumb","itemListElement":[{"@type":"ListItem","position":1,"name":"Home","item":"https:\/\/ibas.world\/sq\/"},{"@type":"ListItem","position":2,"name":"PAKO PLOTI"}]},{"@type":"WebSite","@id":"https:\/\/ibas.world\/sq\/#website","url":"https:\/\/ibas.world\/sq\/","name":"IBAS","description":"","publisher":{"@id":"https:\/\/ibas.world\/sq\/#organization"},"potentialAction":[{"@type":"SearchAction","target":{"@type":"EntryPoint","urlTemplate":"https:\/\/ibas.world\/sq\/?s={search_term_string}"},"query-input":"required name=search_term_string"}],"inLanguage":"sq-AL"},{"@type":"Organization","@id":"https:\/\/ibas.world\/sq\/#organization","name":"IBAS","url":"https:\/\/ibas.world\/sq\/","logo":{"@type":"ImageObject","inLanguage":"sq-AL","@id":"https:\/\/ibas.world\/sq\/#\/schema\/logo\/image\/","url":"https:\/\/ibas.world\/wp-content\/uploads\/2023\/06\/favicon.png","contentUrl":"https:\/\/ibas.world\/wp-content\/uploads\/2023\/06\/favicon.png","width":374,"height":340,"caption":"IBAS"},"image":{"@id":"https:\/\/ibas.world\/sq\/#\/schema\/logo\/image\/"},"sameAs":["https:\/\/www.facebook.com\/ibas.world","https:\/\/www.instagram.com\/ibas.world\/","https:\/\/in.linkedin.com\/company\/ibas-world"]}]}},"_links":{"self":[{"href":"https:\/\/ibas.world\/sq\/wp-json\/wp\/v2\/pages\/5202"}],"collection":[{"href":"https:\/\/ibas.world\/sq\/wp-json\/wp\/v2\/pages"}],"about":[{"href":"https:\/\/ibas.world\/sq\/wp-json\/wp\/v2\/types\/page"}],"author":[{"embeddable":true,"href":"https:\/\/ibas.world\/sq\/wp-json\/wp\/v2\/users\/54"}],"replies":[{"embeddable":true,"href":"https:\/\/ibas.world\/sq\/wp-json\/wp\/v2\/comments?post=5202"}],"version-history":[{"count":3,"href":"https:\/\/ibas.world\/sq\/wp-json\/wp\/v2\/pages\/5202\/revisions"}],"predecessor-version":[{"id":5661,"href":"https:\/\/ibas.world\/sq\/wp-json\/wp\/v2\/pages\/5202\/revisions\/5661"}],"wp:attachment":[{"href":"https:\/\/ibas.world\/sq\/wp-json\/wp\/v2\/media?parent=5202"}],"curies":[{"name":"wp","href":"https:\/\/api.w.org\/{rel}","templated":true}]}}