{"id":5214,"date":"2023-12-19T14:56:03","date_gmt":"2023-12-19T14:56:03","guid":{"rendered":"https:\/\/ibas.world\/standard-pako\/"},"modified":"2025-01-20T14:45:03","modified_gmt":"2025-01-20T14:45:03","slug":"standard-pako","status":"publish","type":"page","link":"https:\/\/ibas.world\/sq\/standard-pako\/","title":{"rendered":"STANDARD PAKO"},"content":{"rendered":"\t\t<div data-elementor-type=\"wp-page\" data-elementor-id=\"5214\" class=\"elementor elementor-5214 elementor-3727\">\n\t\t\t\t<div class=\"elementor-element elementor-element-5502bbb e-flex e-con-boxed e-con e-parent\" data-id=\"5502bbb\" data-element_type=\"container\">\n\t\t\t\t\t<div class=\"e-con-inner\">\n\t\t\t\t<div class=\"elementor-element elementor-element-8192fc4 elementor-widget elementor-widget-html\" data-id=\"8192fc4\" data-element_type=\"widget\" data-widget_type=\"html.default\">\n\t\t\t\t<div class=\"elementor-widget-container\">\n\t\t\t<div class=\"page-pakos\">\n<div class=\"modal-wrapper\"><div class=\"modal-under\"><div class=\"head-content\"><h3>STANDARD PAKO<\/h3><p>Ku emri flet p\u00ebr koston, por p\u00ebrfitojn\u00eb jehojn\u00eb p\u00ebrtej imagjinat\u00ebs. E krijuar p\u00ebr ata q\u00eb vler\u00ebsojn\u00eb thjesht\u00ebsin\u00eb dhe prakticitetin, kjo llogari p\u00ebrshtatet me preferencat tuaja unike. N\u00ebse opsioni \"Bli tani paguan m\u00eb von\u00eb\" p\u00ebrputhet me stilin e tij dhe preferon t\u00eb d\u00ebrgosh ose t\u00eb marr\u00ebsh para m\u00eb shum\u00eb, at\u00ebher\u00eb kjo llogari \u00ebsht\u00eb duke u mbajtur p\u00ebr ju. P\u00ebrjetoni nj\u00eb bankare q\u00eb p\u00ebrshtatet me ndihm\u00ebn tuaj, duke e b\u00ebr\u00eb menaxhimin financiar t\u00eb leht\u00eb dhe t\u00eb k\u00ebndsh\u00ebm.     <\/p><h2>0.00 \u20ac <span style=\"font-size:14px!important; font-weight:300\">\/n\u00eb muaj<\/span><\/h2><p>Sh\u00ebrbimet bankare q\u00eb merrni nga llogaria falas:  <\/p>\n<\/div><div class=\"modal-content\"><div class=\"firstModal-col\"><ul class=\"modalChecks\"><li><div class=\"mod-img-title\">\n<img decoding=\"async\" data-lazyloaded=\"1\" src=\"\/wp-content\/uploads\/2023\/07\/sepa.svg\" data-src=\"\/wp-content\/uploads\/2023\/07\/sepa.svg\" alt=\"ibas30\" data-ll-status=\"loaded\" class=\"entered litespeed-loaded\"><div><h5>Numri i llogaris\u00eb bankare britaneze me qasje n\u00eb SEPA (Zon\u00eb e vetme evropiane e pagesave)<\/h5><p>D\u00ebrgoni ose pranoni me leht\u00ebsi para nga mbi 5000 banka brenda Zon\u00ebs Ekonomike Evropiane ose n\u00eb mbar\u00eb bot\u00ebn.<\/p><\/div><\/div><\/li><li><div class=\"mod-img-title\">\n<img decoding=\"async\" data-lazyloaded=\"1\" src=\"\/wp-content\/uploads\/2023\/07\/mbushja_kuletes.svg\" data-src=\"\/wp-content\/uploads\/2023\/07\/mbushja_kuletes.svg\" alt=\"ibas31\" data-ll-status=\"loaded\" class=\"entered litespeed-loaded\"><div><h5>Mbushja E Kulet\u00ebs Tuaj Virtuale Nga T\u00eb Gjitha Bankat Vendase Ose Nd\u00ebrkomb\u00ebtare<\/h5><p>Ju mund t\u00eb mbushni kulet\u00ebn tuaj n\u00eb IBAS direkt nga banka ose p\u00ebrmes kartave Visa ose Mastercard.<\/p><\/div><\/div><\/li><li><div class=\"mod-img-title\">\n<img decoding=\"async\" data-lazyloaded=\"1\" src=\"\/wp-content\/uploads\/2023\/07\/tegjitha_pagesat.svg\" data-src=\"\/wp-content\/uploads\/2023\/07\/tegjitha_pagesat.svg\" alt=\"ibas32\" data-ll-status=\"loaded\" class=\"entered litespeed-loaded\"><div><h5>  T\u00eb Gjitha Pagesat P\u00ebr Institucionet Publike<\/h5><p>Taksat, Gjobat, Regjistrimi i trafikut, Universitetet publike, e t\u00eb tjera.  <\/p><\/div><\/div><p><\/p><\/li><li><div class=\"mod-img-title\">\n<img decoding=\"async\" data-lazyloaded=\"1\" src=\"\/wp-content\/uploads\/2023\/07\/pagesa_utilitare.svg\" data-src=\"\/wp-content\/uploads\/2023\/07\/pagesa_utilitare.svg\" alt=\"ibas33\" data-ll-status=\"loaded\" class=\"entered litespeed-loaded\"><div><h5>Pagesat E Sh\u00ebrbimeve  <\/h5><p>Energjia elektrike, Uji, Mbeturinat, Interneti dhe t\u00eb tjera.  <\/p><\/div><\/div><\/li><li><div class=\"mod-img-title\">\n<img decoding=\"async\" data-lazyloaded=\"1\" src=\"\/wp-content\/uploads\/2023\/07\/terheqja.svg\" data-src=\"\/wp-content\/uploads\/2023\/07\/terheqja.svg\" alt=\"ibas34\" data-ll-status=\"loaded\" class=\"entered litespeed-loaded\"><div><h5>  T\u00ebrheqja E Parave  <\/h5><p>N\u00eb llogarit\u00eb, p\u00ebr partner\u00ebt IBAS, ose p\u00ebr bankat e bankave.  <\/p><\/h5><\/div><\/div><\/li><li><div class=\"mod-img-title\">\n<img decoding=\"async\" data-lazyloaded=\"1\" src=\"\/wp-content\/uploads\/2023\/07\/kredi.svg\" data-src=\"\/wp-content\/uploads\/2023\/07\/kredi.svg\" alt=\"ibas35\" data-ll-status=\"loaded\" class=\"entered litespeed-loaded\"><div><h5>Kredi p\u00ebr pagesa<\/h5><p>Aplikimi p\u00ebr mbit\u00ebrheqje ose kredi falas p\u00ebr t\u00eb leht\u00ebsuar faqet tuaja.  <\/p><\/div><\/div><\/li><\/ul><\/div><div><ul class=\"modalChecks\"><li><div class=\"mod-img-title\">\n<img decoding=\"async\" data-lazyloaded=\"1\" src=\"\/wp-content\/uploads\/2023\/07\/mbiterheqeje.svg\" data-src=\"\/wp-content\/uploads\/2023\/07\/mbiterheqeje.svg\" alt=\"ibas36\" data-ll-status=\"loaded\" class=\"entered litespeed-loaded\"><div><h5>Mbit\u00ebrheqje p\u00ebr pagesa  <\/h5><p>Aplikimi p\u00ebr mbit\u00ebrheqje ose kredi falas p\u00ebr t\u00eb leht\u00ebsuar faqet tuaja.  <\/p><\/div><\/div><\/li><\/ul><\/div><\/div><\/div>\n<div style=\"margin-bottom:20px;\">Faleminderit q\u00eb zgjodh\u00ebt IBAS p\u00ebr ndihm\u00ebn tuaj bankare! Kemi k\u00ebnaq\u00ebsin\u00eb t'ju mir\u00ebpresim n\u00eb udh\u00ebtimin ton\u00eb. N\u00eb vend me rregulloret, ju k\u00ebrkojm\u00eb t\u00eb shqyrtojm\u00eb k\u00ebrkesat n\u00eb ton\u00eb dhe t\u00eb filloj\u00eb procesi KYC\/KYB, i cili \u00ebsht\u00eb nj\u00eb parakusht ligjor p\u00ebr hapjen e nj\u00eb llogarie bankare.    <br><br>  Procesi \u00ebsht\u00eb i drejtp\u00ebrdrejt\u00eb dhe vjen me udh\u00ebzimet e nevojshme.  <br><br>  P\u00ebrjetoni n\u00eb maksimum zgjidhjet e IBAS!  <br><br>  Opsionet e zgjedhura p\u00ebr pajisjet n\u00eb:  <\/div>\n<div class=\"modal-button\">\n<a href=\"https:\/\/ibas.world\/join-ibas\/\" class=\"modal-button\" aria-label=\"IbasLink\">Apliko<\/a><\/div><\/div>\n<\/div>\n\n<style>\n    .page-pakos .modal-wrapper{\n        position:static;\n        transform:none!important;\n        animation:none!important;\n        width:100%!important;\n        max-width:100%!important;\n        max-height:100%!important;\n        overflow:hidden;\n        padding:0;\n    }\n<\/style>\t\t<\/div>\n\t\t\t\t<\/div>\n\t\t\t\t\t<\/div>\n\t\t\t\t<\/div>\n\t\t\t\t<\/div>\n\t\t","protected":false},"excerpt":{"rendered":"<p>STANDARD PAKO Ku emri flet p\u00ebr koston, por p\u00ebrfitojn\u00eb jehojn\u00eb p\u00ebrtej imagjinat\u00ebs. E krijuar p\u00ebr ata q\u00eb vler\u00ebsojn\u00eb thjesht\u00ebsin\u00eb dhe prakticitetin, kjo llogari p\u00ebrshtatet me preferencat tuaja unike. N\u00ebse opsioni &#8220;Bli tani paguan m\u00eb von\u00eb&#8221; p\u00ebrputhet me stilin e tij dhe preferon t\u00eb d\u00ebrgosh ose t\u00eb marr\u00ebsh para m\u00eb shum\u00eb, at\u00ebher\u00eb kjo llogari \u00ebsht\u00eb duke [&hellip;]<\/p>\n","protected":false},"author":54,"featured_media":0,"parent":0,"menu_order":0,"comment_status":"closed","ping_status":"closed","template":"","meta":{"inline_featured_image":false,"footnotes":""},"yoast_head":"<!-- This site is optimized with the Yoast SEO plugin v22.5 - https:\/\/yoast.com\/wordpress\/plugins\/seo\/ -->\r\n<title>STANDARD PAKO - IBAS<\/title>\r\n<meta name=\"robots\" content=\"index, follow, max-snippet:-1, max-image-preview:large, max-video-preview:-1\" \/>\r\n<link rel=\"canonical\" href=\"https:\/\/ibas.world\/sq\/standard-pako\/\" \/>\r\n<meta property=\"og:locale\" content=\"sq_AL\" \/>\r\n<meta property=\"og:type\" content=\"article\" \/>\r\n<meta property=\"og:title\" content=\"STANDARD PAKO - IBAS\" \/>\r\n<meta property=\"og:description\" content=\"STANDARD PAKO Ku emri flet p\u00ebr koston, por p\u00ebrfitojn\u00eb jehojn\u00eb p\u00ebrtej imagjinat\u00ebs. E krijuar p\u00ebr ata q\u00eb vler\u00ebsojn\u00eb thjesht\u00ebsin\u00eb dhe prakticitetin, kjo llogari p\u00ebrshtatet me preferencat tuaja unike. N\u00ebse opsioni &#8220;Bli tani paguan m\u00eb von\u00eb&#8221; p\u00ebrputhet me stilin e tij dhe preferon t\u00eb d\u00ebrgosh ose t\u00eb marr\u00ebsh para m\u00eb shum\u00eb, at\u00ebher\u00eb kjo llogari \u00ebsht\u00eb duke [&hellip;]\" \/>\r\n<meta property=\"og:url\" content=\"https:\/\/ibas.world\/sq\/standard-pako\/\" \/>\r\n<meta property=\"og:site_name\" content=\"IBAS\" \/>\r\n<meta property=\"article:publisher\" content=\"https:\/\/www.facebook.com\/ibas.world\" \/>\r\n<meta property=\"article:modified_time\" content=\"2025-01-20T14:45:03+00:00\" \/>\r\n<meta property=\"og:image\" content=\"https:\/\/ibas.world\/wp-content\/uploads\/2023\/09\/Solutions-we-deliver.png\" \/>\r\n\t<meta property=\"og:image:width\" content=\"1200\" \/>\r\n\t<meta property=\"og:image:height\" content=\"630\" \/>\r\n\t<meta property=\"og:image:type\" content=\"image\/png\" \/>\r\n<meta name=\"twitter:card\" content=\"summary_large_image\" \/>\r\n<meta name=\"twitter:label1\" content=\"Est. reading time\" \/>\n\t<meta name=\"twitter:data1\" content=\"2 minutes\" \/>\r\n<script type=\"application\/ld+json\" class=\"yoast-schema-graph\">{\"@context\":\"https:\/\/schema.org\",\"@graph\":[{\"@type\":\"WebPage\",\"@id\":\"https:\/\/ibas.world\/sq\/standard-pako\/\",\"url\":\"https:\/\/ibas.world\/sq\/standard-pako\/\",\"name\":\"STANDARD PAKO - IBAS\",\"isPartOf\":{\"@id\":\"https:\/\/ibas.world\/sq\/#website\"},\"datePublished\":\"2023-12-19T14:56:03+00:00\",\"dateModified\":\"2025-01-20T14:45:03+00:00\",\"breadcrumb\":{\"@id\":\"https:\/\/ibas.world\/sq\/standard-pako\/#breadcrumb\"},\"inLanguage\":\"sq-AL\",\"potentialAction\":[{\"@type\":\"ReadAction\",\"target\":[\"https:\/\/ibas.world\/sq\/standard-pako\/\"]}]},{\"@type\":\"BreadcrumbList\",\"@id\":\"https:\/\/ibas.world\/sq\/standard-pako\/#breadcrumb\",\"itemListElement\":[{\"@type\":\"ListItem\",\"position\":1,\"name\":\"Home\",\"item\":\"https:\/\/ibas.world\/sq\/\"},{\"@type\":\"ListItem\",\"position\":2,\"name\":\"STANDARD PAKO\"}]},{\"@type\":\"WebSite\",\"@id\":\"https:\/\/ibas.world\/sq\/#website\",\"url\":\"https:\/\/ibas.world\/sq\/\",\"name\":\"IBAS\",\"description\":\"\",\"publisher\":{\"@id\":\"https:\/\/ibas.world\/sq\/#organization\"},\"potentialAction\":[{\"@type\":\"SearchAction\",\"target\":{\"@type\":\"EntryPoint\",\"urlTemplate\":\"https:\/\/ibas.world\/sq\/?s={search_term_string}\"},\"query-input\":\"required name=search_term_string\"}],\"inLanguage\":\"sq-AL\"},{\"@type\":\"Organization\",\"@id\":\"https:\/\/ibas.world\/sq\/#organization\",\"name\":\"IBAS\",\"url\":\"https:\/\/ibas.world\/sq\/\",\"logo\":{\"@type\":\"ImageObject\",\"inLanguage\":\"sq-AL\",\"@id\":\"https:\/\/ibas.world\/sq\/#\/schema\/logo\/image\/\",\"url\":\"https:\/\/ibas.world\/wp-content\/uploads\/2023\/06\/favicon.png\",\"contentUrl\":\"https:\/\/ibas.world\/wp-content\/uploads\/2023\/06\/favicon.png\",\"width\":374,\"height\":340,\"caption\":\"IBAS\"},\"image\":{\"@id\":\"https:\/\/ibas.world\/sq\/#\/schema\/logo\/image\/\"},\"sameAs\":[\"https:\/\/www.facebook.com\/ibas.world\",\"https:\/\/www.instagram.com\/ibas.world\/\",\"https:\/\/in.linkedin.com\/company\/ibas-world\"]}]}<\/script>\r\n<!-- \/ Yoast SEO plugin. -->","yoast_head_json":{"title":"STANDARD PAKO - IBAS","robots":{"index":"index","follow":"follow","max-snippet":"max-snippet:-1","max-image-preview":"max-image-preview:large","max-video-preview":"max-video-preview:-1"},"canonical":"https:\/\/ibas.world\/sq\/standard-pako\/","og_locale":"sq_AL","og_type":"article","og_title":"STANDARD PAKO - IBAS","og_description":"STANDARD PAKO Ku emri flet p\u00ebr koston, por p\u00ebrfitojn\u00eb jehojn\u00eb p\u00ebrtej imagjinat\u00ebs. E krijuar p\u00ebr ata q\u00eb vler\u00ebsojn\u00eb thjesht\u00ebsin\u00eb dhe prakticitetin, kjo llogari p\u00ebrshtatet me preferencat tuaja unike. N\u00ebse opsioni &#8220;Bli tani paguan m\u00eb von\u00eb&#8221; p\u00ebrputhet me stilin e tij dhe preferon t\u00eb d\u00ebrgosh ose t\u00eb marr\u00ebsh para m\u00eb shum\u00eb, at\u00ebher\u00eb kjo llogari \u00ebsht\u00eb duke [&hellip;]","og_url":"https:\/\/ibas.world\/sq\/standard-pako\/","og_site_name":"IBAS","article_publisher":"https:\/\/www.facebook.com\/ibas.world","article_modified_time":"2025-01-20T14:45:03+00:00","og_image":[{"width":1200,"height":630,"url":"https:\/\/ibas.world\/wp-content\/uploads\/2023\/09\/Solutions-we-deliver.png","type":"image\/png"}],"twitter_card":"summary_large_image","twitter_misc":{"Est. reading time":"2 minutes"},"schema":{"@context":"https:\/\/schema.org","@graph":[{"@type":"WebPage","@id":"https:\/\/ibas.world\/sq\/standard-pako\/","url":"https:\/\/ibas.world\/sq\/standard-pako\/","name":"STANDARD PAKO - IBAS","isPartOf":{"@id":"https:\/\/ibas.world\/sq\/#website"},"datePublished":"2023-12-19T14:56:03+00:00","dateModified":"2025-01-20T14:45:03+00:00","breadcrumb":{"@id":"https:\/\/ibas.world\/sq\/standard-pako\/#breadcrumb"},"inLanguage":"sq-AL","potentialAction":[{"@type":"ReadAction","target":["https:\/\/ibas.world\/sq\/standard-pako\/"]}]},{"@type":"BreadcrumbList","@id":"https:\/\/ibas.world\/sq\/standard-pako\/#breadcrumb","itemListElement":[{"@type":"ListItem","position":1,"name":"Home","item":"https:\/\/ibas.world\/sq\/"},{"@type":"ListItem","position":2,"name":"STANDARD PAKO"}]},{"@type":"WebSite","@id":"https:\/\/ibas.world\/sq\/#website","url":"https:\/\/ibas.world\/sq\/","name":"IBAS","description":"","publisher":{"@id":"https:\/\/ibas.world\/sq\/#organization"},"potentialAction":[{"@type":"SearchAction","target":{"@type":"EntryPoint","urlTemplate":"https:\/\/ibas.world\/sq\/?s={search_term_string}"},"query-input":"required name=search_term_string"}],"inLanguage":"sq-AL"},{"@type":"Organization","@id":"https:\/\/ibas.world\/sq\/#organization","name":"IBAS","url":"https:\/\/ibas.world\/sq\/","logo":{"@type":"ImageObject","inLanguage":"sq-AL","@id":"https:\/\/ibas.world\/sq\/#\/schema\/logo\/image\/","url":"https:\/\/ibas.world\/wp-content\/uploads\/2023\/06\/favicon.png","contentUrl":"https:\/\/ibas.world\/wp-content\/uploads\/2023\/06\/favicon.png","width":374,"height":340,"caption":"IBAS"},"image":{"@id":"https:\/\/ibas.world\/sq\/#\/schema\/logo\/image\/"},"sameAs":["https:\/\/www.facebook.com\/ibas.world","https:\/\/www.instagram.com\/ibas.world\/","https:\/\/in.linkedin.com\/company\/ibas-world"]}]}},"_links":{"self":[{"href":"https:\/\/ibas.world\/sq\/wp-json\/wp\/v2\/pages\/5214"}],"collection":[{"href":"https:\/\/ibas.world\/sq\/wp-json\/wp\/v2\/pages"}],"about":[{"href":"https:\/\/ibas.world\/sq\/wp-json\/wp\/v2\/types\/page"}],"author":[{"embeddable":true,"href":"https:\/\/ibas.world\/sq\/wp-json\/wp\/v2\/users\/54"}],"replies":[{"embeddable":true,"href":"https:\/\/ibas.world\/sq\/wp-json\/wp\/v2\/comments?post=5214"}],"version-history":[{"count":3,"href":"https:\/\/ibas.world\/sq\/wp-json\/wp\/v2\/pages\/5214\/revisions"}],"predecessor-version":[{"id":5656,"href":"https:\/\/ibas.world\/sq\/wp-json\/wp\/v2\/pages\/5214\/revisions\/5656"}],"wp:attachment":[{"href":"https:\/\/ibas.world\/sq\/wp-json\/wp\/v2\/media?parent=5214"}],"curies":[{"name":"wp","href":"https:\/\/api.w.org\/{rel}","templated":true}]}}