{"id":5221,"date":"2023-09-10T22:42:42","date_gmt":"2023-09-10T22:42:42","guid":{"rendered":"https:\/\/ibas.world\/stafi-edge\/"},"modified":"2024-12-31T09:28:13","modified_gmt":"2024-12-31T09:28:13","slug":"stafi-edge","status":"publish","type":"page","link":"https:\/\/ibas.world\/sq\/stafi-edge\/","title":{"rendered":"Stafi Edge"},"content":{"rendered":"\t\t<div data-elementor-type=\"wp-page\" data-elementor-id=\"5221\" class=\"elementor elementor-5221 elementor-3224\">\n\t\t\t\t<div class=\"elementor-element elementor-element-7688c56 e-flex e-con-boxed e-con e-parent\" data-id=\"7688c56\" data-element_type=\"container\">\n\t\t\t\t\t<div class=\"e-con-inner\">\n\t\t\t\t<div class=\"elementor-element elementor-element-4d74569 elementor-widget elementor-widget-html\" data-id=\"4d74569\" data-element_type=\"widget\" data-widget_type=\"html.default\">\n\t\t\t\t<div class=\"elementor-widget-container\">\n\t\t\t<h1 class=\"black0f0\">Stafi i skajit<\/h1>\t\t<\/div>\n\t\t\t\t<\/div>\n\t\t\t\t\t<\/div>\n\t\t\t\t<\/div>\n\t\t<div class=\"elementor-element elementor-element-ea5f964 e-flex e-con-boxed e-con e-parent\" data-id=\"ea5f964\" data-element_type=\"container\">\n\t\t\t\t\t<div class=\"e-con-inner\">\n\t\t\t\t<div class=\"elementor-element elementor-element-b201a75 elementor-widget elementor-widget-html\" data-id=\"b201a75\" data-element_type=\"widget\" data-widget_type=\"html.default\">\n\t\t\t\t<div class=\"elementor-widget-container\">\n\t\t\t<div class=\"ibasEkipa\">\n    <!--ekipa ibas-->\n    <div class=\"ekipa-titles\">\n    \n    <div>\n        <p class=\"black0f0 parag\" style=\"padding-bottom:0!important\">Themelues<\/p>\n    <\/div>\n    <div>\n        <p class=\"black0f0 parag\" style=\"padding-bottom:0!important\">an\u00ebtar bordi<\/p>\n    <\/div>\n    <div>\n        <p class=\"black0f0 parag\" style=\"padding-bottom:0!important\">Ekipi Menaxhues<\/p>\n    <\/div>\n    <\/div>\n    <div class=\"ekipa-wrapper\">\n    <div class=\"ekipa-under\">\n        <div>\n            <img decoding=\"async\" src=\"\/wp-content\/uploads\/2023\/09\/Gazmend.jpg\" alt=\"ibas13\">\n        <\/div>\n        <div class=\"bAf\">\n            <h5>Gazmend Selmani<\/h5>\n            <p>Themeluesi dhe Arkitekti i zgjidhjes<\/p>\n        <\/div>\n    <\/div>\n    <div class=\"ekipa-under\">\n        <div>\n            <img decoding=\"async\" src=\"\/wp-content\/uploads\/2023\/09\/verona.jpg\" alt=\"ibas14\">\n        <\/div>\n        <div>\n            <h5 class=\"blAf\">Verona Selmani<\/h5>\n            <p>An\u00ebtar Bordi<\/p>\n        <\/div>\n    <\/div>\n    <div class=\"ekipa-under\">\n        <div>\n            <img decoding=\"async\" src=\"\/wp-content\/uploads\/2023\/09\/a8d26b51-cc15-4415-bf95-b688eac40a5d-1.jpg\" alt=\"ibas15\">\n        <\/div>\n        <div>\n            <h5 class=\"blAf\">Rizvan Rexhaj<\/h5>\n            <p>An\u00ebtar i Bordit dhe Kryetar i Komitetit t\u00eb Riskut dhe Auditimit<\/p>\n        <\/div>\n    <\/div>\n    <div class=\"ekipa-under\">\n        <div>\n            <img decoding=\"async\" src=\"\/wp-content\/uploads\/2023\/09\/20230911_143121_0000.png\" alt=\"ibas16\">\n        <\/div>\n        <div>\n            <h5 class=\"blAf\">\n  Paul Wild  \n            <\/h5>\n            <p>Konsulenti i Bordit<\/p>\n        <\/div>\n    <\/div>\n    <div class=\"ekipa-under\">\n        <div>\n            <img decoding=\"async\" src=\"\/wp-content\/uploads\/2023\/07\/Mask-Group-5-1.webp\" alt=\"ibas17\">\n        <\/div>\n        <div>\n            <h5>Muhamet Hajdari<\/h5>\n            <p>Kryeshefi Ekzekutiv<\/p>\n        <\/div>\n    <\/div>\n    <div class=\"ekipa-under\">\n        <div>\n            <img decoding=\"async\" src=\"\/wp-content\/uploads\/2023\/07\/Mask-Group-6.webp\" alt=\"ibas18\">\n        <\/div>\n        <div>\n            <h5>Ylli Qarkaxhiu<\/h5>\n            <p>Shefi i Teknologjis\u00eb<\/p>\n        <\/div>\n    <\/div>\n    <div class=\"ekipa-under\">\n        <div>\n            <img decoding=\"async\" src=\"\/wp-content\/uploads\/2023\/09\/kushtrimi-01-08-2-1.png\" alt=\"ibas19\">\n        <\/div>\n        <div>\n            <h5>Kushtrim Morina<\/h5>\n            <p>Zyrtari Kryesor Financiar<\/p>\n        <\/div>\n    <\/div>\n    <div class=\"ekipa-under\">\n        <div>\n            <img decoding=\"async\" src=\"\/wp-content\/uploads\/2023\/07\/Mask-Group-11-1.webp\" alt=\"ibas20\">\n        <\/div>\n        <div>\n            <h5>Ilir Demolli<\/h5>\n            <p>Shefi i Shitjeve<\/p>\n        <\/div>\n    <\/div>\n    <div class=\"ekipa-under\">\n        <div>\n            <img decoding=\"async\" src=\"\/wp-content\/uploads\/2023\/07\/Mask-Group-13-1.webp\" alt=\"ibas21\">\n        <\/div>\n        <div>\n            <h5>Myrvete Haxholli<\/h5>\n            <p>Shef i Kapitalit Njer\u00ebzor dhe CRM<\/p>\n        <\/div>\n    <\/div>\n    <div class=\"ekipa-under\">\n        <div>\n            <img decoding=\"async\" src=\"\/wp-content\/uploads\/2023\/07\/Mask-Group-12-1.webp\" alt=\"ibas22\">\n        <\/div>\n        <div>\n            <h5>Ilir Berisha<\/h5>\n            <p>Drejtor i Departamentit Ligjor<\/p>\n        <\/div>\n    <\/div>\n    <div class=\"ekipa-under\">\n        <div>\n            <img decoding=\"async\" src=\"\/wp-content\/uploads\/2023\/09\/363338984_782861537180955_616416350203248300_n.jpg\" alt=\"ibas23\">\n        <\/div>\n        <div>\n            <h5>Alma Selmani<\/h5>\n            <p>Shef i Departamentit t\u00eb RREZIKUT<\/p>\n        <\/div>\n        <\/div>\n        <div class=\"ekipa-under\">\n            <div>\n                <img decoding=\"async\" src=\"\/wp-content\/uploads\/2023\/09\/arta.jpeg\" alt=\"ibas24\">\n            <\/div>\n            <div>\n                <h5>Arta Pireva<\/h5>\n                <p>Ekspert i jasht\u00ebm i RREZIKUT dhe Komitetit t\u00eb Auditimit<\/p>\n            <\/div>\n        <\/div>\n        <div class=\"ekipa-under\">\n            <div>\n                <img decoding=\"async\" src=\"\/wp-content\/uploads\/2023\/09\/oleandra-1.png\" alt=\"ibas25\">\n            <\/div>\n            <div>\n                <h5>\n  Oleandra Seremi\n                <\/h5>\n                <p>Shefi i Marketingut<\/p>\n            <\/div>\n        <\/div>\n    <div class=\"ekipa-under\">\n        <div>\n            <img decoding=\"async\" src=\"\/wp-content\/uploads\/2023\/07\/Mask-Group-7.webp\" alt=\"ibas26\">\n        <\/div>\n        <div>\n            <h5>P\u00ebrparim Zejnullahu<\/h5>\n            <p>Udh\u00ebheq\u00ebsi i ekipit<\/p>\n        <\/div>\n    <\/div>\n    \n    <div class=\"ekipa-under\">\n        <div>\n            <img decoding=\"async\" src=\"\/wp-content\/uploads\/2023\/09\/362631345_782000087267100_1656412220783101848_n-1.jpg\" alt=\"ibas27\">\n        <\/div>\n        <div>\n            <h5>Albana Meqa<\/h5>\n            <p>Z\u00ebvend\u00ebs Kryeshefi Financiar dhe Operativ<\/p>\n        <\/div>\n    <\/div>\n    <div class=\"ekipa-under\">\n        <div>\n            <img decoding=\"async\" src=\"\/wp-content\/uploads\/2023\/07\/Mask-Group-19.webp\" alt=\"ibas28\">\n        <\/div>\n        <div>\n            <h5>Safet Deliu<\/h5>\n            <p>Zyrtar p\u00ebr Mbrojtjen e t\u00eb Dh\u00ebnave<\/p>\n        <\/div>\n        <\/div>\n        <div class=\"ekipa-under\">\n        <div>\n            <img decoding=\"async\" src=\"\/wp-content\/uploads\/2023\/07\/Mask-Group-15.webp\" alt=\"ibas29\">\n        <\/div>\n        <div>\n            <h5>F\u00ebll\u00ebnza Smakolli<\/h5>\n            <p>P\u00ebrfaq\u00ebsuesi i Shitjeve NVM<\/p>\n        <\/div>\n    <\/div>\n    <!--<div class=\"ekipa-under\">-->\n    <!-- <div>-->\n    <!-- <img decoding=\"async\" src=\"\/wp-content\/uploads\/2023\/07\/Mask-Group-10.webp\">-->\n    <!-- <\/div>-->\n    <!-- <div>-->\n    <!-- <h5>Sherife K\u00e7iku\u2013Vishaj<\/h5>-->\n    <!-- <p>Director of Public Relations and Marketing<\/p>-->\n    <!-- <\/div>-->\n    <!--<\/div>-->\n    \n\n    \n    \n    <div class=\"ekipa-under\">\n        <div>\n            <img decoding=\"async\" src=\"\/wp-content\/uploads\/2023\/07\/Mask-Group-14.webp\" alt=\"ibas30\">\n        <\/div>\n        <div>\n            <h5>Arbri Gashi<\/h5>\n            <p>Specialist i shitjeve<\/p>\n        <\/div>\n    <\/div>\n    \n    <div class=\"ekipa-under\">\n        <div>\n            <img decoding=\"async\" src=\"\/wp-content\/uploads\/2023\/09\/dren.webp\" alt=\"ibas31\">\n        <\/div>\n        <div>\n            <h5>Dren Gjakov\u00eb<\/h5>\n            <p>Menaxher i llogaris\u00eb s\u00eb biznesit p\u00ebr rajonin e Dukagjinit<\/p>\n        <\/div>\n    <\/div>\n    <div class=\"ekipa-under\">\n        <div>\n            <img decoding=\"async\" src=\"\/wp-content\/uploads\/2023\/09\/gezime-1.png\" alt=\"ibas32\">\n        <\/div>\n        <div>\n            <h5>\n  G\u00ebzime Kastrati  \n            <\/h5>\n            <p>Oficeri i RREZIKUT<\/p>\n        <\/div>\n    <\/div>\n    <div class=\"ekipa-under\">\n        <div>\n            <img decoding=\"async\" src=\"\/wp-content\/uploads\/2023\/09\/valbona-1.png\" alt=\"ibas33\">\n        <\/div>\n        <div>\n            <h5>\n  Valbona Gjoci\n            <\/h5>\n            <p>Oficeri i RREZIKUT<\/p>\n        <\/div>\n    <\/div>\n    <div class=\"ekipa-under\">\n        <div>\n            <img decoding=\"async\" src=\"\/wp-content\/uploads\/2023\/09\/adriatik-1.png\" alt=\"ibas34\">\n        <\/div>\n        <div>\n            <h5>Adriatik Qeli<\/h5>\n            <p>P\u00ebrfaq\u00ebsues i Shitjes n\u00eb Ferizaj<\/p>\n        <\/div>\n    <\/div>\n        <div class=\"ekipa-under\">\n        <div>\n            <img decoding=\"async\" src=\"\/wp-content\/uploads\/2023\/07\/Mask-Group-20.webp\" alt=\"ibas35\">\n        <\/div>\n        <div>\n            <h5>Aurora Selimi<\/h5>\n            <p>Sh\u00ebrbimi ndaj klientit<\/p>\n        <\/div>\n    <\/div>\n        <div class=\"ekipa-under\">\n            <div>\n                <img decoding=\"async\" src=\"\/wp-content\/uploads\/2023\/09\/erlind-1.jpeg\" alt=\"ibas36\">\n            <\/div>\n            <div>\n                <h5>Erlind Fazliu<\/h5>\n                <p>Oficeri i grumbullimit<\/p>\n            <\/div>\n        <\/div>\n        <div class=\"ekipa-under\">\n        <div>\n            <img decoding=\"async\" src=\"\/wp-content\/uploads\/2023\/09\/anita.jpeg\" alt=\"ibas37\">\n        <\/div>\n        <div>\n            <h5>\n  Anita Zogaj\n            <\/h5>\n            <p>Oficeri i Mb\u00ebshtetjes s\u00eb Klientit<\/p>\n        <\/div>\n    <\/div>\n        <div class=\"ekipa-under\">\n            <div>\n                <img decoding=\"async\" src=\"\/wp-content\/uploads\/2023\/09\/drenkras-1.png\" alt=\"ibas38\">\n            <\/div>\n            <div>\n            <h5>\n  Dren Krasniqi\n            <\/h5>\n            <p>Dizajner i lart\u00eb grafik<\/p>\n            <\/div>\n                \n        <\/div>\n        <div class=\"ekipa-under\">\n            <div>\n                <img decoding=\"async\" src=\"\/wp-content\/uploads\/2023\/09\/Ibadete-IBAS-1-3.webp\" alt=\"ibas39\">\n            <\/div>\n            <div>\n                <h5>Ibadete Kozmaqi<\/h5>\n                <p>Specialist i shitjeve dhe zhvillimit<\/p>\n            <\/div>\n        <\/div>\n        \n        \n    \n<\/div>\n    \n    <!--ekipa ibas-->\n    \n<\/div>\t\t<\/div>\n\t\t\t\t<\/div>\n\t\t\t\t\t<\/div>\n\t\t\t\t<\/div>\n\t\t\t\t<\/div>\n\t\t","protected":false},"excerpt":{"rendered":"<p>Stafi i skajit Themelues an\u00ebtar bordi Ekipi Menaxhues Gazmend Selmani Themeluesi dhe Arkitekti i zgjidhjes Verona Selmani An\u00ebtar Bordi Rizvan Rexhaj An\u00ebtar i Bordit dhe Kryetar i Komitetit t\u00eb Riskut dhe Auditimit Paul Wild Konsulenti i Bordit Muhamet Hajdari Kryeshefi Ekzekutiv Ylli Qarkaxhiu Shefi i Teknologjis\u00eb Kushtrim Morina Zyrtari Kryesor Financiar Ilir Demolli Shefi i [&hellip;]<\/p>\n","protected":false},"author":54,"featured_media":4995,"parent":0,"menu_order":0,"comment_status":"closed","ping_status":"closed","template":"","meta":{"inline_featured_image":false,"footnotes":""},"yoast_head":"<!-- This site is optimized with the Yoast SEO plugin v22.5 - https:\/\/yoast.com\/wordpress\/plugins\/seo\/ -->\r\n<title>Stafi Edge - IBAS<\/title>\r\n<meta name=\"description\" content=\"N\u00eb IBAS, ne besojm\u00eb fuqimisht se arritjet tona jan\u00eb produkt i dy komponent\u00ebve thelb\u00ebsor\u00eb: individ\u00ebve tan\u00eb t\u00eb jasht\u00ebzakonsh\u00ebm dhe...\" \/>\r\n<meta name=\"robots\" content=\"index, follow, max-snippet:-1, max-image-preview:large, max-video-preview:-1\" \/>\r\n<link rel=\"canonical\" href=\"https:\/\/ibas.world\/sq\/stafi-edge\/\" \/>\r\n<meta property=\"og:locale\" content=\"sq_AL\" \/>\r\n<meta property=\"og:type\" content=\"article\" \/>\r\n<meta property=\"og:title\" content=\"Stafi Edge - IBAS\" \/>\r\n<meta property=\"og:description\" content=\"N\u00eb IBAS, ne besojm\u00eb fuqimisht se arritjet tona jan\u00eb produkt i dy komponent\u00ebve thelb\u00ebsor\u00eb: individ\u00ebve tan\u00eb t\u00eb jasht\u00ebzakonsh\u00ebm dhe...\" \/>\r\n<meta property=\"og:url\" content=\"https:\/\/ibas.world\/sq\/stafi-edge\/\" \/>\r\n<meta property=\"og:site_name\" content=\"IBAS\" \/>\r\n<meta property=\"article:publisher\" content=\"https:\/\/www.facebook.com\/ibas.world\" \/>\r\n<meta property=\"article:modified_time\" content=\"2024-12-31T09:28:13+00:00\" \/>\r\n<meta property=\"og:image\" content=\"https:\/\/ibas.world\/wp-content\/uploads\/2023\/09\/Solutions-we-deliver.png\" \/>\r\n\t<meta property=\"og:image:width\" content=\"1200\" \/>\r\n\t<meta property=\"og:image:height\" content=\"630\" \/>\r\n\t<meta property=\"og:image:type\" content=\"image\/png\" \/>\r\n<meta name=\"twitter:card\" content=\"summary_large_image\" \/>\r\n<meta name=\"twitter:label1\" content=\"Est. reading time\" \/>\n\t<meta name=\"twitter:data1\" content=\"1 minute\" \/>\r\n<script type=\"application\/ld+json\" class=\"yoast-schema-graph\">{\"@context\":\"https:\/\/schema.org\",\"@graph\":[{\"@type\":\"WebPage\",\"@id\":\"https:\/\/ibas.world\/sq\/stafi-edge\/\",\"url\":\"https:\/\/ibas.world\/sq\/stafi-edge\/\",\"name\":\"Stafi Edge - IBAS\",\"isPartOf\":{\"@id\":\"https:\/\/ibas.world\/sq\/#website\"},\"primaryImageOfPage\":{\"@id\":\"https:\/\/ibas.world\/sq\/stafi-edge\/#primaryimage\"},\"image\":{\"@id\":\"https:\/\/ibas.world\/sq\/stafi-edge\/#primaryimage\"},\"thumbnailUrl\":\"https:\/\/ibas.world\/wp-content\/uploads\/2023\/09\/Solutions-we-deliver.png\",\"datePublished\":\"2023-09-10T22:42:42+00:00\",\"dateModified\":\"2024-12-31T09:28:13+00:00\",\"description\":\"N\u00eb IBAS, ne besojm\u00eb fuqimisht se arritjet tona jan\u00eb produkt i dy komponent\u00ebve thelb\u00ebsor\u00eb: individ\u00ebve tan\u00eb t\u00eb jasht\u00ebzakonsh\u00ebm dhe...\",\"breadcrumb\":{\"@id\":\"https:\/\/ibas.world\/sq\/stafi-edge\/#breadcrumb\"},\"inLanguage\":\"sq-AL\",\"potentialAction\":[{\"@type\":\"ReadAction\",\"target\":[\"https:\/\/ibas.world\/sq\/stafi-edge\/\"]}]},{\"@type\":\"ImageObject\",\"inLanguage\":\"sq-AL\",\"@id\":\"https:\/\/ibas.world\/sq\/stafi-edge\/#primaryimage\",\"url\":\"https:\/\/ibas.world\/wp-content\/uploads\/2023\/09\/Solutions-we-deliver.png\",\"contentUrl\":\"https:\/\/ibas.world\/wp-content\/uploads\/2023\/09\/Solutions-we-deliver.png\",\"width\":1200,\"height\":630},{\"@type\":\"BreadcrumbList\",\"@id\":\"https:\/\/ibas.world\/sq\/stafi-edge\/#breadcrumb\",\"itemListElement\":[{\"@type\":\"ListItem\",\"position\":1,\"name\":\"Home\",\"item\":\"https:\/\/ibas.world\/sq\/\"},{\"@type\":\"ListItem\",\"position\":2,\"name\":\"Stafi Edge\"}]},{\"@type\":\"WebSite\",\"@id\":\"https:\/\/ibas.world\/sq\/#website\",\"url\":\"https:\/\/ibas.world\/sq\/\",\"name\":\"IBAS\",\"description\":\"\",\"publisher\":{\"@id\":\"https:\/\/ibas.world\/sq\/#organization\"},\"potentialAction\":[{\"@type\":\"SearchAction\",\"target\":{\"@type\":\"EntryPoint\",\"urlTemplate\":\"https:\/\/ibas.world\/sq\/?s={search_term_string}\"},\"query-input\":\"required name=search_term_string\"}],\"inLanguage\":\"sq-AL\"},{\"@type\":\"Organization\",\"@id\":\"https:\/\/ibas.world\/sq\/#organization\",\"name\":\"IBAS\",\"url\":\"https:\/\/ibas.world\/sq\/\",\"logo\":{\"@type\":\"ImageObject\",\"inLanguage\":\"sq-AL\",\"@id\":\"https:\/\/ibas.world\/sq\/#\/schema\/logo\/image\/\",\"url\":\"https:\/\/ibas.world\/wp-content\/uploads\/2023\/06\/favicon.png\",\"contentUrl\":\"https:\/\/ibas.world\/wp-content\/uploads\/2023\/06\/favicon.png\",\"width\":374,\"height\":340,\"caption\":\"IBAS\"},\"image\":{\"@id\":\"https:\/\/ibas.world\/sq\/#\/schema\/logo\/image\/\"},\"sameAs\":[\"https:\/\/www.facebook.com\/ibas.world\",\"https:\/\/www.instagram.com\/ibas.world\/\",\"https:\/\/in.linkedin.com\/company\/ibas-world\"]}]}<\/script>\r\n<!-- \/ Yoast SEO plugin. -->","yoast_head_json":{"title":"Stafi Edge - IBAS","description":"N\u00eb IBAS, ne besojm\u00eb fuqimisht se arritjet tona jan\u00eb produkt i dy komponent\u00ebve thelb\u00ebsor\u00eb: individ\u00ebve tan\u00eb t\u00eb jasht\u00ebzakonsh\u00ebm dhe...","robots":{"index":"index","follow":"follow","max-snippet":"max-snippet:-1","max-image-preview":"max-image-preview:large","max-video-preview":"max-video-preview:-1"},"canonical":"https:\/\/ibas.world\/sq\/stafi-edge\/","og_locale":"sq_AL","og_type":"article","og_title":"Stafi Edge - IBAS","og_description":"N\u00eb IBAS, ne besojm\u00eb fuqimisht se arritjet tona jan\u00eb produkt i dy komponent\u00ebve thelb\u00ebsor\u00eb: individ\u00ebve tan\u00eb t\u00eb jasht\u00ebzakonsh\u00ebm dhe...","og_url":"https:\/\/ibas.world\/sq\/stafi-edge\/","og_site_name":"IBAS","article_publisher":"https:\/\/www.facebook.com\/ibas.world","article_modified_time":"2024-12-31T09:28:13+00:00","og_image":[{"width":1200,"height":630,"url":"https:\/\/ibas.world\/wp-content\/uploads\/2023\/09\/Solutions-we-deliver.png","type":"image\/png"}],"twitter_card":"summary_large_image","twitter_misc":{"Est. reading time":"1 minute"},"schema":{"@context":"https:\/\/schema.org","@graph":[{"@type":"WebPage","@id":"https:\/\/ibas.world\/sq\/stafi-edge\/","url":"https:\/\/ibas.world\/sq\/stafi-edge\/","name":"Stafi Edge - IBAS","isPartOf":{"@id":"https:\/\/ibas.world\/sq\/#website"},"primaryImageOfPage":{"@id":"https:\/\/ibas.world\/sq\/stafi-edge\/#primaryimage"},"image":{"@id":"https:\/\/ibas.world\/sq\/stafi-edge\/#primaryimage"},"thumbnailUrl":"https:\/\/ibas.world\/wp-content\/uploads\/2023\/09\/Solutions-we-deliver.png","datePublished":"2023-09-10T22:42:42+00:00","dateModified":"2024-12-31T09:28:13+00:00","description":"N\u00eb IBAS, ne besojm\u00eb fuqimisht se arritjet tona jan\u00eb produkt i dy komponent\u00ebve thelb\u00ebsor\u00eb: individ\u00ebve tan\u00eb t\u00eb jasht\u00ebzakonsh\u00ebm dhe...","breadcrumb":{"@id":"https:\/\/ibas.world\/sq\/stafi-edge\/#breadcrumb"},"inLanguage":"sq-AL","potentialAction":[{"@type":"ReadAction","target":["https:\/\/ibas.world\/sq\/stafi-edge\/"]}]},{"@type":"ImageObject","inLanguage":"sq-AL","@id":"https:\/\/ibas.world\/sq\/stafi-edge\/#primaryimage","url":"https:\/\/ibas.world\/wp-content\/uploads\/2023\/09\/Solutions-we-deliver.png","contentUrl":"https:\/\/ibas.world\/wp-content\/uploads\/2023\/09\/Solutions-we-deliver.png","width":1200,"height":630},{"@type":"BreadcrumbList","@id":"https:\/\/ibas.world\/sq\/stafi-edge\/#breadcrumb","itemListElement":[{"@type":"ListItem","position":1,"name":"Home","item":"https:\/\/ibas.world\/sq\/"},{"@type":"ListItem","position":2,"name":"Stafi Edge"}]},{"@type":"WebSite","@id":"https:\/\/ibas.world\/sq\/#website","url":"https:\/\/ibas.world\/sq\/","name":"IBAS","description":"","publisher":{"@id":"https:\/\/ibas.world\/sq\/#organization"},"potentialAction":[{"@type":"SearchAction","target":{"@type":"EntryPoint","urlTemplate":"https:\/\/ibas.world\/sq\/?s={search_term_string}"},"query-input":"required name=search_term_string"}],"inLanguage":"sq-AL"},{"@type":"Organization","@id":"https:\/\/ibas.world\/sq\/#organization","name":"IBAS","url":"https:\/\/ibas.world\/sq\/","logo":{"@type":"ImageObject","inLanguage":"sq-AL","@id":"https:\/\/ibas.world\/sq\/#\/schema\/logo\/image\/","url":"https:\/\/ibas.world\/wp-content\/uploads\/2023\/06\/favicon.png","contentUrl":"https:\/\/ibas.world\/wp-content\/uploads\/2023\/06\/favicon.png","width":374,"height":340,"caption":"IBAS"},"image":{"@id":"https:\/\/ibas.world\/sq\/#\/schema\/logo\/image\/"},"sameAs":["https:\/\/www.facebook.com\/ibas.world","https:\/\/www.instagram.com\/ibas.world\/","https:\/\/in.linkedin.com\/company\/ibas-world"]}]}},"_links":{"self":[{"href":"https:\/\/ibas.world\/sq\/wp-json\/wp\/v2\/pages\/5221"}],"collection":[{"href":"https:\/\/ibas.world\/sq\/wp-json\/wp\/v2\/pages"}],"about":[{"href":"https:\/\/ibas.world\/sq\/wp-json\/wp\/v2\/types\/page"}],"author":[{"embeddable":true,"href":"https:\/\/ibas.world\/sq\/wp-json\/wp\/v2\/users\/54"}],"replies":[{"embeddable":true,"href":"https:\/\/ibas.world\/sq\/wp-json\/wp\/v2\/comments?post=5221"}],"version-history":[{"count":2,"href":"https:\/\/ibas.world\/sq\/wp-json\/wp\/v2\/pages\/5221\/revisions"}],"predecessor-version":[{"id":5224,"href":"https:\/\/ibas.world\/sq\/wp-json\/wp\/v2\/pages\/5221\/revisions\/5224"}],"wp:featuredmedia":[{"embeddable":true,"href":"https:\/\/ibas.world\/sq\/wp-json\/wp\/v2\/media\/4995"}],"wp:attachment":[{"href":"https:\/\/ibas.world\/sq\/wp-json\/wp\/v2\/media?parent=5221"}],"curies":[{"name":"wp","href":"https:\/\/api.w.org\/{rel}","templated":true}]}}