{"id":5225,"date":"2023-12-08T13:40:42","date_gmt":"2023-12-08T13:40:42","guid":{"rendered":"https:\/\/ibas.world\/mbroni-veten-nga-mashtrimet-dhe-mashtrimet\/"},"modified":"2024-12-31T09:28:11","modified_gmt":"2024-12-31T09:28:11","slug":"mbroni-veten-nga-mashtrimet-dhe-mashtrimet","status":"publish","type":"page","link":"https:\/\/ibas.world\/sq\/mbroni-veten-nga-mashtrimet-dhe-mashtrimet\/","title":{"rendered":"Mbroni veten nga mashtrimet dhe mashtrimet"},"content":{"rendered":"\t\t<div data-elementor-type=\"wp-page\" data-elementor-id=\"5225\" class=\"elementor elementor-5225 elementor-3637\">\n\t\t\t\t<div class=\"elementor-element elementor-element-1e3c7fc e-flex e-con-boxed e-con e-parent\" data-id=\"1e3c7fc\" data-element_type=\"container\">\n\t\t\t\t\t<div class=\"e-con-inner\">\n\t\t\t\t<div class=\"elementor-element elementor-element-59f1431 elementor-widget elementor-widget-html\" data-id=\"59f1431\" data-element_type=\"widget\" data-widget_type=\"html.default\">\n\t\t\t\t<div class=\"elementor-widget-container\">\n\t\t\t<h1 class=\"h1-main\">Mbroni veten nga mashtrimet dhe mashtrimet<\/h1>\n<p>N\u00eb IBAS, ne e marrim shum\u00eb seriozisht sigurin\u00eb tuaj. Kjo \u00ebsht\u00eb arsyeja pse ne kemi zbatuar nivelin m\u00eb t\u00eb lart\u00eb t\u00eb mbrojtjes n\u00eb platform\u00ebn ton\u00eb. P\u00ebrdorimi yn\u00eb i Autentifikimit t\u00eb fort\u00eb t\u00eb klientit (SCA) i p\u00ebrmbahet Direktiv\u00ebs Evropiane t\u00eb Sh\u00ebrbimit t\u00eb Pagesave 2, duke siguruar siguri m\u00eb t\u00eb madhe p\u00ebr transaksionet tuaja. Ne p\u00ebrdorim gjithashtu teknologjin\u00eb m\u00eb t\u00eb fundit t\u00eb enkriptimit p\u00ebr t\u00eb mbrojtur t\u00eb gjitha t\u00eb dh\u00ebnat tuaja t\u00eb ndjeshme.     <br><br>  P\u00ebr t\u00eb rritur m\u00eb tej besueshm\u00ebrin\u00eb, ne operojm\u00eb nga tre qendra t\u00eb ndryshme nd\u00ebrkomb\u00ebtare t\u00eb t\u00eb dh\u00ebnave, secila e vler\u00ebsuar si sh\u00ebrbim i nivelit 4, duke ofruar tepric\u00eb dhe duke siguruar disponueshm\u00ebri t\u00eb vazhdueshme.  <br><br>  Me IBAS, ju mund t\u00eb keni besim t\u00eb plot\u00eb se informacioni juaj financiar \u00ebsht\u00eb n\u00eb duar t\u00eb sigurta dhe transaksionet tuaja mbrohen nga masat m\u00eb t\u00eb fundit t\u00eb siguris\u00eb n\u00eb dispozicion.<\/p>\n<p>N\u00eb IBAS, siguria juaj \u00ebsht\u00eb par\u00ebsore. Ne jemi t\u00eb p\u00ebrkushtuar p\u00ebr t\u00eb garantuar sigurin\u00eb tuaj, ve\u00e7an\u00ebrisht n\u00eb peizazhin n\u00eb zhvillim t\u00eb mashtrimit financiar. <br><br>  Rregullatori i Sh\u00ebrbimeve t\u00eb Pagesave n\u00eb Mbret\u00ebrin\u00eb e Bashkuar (PSR) s\u00eb shpejti po zbaton ndryshime n\u00eb lidhje me rimbursimin p\u00ebr viktimat e mashtrimit t\u00eb Autorizuar Push Payment (APP). Ky ndryshim ka shum\u00eb t\u00eb ngjar\u00eb t\u00eb zbatoj\u00eb rimbursimin e detyruesh\u00ebm p\u00ebr viktimat, me ofruesit e sh\u00ebrbimeve t\u00eb pagesave d\u00ebrgues dhe pranues q\u00eb ndajn\u00eb p\u00ebrgjegj\u00ebsin\u00eb. <br><br>\n<strong>Kuptimi i mashtrimit n\u00eb APP:<\/strong> Mashtrimi n\u00eb APP p\u00ebrfshin mashtruesit q\u00eb bindin individ\u00ebt t\u00eb autorizojn\u00eb pagesat, duke rezultuar n\u00eb vjedhje fondesh. Ajo vjen n\u00eb forma t\u00eb ndryshme, t\u00eb tilla si mashtrimet e blerjeve, mashtrimet e investimeve, mashtrimet romantike dhe m\u00eb shum\u00eb. \u00cbsht\u00eb thelb\u00ebsore t\u00eb jeni t\u00eb vet\u00ebdijsh\u00ebm p\u00ebr k\u00ebto tipologji p\u00ebr t\u00eb mbrojtur veten.  <br><br>\n<strong>Si t\u00eb mbroni veten:<\/strong><\/p>\n<ul>\n    <li><strong>Q\u00ebndroni t\u00eb informuar:<\/strong> Njihuni me llojet e ndryshme t\u00eb mashtrimit n\u00eb APP duke iu referuar burimeve t\u00eb besueshme, si p.sh. lidhja me Raportin Vjetor t\u00eb Mashtrimit t\u00eb Financave n\u00eb MB.<\/li>\n    <li><strong>Tregoni kujdes:<\/strong> Verifikoni plot\u00ebsisht k\u00ebrkesat p\u00ebr pagesa, ve\u00e7an\u00ebrisht n\u00ebse ato duken t\u00eb dyshimta ose shum\u00eb t\u00eb mira p\u00ebr t\u00eb qen\u00eb t\u00eb v\u00ebrteta.<\/li>\n    <li><strong>Jini t\u00eb kujdessh\u00ebm ndaj k\u00ebrkesave:<\/strong> P\u00ebrmbahuni nga ndarja e informacionit personal ose pagesa p\u00ebr burime t\u00eb paverifikuara, ve\u00e7an\u00ebrisht n\u00ebn presion.<\/li>\n    <li><strong>Rishikoni rregullisht transaksionet:<\/strong> Monitoroni pasqyrat tuaja financiare dhe transaksionet p\u00ebr \u00e7do aktivitet t\u00eb pazakont\u00eb.<\/li>\n<\/ul>\n<br>\n<p><strong>Angazhimi yn\u00eb p\u00ebr sigurin\u00eb tuaj:<\/strong> N\u00eb IBAS, ne po nd\u00ebrmarrim hapa n\u00eb m\u00ebnyr\u00eb proaktive p\u00ebr t'ju ndihmuar t\u00eb q\u00ebndroni t\u00eb mbrojtur. Ne do t\u00eb p\u00ebrdit\u00ebsojm\u00eb faqen ton\u00eb t\u00eb internetit me informacion t\u00eb detajuar p\u00ebr njohjen dhe parandalimin e mashtrimit n\u00eb APP p\u00ebr t'u siguruar q\u00eb jeni t\u00eb mir\u00ebinformuar dhe t\u00eb pajisur. <br><br>  Siguria juaj ka r\u00ebnd\u00ebsi p\u00ebr ne. N\u00ebse keni ndonj\u00eb shqet\u00ebsim ose dyshoni p\u00ebr aktivitete mashtruese, ju lutemi mos hezitoni t\u00eb na kontaktoni p\u00ebrmes kanaleve t\u00eb kontaktit t\u00eb specifikuara n\u00eb faqen ton\u00eb t\u00eb internetit. <br><br>  Faleminderit q\u00eb na besoni nevojat tuaja financiare. S\u00eb bashku, ne do t'i kalojm\u00eb k\u00ebto sfida dhe do ta mbajm\u00eb t\u00eb sigurt mir\u00ebqenien tuaj financiare <\/p>\t\t<\/div>\n\t\t\t\t<\/div>\n\t\t\t\t\t<\/div>\n\t\t\t\t<\/div>\n\t\t\t\t<\/div>\n\t\t","protected":false},"excerpt":{"rendered":"<p>Mbroni veten nga mashtrimet dhe mashtrimet N\u00eb IBAS, ne e marrim shum\u00eb seriozisht sigurin\u00eb tuaj. Kjo \u00ebsht\u00eb arsyeja pse ne kemi zbatuar nivelin m\u00eb t\u00eb lart\u00eb t\u00eb mbrojtjes n\u00eb platform\u00ebn ton\u00eb. P\u00ebrdorimi yn\u00eb i Autentifikimit t\u00eb fort\u00eb t\u00eb klientit (SCA) i p\u00ebrmbahet Direktiv\u00ebs Evropiane t\u00eb Sh\u00ebrbimit t\u00eb Pagesave 2, duke siguruar siguri m\u00eb t\u00eb madhe [&hellip;]<\/p>\n","protected":false},"author":54,"featured_media":0,"parent":0,"menu_order":0,"comment_status":"closed","ping_status":"closed","template":"","meta":{"inline_featured_image":false,"footnotes":""},"yoast_head":"<!-- This site is optimized with the Yoast SEO plugin v22.5 - https:\/\/yoast.com\/wordpress\/plugins\/seo\/ -->\r\n<title>Mbroni veten nga mashtrimet dhe mashtrimet - IBAS<\/title>\r\n<meta name=\"description\" content=\"N\u00eb IBAS, ne e marrim shum\u00eb seriozisht sigurin\u00eb tuaj. Kjo \u00ebsht\u00eb arsyeja pse ne kemi zbatuar nivelin m\u00eb t\u00eb lart\u00eb t\u00eb mbrojtjes n\u00eb platform\u00ebn ton\u00eb. P\u00ebrdorimi yn\u00eb i Autentifikimit t\u00eb fort\u00eb t\u00eb klientit (SCA) i p\u00ebrmbahet Direktiv\u00ebs Evropiane t\u00eb Sh\u00ebrbimit t\u00eb Pagesave 2, duke siguruar siguri m\u00eb t\u00eb madhe p\u00ebr transaksionet tuaja. Ne gjithashtu p\u00ebrdorim teknologjin\u00eb m\u00eb t\u00eb fundit t\u00eb enkriptimit p\u00ebr t\u00eb mbrojtur t\u00eb gjitha t\u00eb dh\u00ebnat tuaja t\u00eb ndjeshme.\" \/>\r\n<meta name=\"robots\" content=\"index, follow, max-snippet:-1, max-image-preview:large, max-video-preview:-1\" \/>\r\n<link rel=\"canonical\" href=\"https:\/\/ibas.world\/sq\/mbroni-veten-nga-mashtrimet-dhe-mashtrimet\/\" \/>\r\n<meta property=\"og:locale\" content=\"sq_AL\" \/>\r\n<meta property=\"og:type\" content=\"article\" \/>\r\n<meta property=\"og:title\" content=\"Mbroni veten nga mashtrimet dhe mashtrimet - IBAS\" \/>\r\n<meta property=\"og:description\" content=\"N\u00eb IBAS, ne e marrim shum\u00eb seriozisht sigurin\u00eb tuaj. Kjo \u00ebsht\u00eb arsyeja pse ne kemi zbatuar nivelin m\u00eb t\u00eb lart\u00eb t\u00eb mbrojtjes n\u00eb platform\u00ebn ton\u00eb. P\u00ebrdorimi yn\u00eb i Autentifikimit t\u00eb fort\u00eb t\u00eb klientit (SCA) i p\u00ebrmbahet Direktiv\u00ebs Evropiane t\u00eb Sh\u00ebrbimit t\u00eb Pagesave 2, duke siguruar siguri m\u00eb t\u00eb madhe p\u00ebr transaksionet tuaja. Ne gjithashtu p\u00ebrdorim teknologjin\u00eb m\u00eb t\u00eb fundit t\u00eb enkriptimit p\u00ebr t\u00eb mbrojtur t\u00eb gjitha t\u00eb dh\u00ebnat tuaja t\u00eb ndjeshme.\" \/>\r\n<meta property=\"og:url\" content=\"https:\/\/ibas.world\/sq\/mbroni-veten-nga-mashtrimet-dhe-mashtrimet\/\" \/>\r\n<meta property=\"og:site_name\" content=\"IBAS\" \/>\r\n<meta property=\"article:publisher\" content=\"https:\/\/www.facebook.com\/ibas.world\" \/>\r\n<meta property=\"article:modified_time\" content=\"2024-12-31T09:28:11+00:00\" \/>\r\n<meta property=\"og:image\" content=\"https:\/\/ibas.world\/wp-content\/uploads\/2023\/09\/Solutions-we-deliver.png\" \/>\r\n\t<meta property=\"og:image:width\" content=\"1200\" \/>\r\n\t<meta property=\"og:image:height\" content=\"630\" \/>\r\n\t<meta property=\"og:image:type\" content=\"image\/png\" \/>\r\n<meta name=\"twitter:card\" content=\"summary_large_image\" \/>\r\n<meta name=\"twitter:label1\" content=\"Est. reading time\" \/>\n\t<meta name=\"twitter:data1\" content=\"3 minutes\" \/>\r\n<script type=\"application\/ld+json\" class=\"yoast-schema-graph\">{\"@context\":\"https:\/\/schema.org\",\"@graph\":[{\"@type\":\"WebPage\",\"@id\":\"https:\/\/ibas.world\/sq\/mbroni-veten-nga-mashtrimet-dhe-mashtrimet\/\",\"url\":\"https:\/\/ibas.world\/sq\/mbroni-veten-nga-mashtrimet-dhe-mashtrimet\/\",\"name\":\"Mbroni veten nga mashtrimet dhe mashtrimet - IBAS\",\"isPartOf\":{\"@id\":\"https:\/\/ibas.world\/sq\/#website\"},\"datePublished\":\"2023-12-08T13:40:42+00:00\",\"dateModified\":\"2024-12-31T09:28:11+00:00\",\"description\":\"N\u00eb IBAS, ne e marrim shum\u00eb seriozisht sigurin\u00eb tuaj. Kjo \u00ebsht\u00eb arsyeja pse ne kemi zbatuar nivelin m\u00eb t\u00eb lart\u00eb t\u00eb mbrojtjes n\u00eb platform\u00ebn ton\u00eb. P\u00ebrdorimi yn\u00eb i Autentifikimit t\u00eb fort\u00eb t\u00eb klientit (SCA) i p\u00ebrmbahet Direktiv\u00ebs Evropiane t\u00eb Sh\u00ebrbimit t\u00eb Pagesave 2, duke siguruar siguri m\u00eb t\u00eb madhe p\u00ebr transaksionet tuaja. Ne gjithashtu p\u00ebrdorim teknologjin\u00eb m\u00eb t\u00eb fundit t\u00eb enkriptimit p\u00ebr t\u00eb mbrojtur t\u00eb gjitha t\u00eb dh\u00ebnat tuaja t\u00eb ndjeshme.\",\"breadcrumb\":{\"@id\":\"https:\/\/ibas.world\/sq\/mbroni-veten-nga-mashtrimet-dhe-mashtrimet\/#breadcrumb\"},\"inLanguage\":\"sq-AL\",\"potentialAction\":[{\"@type\":\"ReadAction\",\"target\":[\"https:\/\/ibas.world\/sq\/mbroni-veten-nga-mashtrimet-dhe-mashtrimet\/\"]}]},{\"@type\":\"BreadcrumbList\",\"@id\":\"https:\/\/ibas.world\/sq\/mbroni-veten-nga-mashtrimet-dhe-mashtrimet\/#breadcrumb\",\"itemListElement\":[{\"@type\":\"ListItem\",\"position\":1,\"name\":\"Home\",\"item\":\"https:\/\/ibas.world\/sq\/\"},{\"@type\":\"ListItem\",\"position\":2,\"name\":\"Mbroni veten nga mashtrimet dhe mashtrimet\"}]},{\"@type\":\"WebSite\",\"@id\":\"https:\/\/ibas.world\/sq\/#website\",\"url\":\"https:\/\/ibas.world\/sq\/\",\"name\":\"IBAS\",\"description\":\"\",\"publisher\":{\"@id\":\"https:\/\/ibas.world\/sq\/#organization\"},\"potentialAction\":[{\"@type\":\"SearchAction\",\"target\":{\"@type\":\"EntryPoint\",\"urlTemplate\":\"https:\/\/ibas.world\/sq\/?s={search_term_string}\"},\"query-input\":\"required name=search_term_string\"}],\"inLanguage\":\"sq-AL\"},{\"@type\":\"Organization\",\"@id\":\"https:\/\/ibas.world\/sq\/#organization\",\"name\":\"IBAS\",\"url\":\"https:\/\/ibas.world\/sq\/\",\"logo\":{\"@type\":\"ImageObject\",\"inLanguage\":\"sq-AL\",\"@id\":\"https:\/\/ibas.world\/sq\/#\/schema\/logo\/image\/\",\"url\":\"https:\/\/ibas.world\/wp-content\/uploads\/2023\/06\/favicon.png\",\"contentUrl\":\"https:\/\/ibas.world\/wp-content\/uploads\/2023\/06\/favicon.png\",\"width\":374,\"height\":340,\"caption\":\"IBAS\"},\"image\":{\"@id\":\"https:\/\/ibas.world\/sq\/#\/schema\/logo\/image\/\"},\"sameAs\":[\"https:\/\/www.facebook.com\/ibas.world\",\"https:\/\/www.instagram.com\/ibas.world\/\",\"https:\/\/in.linkedin.com\/company\/ibas-world\"]}]}<\/script>\r\n<!-- \/ Yoast SEO plugin. -->","yoast_head_json":{"title":"Mbroni veten nga mashtrimet dhe mashtrimet - IBAS","description":"N\u00eb IBAS, ne e marrim shum\u00eb seriozisht sigurin\u00eb tuaj. Kjo \u00ebsht\u00eb arsyeja pse ne kemi zbatuar nivelin m\u00eb t\u00eb lart\u00eb t\u00eb mbrojtjes n\u00eb platform\u00ebn ton\u00eb. P\u00ebrdorimi yn\u00eb i Autentifikimit t\u00eb fort\u00eb t\u00eb klientit (SCA) i p\u00ebrmbahet Direktiv\u00ebs Evropiane t\u00eb Sh\u00ebrbimit t\u00eb Pagesave 2, duke siguruar siguri m\u00eb t\u00eb madhe p\u00ebr transaksionet tuaja. Ne gjithashtu p\u00ebrdorim teknologjin\u00eb m\u00eb t\u00eb fundit t\u00eb enkriptimit p\u00ebr t\u00eb mbrojtur t\u00eb gjitha t\u00eb dh\u00ebnat tuaja t\u00eb ndjeshme.","robots":{"index":"index","follow":"follow","max-snippet":"max-snippet:-1","max-image-preview":"max-image-preview:large","max-video-preview":"max-video-preview:-1"},"canonical":"https:\/\/ibas.world\/sq\/mbroni-veten-nga-mashtrimet-dhe-mashtrimet\/","og_locale":"sq_AL","og_type":"article","og_title":"Mbroni veten nga mashtrimet dhe mashtrimet - IBAS","og_description":"N\u00eb IBAS, ne e marrim shum\u00eb seriozisht sigurin\u00eb tuaj. Kjo \u00ebsht\u00eb arsyeja pse ne kemi zbatuar nivelin m\u00eb t\u00eb lart\u00eb t\u00eb mbrojtjes n\u00eb platform\u00ebn ton\u00eb. P\u00ebrdorimi yn\u00eb i Autentifikimit t\u00eb fort\u00eb t\u00eb klientit (SCA) i p\u00ebrmbahet Direktiv\u00ebs Evropiane t\u00eb Sh\u00ebrbimit t\u00eb Pagesave 2, duke siguruar siguri m\u00eb t\u00eb madhe p\u00ebr transaksionet tuaja. Ne gjithashtu p\u00ebrdorim teknologjin\u00eb m\u00eb t\u00eb fundit t\u00eb enkriptimit p\u00ebr t\u00eb mbrojtur t\u00eb gjitha t\u00eb dh\u00ebnat tuaja t\u00eb ndjeshme.","og_url":"https:\/\/ibas.world\/sq\/mbroni-veten-nga-mashtrimet-dhe-mashtrimet\/","og_site_name":"IBAS","article_publisher":"https:\/\/www.facebook.com\/ibas.world","article_modified_time":"2024-12-31T09:28:11+00:00","og_image":[{"width":1200,"height":630,"url":"https:\/\/ibas.world\/wp-content\/uploads\/2023\/09\/Solutions-we-deliver.png","type":"image\/png"}],"twitter_card":"summary_large_image","twitter_misc":{"Est. reading time":"3 minutes"},"schema":{"@context":"https:\/\/schema.org","@graph":[{"@type":"WebPage","@id":"https:\/\/ibas.world\/sq\/mbroni-veten-nga-mashtrimet-dhe-mashtrimet\/","url":"https:\/\/ibas.world\/sq\/mbroni-veten-nga-mashtrimet-dhe-mashtrimet\/","name":"Mbroni veten nga mashtrimet dhe mashtrimet - IBAS","isPartOf":{"@id":"https:\/\/ibas.world\/sq\/#website"},"datePublished":"2023-12-08T13:40:42+00:00","dateModified":"2024-12-31T09:28:11+00:00","description":"N\u00eb IBAS, ne e marrim shum\u00eb seriozisht sigurin\u00eb tuaj. Kjo \u00ebsht\u00eb arsyeja pse ne kemi zbatuar nivelin m\u00eb t\u00eb lart\u00eb t\u00eb mbrojtjes n\u00eb platform\u00ebn ton\u00eb. P\u00ebrdorimi yn\u00eb i Autentifikimit t\u00eb fort\u00eb t\u00eb klientit (SCA) i p\u00ebrmbahet Direktiv\u00ebs Evropiane t\u00eb Sh\u00ebrbimit t\u00eb Pagesave 2, duke siguruar siguri m\u00eb t\u00eb madhe p\u00ebr transaksionet tuaja. Ne gjithashtu p\u00ebrdorim teknologjin\u00eb m\u00eb t\u00eb fundit t\u00eb enkriptimit p\u00ebr t\u00eb mbrojtur t\u00eb gjitha t\u00eb dh\u00ebnat tuaja t\u00eb ndjeshme.","breadcrumb":{"@id":"https:\/\/ibas.world\/sq\/mbroni-veten-nga-mashtrimet-dhe-mashtrimet\/#breadcrumb"},"inLanguage":"sq-AL","potentialAction":[{"@type":"ReadAction","target":["https:\/\/ibas.world\/sq\/mbroni-veten-nga-mashtrimet-dhe-mashtrimet\/"]}]},{"@type":"BreadcrumbList","@id":"https:\/\/ibas.world\/sq\/mbroni-veten-nga-mashtrimet-dhe-mashtrimet\/#breadcrumb","itemListElement":[{"@type":"ListItem","position":1,"name":"Home","item":"https:\/\/ibas.world\/sq\/"},{"@type":"ListItem","position":2,"name":"Mbroni veten nga mashtrimet dhe mashtrimet"}]},{"@type":"WebSite","@id":"https:\/\/ibas.world\/sq\/#website","url":"https:\/\/ibas.world\/sq\/","name":"IBAS","description":"","publisher":{"@id":"https:\/\/ibas.world\/sq\/#organization"},"potentialAction":[{"@type":"SearchAction","target":{"@type":"EntryPoint","urlTemplate":"https:\/\/ibas.world\/sq\/?s={search_term_string}"},"query-input":"required name=search_term_string"}],"inLanguage":"sq-AL"},{"@type":"Organization","@id":"https:\/\/ibas.world\/sq\/#organization","name":"IBAS","url":"https:\/\/ibas.world\/sq\/","logo":{"@type":"ImageObject","inLanguage":"sq-AL","@id":"https:\/\/ibas.world\/sq\/#\/schema\/logo\/image\/","url":"https:\/\/ibas.world\/wp-content\/uploads\/2023\/06\/favicon.png","contentUrl":"https:\/\/ibas.world\/wp-content\/uploads\/2023\/06\/favicon.png","width":374,"height":340,"caption":"IBAS"},"image":{"@id":"https:\/\/ibas.world\/sq\/#\/schema\/logo\/image\/"},"sameAs":["https:\/\/www.facebook.com\/ibas.world","https:\/\/www.instagram.com\/ibas.world\/","https:\/\/in.linkedin.com\/company\/ibas-world"]}]}},"_links":{"self":[{"href":"https:\/\/ibas.world\/sq\/wp-json\/wp\/v2\/pages\/5225"}],"collection":[{"href":"https:\/\/ibas.world\/sq\/wp-json\/wp\/v2\/pages"}],"about":[{"href":"https:\/\/ibas.world\/sq\/wp-json\/wp\/v2\/types\/page"}],"author":[{"embeddable":true,"href":"https:\/\/ibas.world\/sq\/wp-json\/wp\/v2\/users\/54"}],"replies":[{"embeddable":true,"href":"https:\/\/ibas.world\/sq\/wp-json\/wp\/v2\/comments?post=5225"}],"version-history":[{"count":2,"href":"https:\/\/ibas.world\/sq\/wp-json\/wp\/v2\/pages\/5225\/revisions"}],"predecessor-version":[{"id":5227,"href":"https:\/\/ibas.world\/sq\/wp-json\/wp\/v2\/pages\/5225\/revisions\/5227"}],"wp:attachment":[{"href":"https:\/\/ibas.world\/sq\/wp-json\/wp\/v2\/media?parent=5225"}],"curies":[{"name":"wp","href":"https:\/\/api.w.org\/{rel}","templated":true}]}}