{"id":5244,"date":"2023-08-14T13:55:14","date_gmt":"2023-08-14T13:55:14","guid":{"rendered":"https:\/\/ibas.world\/lista-e-cmimeve\/"},"modified":"2025-10-20T09:57:27","modified_gmt":"2025-10-20T09:57:27","slug":"lista-e-cmimeve","status":"publish","type":"page","link":"https:\/\/ibas.world\/sq\/lista-e-cmimeve\/","title":{"rendered":"Lista e \u00e7mimeve"},"content":{"rendered":"\t\t<div data-elementor-type=\"wp-page\" data-elementor-id=\"5244\" class=\"elementor elementor-5244 elementor-2575\">\n\t\t\t\t<div class=\"elementor-element elementor-element-24cdd82 e-flex e-con-boxed e-con e-parent\" data-id=\"24cdd82\" data-element_type=\"container\">\n\t\t\t\t\t<div class=\"e-con-inner\">\n\t\t\t\t<div class=\"elementor-element elementor-element-3f30f62 elementor-widget elementor-widget-html\" data-id=\"3f30f62\" data-element_type=\"widget\" data-widget_type=\"html.default\">\n\t\t\t\t<div class=\"elementor-widget-container\">\n\t\t\t<h1 class=\"h1-main blueLinear\">Lista e \u00e7mimeve<\/h1>\t\t<\/div>\n\t\t\t\t<\/div>\n\t\t\t\t\t<\/div>\n\t\t\t\t<\/div>\n\t\t<div class=\"elementor-element elementor-element-0a9687b e-flex e-con-boxed e-con e-parent\" data-id=\"0a9687b\" data-element_type=\"container\">\n\t\t\t\t\t<div class=\"e-con-inner\">\n\t\t\t\t<div class=\"elementor-element elementor-element-cc32217 elementor-widget elementor-widget-html\" data-id=\"cc32217\" data-element_type=\"widget\" data-widget_type=\"html.default\">\n\t\t\t\t<div class=\"elementor-widget-container\">\n\t\t\t<h5 style=\"font-size:20px\"><strong>Zbulimi i \u00e7mimeve tona transparente <\/strong> <\/h5>\n<p class=\"p-main black0f0\">N\u00eb IBAS, ne q\u00ebndrojm\u00eb fort p\u00ebr ndershm\u00ebri dhe transparenc\u00eb. Angazhimi yn\u00eb \u00ebsht\u00eb t\u2019ju ofrojm\u00eb nj\u00eb pamje t\u00eb qart\u00eb dhe t\u00eb detajuar t\u00eb struktur\u00ebs son\u00eb t\u00eb \u00e7mimeve, duke ju fuqizuar n\u00eb marrjen e vendimeve financiare. Kjo pjes\u00eb e dedikuar ofron nj\u00eb pasqyr\u00eb t\u00eb thelluar t\u00eb modelit ton\u00eb t\u00eb \u00e7mimeve. <br><br>\n\nQoft\u00eb p\u00ebr tarifat e llogaris\u00eb, kostot e transaksioneve apo \u00e7do sh\u00ebrbim tjet\u00ebr financiar, ne besojm\u00eb n\u00eb paraqitjen e k\u00ebtyre detajeve n\u00eb m\u00ebnyr\u00eb t\u00eb thjesht\u00eb dhe t\u00eb qart\u00eb. Ne e kuptojm\u00eb se qart\u00ebsia financiare ju jep fuqin\u00eb p\u00ebr t\u00eb menaxhuar paran\u00eb tuaj me siguri.\n<br><br>\nM\u00eb posht\u00eb, eksploroni ndarjen ton\u00eb transparente t\u00eb \u00e7mimeve dhe nisni nj\u00eb udh\u00ebtim bankar t\u00eb bazuar n\u00eb besim, integritet dhe mir\u00ebqenien tuaj financiare. <\/p>\t\t<\/div>\n\t\t\t\t<\/div>\n\t\t\t\t\t<\/div>\n\t\t\t\t<\/div>\n\t\t<div class=\"elementor-element elementor-element-6db95f5 e-flex e-con-boxed e-con e-parent\" data-id=\"6db95f5\" data-element_type=\"container\">\n\t\t\t\t\t<div class=\"e-con-inner\">\n\t\t\t\t<div class=\"elementor-element elementor-element-b445d78 elementor-widget elementor-widget-html\" data-id=\"b445d78\" data-element_type=\"widget\" data-widget_type=\"html.default\">\n\t\t\t\t<div class=\"elementor-widget-container\">\n\t\t\t<table class=\"price-table\">\r\n  <tr>\r\n    <th>Sh\u00ebrbimi<\/th>\r\n    <th>Tarifa<\/th>\r\n  <\/tr>\r\n  <tr><td>Hapja e llogaris\u00eb<\/td><td>0.00 \u20ac<\/td><\/tr>\r\n  <tr><td>Mir\u00ebmbajtja e llogaris\u00eb<\/td><td>0.00 \u20ac<\/td><\/tr>\r\n  <tr><td>Llogaria PLOT<\/td><td>7.99 \u20ac\/muaj<\/td><\/tr>\r\n  <tr><td>Llogaria INTEGRA<\/td><td>14.99 \u20ac\/muaj<\/td><\/tr>\r\n  <tr><td>Llogaria PREMIUM<\/td><td>9.99 \u20ac\/muaj<\/td><\/tr>\r\n  <tr><td>Njoftimet me SMS<\/td><td>0.00 \u20ac<\/td><\/tr>\r\n  <tr><td>Transferta brenda IBAS<\/td><td>0.00 \u20ac<\/td><\/tr>\r\n  <tr><td>Pranimi i pages\u00ebs n\u00eb IBAS si biznes<\/td><td>1.5% - 3%<\/td><\/tr>\r\n  <tr><td>Pagesat p\u00ebr Biznese n\u00eb IBAS<\/td><td>0.00 \u20ac<\/td><\/tr>\r\n  <tr><td>Pagesat p\u00ebr Individ\u00eb n\u00eb IBAS<\/td><td>0.00 \u20ac<\/td><\/tr>\r\n  <tr><td>Pagesat Komb\u00ebtare (jasht\u00eb IBAS)<\/td><td>1 \u20ac<\/td><\/tr>\r\n  <tr><td>D\u00ebrgimi ose pranimi i fondeve p\u00ebrmes SEPA<\/td><td>3.00 \u20ac<\/td><\/tr>\r\n  <tr><td>Pagesat p\u00ebr Uj\u00ebsjell\u00ebsin e Prishtin\u00ebs<\/td><td>0.00 \u20ac<\/td><\/tr>\r\n  <tr><td>Pagesat me Prokur\u00eb t\u00eb Pagueshme<\/td><td>0.30 - 1.00 \u20ac<\/td><\/tr>\r\n  <tr><td>T\u00ebrheqja e fondeve<\/td><td>1%, min. 1.00 \u20ac dhe max. 5.00 \u20ac<\/td><\/tr>\r\n  <tr><td>L\u00ebshimi i paras\u00eb elektronike nga paraja cash<\/td><td>0.5%, min. 0.50 \u20ac dhe max. 2.5 \u20ac<\/td><\/tr>\r\n  <tr><td>Mbajtja dhe sigurimi i fondeve<\/td><td>0.00 \u20ac<\/td><\/tr>\r\n  <tr><td>Rivendosja e PIN-it<\/td><td>0.00 \u20ac<\/td><\/tr>\r\n  <tr><td>Regjistrimi i automjeteve<\/td><td>0.83 \u20ac<\/td><\/tr>\r\n  <tr><td>Tatimi p\u00ebr Mbeturina (Komuna e Prishtin\u00ebs)<\/td><td>1.00 \u20ac<\/td><\/tr>\r\n  <tr><td>Rryma<\/td><td>0.30 \u20ac<\/td><\/tr>\r\n  <tr><td>Tatime dhe Kontribute<\/td><td>1.00 \u20ac<\/td><\/tr>\r\n  <tr><td>Kujtes\u00eb \/ Njoftim<\/td><td>0.00 \u20ac<\/td><\/tr>\r\n  <tr><td>Nd\u00ebrmarrja Publike e Banesave<\/td><td>0.00 \u20ac<\/td><\/tr>\r\n  <tr><td>Kompanit\u00eb e Sigurimeve<\/td><td>1.00 \u20ac<\/td><\/tr>\r\n  <tr><td>Eco Higjiena<\/td><td>0.00 \u20ac<\/td><\/tr>\r\n  <tr><td>Gjobat e Trafikut<\/td><td>1.00 \u20ac<\/td><\/tr>\r\n  <tr><td>Hidrodrini<\/td><td>0.00 \u20ac<\/td><\/tr>\r\n  <tr><td>Hidromorava<\/td><td>0.00 \u20ac<\/td><\/tr>\r\n  <tr><td>Komunat<\/td><td>1.00 \u20ac<\/td><\/tr>\r\n  <tr><td>KRM Pastrimi<\/td><td>0.50 \u20ac<\/td><\/tr>\r\n  <tr><td>KRU Mitrovica SH.A<\/td><td>0.00 \u20ac<\/td><\/tr>\r\n  <tr><td>Tatimi p\u00ebr Mbeturina (Komuna e Prizrenit)<\/td><td>1.00 \u20ac<\/td><\/tr>\r\n  <tr><td>Tarifa Administrative<\/td><td>1.00 \u20ac<\/td><\/tr>\r\n  <tr><td>Universiteti i Prishtin\u00ebs<\/td><td>1% e shum\u00ebs s\u00eb transaksionit<\/td><\/tr>\r\n  <tr><td>Kredi NEI<\/td><td>35%<\/td><\/tr>\r\n  <tr><td>P\u00ebrpunimi i Kredis\u00eb<\/td><td>3%<\/td><\/tr>\r\n  <tr><td>OVD NEI<\/td><td>27%<\/td><\/tr>\r\n  <tr><td>P\u00ebrpunimi i OVD<\/td><td>1%<\/td><\/tr>\r\n  <tr>\r\n    <td>Karta Debiti IBAS \u2013 Llogarit\u00eb STANDARD (IBAN i Kosov\u00ebs dhe IBAN i Mbret\u00ebris\u00eb s\u00eb Bashkuar)<\/td>\r\n    <td>3.00 \u20ac (nj\u00ebher\u00eb) \/ Mir\u00ebmbajtja mujore e kart\u00ebs: Falas<\/td>\r\n  <\/tr>\r\n  <tr>\r\n    <td>Karta Debiti IBAS \u2013 Llogarit\u00eb e Avancuara (PLOT, PREMIUM, INTEGRA)<\/td>\r\n    <td>Falas<\/td>\r\n  <\/tr>\r\n  <tr><td>Tarifat e p\u00ebrdorimit t\u00eb kart\u00ebs \u2013 Pagesat me kart\u00eb:<\/td><td>N\u00eb dyqanet vendore: Falas<\/td><\/tr>\r\n  <tr><td>Tarifat e p\u00ebrdorimit t\u00eb kart\u00ebs \u2013 Pagesat me kart\u00eb:<\/td><td>N\u00eb dyqanet nd\u00ebrkomb\u00ebtare: Falas<\/td><\/tr>\r\n  <tr><td>Tarifat e p\u00ebrdorimit t\u00eb kart\u00ebs \u2013 Pagesat me kart\u00eb:<\/td><td>P\u00ebr blerjet online: Falas<\/td><\/tr>\r\n  <tr><td>T\u00ebrheqje nga bankomati:<\/td><td>N\u00eb bankomatet e Pribank: 0.50 \u20ac<\/td><\/tr>\r\n  <tr><td>T\u00ebrheqje nga bankomati:<\/td><td>N\u00eb bankomatet e bankave t\u00eb tjera: 2.5% e shum\u00ebs s\u00eb t\u00ebrhequr, minimumi 3.00 \u20ac<\/td><\/tr>\r\n  <tr><td>Rimbushja e portofolit IBAS p\u00ebrmes kart\u00ebs bankare, VISA ose MASTERCARD:<\/td><td>2% e shum\u00ebs<\/td><\/tr>\r\n<\/table>\r\n\t\t<\/div>\n\t\t\t\t<\/div>\n\t\t\t\t\t<\/div>\n\t\t\t\t<\/div>\n\t\t\t\t<\/div>\n\t\t","protected":false},"excerpt":{"rendered":"<p>Lista e \u00e7mimeve Zbulimi i \u00e7mimeve tona transparente N\u00eb IBAS, ne q\u00ebndrojm\u00eb fort p\u00ebr ndershm\u00ebri dhe transparenc\u00eb. Angazhimi yn\u00eb \u00ebsht\u00eb t\u2019ju ofrojm\u00eb nj\u00eb pamje t\u00eb qart\u00eb dhe t\u00eb detajuar t\u00eb struktur\u00ebs son\u00eb t\u00eb \u00e7mimeve, duke ju fuqizuar n\u00eb marrjen e vendimeve financiare. Kjo pjes\u00eb e dedikuar ofron nj\u00eb pasqyr\u00eb t\u00eb thelluar t\u00eb modelit ton\u00eb t\u00eb [&hellip;]<\/p>\n","protected":false},"author":54,"featured_media":0,"parent":0,"menu_order":0,"comment_status":"closed","ping_status":"closed","template":"","meta":{"inline_featured_image":false,"footnotes":""},"yoast_head":"<!-- This site is optimized with the Yoast SEO plugin v22.5 - https:\/\/yoast.com\/wordpress\/plugins\/seo\/ -->\r\n<title>Lista e \u00e7mimeve - IBAS<\/title>\r\n<meta name=\"description\" content=\"N\u00eb IBAS, ne q\u00ebndrojm\u00eb t\u00eb vendosur p\u00ebr ndershm\u00ebrin\u00eb dhe transparenc\u00ebn. Angazhimi yn\u00eb \u00ebsht\u00eb t&#039;ju ofrojm\u00eb nj\u00eb pamje t\u00eb qart\u00eb kristal t\u00eb struktur\u00ebs son\u00eb t\u00eb \u00e7mimeve.\" \/>\r\n<meta name=\"robots\" content=\"index, follow, max-snippet:-1, max-image-preview:large, max-video-preview:-1\" \/>\r\n<link rel=\"canonical\" href=\"https:\/\/ibas.world\/sq\/lista-e-cmimeve\/\" \/>\r\n<meta property=\"og:locale\" content=\"sq_AL\" \/>\r\n<meta property=\"og:type\" content=\"article\" \/>\r\n<meta property=\"og:title\" content=\"Lista e \u00e7mimeve - IBAS\" \/>\r\n<meta property=\"og:description\" content=\"N\u00eb IBAS, ne q\u00ebndrojm\u00eb t\u00eb vendosur p\u00ebr ndershm\u00ebrin\u00eb dhe transparenc\u00ebn. Angazhimi yn\u00eb \u00ebsht\u00eb t&#039;ju ofrojm\u00eb nj\u00eb pamje t\u00eb qart\u00eb kristal t\u00eb struktur\u00ebs son\u00eb t\u00eb \u00e7mimeve.\" \/>\r\n<meta property=\"og:url\" content=\"https:\/\/ibas.world\/sq\/lista-e-cmimeve\/\" \/>\r\n<meta property=\"og:site_name\" content=\"IBAS\" \/>\r\n<meta property=\"article:publisher\" content=\"https:\/\/www.facebook.com\/ibas.world\" \/>\r\n<meta property=\"article:modified_time\" content=\"2025-10-20T09:57:27+00:00\" \/>\r\n<meta property=\"og:image\" content=\"https:\/\/ibas.world\/wp-content\/uploads\/2023\/09\/Solutions-we-deliver.png\" \/>\r\n\t<meta property=\"og:image:width\" content=\"1200\" \/>\r\n\t<meta property=\"og:image:height\" content=\"630\" \/>\r\n\t<meta property=\"og:image:type\" content=\"image\/png\" \/>\r\n<meta name=\"twitter:card\" content=\"summary_large_image\" \/>\r\n<meta name=\"twitter:label1\" content=\"Est. reading time\" \/>\n\t<meta name=\"twitter:data1\" content=\"3 minutes\" \/>\r\n<script type=\"application\/ld+json\" class=\"yoast-schema-graph\">{\"@context\":\"https:\/\/schema.org\",\"@graph\":[{\"@type\":\"WebPage\",\"@id\":\"https:\/\/ibas.world\/sq\/lista-e-cmimeve\/\",\"url\":\"https:\/\/ibas.world\/sq\/lista-e-cmimeve\/\",\"name\":\"Lista e \u00e7mimeve - IBAS\",\"isPartOf\":{\"@id\":\"https:\/\/ibas.world\/sq\/#website\"},\"datePublished\":\"2023-08-14T13:55:14+00:00\",\"dateModified\":\"2025-10-20T09:57:27+00:00\",\"description\":\"N\u00eb IBAS, ne q\u00ebndrojm\u00eb t\u00eb vendosur p\u00ebr ndershm\u00ebrin\u00eb dhe transparenc\u00ebn. Angazhimi yn\u00eb \u00ebsht\u00eb t'ju ofrojm\u00eb nj\u00eb pamje t\u00eb qart\u00eb kristal t\u00eb struktur\u00ebs son\u00eb t\u00eb \u00e7mimeve.\",\"breadcrumb\":{\"@id\":\"https:\/\/ibas.world\/sq\/lista-e-cmimeve\/#breadcrumb\"},\"inLanguage\":\"sq-AL\",\"potentialAction\":[{\"@type\":\"ReadAction\",\"target\":[\"https:\/\/ibas.world\/sq\/lista-e-cmimeve\/\"]}]},{\"@type\":\"BreadcrumbList\",\"@id\":\"https:\/\/ibas.world\/sq\/lista-e-cmimeve\/#breadcrumb\",\"itemListElement\":[{\"@type\":\"ListItem\",\"position\":1,\"name\":\"Home\",\"item\":\"https:\/\/ibas.world\/sq\/\"},{\"@type\":\"ListItem\",\"position\":2,\"name\":\"Lista e \u00e7mimeve\"}]},{\"@type\":\"WebSite\",\"@id\":\"https:\/\/ibas.world\/sq\/#website\",\"url\":\"https:\/\/ibas.world\/sq\/\",\"name\":\"IBAS\",\"description\":\"\",\"publisher\":{\"@id\":\"https:\/\/ibas.world\/sq\/#organization\"},\"potentialAction\":[{\"@type\":\"SearchAction\",\"target\":{\"@type\":\"EntryPoint\",\"urlTemplate\":\"https:\/\/ibas.world\/sq\/?s={search_term_string}\"},\"query-input\":\"required name=search_term_string\"}],\"inLanguage\":\"sq-AL\"},{\"@type\":\"Organization\",\"@id\":\"https:\/\/ibas.world\/sq\/#organization\",\"name\":\"IBAS\",\"url\":\"https:\/\/ibas.world\/sq\/\",\"logo\":{\"@type\":\"ImageObject\",\"inLanguage\":\"sq-AL\",\"@id\":\"https:\/\/ibas.world\/sq\/#\/schema\/logo\/image\/\",\"url\":\"https:\/\/ibas.world\/wp-content\/uploads\/2023\/06\/favicon.png\",\"contentUrl\":\"https:\/\/ibas.world\/wp-content\/uploads\/2023\/06\/favicon.png\",\"width\":374,\"height\":340,\"caption\":\"IBAS\"},\"image\":{\"@id\":\"https:\/\/ibas.world\/sq\/#\/schema\/logo\/image\/\"},\"sameAs\":[\"https:\/\/www.facebook.com\/ibas.world\",\"https:\/\/www.instagram.com\/ibas.world\/\",\"https:\/\/in.linkedin.com\/company\/ibas-world\"]}]}<\/script>\r\n<!-- \/ Yoast SEO plugin. -->","yoast_head_json":{"title":"Lista e \u00e7mimeve - IBAS","description":"N\u00eb IBAS, ne q\u00ebndrojm\u00eb t\u00eb vendosur p\u00ebr ndershm\u00ebrin\u00eb dhe transparenc\u00ebn. Angazhimi yn\u00eb \u00ebsht\u00eb t'ju ofrojm\u00eb nj\u00eb pamje t\u00eb qart\u00eb kristal t\u00eb struktur\u00ebs son\u00eb t\u00eb \u00e7mimeve.","robots":{"index":"index","follow":"follow","max-snippet":"max-snippet:-1","max-image-preview":"max-image-preview:large","max-video-preview":"max-video-preview:-1"},"canonical":"https:\/\/ibas.world\/sq\/lista-e-cmimeve\/","og_locale":"sq_AL","og_type":"article","og_title":"Lista e \u00e7mimeve - IBAS","og_description":"N\u00eb IBAS, ne q\u00ebndrojm\u00eb t\u00eb vendosur p\u00ebr ndershm\u00ebrin\u00eb dhe transparenc\u00ebn. Angazhimi yn\u00eb \u00ebsht\u00eb t'ju ofrojm\u00eb nj\u00eb pamje t\u00eb qart\u00eb kristal t\u00eb struktur\u00ebs son\u00eb t\u00eb \u00e7mimeve.","og_url":"https:\/\/ibas.world\/sq\/lista-e-cmimeve\/","og_site_name":"IBAS","article_publisher":"https:\/\/www.facebook.com\/ibas.world","article_modified_time":"2025-10-20T09:57:27+00:00","og_image":[{"width":1200,"height":630,"url":"https:\/\/ibas.world\/wp-content\/uploads\/2023\/09\/Solutions-we-deliver.png","type":"image\/png"}],"twitter_card":"summary_large_image","twitter_misc":{"Est. reading time":"3 minutes"},"schema":{"@context":"https:\/\/schema.org","@graph":[{"@type":"WebPage","@id":"https:\/\/ibas.world\/sq\/lista-e-cmimeve\/","url":"https:\/\/ibas.world\/sq\/lista-e-cmimeve\/","name":"Lista e \u00e7mimeve - IBAS","isPartOf":{"@id":"https:\/\/ibas.world\/sq\/#website"},"datePublished":"2023-08-14T13:55:14+00:00","dateModified":"2025-10-20T09:57:27+00:00","description":"N\u00eb IBAS, ne q\u00ebndrojm\u00eb t\u00eb vendosur p\u00ebr ndershm\u00ebrin\u00eb dhe transparenc\u00ebn. Angazhimi yn\u00eb \u00ebsht\u00eb t'ju ofrojm\u00eb nj\u00eb pamje t\u00eb qart\u00eb kristal t\u00eb struktur\u00ebs son\u00eb t\u00eb \u00e7mimeve.","breadcrumb":{"@id":"https:\/\/ibas.world\/sq\/lista-e-cmimeve\/#breadcrumb"},"inLanguage":"sq-AL","potentialAction":[{"@type":"ReadAction","target":["https:\/\/ibas.world\/sq\/lista-e-cmimeve\/"]}]},{"@type":"BreadcrumbList","@id":"https:\/\/ibas.world\/sq\/lista-e-cmimeve\/#breadcrumb","itemListElement":[{"@type":"ListItem","position":1,"name":"Home","item":"https:\/\/ibas.world\/sq\/"},{"@type":"ListItem","position":2,"name":"Lista e \u00e7mimeve"}]},{"@type":"WebSite","@id":"https:\/\/ibas.world\/sq\/#website","url":"https:\/\/ibas.world\/sq\/","name":"IBAS","description":"","publisher":{"@id":"https:\/\/ibas.world\/sq\/#organization"},"potentialAction":[{"@type":"SearchAction","target":{"@type":"EntryPoint","urlTemplate":"https:\/\/ibas.world\/sq\/?s={search_term_string}"},"query-input":"required name=search_term_string"}],"inLanguage":"sq-AL"},{"@type":"Organization","@id":"https:\/\/ibas.world\/sq\/#organization","name":"IBAS","url":"https:\/\/ibas.world\/sq\/","logo":{"@type":"ImageObject","inLanguage":"sq-AL","@id":"https:\/\/ibas.world\/sq\/#\/schema\/logo\/image\/","url":"https:\/\/ibas.world\/wp-content\/uploads\/2023\/06\/favicon.png","contentUrl":"https:\/\/ibas.world\/wp-content\/uploads\/2023\/06\/favicon.png","width":374,"height":340,"caption":"IBAS"},"image":{"@id":"https:\/\/ibas.world\/sq\/#\/schema\/logo\/image\/"},"sameAs":["https:\/\/www.facebook.com\/ibas.world","https:\/\/www.instagram.com\/ibas.world\/","https:\/\/in.linkedin.com\/company\/ibas-world"]}]}},"_links":{"self":[{"href":"https:\/\/ibas.world\/sq\/wp-json\/wp\/v2\/pages\/5244"}],"collection":[{"href":"https:\/\/ibas.world\/sq\/wp-json\/wp\/v2\/pages"}],"about":[{"href":"https:\/\/ibas.world\/sq\/wp-json\/wp\/v2\/types\/page"}],"author":[{"embeddable":true,"href":"https:\/\/ibas.world\/sq\/wp-json\/wp\/v2\/users\/54"}],"replies":[{"embeddable":true,"href":"https:\/\/ibas.world\/sq\/wp-json\/wp\/v2\/comments?post=5244"}],"version-history":[{"count":13,"href":"https:\/\/ibas.world\/sq\/wp-json\/wp\/v2\/pages\/5244\/revisions"}],"predecessor-version":[{"id":7386,"href":"https:\/\/ibas.world\/sq\/wp-json\/wp\/v2\/pages\/5244\/revisions\/7386"}],"wp:attachment":[{"href":"https:\/\/ibas.world\/sq\/wp-json\/wp\/v2\/media?parent=5244"}],"curies":[{"name":"wp","href":"https:\/\/api.w.org\/{rel}","templated":true}]}}