{"id":5256,"date":"2023-08-14T13:39:55","date_gmt":"2023-08-14T13:39:55","guid":{"rendered":"https:\/\/ibas.world\/rekomandime\/"},"modified":"2025-10-20T10:09:39","modified_gmt":"2025-10-20T10:09:39","slug":"rekomandime","status":"publish","type":"page","link":"https:\/\/ibas.world\/sq\/rekomandime\/","title":{"rendered":"Rekomandime"},"content":{"rendered":"\t\t<div data-elementor-type=\"wp-page\" data-elementor-id=\"5256\" class=\"elementor elementor-5256 elementor-2568\">\n\t\t\t\t<div class=\"elementor-element elementor-element-90dc5b7 e-flex e-con-boxed e-con e-parent\" data-id=\"90dc5b7\" data-element_type=\"container\">\n\t\t\t\t\t<div class=\"e-con-inner\">\n\t\t\t\t<div class=\"elementor-element elementor-element-1953483 elementor-widget elementor-widget-html\" data-id=\"1953483\" data-element_type=\"widget\" data-widget_type=\"html.default\">\n\t\t\t\t<div class=\"elementor-widget-container\">\n\t\t\t<h2 class=\"blueLinear\">Z\u00ebri juaj mund t\u00eb form\u00ebsoj\u00eb t\u00eb ardhmen ton\u00eb!  <\/h2>\n<p class=\"p-main black0f0\">  N\u00eb IBAS, ne besojm\u00eb se idet\u00eb m\u00eb t\u00eb mira vijn\u00eb shpesh nga ata q\u00eb i p\u00ebrjetojn\u00eb sh\u00ebrbimet tona drejtp\u00ebrdrejt. Kjo \u00ebsht\u00eb arsyeja pse ju ftojm\u00eb t\u00eb ndani mendimet dhe rekomandimet tuaja me ne. Ne nuk jemi thjesht nj\u00eb institucion financiar q\u00eb ofron Banka Inovative dhe Zgjidhje Atraktive \u2013 ne jemi partneri juaj n\u00eb progres. V\u00ebshtrimet tuaja t\u00eb vlefshme mund t\u00eb na ndihmojn\u00eb t\u00eb p\u00ebrmir\u00ebsojm\u00eb ofertat tona, t\u00eb p\u00ebrshtatim sh\u00ebrbimet tona sipas nevojave tuaja dhe t\u00eb krijojm\u00eb nj\u00eb p\u00ebrvoj\u00eb bankare q\u00eb tejkalon pritshm\u00ebrit\u00eb tuaja.     <br><br>  S\u00eb bashku, ne mund t\u00eb nd\u00ebrtojm\u00eb nj\u00eb t\u00eb ardhme m\u00eb t\u00eb ndritshme financiare. Ne jemi jasht\u00ebzakonisht mir\u00ebnjoh\u00ebs p\u00ebr kontributin tuaj dhe jemi t\u00eb p\u00ebrkushtuar t'i p\u00ebrkthejm\u00eb idet\u00eb tuaja n\u00eb veprime q\u00eb i lart\u00ebsojn\u00eb sh\u00ebrbimet tona. Faleminderit q\u00eb jeni pjes\u00eb e rrug\u00ebtimit ton\u00eb drejt inovacionit dhe p\u00ebrsosm\u00ebris\u00eb.    <\/p>\t\t<\/div>\n\t\t\t\t<\/div>\n\t\t\t\t\t<\/div>\n\t\t\t\t<\/div>\n\t\t<div class=\"elementor-element elementor-element-84f95a5 e-flex e-con-boxed e-con e-parent\" data-id=\"84f95a5\" data-element_type=\"container\">\n\t\t\t\t\t<div class=\"e-con-inner\">\n\t\t\t\t<div class=\"elementor-element elementor-element-ed830a7 elementor-widget elementor-widget-html\" data-id=\"ed830a7\" data-element_type=\"widget\" data-widget_type=\"html.default\">\n\t\t\t\t<div class=\"elementor-widget-container\">\n\t\t\t<h5>Ndani rekomandimet tuaja sot dhe le t\u00eb formojm\u00eb s\u00eb bashku nj\u00eb t\u00eb nes\u00ebrme m\u00eb t\u00eb mir\u00eb!\u201d<\/h5>\t\t<\/div>\n\t\t\t\t<\/div>\n\t\t\t\t\t<\/div>\n\t\t\t\t<\/div>\n\t\t<div class=\"elementor-element elementor-element-0e47fd0 e-flex e-con-boxed e-con e-parent\" data-id=\"0e47fd0\" data-element_type=\"container\">\n\t\t\t\t\t<div class=\"e-con-inner\">\n\t\t\t\t<div class=\"elementor-element elementor-element-c550023 elementor-widget elementor-widget-shortcode\" data-id=\"c550023\" data-element_type=\"widget\" data-widget_type=\"shortcode.default\">\n\t\t\t\t<div class=\"elementor-widget-container\">\n\t\t\t\t\t<div class=\"elementor-shortcode\">\n<div class=\"wpcf7 no-js\" id=\"wpcf7-f7405-o1\" lang=\"sq-AL\" dir=\"ltr\">\n<div class=\"screen-reader-response\"><p role=\"status\" aria-live=\"polite\" aria-atomic=\"true\"><\/p> <ul><\/ul><\/div>\n<form action=\"\/sq\/wp-json\/wp\/v2\/pages\/5256#wpcf7-f7405-o1\" method=\"post\" class=\"wpcf7-form init\" aria-label=\"Contact form\" novalidate=\"novalidate\" data-status=\"init\">\n<div style=\"display: none;\">\n<input type=\"hidden\" name=\"_wpcf7\" value=\"7405\" \/>\n<input type=\"hidden\" name=\"_wpcf7_version\" value=\"5.9.3\" \/>\n<input type=\"hidden\" name=\"_wpcf7_locale\" value=\"sq_AL\" \/>\n<input type=\"hidden\" name=\"_wpcf7_unit_tag\" value=\"wpcf7-f7405-o1\" \/>\n<input type=\"hidden\" name=\"_wpcf7_container_post\" value=\"0\" \/>\n<input type=\"hidden\" name=\"_wpcf7_posted_data_hash\" value=\"\" \/>\n<input type=\"hidden\" name=\"_wpcf7cf_hidden_group_fields\" value=\"[]\" \/>\n<input type=\"hidden\" name=\"_wpcf7cf_hidden_groups\" value=\"[]\" \/>\n<input type=\"hidden\" name=\"_wpcf7cf_visible_groups\" value=\"[]\" \/>\n<input type=\"hidden\" name=\"_wpcf7cf_repeaters\" value=\"[]\" \/>\n<input type=\"hidden\" name=\"_wpcf7cf_steps\" value=\"{}\" \/>\n<input type=\"hidden\" name=\"_wpcf7cf_options\" value=\"{&quot;form_id&quot;:7405,&quot;conditions&quot;:[],&quot;settings&quot;:{&quot;animation&quot;:&quot;yes&quot;,&quot;animation_intime&quot;:&quot;200&quot;,&quot;animation_outtime&quot;:&quot;200&quot;,&quot;conditions_ui&quot;:&quot;normal&quot;,&quot;notice_dismissed&quot;:&quot;&quot;,&quot;notice_dismissed_update-cf7-5.9.6&quot;:true,&quot;notice_dismissed_update-cf7-6.1.3&quot;:true}}\" \/>\n<\/div>\n<div class=\"aksione-wrapper\">\n\t<div class=\"aksione-under\">\n\t\t<div>\n\t\t\t<p><label>Emri dhe mbiemri:<br \/>\n<span class=\"wpcf7-form-control-wrap\" data-name=\"emriMbiemri\"><input size=\"40\" class=\"wpcf7-form-control wpcf7-text wpcf7-validates-as-required\" aria-required=\"true\" aria-invalid=\"false\" placeholder=\"Shkruani emrin dhe mbiemrin tuaj...\" value=\"\" type=\"text\" name=\"emriMbiemri\" \/><\/span><br \/>\n<\/label>\n\t\t\t<\/p>\n\t\t<\/div>\n\t\t<div>\n\t\t\t<p><label>Numri kontaktues:<br \/>\n<span class=\"wpcf7-form-control-wrap\" data-name=\"telefoniAksione\"><input size=\"40\" maxlength=\"11\" minlength=\"9\" class=\"wpcf7-form-control wpcf7-tel wpcf7-validates-as-required wpcf7-text wpcf7-validates-as-tel\" aria-required=\"true\" aria-invalid=\"false\" placeholder=\"04*******\" value=\"\" type=\"tel\" name=\"telefoniAksione\" \/><\/span><br \/>\n<\/label>\n\t\t\t<\/p>\n\t\t<\/div>\n\t\t<div>\n\t\t\t<p><label>Email adresa:<br \/>\n<span class=\"wpcf7-form-control-wrap\" data-name=\"emaili\"><input size=\"40\" class=\"wpcf7-form-control wpcf7-email wpcf7-validates-as-required wpcf7-text wpcf7-validates-as-email\" aria-required=\"true\" aria-invalid=\"false\" placeholder=\"Shkruani email adresen tuaj...\" value=\"\" type=\"email\" name=\"emaili\" \/><\/span><br \/>\n<\/label>\n\t\t\t<\/p>\n\t\t<\/div>\n\t\t<div class=\"mesazhi\">\n\t\t\t<p><label>Rekomandimi:<br \/>\n<span class=\"wpcf7-form-control-wrap\" data-name=\"mesazhi\"><textarea cols=\"40\" rows=\"10\" class=\"wpcf7-form-control wpcf7-textarea wpcf7-validates-as-required\" aria-required=\"true\" aria-invalid=\"false\" placeholder=\"...\" name=\"mesazhi\"><\/textarea><\/span><br \/>\n<\/label>\n\t\t\t<\/p>\n\t\t<\/div>\n\t<\/div>\n<\/div>\n<p><div class=\"cf7-cf-turnstile\" style=\"margin-top: 0px; margin-bottom: -15px;\"> <div id=\"cf-turnstile-cf7-3314382574\" class=\"cf-turnstile\" data-callback=\"turnstileCF7Callback\" data-sitekey=\"0x4AAAAAAAKD1eRimFWui5AM\" data-theme=\"light\" data-language=\"auto\" data-size=\"normal\" data-retry=\"auto\" data-retry-interval=\"1000\" data-refresh-expired=\"auto\" data-action=\"contact-form-7\" data-appearance=\"always\"><\/div> <style>.wpcf7-submit { pointer-events: none; opacity: 0.5; }<\/style> <script>document.addEventListener(\"DOMContentLoaded\", function() { setTimeout(function(){ var e=document.getElementById(\"cf-turnstile-cf7-3314382574\"); e&&!e.innerHTML.trim()&&(turnstile.remove(\"#cf-turnstile-cf7-3314382574\"), turnstile.render(\"#cf-turnstile-cf7-3314382574\", {sitekey:\"0x4AAAAAAAKD1eRimFWui5AM\"})); }, 100); });<\/script> <br class=\"cf-turnstile-br cf-turnstile-br-cf7-3314382574\"> <style>#cf-turnstile-cf7-3314382574 { margin-left: -15px; }<\/style> <script>document.addEventListener(\"DOMContentLoaded\",function(){document.querySelectorAll('.wpcf7-form').forEach(function(e){e.addEventListener('submit',function(){if(document.getElementById('cf-turnstile-cf7-3314382574')){setTimeout(function(){turnstile.reset('#cf-turnstile-cf7-3314382574');},1000)}})})});<\/script> <\/div><br\/><input class=\"wpcf7-form-control wpcf7-submit has-spinner aplikoPaymentGateway\" type=\"submit\" value=\"D\u00ebrgo\" \/>\n<\/p><div class=\"wpcf7-response-output\" aria-hidden=\"true\"><\/div>\n<\/form>\n<\/div>\n<\/div>\n\t\t\t\t<\/div>\n\t\t\t\t<\/div>\n\t\t\t\t\t<\/div>\n\t\t\t\t<\/div>\n\t\t\t\t<\/div>\n\t\t","protected":false},"excerpt":{"rendered":"<p>Z\u00ebri juaj mund t\u00eb form\u00ebsoj\u00eb t\u00eb ardhmen ton\u00eb! N\u00eb IBAS, ne besojm\u00eb se idet\u00eb m\u00eb t\u00eb mira vijn\u00eb shpesh nga ata q\u00eb i p\u00ebrjetojn\u00eb sh\u00ebrbimet tona drejtp\u00ebrdrejt. Kjo \u00ebsht\u00eb arsyeja pse ju ftojm\u00eb t\u00eb ndani mendimet dhe rekomandimet tuaja me ne. Ne nuk jemi thjesht nj\u00eb institucion financiar q\u00eb ofron Banka Inovative dhe Zgjidhje Atraktive [&hellip;]<\/p>\n","protected":false},"author":54,"featured_media":5017,"parent":0,"menu_order":0,"comment_status":"closed","ping_status":"closed","template":"","meta":{"inline_featured_image":false,"footnotes":""},"yoast_head":"<!-- This site is optimized with the Yoast SEO plugin v22.5 - https:\/\/yoast.com\/wordpress\/plugins\/seo\/ -->\r\n<title>Rekomandime - IBAS<\/title>\r\n<meta name=\"description\" content=\"N\u00eb IBAS, ne besojm\u00eb se idet\u00eb m\u00eb t\u00eb mira vijn\u00eb shpesh nga ata q\u00eb i p\u00ebrjetojn\u00eb sh\u00ebrbimet tona drejtp\u00ebrdrejt. Kjo \u00ebsht\u00eb arsyeja pse ju ftojm\u00eb t\u00eb ndani mendimet tuaja.\" \/>\r\n<meta name=\"robots\" content=\"index, follow, max-snippet:-1, max-image-preview:large, max-video-preview:-1\" \/>\r\n<link rel=\"canonical\" href=\"https:\/\/ibas.world\/sq\/rekomandime\/\" \/>\r\n<meta property=\"og:locale\" content=\"sq_AL\" \/>\r\n<meta property=\"og:type\" content=\"article\" \/>\r\n<meta property=\"og:title\" content=\"Rekomandime - IBAS\" \/>\r\n<meta property=\"og:description\" content=\"N\u00eb IBAS, ne besojm\u00eb se idet\u00eb m\u00eb t\u00eb mira vijn\u00eb shpesh nga ata q\u00eb i p\u00ebrjetojn\u00eb sh\u00ebrbimet tona drejtp\u00ebrdrejt. Kjo \u00ebsht\u00eb arsyeja pse ju ftojm\u00eb t\u00eb ndani mendimet tuaja.\" \/>\r\n<meta property=\"og:url\" content=\"https:\/\/ibas.world\/sq\/rekomandime\/\" \/>\r\n<meta property=\"og:site_name\" content=\"IBAS\" \/>\r\n<meta property=\"article:publisher\" content=\"https:\/\/www.facebook.com\/ibas.world\" \/>\r\n<meta property=\"article:modified_time\" content=\"2025-10-20T10:09:39+00:00\" \/>\r\n<meta property=\"og:image\" content=\"https:\/\/ibas.world\/wp-content\/uploads\/2023\/09\/20230908_080307_0000.png\" \/>\r\n\t<meta property=\"og:image:width\" content=\"1200\" \/>\r\n\t<meta property=\"og:image:height\" content=\"630\" \/>\r\n\t<meta property=\"og:image:type\" content=\"image\/png\" \/>\r\n<meta name=\"twitter:card\" content=\"summary_large_image\" \/>\r\n<meta name=\"twitter:label1\" content=\"Est. reading time\" \/>\n\t<meta name=\"twitter:data1\" content=\"1 minute\" \/>\r\n<script type=\"application\/ld+json\" class=\"yoast-schema-graph\">{\"@context\":\"https:\/\/schema.org\",\"@graph\":[{\"@type\":\"WebPage\",\"@id\":\"https:\/\/ibas.world\/sq\/rekomandime\/\",\"url\":\"https:\/\/ibas.world\/sq\/rekomandime\/\",\"name\":\"Rekomandime - IBAS\",\"isPartOf\":{\"@id\":\"https:\/\/ibas.world\/sq\/#website\"},\"primaryImageOfPage\":{\"@id\":\"https:\/\/ibas.world\/sq\/rekomandime\/#primaryimage\"},\"image\":{\"@id\":\"https:\/\/ibas.world\/sq\/rekomandime\/#primaryimage\"},\"thumbnailUrl\":\"https:\/\/ibas.world\/wp-content\/uploads\/2023\/09\/20230908_080307_0000.png\",\"datePublished\":\"2023-08-14T13:39:55+00:00\",\"dateModified\":\"2025-10-20T10:09:39+00:00\",\"description\":\"N\u00eb IBAS, ne besojm\u00eb se idet\u00eb m\u00eb t\u00eb mira vijn\u00eb shpesh nga ata q\u00eb i p\u00ebrjetojn\u00eb sh\u00ebrbimet tona drejtp\u00ebrdrejt. Kjo \u00ebsht\u00eb arsyeja pse ju ftojm\u00eb t\u00eb ndani mendimet tuaja.\",\"breadcrumb\":{\"@id\":\"https:\/\/ibas.world\/sq\/rekomandime\/#breadcrumb\"},\"inLanguage\":\"sq-AL\",\"potentialAction\":[{\"@type\":\"ReadAction\",\"target\":[\"https:\/\/ibas.world\/sq\/rekomandime\/\"]}]},{\"@type\":\"ImageObject\",\"inLanguage\":\"sq-AL\",\"@id\":\"https:\/\/ibas.world\/sq\/rekomandime\/#primaryimage\",\"url\":\"https:\/\/ibas.world\/wp-content\/uploads\/2023\/09\/20230908_080307_0000.png\",\"contentUrl\":\"https:\/\/ibas.world\/wp-content\/uploads\/2023\/09\/20230908_080307_0000.png\",\"width\":1200,\"height\":630},{\"@type\":\"BreadcrumbList\",\"@id\":\"https:\/\/ibas.world\/sq\/rekomandime\/#breadcrumb\",\"itemListElement\":[{\"@type\":\"ListItem\",\"position\":1,\"name\":\"Home\",\"item\":\"https:\/\/ibas.world\/sq\/\"},{\"@type\":\"ListItem\",\"position\":2,\"name\":\"Rekomandime\"}]},{\"@type\":\"WebSite\",\"@id\":\"https:\/\/ibas.world\/sq\/#website\",\"url\":\"https:\/\/ibas.world\/sq\/\",\"name\":\"IBAS\",\"description\":\"\",\"publisher\":{\"@id\":\"https:\/\/ibas.world\/sq\/#organization\"},\"potentialAction\":[{\"@type\":\"SearchAction\",\"target\":{\"@type\":\"EntryPoint\",\"urlTemplate\":\"https:\/\/ibas.world\/sq\/?s={search_term_string}\"},\"query-input\":\"required name=search_term_string\"}],\"inLanguage\":\"sq-AL\"},{\"@type\":\"Organization\",\"@id\":\"https:\/\/ibas.world\/sq\/#organization\",\"name\":\"IBAS\",\"url\":\"https:\/\/ibas.world\/sq\/\",\"logo\":{\"@type\":\"ImageObject\",\"inLanguage\":\"sq-AL\",\"@id\":\"https:\/\/ibas.world\/sq\/#\/schema\/logo\/image\/\",\"url\":\"https:\/\/ibas.world\/wp-content\/uploads\/2023\/06\/favicon.png\",\"contentUrl\":\"https:\/\/ibas.world\/wp-content\/uploads\/2023\/06\/favicon.png\",\"width\":374,\"height\":340,\"caption\":\"IBAS\"},\"image\":{\"@id\":\"https:\/\/ibas.world\/sq\/#\/schema\/logo\/image\/\"},\"sameAs\":[\"https:\/\/www.facebook.com\/ibas.world\",\"https:\/\/www.instagram.com\/ibas.world\/\",\"https:\/\/in.linkedin.com\/company\/ibas-world\"]}]}<\/script>\r\n<!-- \/ Yoast SEO plugin. -->","yoast_head_json":{"title":"Rekomandime - IBAS","description":"N\u00eb IBAS, ne besojm\u00eb se idet\u00eb m\u00eb t\u00eb mira vijn\u00eb shpesh nga ata q\u00eb i p\u00ebrjetojn\u00eb sh\u00ebrbimet tona drejtp\u00ebrdrejt. Kjo \u00ebsht\u00eb arsyeja pse ju ftojm\u00eb t\u00eb ndani mendimet tuaja.","robots":{"index":"index","follow":"follow","max-snippet":"max-snippet:-1","max-image-preview":"max-image-preview:large","max-video-preview":"max-video-preview:-1"},"canonical":"https:\/\/ibas.world\/sq\/rekomandime\/","og_locale":"sq_AL","og_type":"article","og_title":"Rekomandime - IBAS","og_description":"N\u00eb IBAS, ne besojm\u00eb se idet\u00eb m\u00eb t\u00eb mira vijn\u00eb shpesh nga ata q\u00eb i p\u00ebrjetojn\u00eb sh\u00ebrbimet tona drejtp\u00ebrdrejt. Kjo \u00ebsht\u00eb arsyeja pse ju ftojm\u00eb t\u00eb ndani mendimet tuaja.","og_url":"https:\/\/ibas.world\/sq\/rekomandime\/","og_site_name":"IBAS","article_publisher":"https:\/\/www.facebook.com\/ibas.world","article_modified_time":"2025-10-20T10:09:39+00:00","og_image":[{"width":1200,"height":630,"url":"https:\/\/ibas.world\/wp-content\/uploads\/2023\/09\/20230908_080307_0000.png","type":"image\/png"}],"twitter_card":"summary_large_image","twitter_misc":{"Est. reading time":"1 minute"},"schema":{"@context":"https:\/\/schema.org","@graph":[{"@type":"WebPage","@id":"https:\/\/ibas.world\/sq\/rekomandime\/","url":"https:\/\/ibas.world\/sq\/rekomandime\/","name":"Rekomandime - IBAS","isPartOf":{"@id":"https:\/\/ibas.world\/sq\/#website"},"primaryImageOfPage":{"@id":"https:\/\/ibas.world\/sq\/rekomandime\/#primaryimage"},"image":{"@id":"https:\/\/ibas.world\/sq\/rekomandime\/#primaryimage"},"thumbnailUrl":"https:\/\/ibas.world\/wp-content\/uploads\/2023\/09\/20230908_080307_0000.png","datePublished":"2023-08-14T13:39:55+00:00","dateModified":"2025-10-20T10:09:39+00:00","description":"N\u00eb IBAS, ne besojm\u00eb se idet\u00eb m\u00eb t\u00eb mira vijn\u00eb shpesh nga ata q\u00eb i p\u00ebrjetojn\u00eb sh\u00ebrbimet tona drejtp\u00ebrdrejt. Kjo \u00ebsht\u00eb arsyeja pse ju ftojm\u00eb t\u00eb ndani mendimet tuaja.","breadcrumb":{"@id":"https:\/\/ibas.world\/sq\/rekomandime\/#breadcrumb"},"inLanguage":"sq-AL","potentialAction":[{"@type":"ReadAction","target":["https:\/\/ibas.world\/sq\/rekomandime\/"]}]},{"@type":"ImageObject","inLanguage":"sq-AL","@id":"https:\/\/ibas.world\/sq\/rekomandime\/#primaryimage","url":"https:\/\/ibas.world\/wp-content\/uploads\/2023\/09\/20230908_080307_0000.png","contentUrl":"https:\/\/ibas.world\/wp-content\/uploads\/2023\/09\/20230908_080307_0000.png","width":1200,"height":630},{"@type":"BreadcrumbList","@id":"https:\/\/ibas.world\/sq\/rekomandime\/#breadcrumb","itemListElement":[{"@type":"ListItem","position":1,"name":"Home","item":"https:\/\/ibas.world\/sq\/"},{"@type":"ListItem","position":2,"name":"Rekomandime"}]},{"@type":"WebSite","@id":"https:\/\/ibas.world\/sq\/#website","url":"https:\/\/ibas.world\/sq\/","name":"IBAS","description":"","publisher":{"@id":"https:\/\/ibas.world\/sq\/#organization"},"potentialAction":[{"@type":"SearchAction","target":{"@type":"EntryPoint","urlTemplate":"https:\/\/ibas.world\/sq\/?s={search_term_string}"},"query-input":"required name=search_term_string"}],"inLanguage":"sq-AL"},{"@type":"Organization","@id":"https:\/\/ibas.world\/sq\/#organization","name":"IBAS","url":"https:\/\/ibas.world\/sq\/","logo":{"@type":"ImageObject","inLanguage":"sq-AL","@id":"https:\/\/ibas.world\/sq\/#\/schema\/logo\/image\/","url":"https:\/\/ibas.world\/wp-content\/uploads\/2023\/06\/favicon.png","contentUrl":"https:\/\/ibas.world\/wp-content\/uploads\/2023\/06\/favicon.png","width":374,"height":340,"caption":"IBAS"},"image":{"@id":"https:\/\/ibas.world\/sq\/#\/schema\/logo\/image\/"},"sameAs":["https:\/\/www.facebook.com\/ibas.world","https:\/\/www.instagram.com\/ibas.world\/","https:\/\/in.linkedin.com\/company\/ibas-world"]}]}},"_links":{"self":[{"href":"https:\/\/ibas.world\/sq\/wp-json\/wp\/v2\/pages\/5256"}],"collection":[{"href":"https:\/\/ibas.world\/sq\/wp-json\/wp\/v2\/pages"}],"about":[{"href":"https:\/\/ibas.world\/sq\/wp-json\/wp\/v2\/types\/page"}],"author":[{"embeddable":true,"href":"https:\/\/ibas.world\/sq\/wp-json\/wp\/v2\/users\/54"}],"replies":[{"embeddable":true,"href":"https:\/\/ibas.world\/sq\/wp-json\/wp\/v2\/comments?post=5256"}],"version-history":[{"count":5,"href":"https:\/\/ibas.world\/sq\/wp-json\/wp\/v2\/pages\/5256\/revisions"}],"predecessor-version":[{"id":7401,"href":"https:\/\/ibas.world\/sq\/wp-json\/wp\/v2\/pages\/5256\/revisions\/7401"}],"wp:featuredmedia":[{"embeddable":true,"href":"https:\/\/ibas.world\/sq\/wp-json\/wp\/v2\/media\/5017"}],"wp:attachment":[{"href":"https:\/\/ibas.world\/sq\/wp-json\/wp\/v2\/media?parent=5256"}],"curies":[{"name":"wp","href":"https:\/\/api.w.org\/{rel}","templated":true}]}}