{"id":5267,"date":"2023-08-13T14:26:04","date_gmt":"2023-08-13T14:26:04","guid":{"rendered":"https:\/\/ibas.world\/politika-e-privatesise\/"},"modified":"2025-10-21T08:05:11","modified_gmt":"2025-10-21T08:05:11","slug":"politika-e-privatesise","status":"publish","type":"page","link":"https:\/\/ibas.world\/sq\/politika-e-privatesise\/","title":{"rendered":"Politika e privat\u00ebsis\u00eb"},"content":{"rendered":"\t\t<div data-elementor-type=\"wp-page\" data-elementor-id=\"5267\" class=\"elementor elementor-5267 elementor-2406\">\n\t\t\t\t<div class=\"elementor-element elementor-element-edd4561 e-flex e-con-boxed e-con e-parent\" data-id=\"edd4561\" data-element_type=\"container\">\n\t\t\t\t\t<div class=\"e-con-inner\">\n\t\t\t\t<div class=\"elementor-element elementor-element-ce38793 elementor-widget elementor-widget-html\" data-id=\"ce38793\" data-element_type=\"widget\" data-widget_type=\"html.default\">\n\t\t\t\t<div class=\"elementor-widget-container\">\n\t\t\t<h1 class=\"h1-main tcenter blueLinear\">POLITIKAT E PRIVAT\u00cbSIS\u00cb<\/h1>\t\t<\/div>\n\t\t\t\t<\/div>\n\t\t\t\t\t<\/div>\n\t\t\t\t<\/div>\n\t\t<div class=\"elementor-element elementor-element-99b29dd e-flex e-con-boxed e-con e-parent\" data-id=\"99b29dd\" data-element_type=\"container\">\n\t\t\t\t\t<div class=\"e-con-inner\">\n\t\t\t\t<div class=\"elementor-element elementor-element-f2f0faa elementor-widget elementor-widget-html\" data-id=\"f2f0faa\" data-element_type=\"widget\" data-widget_type=\"html.default\">\n\t\t\t\t<div class=\"elementor-widget-container\">\n\t\t\t<ol style=\"padding-left:20px;\">\n    <li><strong>Q\u00cbLLIMI<\/strong>\n    <ol class=\"remPd\"><li>Kjo politik\u00eb e privat\u00ebsis\u00eb p\u00ebrshkruan se si ne, IBAS, mbledhim, p\u00ebrdorim dhe mbrojm\u00eb informacionin tuaj personal.<\/li><\/ol>\n    <\/li>\n    <br>\n        <li><strong>INFORMACIONI NE MBLIDHIM  <\/strong>\n<ol class=\"remPd\"><li>  Ne mbledhim informacione personale nga ju kur hapni nj\u00eb llogari, aplikoni p\u00ebr nj\u00eb hua ose kredi, p\u00ebrdorni produktet ose sh\u00ebrbimet tona, ose nd\u00ebrveproni ndryshe me ne. Ky informacion mund t\u00eb p\u00ebrfshij\u00eb:   <ol type=\"a\"><li>Emri juaj, adresa, data e lindjes, llogarit\u00eb bankare dhe informacione t\u00eb tjera identifikuese  <\/li>\n<li>Informacioni juaj i pun\u00ebsimit, duke p\u00ebrfshir\u00eb profesionin dhe t\u00eb ardhurat tuaja  <\/li>\n<li>Informacioni juaj financiar, duke p\u00ebrfshir\u00eb asetet, borxhet dhe historin\u00eb tuaj t\u00eb kreditit  <\/li>\n<li>Historia juaj e transaksioneve me ne dhe institucione t\u00eb tjera financiare  <\/li>\n<li>Aktiviteti juaj n\u00eb internet, si adresa juaj IP dhe historia e shfletimit  <\/li>\n<\/ol>\n<\/li><li>Ne gjithashtu mund t\u00eb mbledhim informacion nga burime t\u00eb pal\u00ebve t\u00eb treta, t\u00eb tilla si institucione t\u00eb tjera private dhe t\u00eb dh\u00ebna publike.<\/li>\n<\/ol>\n\n\n<br>\n<li><strong>SI NE P\u00cbRDORIM INFORMACIONIN TUAJ<\/strong>\n<ol class=\"remPd\"><li>Ne p\u00ebrdorim informacionin tuaj personal p\u00ebr:  <\/li>\n<ol type=\"a\">\n    <li>P\u00ebrpunoni hapjen e llogaris\u00eb suaj, aplikimin p\u00ebr kredi ose k\u00ebrkesa t\u00eb tjera  <\/li>\n<li>Ju ofrojm\u00eb produktet dhe sh\u00ebrbimet tona  <\/li>\n<li>Verifikoni identitetin tuaj dhe parandaloni mashtrimin  <\/li>\n<li>Komunikoni me ju p\u00ebr llogarin\u00eb tuaj dhe produktet dhe sh\u00ebrbimet tona  <\/li>\n<li>Pajtohuni me k\u00ebrkesat ligjore dhe rregullatore  <\/li>\n<li>Kryeni k\u00ebrkime dhe analiza p\u00ebr t\u00eb p\u00ebrmir\u00ebsuar produktet dhe sh\u00ebrbimet tona  <\/li>\n<\/ol>\n<li>Ne gjithashtu mund t\u00eb p\u00ebrdorim informacionin tuaj p\u00ebr q\u00ebllime marketingu, t\u00eb tilla si p\u00ebr t'ju ofruar produkte dhe sh\u00ebrbime q\u00eb mund t\u00eb jen\u00eb me interes p\u00ebr ju.<\/li>\n<\/ol><br>\n<li><strong>NDARJA E INFORMACIONIT TUAJ  <\/strong>\n<ol class=\"remPd\">\n    <li>Ne mund t\u00eb ndajm\u00eb informacionin tuaj me:  <ol type=\"a\">\n    <li>Partner\u00ebt tan\u00eb t\u00eb biznesit filialet, p\u00ebr q\u00ebllime biznesi  <\/li>\n<li>Ofruesit e sh\u00ebrbimeve q\u00eb na ndihmojn\u00eb t\u00eb ofrojm\u00eb produktet dhe sh\u00ebrbimet tona, t\u00eb tilla si p\u00ebrpunimi i transaksioneve dhe d\u00ebrgimi i komunikimeve  <\/li>\n<li>Banka Qendrore e Kosov\u00ebs dhe burime t\u00eb tjera t\u00eb pal\u00ebve t\u00eb treta p\u00ebr t\u00eb verifikuar informacionin tuaj dhe p\u00ebr t\u00eb parandaluar mashtrimin<\/li>\n<li>Agjencit\u00eb qeveritare dhe zbatimi i ligjit, si\u00e7 k\u00ebrkohet nga ligji ose p\u00ebr t\u00eb mbrojtur t\u00eb drejtat tona ligjore<\/li>\n<\/ol>\n<\/li><li>Ne nuk ua shesim informacionin tuaj personal pal\u00ebve t\u00eb treta p\u00ebr q\u00ebllime marketingu.  <\/li>\n<\/ol><br>\n<li><strong>MBROJTJA E INFORMACIONIT TUAJ  <\/strong>\n<ol class=\"remPd\"><li>Ne marrim masa t\u00eb arsyeshme p\u00ebr t\u00eb mbrojtur informacionin tuaj personal nga aksesi, zbulimi dhe p\u00ebrdorimi i paautorizuar. K\u00ebto masa p\u00ebrfshijn\u00eb:   <ol type=\"a\"><li>Masat mbrojt\u00ebse fizike, t\u00eb tilla si nd\u00ebrtesa t\u00eb sigurta dhe kabinete dosjesh t\u00eb mbyllura  <\/li>\n<li>Masat mbrojt\u00ebse teknike, t\u00eb tilla si muret e zjarrit dhe enkriptimi  <\/li>\n<li>Masat mbrojt\u00ebse administrative, t\u00eb tilla si politikat dhe procedurat p\u00ebr aksesin dhe sigurin\u00eb e t\u00eb dh\u00ebnave  <\/li><\/ol>\n<\/li><li>Ne gjithashtu k\u00ebrkojm\u00eb nga ofruesit tan\u00eb t\u00eb sh\u00ebrbimeve t\u00eb mbajn\u00eb masat e duhura t\u00eb siguris\u00eb p\u00ebr t\u00eb mbrojtur informacionin tuaj.  <\/li>\n<\/ol>\n\n<br>\n<li><strong>ZGJEDHJET TUAJA<\/strong>\n<ol class=\"remPd\">\n    <li>Ju mund t\u00eb zgjidhni t\u00eb mos na jepni informacione t\u00eb caktuara personale, por kjo mund t\u00eb kufizoj\u00eb aft\u00ebsin\u00eb ton\u00eb p\u00ebr t'ju ofruar produktet dhe sh\u00ebrbimet tona. Ju gjithashtu mund t\u00eb hiqni dor\u00eb nga marrja e komunikimeve t\u00eb marketingut nga ne duke ndjekur udh\u00ebzimet n\u00eb komunikim. <\/li>\n<\/ol>\n<\/li><br>\n<li><strong>T\u00cb DREJTAT TUAJA<\/strong>\n<ol class=\"remPd\"><li>Ju keni disa t\u00eb drejta n\u00eb lidhje me informacionin tuaj personal, duke p\u00ebrfshir\u00eb:  <ol type=\"a\">\n    <li>E drejta p\u00ebr t\u00eb hyr\u00eb dhe marr\u00eb nj\u00eb kopje t\u00eb informacionit tuaj personal  <\/li>\n<li>E drejta p\u00ebr t\u00eb korrigjuar \u00e7do informacion personal t\u00eb pasakt\u00eb ose jo t\u00eb plot\u00eb  <\/li>\n<li>E drejta p\u00ebr t\u00eb k\u00ebrkuar q\u00eb ne t\u00eb fshijm\u00eb t\u00eb dh\u00ebnat tuaja personale  <\/li>\n<li>E drejta p\u00ebr t\u00eb kund\u00ebrshtuar p\u00ebrpunimin e informacionit tuaj personal p\u00ebr q\u00ebllime t\u00eb caktuara  <\/li>\n<li>E drejta p\u00ebr t\u00eb kufizuar p\u00ebrpunimin e informacionit tuaj personal n\u00eb rrethana t\u00eb caktuara  <\/li>\n<\/ol>\n<\/li><\/ol>\n<\/li><br>\n<li><strong>NA KONTAKTONI  <\/strong><ol class=\"remPd\"><li>N\u00ebse keni ndonj\u00eb pyetje ose shqet\u00ebsim n\u00eb lidhje me Politik\u00ebn ton\u00eb t\u00eb Privat\u00ebsis\u00eb ose p\u00ebrdorimin ton\u00eb t\u00eb informacionit tuaj personal, ju lutemi na kontaktoni n\u00eb:<br> <a class=\"main-link\" href=\"mailto:info@ibas.world\">info@ibas.world<\/a><br> <a class=\"main-link\" href=\"tel:+38338600300\">+383 38 600 300<\/a>\n<\/li><\/ol><\/li><br>\n<li><strong>NDRYSHIMET E K\u00cbSAJ POLITIKE<\/strong>\n<ol class=\"remPd\"><li>Ne mund ta p\u00ebrdit\u00ebsojm\u00eb k\u00ebt\u00eb politik\u00eb t\u00eb privat\u00ebsis\u00eb her\u00eb pas here. Ne do t'ju njoftojm\u00eb p\u00ebr \u00e7do ndryshim material duke postuar nj\u00eb njoftim n\u00eb faqen ton\u00eb t\u00eb internetit ose me mjete t\u00eb tjera. P\u00ebrdorimi i vazhduesh\u00ebm i produkteve dhe sh\u00ebrbimeve tona pas nj\u00eb njoftimi t\u00eb till\u00eb p\u00ebrb\u00ebn pranimin tuaj t\u00eb Politik\u00ebs s\u00eb p\u00ebrdit\u00ebsuar t\u00eb privat\u00ebsis\u00eb.  <\/li><\/ol>\n<\/li>\n<\/ol>\t\t<\/div>\n\t\t\t\t<\/div>\n\t\t\t\t\t<\/div>\n\t\t\t\t<\/div>\n\t\t\t\t<\/div>\n\t\t","protected":false},"excerpt":{"rendered":"<p>POLITIKAT E PRIVAT\u00cbSIS\u00cb Q\u00cbLLIMI Kjo politik\u00eb e privat\u00ebsis\u00eb p\u00ebrshkruan se si ne, IBAS, mbledhim, p\u00ebrdorim dhe mbrojm\u00eb informacionin tuaj personal. INFORMACIONI NE MBLIDHIM Ne mbledhim informacione personale nga ju kur hapni nj\u00eb llogari, aplikoni p\u00ebr nj\u00eb hua ose kredi, p\u00ebrdorni produktet ose sh\u00ebrbimet tona, ose nd\u00ebrveproni ndryshe me ne. Ky informacion mund t\u00eb p\u00ebrfshij\u00eb: Emri [&hellip;]<\/p>\n","protected":false},"author":54,"featured_media":0,"parent":0,"menu_order":0,"comment_status":"closed","ping_status":"closed","template":"","meta":{"inline_featured_image":false,"footnotes":""},"yoast_head":"<!-- This site is optimized with the Yoast SEO plugin v22.5 - https:\/\/yoast.com\/wordpress\/plugins\/seo\/ -->\r\n<title>Politika e privat\u00ebsis\u00eb - IBAS<\/title>\r\n<meta name=\"description\" content=\"Zbuloni se si ne ruajm\u00eb informacionin tuaj personal dhe respektojm\u00eb privat\u00ebsin\u00eb tuaj. Politika jon\u00eb e privat\u00ebsis\u00eb p\u00ebrshkruan mbledhjen ton\u00eb t\u00eb t\u00eb dh\u00ebnave, p\u00ebrdorimin dhe...\" \/>\r\n<meta name=\"robots\" content=\"index, follow, max-snippet:-1, max-image-preview:large, max-video-preview:-1\" \/>\r\n<link rel=\"canonical\" href=\"https:\/\/ibas.world\/sq\/politika-e-privatesise\/\" \/>\r\n<meta property=\"og:locale\" content=\"sq_AL\" \/>\r\n<meta property=\"og:type\" content=\"article\" \/>\r\n<meta property=\"og:title\" content=\"Politika e privat\u00ebsis\u00eb - IBAS\" \/>\r\n<meta property=\"og:description\" content=\"Zbuloni se si ne ruajm\u00eb informacionin tuaj personal dhe respektojm\u00eb privat\u00ebsin\u00eb tuaj. Politika jon\u00eb e privat\u00ebsis\u00eb p\u00ebrshkruan mbledhjen ton\u00eb t\u00eb t\u00eb dh\u00ebnave, p\u00ebrdorimin dhe...\" \/>\r\n<meta property=\"og:url\" content=\"https:\/\/ibas.world\/sq\/politika-e-privatesise\/\" \/>\r\n<meta property=\"og:site_name\" content=\"IBAS\" \/>\r\n<meta property=\"article:publisher\" content=\"https:\/\/www.facebook.com\/ibas.world\" \/>\r\n<meta property=\"article:modified_time\" content=\"2025-10-21T08:05:11+00:00\" \/>\r\n<meta property=\"og:image\" content=\"https:\/\/ibas.world\/wp-content\/uploads\/2023\/09\/Solutions-we-deliver.png\" \/>\r\n\t<meta property=\"og:image:width\" content=\"1200\" \/>\r\n\t<meta property=\"og:image:height\" content=\"630\" \/>\r\n\t<meta property=\"og:image:type\" content=\"image\/png\" \/>\r\n<meta name=\"twitter:card\" content=\"summary_large_image\" \/>\r\n<meta name=\"twitter:label1\" content=\"Est. reading time\" \/>\n\t<meta name=\"twitter:data1\" content=\"4 minutes\" \/>\r\n<script type=\"application\/ld+json\" class=\"yoast-schema-graph\">{\"@context\":\"https:\/\/schema.org\",\"@graph\":[{\"@type\":\"WebPage\",\"@id\":\"https:\/\/ibas.world\/sq\/politika-e-privatesise\/\",\"url\":\"https:\/\/ibas.world\/sq\/politika-e-privatesise\/\",\"name\":\"Politika e privat\u00ebsis\u00eb - IBAS\",\"isPartOf\":{\"@id\":\"https:\/\/ibas.world\/sq\/#website\"},\"datePublished\":\"2023-08-13T14:26:04+00:00\",\"dateModified\":\"2025-10-21T08:05:11+00:00\",\"description\":\"Zbuloni se si ne ruajm\u00eb informacionin tuaj personal dhe respektojm\u00eb privat\u00ebsin\u00eb tuaj. Politika jon\u00eb e privat\u00ebsis\u00eb p\u00ebrshkruan mbledhjen ton\u00eb t\u00eb t\u00eb dh\u00ebnave, p\u00ebrdorimin dhe...\",\"breadcrumb\":{\"@id\":\"https:\/\/ibas.world\/sq\/politika-e-privatesise\/#breadcrumb\"},\"inLanguage\":\"sq-AL\",\"potentialAction\":[{\"@type\":\"ReadAction\",\"target\":[\"https:\/\/ibas.world\/sq\/politika-e-privatesise\/\"]}]},{\"@type\":\"BreadcrumbList\",\"@id\":\"https:\/\/ibas.world\/sq\/politika-e-privatesise\/#breadcrumb\",\"itemListElement\":[{\"@type\":\"ListItem\",\"position\":1,\"name\":\"Home\",\"item\":\"https:\/\/ibas.world\/sq\/\"},{\"@type\":\"ListItem\",\"position\":2,\"name\":\"Politika e privat\u00ebsis\u00eb\"}]},{\"@type\":\"WebSite\",\"@id\":\"https:\/\/ibas.world\/sq\/#website\",\"url\":\"https:\/\/ibas.world\/sq\/\",\"name\":\"IBAS\",\"description\":\"\",\"publisher\":{\"@id\":\"https:\/\/ibas.world\/sq\/#organization\"},\"potentialAction\":[{\"@type\":\"SearchAction\",\"target\":{\"@type\":\"EntryPoint\",\"urlTemplate\":\"https:\/\/ibas.world\/sq\/?s={search_term_string}\"},\"query-input\":\"required name=search_term_string\"}],\"inLanguage\":\"sq-AL\"},{\"@type\":\"Organization\",\"@id\":\"https:\/\/ibas.world\/sq\/#organization\",\"name\":\"IBAS\",\"url\":\"https:\/\/ibas.world\/sq\/\",\"logo\":{\"@type\":\"ImageObject\",\"inLanguage\":\"sq-AL\",\"@id\":\"https:\/\/ibas.world\/sq\/#\/schema\/logo\/image\/\",\"url\":\"https:\/\/ibas.world\/wp-content\/uploads\/2023\/06\/favicon.png\",\"contentUrl\":\"https:\/\/ibas.world\/wp-content\/uploads\/2023\/06\/favicon.png\",\"width\":374,\"height\":340,\"caption\":\"IBAS\"},\"image\":{\"@id\":\"https:\/\/ibas.world\/sq\/#\/schema\/logo\/image\/\"},\"sameAs\":[\"https:\/\/www.facebook.com\/ibas.world\",\"https:\/\/www.instagram.com\/ibas.world\/\",\"https:\/\/in.linkedin.com\/company\/ibas-world\"]}]}<\/script>\r\n<!-- \/ Yoast SEO plugin. -->","yoast_head_json":{"title":"Politika e privat\u00ebsis\u00eb - IBAS","description":"Zbuloni se si ne ruajm\u00eb informacionin tuaj personal dhe respektojm\u00eb privat\u00ebsin\u00eb tuaj. Politika jon\u00eb e privat\u00ebsis\u00eb p\u00ebrshkruan mbledhjen ton\u00eb t\u00eb t\u00eb dh\u00ebnave, p\u00ebrdorimin dhe...","robots":{"index":"index","follow":"follow","max-snippet":"max-snippet:-1","max-image-preview":"max-image-preview:large","max-video-preview":"max-video-preview:-1"},"canonical":"https:\/\/ibas.world\/sq\/politika-e-privatesise\/","og_locale":"sq_AL","og_type":"article","og_title":"Politika e privat\u00ebsis\u00eb - IBAS","og_description":"Zbuloni se si ne ruajm\u00eb informacionin tuaj personal dhe respektojm\u00eb privat\u00ebsin\u00eb tuaj. Politika jon\u00eb e privat\u00ebsis\u00eb p\u00ebrshkruan mbledhjen ton\u00eb t\u00eb t\u00eb dh\u00ebnave, p\u00ebrdorimin dhe...","og_url":"https:\/\/ibas.world\/sq\/politika-e-privatesise\/","og_site_name":"IBAS","article_publisher":"https:\/\/www.facebook.com\/ibas.world","article_modified_time":"2025-10-21T08:05:11+00:00","og_image":[{"width":1200,"height":630,"url":"https:\/\/ibas.world\/wp-content\/uploads\/2023\/09\/Solutions-we-deliver.png","type":"image\/png"}],"twitter_card":"summary_large_image","twitter_misc":{"Est. reading time":"4 minutes"},"schema":{"@context":"https:\/\/schema.org","@graph":[{"@type":"WebPage","@id":"https:\/\/ibas.world\/sq\/politika-e-privatesise\/","url":"https:\/\/ibas.world\/sq\/politika-e-privatesise\/","name":"Politika e privat\u00ebsis\u00eb - IBAS","isPartOf":{"@id":"https:\/\/ibas.world\/sq\/#website"},"datePublished":"2023-08-13T14:26:04+00:00","dateModified":"2025-10-21T08:05:11+00:00","description":"Zbuloni se si ne ruajm\u00eb informacionin tuaj personal dhe respektojm\u00eb privat\u00ebsin\u00eb tuaj. Politika jon\u00eb e privat\u00ebsis\u00eb p\u00ebrshkruan mbledhjen ton\u00eb t\u00eb t\u00eb dh\u00ebnave, p\u00ebrdorimin dhe...","breadcrumb":{"@id":"https:\/\/ibas.world\/sq\/politika-e-privatesise\/#breadcrumb"},"inLanguage":"sq-AL","potentialAction":[{"@type":"ReadAction","target":["https:\/\/ibas.world\/sq\/politika-e-privatesise\/"]}]},{"@type":"BreadcrumbList","@id":"https:\/\/ibas.world\/sq\/politika-e-privatesise\/#breadcrumb","itemListElement":[{"@type":"ListItem","position":1,"name":"Home","item":"https:\/\/ibas.world\/sq\/"},{"@type":"ListItem","position":2,"name":"Politika e privat\u00ebsis\u00eb"}]},{"@type":"WebSite","@id":"https:\/\/ibas.world\/sq\/#website","url":"https:\/\/ibas.world\/sq\/","name":"IBAS","description":"","publisher":{"@id":"https:\/\/ibas.world\/sq\/#organization"},"potentialAction":[{"@type":"SearchAction","target":{"@type":"EntryPoint","urlTemplate":"https:\/\/ibas.world\/sq\/?s={search_term_string}"},"query-input":"required name=search_term_string"}],"inLanguage":"sq-AL"},{"@type":"Organization","@id":"https:\/\/ibas.world\/sq\/#organization","name":"IBAS","url":"https:\/\/ibas.world\/sq\/","logo":{"@type":"ImageObject","inLanguage":"sq-AL","@id":"https:\/\/ibas.world\/sq\/#\/schema\/logo\/image\/","url":"https:\/\/ibas.world\/wp-content\/uploads\/2023\/06\/favicon.png","contentUrl":"https:\/\/ibas.world\/wp-content\/uploads\/2023\/06\/favicon.png","width":374,"height":340,"caption":"IBAS"},"image":{"@id":"https:\/\/ibas.world\/sq\/#\/schema\/logo\/image\/"},"sameAs":["https:\/\/www.facebook.com\/ibas.world","https:\/\/www.instagram.com\/ibas.world\/","https:\/\/in.linkedin.com\/company\/ibas-world"]}]}},"_links":{"self":[{"href":"https:\/\/ibas.world\/sq\/wp-json\/wp\/v2\/pages\/5267"}],"collection":[{"href":"https:\/\/ibas.world\/sq\/wp-json\/wp\/v2\/pages"}],"about":[{"href":"https:\/\/ibas.world\/sq\/wp-json\/wp\/v2\/types\/page"}],"author":[{"embeddable":true,"href":"https:\/\/ibas.world\/sq\/wp-json\/wp\/v2\/users\/54"}],"replies":[{"embeddable":true,"href":"https:\/\/ibas.world\/sq\/wp-json\/wp\/v2\/comments?post=5267"}],"version-history":[{"count":5,"href":"https:\/\/ibas.world\/sq\/wp-json\/wp\/v2\/pages\/5267\/revisions"}],"predecessor-version":[{"id":7538,"href":"https:\/\/ibas.world\/sq\/wp-json\/wp\/v2\/pages\/5267\/revisions\/7538"}],"wp:attachment":[{"href":"https:\/\/ibas.world\/sq\/wp-json\/wp\/v2\/media?parent=5267"}],"curies":[{"name":"wp","href":"https:\/\/api.w.org\/{rel}","templated":true}]}}