{"id":5283,"date":"2023-05-24T12:21:29","date_gmt":"2023-05-24T12:21:29","guid":{"rendered":"https:\/\/ibas.world\/na-kontaktoni\/"},"modified":"2024-12-31T09:28:32","modified_gmt":"2024-12-31T09:28:32","slug":"na-kontaktoni","status":"publish","type":"page","link":"https:\/\/ibas.world\/sq\/na-kontaktoni\/","title":{"rendered":"Na kontaktoni"},"content":{"rendered":"\t\t<div data-elementor-type=\"wp-page\" data-elementor-id=\"5283\" class=\"elementor elementor-5283 elementor-340\">\n\t\t\t\t<div class=\"elementor-element elementor-element-4f79a9a e-flex e-con-boxed e-con e-parent\" data-id=\"4f79a9a\" data-element_type=\"container\">\n\t\t\t\t\t<div class=\"e-con-inner\">\n\t\t\t\t<div class=\"elementor-element elementor-element-c3cc125 elementor-widget elementor-widget-html\" data-id=\"c3cc125\" data-element_type=\"widget\" data-widget_type=\"html.default\">\n\t\t\t\t<div class=\"elementor-widget-container\">\n\t\t\t<h1 class=\"black0f0 tcenter\">Kontakti dhe Mb\u00ebshtetja<\/h1>\n<p class=\"tcenter\">Mos ngurroni t\u00eb na kontaktoni direkt duke telefonuar <a class=\"main-link\" href=\"tel:038600300\">038-600-300<\/a> ose na d\u00ebrgoni nj\u00eb mesazh duke p\u00ebrdorur formularin e kontaktit t\u00eb dh\u00ebn\u00eb m\u00eb posht\u00eb:\n<\/p>\t\t<\/div>\n\t\t\t\t<\/div>\n\t\t\t\t\t<\/div>\n\t\t\t\t<\/div>\n\t\t<div class=\"elementor-element elementor-element-47615bd e-flex e-con-boxed e-con e-parent\" data-id=\"47615bd\" data-element_type=\"container\">\n\t\t\t\t\t<div class=\"e-con-inner\">\n\t\t<div class=\"elementor-element elementor-element-56207d3 e-con-full e-flex e-con e-child\" data-id=\"56207d3\" data-element_type=\"container\">\n\t\t\t\t<div class=\"elementor-element elementor-element-55e3c2b elementor-widget elementor-widget-html\" data-id=\"55e3c2b\" data-element_type=\"widget\" data-widget_type=\"html.default\">\n\t\t\t\t<div class=\"elementor-widget-container\">\n\t\t\t<div class=\"email-drg\">\n    <div>\n        <img decoding=\"async\" src=\"\/wp-content\/uploads\/2023\/05\/Group-470.webp\" alt=\"email-ne\">\n    <\/div>\n    <div>\n        <h3 class=\"black0f0\">Na d\u00ebrgoni nj\u00eb email!<\/h3>\n    <\/div>\n<\/div>\t\t<\/div>\n\t\t\t\t<\/div>\n\t\t\t\t<div class=\"elementor-element elementor-element-a1f3937 elementor-widget elementor-widget-shortcode\" data-id=\"a1f3937\" data-element_type=\"widget\" data-widget_type=\"shortcode.default\">\n\t\t\t\t<div class=\"elementor-widget-container\">\n\t\t\t\t\t<div class=\"elementor-shortcode\">\n<div class=\"wpcf7 no-js\" id=\"wpcf7-f348-o1\" lang=\"en-US\" dir=\"ltr\">\n<div class=\"screen-reader-response\"><p role=\"status\" aria-live=\"polite\" aria-atomic=\"true\"><\/p> <ul><\/ul><\/div>\n<form action=\"\/sq\/wp-json\/wp\/v2\/pages\/5283#wpcf7-f348-o1\" method=\"post\" class=\"wpcf7-form init\" aria-label=\"Contact form\" novalidate=\"novalidate\" data-status=\"init\">\n<div style=\"display: none;\">\n<input type=\"hidden\" name=\"_wpcf7\" value=\"348\" \/>\n<input type=\"hidden\" name=\"_wpcf7_version\" value=\"5.9.3\" \/>\n<input type=\"hidden\" name=\"_wpcf7_locale\" value=\"en_US\" \/>\n<input type=\"hidden\" name=\"_wpcf7_unit_tag\" value=\"wpcf7-f348-o1\" \/>\n<input type=\"hidden\" name=\"_wpcf7_container_post\" value=\"0\" \/>\n<input type=\"hidden\" name=\"_wpcf7_posted_data_hash\" value=\"\" \/>\n<input type=\"hidden\" name=\"_wpcf7cf_hidden_group_fields\" value=\"[]\" \/>\n<input type=\"hidden\" name=\"_wpcf7cf_hidden_groups\" value=\"[]\" \/>\n<input type=\"hidden\" name=\"_wpcf7cf_visible_groups\" value=\"[]\" \/>\n<input type=\"hidden\" name=\"_wpcf7cf_repeaters\" value=\"[]\" \/>\n<input type=\"hidden\" name=\"_wpcf7cf_steps\" value=\"{}\" \/>\n<input type=\"hidden\" name=\"_wpcf7cf_options\" value=\"{&quot;form_id&quot;:348,&quot;conditions&quot;:[],&quot;settings&quot;:{&quot;animation&quot;:&quot;yes&quot;,&quot;animation_intime&quot;:&quot;200&quot;,&quot;animation_outtime&quot;:&quot;200&quot;,&quot;conditions_ui&quot;:&quot;normal&quot;,&quot;notice_dismissed&quot;:&quot;&quot;,&quot;notice_dismissed_update-cf7-5.9.6&quot;:true,&quot;notice_dismissed_update-cf7-6.1.3&quot;:true}}\" \/>\n<\/div>\n<div class=\"contactUs-wrapper\">\n\t<div class=\"emriMbiemri\">\n\t\t<div>\n\t\t\t<p><label>Name<br \/>\n<span class=\"wpcf7-form-control-wrap\" data-name=\"emriContactUs\"><input size=\"40\" class=\"wpcf7-form-control wpcf7-text wpcf7-validates-as-required\" aria-required=\"true\" aria-invalid=\"false\" placeholder=\"Write down your name\" value=\"\" type=\"text\" name=\"emriContactUs\" \/><\/span><br \/>\n<\/label>\n\t\t\t<\/p>\n\t\t<\/div>\n\t\t<div>\n\t\t\t<p><label>Surname<br \/>\n<span class=\"wpcf7-form-control-wrap\" data-name=\"mbiemriContactUs\"><input size=\"40\" class=\"wpcf7-form-control wpcf7-text wpcf7-validates-as-required\" aria-required=\"true\" aria-invalid=\"false\" placeholder=\"Write down your surname\" value=\"\" type=\"text\" name=\"mbiemriContactUs\" \/><\/span><br \/>\n<\/label>\n\t\t\t<\/p>\n\t\t<\/div>\n\t<\/div>\n\t<div class=\"emriMbiemri\">\n\t\t<div>\n\t\t\t<p><label>Phone number<br \/>\n<span class=\"wpcf7-form-control-wrap\" data-name=\"telefoni\"><input size=\"40\" maxlength=\"11\" minlength=\"9\" class=\"wpcf7-form-control wpcf7-tel wpcf7-validates-as-required wpcf7-text wpcf7-validates-as-tel\" aria-required=\"true\" aria-invalid=\"false\" placeholder=\"Write down your phone number\" value=\"\" type=\"tel\" name=\"telefoni\" \/><\/span><br \/>\n<\/label>\n\t\t\t<\/p>\n\t\t<\/div>\n\t\t<div>\n\t\t\t<p><label>Email address<br \/>\n<span class=\"wpcf7-form-control-wrap\" data-name=\"emaili\"><input size=\"40\" class=\"wpcf7-form-control wpcf7-email wpcf7-validates-as-required wpcf7-text wpcf7-validates-as-email\" aria-required=\"true\" aria-invalid=\"false\" placeholder=\"Write down your Email\" value=\"\" type=\"email\" name=\"emaili\" \/><\/span><br \/>\n<\/label>\n\t\t\t<\/p>\n\t\t<\/div>\n\t<\/div>\n<\/div>\n<div class=\"subjekti\">\n\t<p><label>Regarding...<br \/>\n<span class=\"wpcf7-form-control-wrap\" data-name=\"subjektiContactUs\"><input size=\"40\" class=\"wpcf7-form-control wpcf7-text wpcf7-validates-as-required\" aria-required=\"true\" aria-invalid=\"false\" placeholder=\"Subject\" value=\"\" type=\"text\" name=\"subjektiContactUs\" \/><\/span><br \/>\n<\/label>\n\t<\/p>\n<\/div>\n<div class=\"mesazhi\">\n\t<p><label>Message<br \/>\n<span class=\"wpcf7-form-control-wrap\" data-name=\"mesazhi\"><textarea cols=\"40\" rows=\"10\" class=\"wpcf7-form-control wpcf7-textarea wpcf7-validates-as-required\" aria-required=\"true\" aria-invalid=\"false\" placeholder=\"How can we help you?\" name=\"mesazhi\"><\/textarea><\/span><br \/>\n<\/label>\n\t<\/p>\n<\/div>\n<p><div class=\"cf7-cf-turnstile\" style=\"margin-top: 0px; margin-bottom: -15px;\"> <div id=\"cf-turnstile-cf7-747474045\" class=\"cf-turnstile\" data-callback=\"turnstileCF7Callback\" data-sitekey=\"0x4AAAAAAAKD1eRimFWui5AM\" data-theme=\"light\" data-language=\"auto\" data-size=\"normal\" data-retry=\"auto\" data-retry-interval=\"1000\" data-refresh-expired=\"auto\" data-action=\"contact-form-7\" data-appearance=\"always\"><\/div> <style>.wpcf7-submit { pointer-events: none; opacity: 0.5; }<\/style> <script>document.addEventListener(\"DOMContentLoaded\", function() { setTimeout(function(){ var e=document.getElementById(\"cf-turnstile-cf7-747474045\"); e&&!e.innerHTML.trim()&&(turnstile.remove(\"#cf-turnstile-cf7-747474045\"), turnstile.render(\"#cf-turnstile-cf7-747474045\", {sitekey:\"0x4AAAAAAAKD1eRimFWui5AM\"})); }, 100); });<\/script> <br class=\"cf-turnstile-br cf-turnstile-br-cf7-747474045\"> <style>#cf-turnstile-cf7-747474045 { margin-left: -15px; }<\/style> <script>document.addEventListener(\"DOMContentLoaded\",function(){document.querySelectorAll('.wpcf7-form').forEach(function(e){e.addEventListener('submit',function(){if(document.getElementById('cf-turnstile-cf7-747474045')){setTimeout(function(){turnstile.reset('#cf-turnstile-cf7-747474045');},1000)}})})});<\/script> <\/div><br\/><input class=\"wpcf7-form-control wpcf7-submit has-spinner dergoBtn\" type=\"submit\" value=\"Send\" \/>\n<\/p><div class=\"wpcf7-response-output\" aria-hidden=\"true\"><\/div>\n<\/form>\n<\/div>\n<\/div>\n\t\t\t\t<\/div>\n\t\t\t\t<\/div>\n\t\t\t\t<\/div>\n\t\t<div class=\"elementor-element elementor-element-8c125f3 e-con-full e-flex e-con e-child\" data-id=\"8c125f3\" data-element_type=\"container\">\n\t\t\t\t<div class=\"elementor-element elementor-element-aca60d8 elementor-widget elementor-widget-html\" data-id=\"aca60d8\" data-element_type=\"widget\" data-widget_type=\"html.default\">\n\t\t\t\t<div class=\"elementor-widget-container\">\n\t\t\t<div class=\"boxes-wrapper\">\n<div class=\"boxes-info-warpper\">\n    <div class=\"email-info-boxes\">\n        <div>\n            <img decoding=\"async\" src=\"\/wp-content\/uploads\/2023\/05\/Group-471.png\" alt=\"adresa\">\n        <\/div>\n        <div> \n        <div>\n            <h3 class=\"black0f0\">Adresa<\/h3>\n        <\/div>\n        <div>\n            <h6>Rr. Tiran\u00eb nr. 91, 10 000, <\/h6>\n            <h6>Prishtin\u00eb, Republika e Kosov\u00ebs<\/h6>\n        <\/div>\n        <\/div>\n        \n    <\/div>\n<\/div>\n\n<div class=\"boxes-info-warpper\">\n    <div class=\"email-info-boxes\">\n        <div>\n            <img decoding=\"async\" src=\"\/wp-content\/uploads\/2023\/05\/Group-472.png\" alt=\"adresa\">\n        <\/div>\n        <div> \n        <div>\n            <h3 class=\"black0f0\">Telefoni<\/h3>\n        <\/div>\n        <div>\n            <h6>E h\u00ebn\u00eb - e premte<\/h6>\n            <h6>08:00 - 17:00<\/h6>\n            <a href=\"tel:+38338600300\">+383 38600 300<\/a>\n        <\/div>\n        <\/div>\n        \n    <\/div>\n<\/div>\n\n<\/div>\t\t<\/div>\n\t\t\t\t<\/div>\n\t\t\t\t<\/div>\n\t\t\t\t\t<\/div>\n\t\t\t\t<\/div>\n\t\t\t\t<\/div>\n\t\t","protected":false},"excerpt":{"rendered":"<p>Kontakti dhe Mb\u00ebshtetja Mos ngurroni t\u00eb na kontaktoni direkt duke telefonuar 038-600-300 ose na d\u00ebrgoni nj\u00eb mesazh duke p\u00ebrdorur formularin e kontaktit t\u00eb dh\u00ebn\u00eb m\u00eb posht\u00eb: Na d\u00ebrgoni nj\u00eb email! Adresa Rr. Tiran\u00eb nr. 91, 10 000, Prishtin\u00eb, Republika e Kosov\u00ebs Telefoni E h\u00ebn\u00eb &#8211; e premte 08:00 &#8211; 17:00 +383 38600 300<\/p>\n","protected":false},"author":54,"featured_media":5005,"parent":0,"menu_order":0,"comment_status":"closed","ping_status":"closed","template":"","meta":{"inline_featured_image":false,"footnotes":""},"yoast_head":"<!-- This site is optimized with the Yoast SEO plugin v22.5 - https:\/\/yoast.com\/wordpress\/plugins\/seo\/ -->\r\n<title>Na kontaktoni - IBAS<\/title>\r\n<meta name=\"description\" content=\"Mos ngurroni t\u00eb na kontaktoni direkt duke telefonuar 038-600-300 ose na d\u00ebrgoni nj\u00eb mesazh duke p\u00ebrdorur formularin e kontaktit t\u00eb dh\u00ebn\u00eb m\u00eb posht\u00eb...\" \/>\r\n<meta name=\"robots\" content=\"index, follow, max-snippet:-1, max-image-preview:large, max-video-preview:-1\" \/>\r\n<link rel=\"canonical\" href=\"https:\/\/ibas.world\/sq\/na-kontaktoni\/\" \/>\r\n<meta property=\"og:locale\" content=\"sq_AL\" \/>\r\n<meta property=\"og:type\" content=\"article\" \/>\r\n<meta property=\"og:title\" content=\"Na kontaktoni - IBAS\" \/>\r\n<meta property=\"og:description\" content=\"Mos ngurroni t\u00eb na kontaktoni direkt duke telefonuar 038-600-300 ose na d\u00ebrgoni nj\u00eb mesazh duke p\u00ebrdorur formularin e kontaktit t\u00eb dh\u00ebn\u00eb m\u00eb posht\u00eb...\" \/>\r\n<meta property=\"og:url\" content=\"https:\/\/ibas.world\/sq\/na-kontaktoni\/\" \/>\r\n<meta property=\"og:site_name\" content=\"IBAS\" \/>\r\n<meta property=\"article:publisher\" content=\"https:\/\/www.facebook.com\/ibas.world\" \/>\r\n<meta property=\"article:modified_time\" content=\"2024-12-31T09:28:32+00:00\" \/>\r\n<meta property=\"og:image\" content=\"https:\/\/ibas.world\/wp-content\/uploads\/2023\/09\/20230908_075628_0000.png\" \/>\r\n\t<meta property=\"og:image:width\" content=\"1200\" \/>\r\n\t<meta property=\"og:image:height\" content=\"630\" \/>\r\n\t<meta property=\"og:image:type\" content=\"image\/png\" \/>\r\n<meta name=\"twitter:card\" content=\"summary_large_image\" \/>\r\n<script type=\"application\/ld+json\" class=\"yoast-schema-graph\">{\"@context\":\"https:\/\/schema.org\",\"@graph\":[{\"@type\":\"WebPage\",\"@id\":\"https:\/\/ibas.world\/sq\/na-kontaktoni\/\",\"url\":\"https:\/\/ibas.world\/sq\/na-kontaktoni\/\",\"name\":\"Na kontaktoni - IBAS\",\"isPartOf\":{\"@id\":\"https:\/\/ibas.world\/sq\/#website\"},\"primaryImageOfPage\":{\"@id\":\"https:\/\/ibas.world\/sq\/na-kontaktoni\/#primaryimage\"},\"image\":{\"@id\":\"https:\/\/ibas.world\/sq\/na-kontaktoni\/#primaryimage\"},\"thumbnailUrl\":\"https:\/\/ibas.world\/wp-content\/uploads\/2023\/09\/20230908_075628_0000.png\",\"datePublished\":\"2023-05-24T12:21:29+00:00\",\"dateModified\":\"2024-12-31T09:28:32+00:00\",\"description\":\"Mos ngurroni t\u00eb na kontaktoni direkt duke telefonuar 038-600-300 ose na d\u00ebrgoni nj\u00eb mesazh duke p\u00ebrdorur formularin e kontaktit t\u00eb dh\u00ebn\u00eb m\u00eb posht\u00eb...\",\"breadcrumb\":{\"@id\":\"https:\/\/ibas.world\/sq\/na-kontaktoni\/#breadcrumb\"},\"inLanguage\":\"sq-AL\",\"potentialAction\":[{\"@type\":\"ReadAction\",\"target\":[\"https:\/\/ibas.world\/sq\/na-kontaktoni\/\"]}]},{\"@type\":\"ImageObject\",\"inLanguage\":\"sq-AL\",\"@id\":\"https:\/\/ibas.world\/sq\/na-kontaktoni\/#primaryimage\",\"url\":\"https:\/\/ibas.world\/wp-content\/uploads\/2023\/09\/20230908_075628_0000.png\",\"contentUrl\":\"https:\/\/ibas.world\/wp-content\/uploads\/2023\/09\/20230908_075628_0000.png\",\"width\":1200,\"height\":630},{\"@type\":\"BreadcrumbList\",\"@id\":\"https:\/\/ibas.world\/sq\/na-kontaktoni\/#breadcrumb\",\"itemListElement\":[{\"@type\":\"ListItem\",\"position\":1,\"name\":\"Home\",\"item\":\"https:\/\/ibas.world\/sq\/\"},{\"@type\":\"ListItem\",\"position\":2,\"name\":\"Na kontaktoni\"}]},{\"@type\":\"WebSite\",\"@id\":\"https:\/\/ibas.world\/sq\/#website\",\"url\":\"https:\/\/ibas.world\/sq\/\",\"name\":\"IBAS\",\"description\":\"\",\"publisher\":{\"@id\":\"https:\/\/ibas.world\/sq\/#organization\"},\"potentialAction\":[{\"@type\":\"SearchAction\",\"target\":{\"@type\":\"EntryPoint\",\"urlTemplate\":\"https:\/\/ibas.world\/sq\/?s={search_term_string}\"},\"query-input\":\"required name=search_term_string\"}],\"inLanguage\":\"sq-AL\"},{\"@type\":\"Organization\",\"@id\":\"https:\/\/ibas.world\/sq\/#organization\",\"name\":\"IBAS\",\"url\":\"https:\/\/ibas.world\/sq\/\",\"logo\":{\"@type\":\"ImageObject\",\"inLanguage\":\"sq-AL\",\"@id\":\"https:\/\/ibas.world\/sq\/#\/schema\/logo\/image\/\",\"url\":\"https:\/\/ibas.world\/wp-content\/uploads\/2023\/06\/favicon.png\",\"contentUrl\":\"https:\/\/ibas.world\/wp-content\/uploads\/2023\/06\/favicon.png\",\"width\":374,\"height\":340,\"caption\":\"IBAS\"},\"image\":{\"@id\":\"https:\/\/ibas.world\/sq\/#\/schema\/logo\/image\/\"},\"sameAs\":[\"https:\/\/www.facebook.com\/ibas.world\",\"https:\/\/www.instagram.com\/ibas.world\/\",\"https:\/\/in.linkedin.com\/company\/ibas-world\"]}]}<\/script>\r\n<!-- \/ Yoast SEO plugin. -->","yoast_head_json":{"title":"Na kontaktoni - IBAS","description":"Mos ngurroni t\u00eb na kontaktoni direkt duke telefonuar 038-600-300 ose na d\u00ebrgoni nj\u00eb mesazh duke p\u00ebrdorur formularin e kontaktit t\u00eb dh\u00ebn\u00eb m\u00eb posht\u00eb...","robots":{"index":"index","follow":"follow","max-snippet":"max-snippet:-1","max-image-preview":"max-image-preview:large","max-video-preview":"max-video-preview:-1"},"canonical":"https:\/\/ibas.world\/sq\/na-kontaktoni\/","og_locale":"sq_AL","og_type":"article","og_title":"Na kontaktoni - IBAS","og_description":"Mos ngurroni t\u00eb na kontaktoni direkt duke telefonuar 038-600-300 ose na d\u00ebrgoni nj\u00eb mesazh duke p\u00ebrdorur formularin e kontaktit t\u00eb dh\u00ebn\u00eb m\u00eb posht\u00eb...","og_url":"https:\/\/ibas.world\/sq\/na-kontaktoni\/","og_site_name":"IBAS","article_publisher":"https:\/\/www.facebook.com\/ibas.world","article_modified_time":"2024-12-31T09:28:32+00:00","og_image":[{"width":1200,"height":630,"url":"https:\/\/ibas.world\/wp-content\/uploads\/2023\/09\/20230908_075628_0000.png","type":"image\/png"}],"twitter_card":"summary_large_image","schema":{"@context":"https:\/\/schema.org","@graph":[{"@type":"WebPage","@id":"https:\/\/ibas.world\/sq\/na-kontaktoni\/","url":"https:\/\/ibas.world\/sq\/na-kontaktoni\/","name":"Na kontaktoni - IBAS","isPartOf":{"@id":"https:\/\/ibas.world\/sq\/#website"},"primaryImageOfPage":{"@id":"https:\/\/ibas.world\/sq\/na-kontaktoni\/#primaryimage"},"image":{"@id":"https:\/\/ibas.world\/sq\/na-kontaktoni\/#primaryimage"},"thumbnailUrl":"https:\/\/ibas.world\/wp-content\/uploads\/2023\/09\/20230908_075628_0000.png","datePublished":"2023-05-24T12:21:29+00:00","dateModified":"2024-12-31T09:28:32+00:00","description":"Mos ngurroni t\u00eb na kontaktoni direkt duke telefonuar 038-600-300 ose na d\u00ebrgoni nj\u00eb mesazh duke p\u00ebrdorur formularin e kontaktit t\u00eb dh\u00ebn\u00eb m\u00eb posht\u00eb...","breadcrumb":{"@id":"https:\/\/ibas.world\/sq\/na-kontaktoni\/#breadcrumb"},"inLanguage":"sq-AL","potentialAction":[{"@type":"ReadAction","target":["https:\/\/ibas.world\/sq\/na-kontaktoni\/"]}]},{"@type":"ImageObject","inLanguage":"sq-AL","@id":"https:\/\/ibas.world\/sq\/na-kontaktoni\/#primaryimage","url":"https:\/\/ibas.world\/wp-content\/uploads\/2023\/09\/20230908_075628_0000.png","contentUrl":"https:\/\/ibas.world\/wp-content\/uploads\/2023\/09\/20230908_075628_0000.png","width":1200,"height":630},{"@type":"BreadcrumbList","@id":"https:\/\/ibas.world\/sq\/na-kontaktoni\/#breadcrumb","itemListElement":[{"@type":"ListItem","position":1,"name":"Home","item":"https:\/\/ibas.world\/sq\/"},{"@type":"ListItem","position":2,"name":"Na kontaktoni"}]},{"@type":"WebSite","@id":"https:\/\/ibas.world\/sq\/#website","url":"https:\/\/ibas.world\/sq\/","name":"IBAS","description":"","publisher":{"@id":"https:\/\/ibas.world\/sq\/#organization"},"potentialAction":[{"@type":"SearchAction","target":{"@type":"EntryPoint","urlTemplate":"https:\/\/ibas.world\/sq\/?s={search_term_string}"},"query-input":"required name=search_term_string"}],"inLanguage":"sq-AL"},{"@type":"Organization","@id":"https:\/\/ibas.world\/sq\/#organization","name":"IBAS","url":"https:\/\/ibas.world\/sq\/","logo":{"@type":"ImageObject","inLanguage":"sq-AL","@id":"https:\/\/ibas.world\/sq\/#\/schema\/logo\/image\/","url":"https:\/\/ibas.world\/wp-content\/uploads\/2023\/06\/favicon.png","contentUrl":"https:\/\/ibas.world\/wp-content\/uploads\/2023\/06\/favicon.png","width":374,"height":340,"caption":"IBAS"},"image":{"@id":"https:\/\/ibas.world\/sq\/#\/schema\/logo\/image\/"},"sameAs":["https:\/\/www.facebook.com\/ibas.world","https:\/\/www.instagram.com\/ibas.world\/","https:\/\/in.linkedin.com\/company\/ibas-world"]}]}},"_links":{"self":[{"href":"https:\/\/ibas.world\/sq\/wp-json\/wp\/v2\/pages\/5283"}],"collection":[{"href":"https:\/\/ibas.world\/sq\/wp-json\/wp\/v2\/pages"}],"about":[{"href":"https:\/\/ibas.world\/sq\/wp-json\/wp\/v2\/types\/page"}],"author":[{"embeddable":true,"href":"https:\/\/ibas.world\/sq\/wp-json\/wp\/v2\/users\/54"}],"replies":[{"embeddable":true,"href":"https:\/\/ibas.world\/sq\/wp-json\/wp\/v2\/comments?post=5283"}],"version-history":[{"count":2,"href":"https:\/\/ibas.world\/sq\/wp-json\/wp\/v2\/pages\/5283\/revisions"}],"predecessor-version":[{"id":5285,"href":"https:\/\/ibas.world\/sq\/wp-json\/wp\/v2\/pages\/5283\/revisions\/5285"}],"wp:featuredmedia":[{"embeddable":true,"href":"https:\/\/ibas.world\/sq\/wp-json\/wp\/v2\/media\/5005"}],"wp:attachment":[{"href":"https:\/\/ibas.world\/sq\/wp-json\/wp\/v2\/media?parent=5283"}],"curies":[{"name":"wp","href":"https:\/\/api.w.org\/{rel}","templated":true}]}}