{"id":5286,"date":"2023-05-30T12:14:57","date_gmt":"2023-05-30T12:14:57","guid":{"rendered":"https:\/\/ibas.world\/publikimet\/"},"modified":"2025-11-06T13:16:05","modified_gmt":"2025-11-06T13:16:05","slug":"publikimet","status":"publish","type":"page","link":"https:\/\/ibas.world\/sq\/publikimet\/","title":{"rendered":"Publikimet"},"content":{"rendered":"\t\t<div data-elementor-type=\"wp-page\" data-elementor-id=\"5286\" class=\"elementor elementor-5286 elementor-609\">\n\t\t\t\t<div class=\"elementor-element elementor-element-f1d8640 e-flex e-con-boxed e-con e-parent\" data-id=\"f1d8640\" data-element_type=\"container\">\n\t\t\t\t\t<div class=\"e-con-inner\">\n\t\t\t\t<div class=\"elementor-element elementor-element-1269963 elementor-widget elementor-widget-html\" data-id=\"1269963\" data-element_type=\"widget\" data-widget_type=\"html.default\">\n\t\t\t\t<div class=\"elementor-widget-container\">\n\t\t\t<h2 class=\"black0f0 blueLinear\">Publikimet<\/h2>\n<p>Mir\u00eb se vini n\u00eb faqen e Publikimeve. Ky seksion i dedikuar sh\u00ebrben si nj\u00eb platform\u00eb p\u00ebr t\u00eb mbajtur publikun t\u00eb informuar n\u00eb lidhje me deklaratat zyrtare, blogjet e holl\u00ebsishme, lajmet m\u00eb t\u00eb fundit dhe komunikimet e autorizuara t\u00eb miratuara nga menaxhmenti yn\u00eb. <\/p>\t\t<\/div>\n\t\t\t\t<\/div>\n\t\t\t\t\t<\/div>\n\t\t\t\t<\/div>\n\t\t<div class=\"elementor-element elementor-element-9c63de5 e-flex e-con-boxed e-con e-parent\" data-id=\"9c63de5\" data-element_type=\"container\">\n\t\t\t\t\t<div class=\"e-con-inner\">\n\t\t\t\t<div class=\"elementor-element elementor-element-1d59977 elementor-widget elementor-widget-shortcode\" data-id=\"1d59977\" data-element_type=\"widget\" data-widget_type=\"shortcode.default\">\n\t\t\t\t<div class=\"elementor-widget-container\">\n\t\t\t\t\t<div class=\"elementor-shortcode\"><div class=\"post-container\">\t\r\n<div class=\"post-wrapper\" onclick=\"window.location.href='https:\/\/ibas.world\/sq\/blog-sq\/fintech-revolution-transforming-financial-services-ne-kosova-finance-forum-2026\/'\">\r\n \r\n                <div class=\"post-thumbnail\">\r\n                    <img decoding=\"async\" src=\"https:\/\/ibas.world\/wp-content\/uploads\/2026\/04\/Gazi_solo.jpg-scaled.jpg\">\r\n                <\/div>\r\n              \r\n\t<div>\r\n\t\t\t<span class=\"post_category\"><i class=\"fas fa-newspaper\"><\/i> <a href=\"https:\/\/ibas.world\/sq\/category\/blog-sq\/\" rel=\"category tag\">Blog<\/a><\/span>\r\n\t\t<\/div>\r\n    <div class=\"post-title-content\">\r\n\t\t<div class=\"under-post-title\">\r\n            <h3 class=\"black0f0\">\u201cFintech Revolution \u2013 Transforming Financial Services\u201d n\u00eb Kosova Finance Forum 2026<\/h3>\r\n\t\t<\/div>\r\n\t\t\r\n\t\t<div class=\"under-post-excerpt\">\r\n\t\t\t\tIBAS mori pjes\u00eb n\u00eb konferenc\u00ebn rajonale \u201cKosova Finance Forum 2026\u201d, nj\u00eb nd\u00ebr ngjarjet m\u00eb t\u00eb r\u00ebnd\u00ebsishme p\u00ebr sektorin financiar n\u00eb Kosov\u00eb dhe rajon, ku u diskutua p\u00ebr zhvillimet m\u00eb t\u00eb fundit n\u00eb financa, digjitalizim, inovacion dhe transformim t\u00eb sh\u00ebrbimeve financiare. N\u00eb k\u00ebt\u00eb konferenc\u00eb mor\u00ebn pjes\u00eb p\u00ebrfaq\u00ebsues t\u00eb institucioneve kryesore vendore dhe nd\u00ebrkomb\u00ebtare, p\u00ebrfshir\u00eb Bank\u00ebn Qendrore [&hellip;]\t\t<\/div>\r\n\t\t<div class=\"post-date\">\r\n\t\t\tApril 29, 2026\t\t<\/div>\r\n\t<\/div> \r\n<\/div>\r\n\r\n        \t\r\n<div class=\"post-wrapper\" onclick=\"window.location.href='https:\/\/ibas.world\/sq\/blog-sq\/shendet-dhe-para-menyra-qysh-ibas-po-kujdeset-per-klientet-e-vet\/'\">\r\n \r\n                <div class=\"post-thumbnail\">\r\n                    <img decoding=\"async\" src=\"https:\/\/ibas.world\/wp-content\/uploads\/2026\/03\/Shendet-dhe-para-2-1.jpg\">\r\n                <\/div>\r\n              \r\n\t<div>\r\n\t\t\t<span class=\"post_category\"><i class=\"fas fa-newspaper\"><\/i> <a href=\"https:\/\/ibas.world\/sq\/category\/blog-sq\/\" rel=\"category tag\">Blog<\/a><\/span>\r\n\t\t<\/div>\r\n    <div class=\"post-title-content\">\r\n\t\t<div class=\"under-post-title\">\r\n            <h3 class=\"black0f0\">Sh\u00ebndet dhe Para \u2013 m\u00ebnyra qysh IBAS po kujdeset p\u00ebr klient\u00ebt e vet<\/h3>\r\n\t\t<\/div>\r\n\t\t\r\n\t\t<div class=\"under-post-excerpt\">\r\n\t\t\t\tN\u00eb nj\u00eb koh\u00eb kur shumica e institucioneve financiare fokusohen vet\u00ebm te pagesat, transfertat apo kredit\u00eb, IBAS ka zgjedhur t\u00eb sjell\u00eb di\u00e7ka m\u00eb shum\u00eb. Di\u00e7ka q\u00eb lidhet drejtp\u00ebrdrejt me jet\u00ebn e p\u00ebrditshme, me mir\u00ebqenien dhe me motivimin e secilit klient. Kjo ve\u00e7ori quhet Sh\u00ebndet dhe Para. Dhe po, emri tregon sakt\u00ebsisht se p\u00ebr \u00e7far\u00eb b\u00ebhet fjal\u00eb: [&hellip;]\t\t<\/div>\r\n\t\t<div class=\"post-date\">\r\n\t\t\tMarch 17, 2026\t\t<\/div>\r\n\t<\/div> \r\n<\/div>\r\n\r\n        \t\r\n<div class=\"post-wrapper\" onclick=\"window.location.href='https:\/\/ibas.world\/sq\/blog-sq\/ibas-rrugetimi-2020-2025-dhe-vizioni-2026-2028\/'\">\r\n \r\n                <div class=\"post-thumbnail\">\r\n                    <img decoding=\"async\" src=\"https:\/\/ibas.world\/wp-content\/uploads\/2026\/03\/ibaspublication.webp\">\r\n                <\/div>\r\n              \r\n\t<div>\r\n\t\t\t<span class=\"post_category\"><i class=\"fas fa-newspaper\"><\/i> <a href=\"https:\/\/ibas.world\/sq\/category\/blog-sq\/\" rel=\"category tag\">Blog<\/a><\/span>\r\n\t\t<\/div>\r\n    <div class=\"post-title-content\">\r\n\t\t<div class=\"under-post-title\">\r\n            <h3 class=\"black0f0\">IBAS \u2014 Rrug\u00ebtimi 2020\u20132025 dhe Vizioni 2026\u20132028<\/h3>\r\n\t\t<\/div>\r\n\t\t\r\n\t\t<div class=\"under-post-excerpt\">\r\n\t\t\t\tN\u00eb nj\u00eb pun\u00ebtori gjith\u00ebditore personeli i IBAS pati mund\u00ebsin\u00eb t\u00eb reflektoj\u00eb mbi rrug\u00ebtimin e deritanish\u00ebm, t\u00eb analizoj\u00eb rezultatet e arritura gjat\u00eb periudh\u00ebs 2020\u20132025 dhe t\u00eb prezantoj\u00eb Vizionin 2026 &#8211; 2028. Ky takim sh\u00ebrbeu si nj\u00eb moment i r\u00ebnd\u00ebsish\u00ebm p\u00ebr t\u00eb ndar\u00eb p\u00ebrvojat, p\u00ebr t\u00eb kuptuar m\u00eb mir\u00eb suksesin e deritash\u00ebm dhe p\u00ebr t\u00eb shpalosir qart\u00eb [&hellip;]\t\t<\/div>\r\n\t\t<div class=\"post-date\">\r\n\t\t\tMarch 5, 2026\t\t<\/div>\r\n\t<\/div> \r\n<\/div>\r\n\r\n        \t\r\n<div class=\"post-wrapper\" onclick=\"window.location.href='https:\/\/ibas.world\/sq\/blog-sq\/ibas-sh-a-emeron-drejtorin-e-ri-te-financave-dhe-operacioneve\/'\">\r\n \r\n                <div class=\"post-thumbnail\">\r\n                    <img decoding=\"async\" src=\"https:\/\/ibas.world\/wp-content\/uploads\/2025\/12\/Untitled-design.png\">\r\n                <\/div>\r\n              \r\n\t<div>\r\n\t\t\t<span class=\"post_category\"><i class=\"fas fa-newspaper\"><\/i> <a href=\"https:\/\/ibas.world\/sq\/category\/blog-sq\/\" rel=\"category tag\">Blog<\/a><\/span>\r\n\t\t<\/div>\r\n    <div class=\"post-title-content\">\r\n\t\t<div class=\"under-post-title\">\r\n            <h3 class=\"black0f0\">IBAS SH.A. em\u00ebron Drejtorin e ri t\u00eb Financave dhe Operacioneve<\/h3>\r\n\t\t<\/div>\r\n\t\t\r\n\t\t<div class=\"under-post-excerpt\">\r\n\t\t\t\tIBAS SH.A. njofton se ka rekrutuar dhe p\u00ebrzgjedhur z. Egzon Hoxha p\u00ebr pozit\u00ebn e Drejtorit t\u00eb Financave dhe Operacioneve, em\u00ebrim i cili \u00ebsht\u00eb miratuar zyrtarisht nga Banka Qendrore e Republik\u00ebs s\u00eb Kosov\u00ebs (BQK), n\u00eb p\u00ebrputhje t\u00eb plot\u00eb me korniz\u00ebn ligjore dhe rregullatore n\u00eb fuqi. Miratimi i BQK-s\u00eb \u00ebsht\u00eb dh\u00ebn\u00eb pas shqyrtimit t\u00eb dokumentacionit t\u00eb paraqitur [&hellip;]\t\t<\/div>\r\n\t\t<div class=\"post-date\">\r\n\t\t\tDecember 30, 2025\t\t<\/div>\r\n\t<\/div> \r\n<\/div>\r\n\r\n        \t\r\n<div class=\"post-wrapper\" onclick=\"window.location.href='https:\/\/ibas.world\/sq\/blog-sq\/ibas-nderohet-nga-universiteti-hasan-prishtina-fakulteti-ekonomik\/'\">\r\n \r\n                <div class=\"post-thumbnail\">\r\n                    <img decoding=\"async\" src=\"https:\/\/ibas.world\/wp-content\/uploads\/2025\/12\/IMG_3484-min-scaled.jpeg\">\r\n                <\/div>\r\n              \r\n\t<div>\r\n\t\t\t<span class=\"post_category\"><i class=\"fas fa-newspaper\"><\/i> <a href=\"https:\/\/ibas.world\/sq\/category\/blog-sq\/\" rel=\"category tag\">Blog<\/a><\/span>\r\n\t\t<\/div>\r\n    <div class=\"post-title-content\">\r\n\t\t<div class=\"under-post-title\">\r\n            <h3 class=\"black0f0\">IBAS nderohet nga Universiteti &#8220;Hasan Prishtina&#8221;, Fakulteti Ekonomik<\/h3>\r\n\t\t<\/div>\r\n\t\t\r\n\t\t<div class=\"under-post-excerpt\">\r\n\t\t\t\tIBAS \u00ebsht\u00eb nderuar me mir\u00ebnjohje nga Universiteti i Prishtin\u00ebs \u2013 Fakulteti Ekonomik, n\u00eb shenj\u00eb vler\u00ebsimi p\u00ebr kontributin institucional dhe akademik t\u00eb dh\u00ebn\u00eb n\u00eb kuad\u00ebr t\u00eb p\u00ebrmir\u00ebsimit t\u00eb cil\u00ebsis\u00eb, procesit t\u00eb riakreditimit dhe zhvillimit t\u00eb vazhduesh\u00ebm t\u00eb programeve studimore. Kjo mir\u00ebnjohje p\u00ebrfaq\u00ebson nj\u00eb vler\u00ebsim t\u00eb r\u00ebnd\u00ebsish\u00ebm p\u00ebr angazhimin profesional t\u00eb IBAS n\u00eb p\u00ebrkrahjen e Fakultetit Ekonomik, [&hellip;]\t\t<\/div>\r\n\t\t<div class=\"post-date\">\r\n\t\t\tDecember 23, 2025\t\t<\/div>\r\n\t<\/div> \r\n<\/div>\r\n\r\n        \t\r\n<div class=\"post-wrapper\" onclick=\"window.location.href='https:\/\/ibas.world\/sq\/blog-sq\/black-friday-i-vertete-1000-euro-pa-interes-per-12-muaj-transfere-nga-evropa-pa-provizion-sigurim-shendetesor-spitalor-falas\/'\">\r\n \r\n                <div class=\"post-thumbnail\">\r\n                    <img decoding=\"async\" src=\"https:\/\/ibas.world\/wp-content\/uploads\/2025\/11\/BLACK-FRIDAY-2.png\">\r\n                <\/div>\r\n              \r\n\t<div>\r\n\t\t\t<span class=\"post_category\"><i class=\"fas fa-newspaper\"><\/i> <a href=\"https:\/\/ibas.world\/sq\/category\/blog-sq\/\" rel=\"category tag\">Blog<\/a><\/span>\r\n\t\t<\/div>\r\n    <div class=\"post-title-content\">\r\n\t\t<div class=\"under-post-title\">\r\n            <h3 class=\"black0f0\">BLACK FRIDAY I V\u00cbRTET\u00cb. 1,000 EURO &#8211; PA INTERES P\u00cbR 12 MUAJ. TRANSFERE NGA EVROPA PA PROVIZION. SIGURIM SH\u00cbNDET\u00cbSOR SPITALOR FALAS<\/h3>\r\n\t\t<\/div>\r\n\t\t\r\n\t\t<div class=\"under-post-excerpt\">\r\n\t\t\t\tBlack Friday zakonisht lidhet me televizor\u00eb, telefona e pajisje sht\u00ebpiake. K\u00ebt\u00eb vit, IBAS e shnd\u00ebrron Black Friday-n n\u00eb mund\u00ebsi financiare p\u00ebr ty dhe familjen t\u00ebnde: me Llogarin\u00eb INTEGRA p\u00ebrfiton n\u00eb 1,000 EURO PA INTERES p\u00ebr 12 muaj, plus shum\u00eb benefite t\u00eb tjera q\u00eb e b\u00ebjn\u00eb p\u00ebrditshm\u00ebrin\u00eb m\u00eb t\u00eb leht\u00eb. \u00c7far\u00eb \u00ebsht\u00eb Llogaria INTEGRA? Llogaria INTEGRA [&hellip;]\t\t<\/div>\r\n\t\t<div class=\"post-date\">\r\n\t\t\tNovember 18, 2025\t\t<\/div>\r\n\t<\/div> \r\n<\/div>\r\n\r\n        \t\r\n<div class=\"post-wrapper\" onclick=\"window.location.href='https:\/\/ibas.world\/sq\/blog-sq\/gazmend-selmani-prezanton-zgjidhjet-e-ibas-para-mergates-ne-gjermani\/'\">\r\n \r\n                <div class=\"post-thumbnail\">\r\n                    <img decoding=\"async\" src=\"https:\/\/ibas.world\/wp-content\/uploads\/2025\/11\/yy-min.png\">\r\n                <\/div>\r\n              \r\n\t<div>\r\n\t\t\t<span class=\"post_category\"><i class=\"fas fa-newspaper\"><\/i> <a href=\"https:\/\/ibas.world\/sq\/category\/blog-sq\/\" rel=\"category tag\">Blog<\/a><\/span>\r\n\t\t<\/div>\r\n    <div class=\"post-title-content\">\r\n\t\t<div class=\"under-post-title\">\r\n            <h3 class=\"black0f0\">Gazmend Selmani prezanton zgjidhjet e IBAS para m\u00ebrgat\u00ebs n\u00eb Gjermani<\/h3>\r\n\t\t<\/div>\r\n\t\t\r\n\t\t<div class=\"under-post-excerpt\">\r\n\t\t\t\tN\u00ebntor 7, 2025, K\u00f6ln, Gjermani \u2013 N\u00eb nj\u00eb ngjarje t\u00eb ve\u00e7ant\u00eb t\u00eb organizuar nga GERMIN dhe GIZ \u2013 MEG (Programi p\u00ebr Migracionin e Orientuar drejt Zhvillimit), n\u00eb bashk\u00ebpunim me organizatat partnere URACult e.V. K\u00f6ln, ODA e.V. Hamburg, OASA e.V. Berlin, Shoq\u00ebria DIJA e.V. dhe HorizontAL e.V. Frankfurt, z. Gazmend Selmani, Drejtor i P\u00ebrgjithsh\u00ebm i IBAS, [&hellip;]\t\t<\/div>\r\n\t\t<div class=\"post-date\">\r\n\t\t\tNovember 11, 2025\t\t<\/div>\r\n\t<\/div> \r\n<\/div>\r\n\r\n        \t\r\n<div class=\"post-wrapper\" onclick=\"window.location.href='https:\/\/ibas.world\/sq\/blog-sq\/ibas-forcon-qeverisjen-dhe-drejtimin-strategjik-me-aprovimin-e-ceo-se-nga-banka-qendrore-e-kosoves\/'\">\r\n \r\n                <div class=\"post-thumbnail\">\r\n                    <img decoding=\"async\" src=\"https:\/\/ibas.world\/wp-content\/uploads\/2025\/10\/Gazmend-Selmani-CEO.png\">\r\n                <\/div>\r\n              \r\n\t<div>\r\n\t\t\t<span class=\"post_category\"><i class=\"fas fa-newspaper\"><\/i> <a href=\"https:\/\/ibas.world\/sq\/category\/blog-sq\/\" rel=\"category tag\">Blog<\/a><\/span>\r\n\t\t<\/div>\r\n    <div class=\"post-title-content\">\r\n\t\t<div class=\"under-post-title\">\r\n            <h3 class=\"black0f0\">IBAS forcon qeverisjen dhe drejtimin strategjik me aprovimin e CEO-s\u00eb nga Banka Qendrore e Kosov\u00ebs<\/h3>\r\n\t\t<\/div>\r\n\t\t\r\n\t\t<div class=\"under-post-excerpt\">\r\n\t\t\t\tBanka Qendrore e Kosov\u00ebs ka miratuar em\u00ebrimin e z. Gazmend Selmani n\u00eb pozit\u00ebn e Kryeshefit Ekzekutiv (CEO) t\u00eb IBAS sh.a. Z. Selmani \u00ebsht\u00eb themelues dhe bashk\u00eb-investitor n\u00eb IBAS, me nj\u00eb rol t\u00eb pand\u00ebrprer\u00eb q\u00eb nga dit\u00ebt e para t\u00eb themelimit t\u00eb institucionit. Fillimisht ai ka vepruar si arkitekt i zgjidhjes teknologjike, nd\u00ebrsa p\u00ebr gati dy [&hellip;]\t\t<\/div>\r\n\t\t<div class=\"post-date\">\r\n\t\t\tOctober 17, 2025\t\t<\/div>\r\n\t<\/div> \r\n<\/div>\r\n\r\n        \t\r\n<div class=\"post-wrapper\" onclick=\"window.location.href='https:\/\/ibas.world\/sq\/blog-sq\/parate-tuaja-nga-crypto-exchange-te-licencuara-ne-ibas-brenda-sekondave\/'\">\r\n \r\n                <div class=\"post-thumbnail\">\r\n                    <img decoding=\"async\" src=\"https:\/\/ibas.world\/wp-content\/uploads\/2025\/09\/Binance-Ibas.png\">\r\n                <\/div>\r\n              \r\n\t<div>\r\n\t\t\t<span class=\"post_category\"><i class=\"fas fa-newspaper\"><\/i> <a href=\"https:\/\/ibas.world\/sq\/category\/blog-sq\/\" rel=\"category tag\">Blog<\/a><\/span>\r\n\t\t<\/div>\r\n    <div class=\"post-title-content\">\r\n\t\t<div class=\"under-post-title\">\r\n            <h3 class=\"black0f0\">Parat\u00eb tuaja nga Crypto Exchange t\u00eb licencuara n\u00eb IBAS, brenda sekondave<\/h3>\r\n\t\t<\/div>\r\n\t\t\r\n\t\t<div class=\"under-post-excerpt\">\r\n\t\t\t\tP\u00ebrdoruesit e IBAS q\u00eb kan\u00eb llogari t\u00eb verifikuar n\u00eb Binance, BitStamp, ByBit e k\u00ebmbimore tjera t\u00eb licencuara n\u00eb Evrop\u00eb, tani mund t\u00eb shijojn\u00eb nj\u00eb m\u00ebnyr\u00eb t\u00eb thjesht\u00eb dhe t\u00eb sigurt p\u00ebr t\u2019i sjell\u00eb fondet e tyre n\u00eb IBAN SEPA Instant q\u00eb IBAS e ofron, e pastaj t\u2019i p\u00ebrdorin menj\u00ebher\u00eb me IBAS Mastercard \u2013 qoft\u00eb p\u00ebr [&hellip;]\t\t<\/div>\r\n\t\t<div class=\"post-date\">\r\n\t\t\tSeptember 15, 2025\t\t<\/div>\r\n\t<\/div> \r\n<\/div>\r\n\r\n        <\/div><\/div>\n\t\t\t\t<\/div>\n\t\t\t\t<\/div>\n\t\t\t\t\t<\/div>\n\t\t\t\t<\/div>\n\t\t\t\t<\/div>\n\t\t","protected":false},"excerpt":{"rendered":"<p>Publikimet Mir\u00eb se vini n\u00eb faqen e Publikimeve. Ky seksion i dedikuar sh\u00ebrben si nj\u00eb platform\u00eb p\u00ebr t\u00eb mbajtur publikun t\u00eb informuar n\u00eb lidhje me deklaratat zyrtare, blogjet e holl\u00ebsishme, lajmet m\u00eb t\u00eb fundit dhe komunikimet e autorizuara t\u00eb miratuara nga menaxhmenti yn\u00eb.<\/p>\n","protected":false},"author":54,"featured_media":0,"parent":0,"menu_order":0,"comment_status":"closed","ping_status":"closed","template":"","meta":{"inline_featured_image":false,"footnotes":""},"yoast_head":"<!-- This site is optimized with the Yoast SEO plugin v22.5 - https:\/\/yoast.com\/wordpress\/plugins\/seo\/ -->\r\n<title>Publikimet - IBAS<\/title>\r\n<meta name=\"description\" content=\"Eksploroni koleksionin ton\u00eb t\u00eb kuruar t\u00eb botimeve t\u00eb holl\u00ebsishme. Zhytuni n\u00eb nj\u00eb pasuri njohurish, k\u00ebrkimesh dhe p\u00ebrmbajtjesh t\u00ebrheq\u00ebse q\u00eb mbulojn\u00eb tema t\u00eb ndryshme.\" \/>\r\n<meta name=\"robots\" content=\"index, follow, max-snippet:-1, max-image-preview:large, max-video-preview:-1\" \/>\r\n<link rel=\"canonical\" href=\"https:\/\/ibas.world\/sq\/publikimet\/\" \/>\r\n<meta property=\"og:locale\" content=\"sq_AL\" \/>\r\n<meta property=\"og:type\" content=\"article\" \/>\r\n<meta property=\"og:title\" content=\"Publikimet - IBAS\" \/>\r\n<meta property=\"og:description\" content=\"Eksploroni koleksionin ton\u00eb t\u00eb kuruar t\u00eb botimeve t\u00eb holl\u00ebsishme. Zhytuni n\u00eb nj\u00eb pasuri njohurish, k\u00ebrkimesh dhe p\u00ebrmbajtjesh t\u00ebrheq\u00ebse q\u00eb mbulojn\u00eb tema t\u00eb ndryshme.\" \/>\r\n<meta property=\"og:url\" content=\"https:\/\/ibas.world\/sq\/publikimet\/\" \/>\r\n<meta property=\"og:site_name\" content=\"IBAS\" \/>\r\n<meta property=\"article:publisher\" content=\"https:\/\/www.facebook.com\/ibas.world\" \/>\r\n<meta property=\"article:modified_time\" content=\"2025-11-06T13:16:05+00:00\" \/>\r\n<meta property=\"og:image\" content=\"https:\/\/ibas.world\/wp-content\/uploads\/2023\/09\/Solutions-we-deliver.png\" \/>\r\n\t<meta property=\"og:image:width\" content=\"1200\" \/>\r\n\t<meta property=\"og:image:height\" content=\"630\" \/>\r\n\t<meta property=\"og:image:type\" content=\"image\/png\" \/>\r\n<meta name=\"twitter:card\" content=\"summary_large_image\" \/>\r\n<meta name=\"twitter:label1\" content=\"Est. reading time\" \/>\n\t<meta name=\"twitter:data1\" content=\"1 minute\" \/>\r\n<script type=\"application\/ld+json\" class=\"yoast-schema-graph\">{\"@context\":\"https:\/\/schema.org\",\"@graph\":[{\"@type\":\"WebPage\",\"@id\":\"https:\/\/ibas.world\/sq\/publikimet\/\",\"url\":\"https:\/\/ibas.world\/sq\/publikimet\/\",\"name\":\"Publikimet - IBAS\",\"isPartOf\":{\"@id\":\"https:\/\/ibas.world\/sq\/#website\"},\"datePublished\":\"2023-05-30T12:14:57+00:00\",\"dateModified\":\"2025-11-06T13:16:05+00:00\",\"description\":\"Eksploroni koleksionin ton\u00eb t\u00eb kuruar t\u00eb botimeve t\u00eb holl\u00ebsishme. Zhytuni n\u00eb nj\u00eb pasuri njohurish, k\u00ebrkimesh dhe p\u00ebrmbajtjesh t\u00ebrheq\u00ebse q\u00eb mbulojn\u00eb tema t\u00eb ndryshme.\",\"breadcrumb\":{\"@id\":\"https:\/\/ibas.world\/sq\/publikimet\/#breadcrumb\"},\"inLanguage\":\"sq-AL\",\"potentialAction\":[{\"@type\":\"ReadAction\",\"target\":[\"https:\/\/ibas.world\/sq\/publikimet\/\"]}]},{\"@type\":\"BreadcrumbList\",\"@id\":\"https:\/\/ibas.world\/sq\/publikimet\/#breadcrumb\",\"itemListElement\":[{\"@type\":\"ListItem\",\"position\":1,\"name\":\"Home\",\"item\":\"https:\/\/ibas.world\/sq\/\"},{\"@type\":\"ListItem\",\"position\":2,\"name\":\"Publikimet\"}]},{\"@type\":\"WebSite\",\"@id\":\"https:\/\/ibas.world\/sq\/#website\",\"url\":\"https:\/\/ibas.world\/sq\/\",\"name\":\"IBAS\",\"description\":\"\",\"publisher\":{\"@id\":\"https:\/\/ibas.world\/sq\/#organization\"},\"potentialAction\":[{\"@type\":\"SearchAction\",\"target\":{\"@type\":\"EntryPoint\",\"urlTemplate\":\"https:\/\/ibas.world\/sq\/?s={search_term_string}\"},\"query-input\":\"required name=search_term_string\"}],\"inLanguage\":\"sq-AL\"},{\"@type\":\"Organization\",\"@id\":\"https:\/\/ibas.world\/sq\/#organization\",\"name\":\"IBAS\",\"url\":\"https:\/\/ibas.world\/sq\/\",\"logo\":{\"@type\":\"ImageObject\",\"inLanguage\":\"sq-AL\",\"@id\":\"https:\/\/ibas.world\/sq\/#\/schema\/logo\/image\/\",\"url\":\"https:\/\/ibas.world\/wp-content\/uploads\/2023\/06\/favicon.png\",\"contentUrl\":\"https:\/\/ibas.world\/wp-content\/uploads\/2023\/06\/favicon.png\",\"width\":374,\"height\":340,\"caption\":\"IBAS\"},\"image\":{\"@id\":\"https:\/\/ibas.world\/sq\/#\/schema\/logo\/image\/\"},\"sameAs\":[\"https:\/\/www.facebook.com\/ibas.world\",\"https:\/\/www.instagram.com\/ibas.world\/\",\"https:\/\/in.linkedin.com\/company\/ibas-world\"]}]}<\/script>\r\n<!-- \/ Yoast SEO plugin. -->","yoast_head_json":{"title":"Publikimet - IBAS","description":"Eksploroni koleksionin ton\u00eb t\u00eb kuruar t\u00eb botimeve t\u00eb holl\u00ebsishme. Zhytuni n\u00eb nj\u00eb pasuri njohurish, k\u00ebrkimesh dhe p\u00ebrmbajtjesh t\u00ebrheq\u00ebse q\u00eb mbulojn\u00eb tema t\u00eb ndryshme.","robots":{"index":"index","follow":"follow","max-snippet":"max-snippet:-1","max-image-preview":"max-image-preview:large","max-video-preview":"max-video-preview:-1"},"canonical":"https:\/\/ibas.world\/sq\/publikimet\/","og_locale":"sq_AL","og_type":"article","og_title":"Publikimet - IBAS","og_description":"Eksploroni koleksionin ton\u00eb t\u00eb kuruar t\u00eb botimeve t\u00eb holl\u00ebsishme. Zhytuni n\u00eb nj\u00eb pasuri njohurish, k\u00ebrkimesh dhe p\u00ebrmbajtjesh t\u00ebrheq\u00ebse q\u00eb mbulojn\u00eb tema t\u00eb ndryshme.","og_url":"https:\/\/ibas.world\/sq\/publikimet\/","og_site_name":"IBAS","article_publisher":"https:\/\/www.facebook.com\/ibas.world","article_modified_time":"2025-11-06T13:16:05+00:00","og_image":[{"width":1200,"height":630,"url":"https:\/\/ibas.world\/wp-content\/uploads\/2023\/09\/Solutions-we-deliver.png","type":"image\/png"}],"twitter_card":"summary_large_image","twitter_misc":{"Est. reading time":"1 minute"},"schema":{"@context":"https:\/\/schema.org","@graph":[{"@type":"WebPage","@id":"https:\/\/ibas.world\/sq\/publikimet\/","url":"https:\/\/ibas.world\/sq\/publikimet\/","name":"Publikimet - IBAS","isPartOf":{"@id":"https:\/\/ibas.world\/sq\/#website"},"datePublished":"2023-05-30T12:14:57+00:00","dateModified":"2025-11-06T13:16:05+00:00","description":"Eksploroni koleksionin ton\u00eb t\u00eb kuruar t\u00eb botimeve t\u00eb holl\u00ebsishme. Zhytuni n\u00eb nj\u00eb pasuri njohurish, k\u00ebrkimesh dhe p\u00ebrmbajtjesh t\u00ebrheq\u00ebse q\u00eb mbulojn\u00eb tema t\u00eb ndryshme.","breadcrumb":{"@id":"https:\/\/ibas.world\/sq\/publikimet\/#breadcrumb"},"inLanguage":"sq-AL","potentialAction":[{"@type":"ReadAction","target":["https:\/\/ibas.world\/sq\/publikimet\/"]}]},{"@type":"BreadcrumbList","@id":"https:\/\/ibas.world\/sq\/publikimet\/#breadcrumb","itemListElement":[{"@type":"ListItem","position":1,"name":"Home","item":"https:\/\/ibas.world\/sq\/"},{"@type":"ListItem","position":2,"name":"Publikimet"}]},{"@type":"WebSite","@id":"https:\/\/ibas.world\/sq\/#website","url":"https:\/\/ibas.world\/sq\/","name":"IBAS","description":"","publisher":{"@id":"https:\/\/ibas.world\/sq\/#organization"},"potentialAction":[{"@type":"SearchAction","target":{"@type":"EntryPoint","urlTemplate":"https:\/\/ibas.world\/sq\/?s={search_term_string}"},"query-input":"required name=search_term_string"}],"inLanguage":"sq-AL"},{"@type":"Organization","@id":"https:\/\/ibas.world\/sq\/#organization","name":"IBAS","url":"https:\/\/ibas.world\/sq\/","logo":{"@type":"ImageObject","inLanguage":"sq-AL","@id":"https:\/\/ibas.world\/sq\/#\/schema\/logo\/image\/","url":"https:\/\/ibas.world\/wp-content\/uploads\/2023\/06\/favicon.png","contentUrl":"https:\/\/ibas.world\/wp-content\/uploads\/2023\/06\/favicon.png","width":374,"height":340,"caption":"IBAS"},"image":{"@id":"https:\/\/ibas.world\/sq\/#\/schema\/logo\/image\/"},"sameAs":["https:\/\/www.facebook.com\/ibas.world","https:\/\/www.instagram.com\/ibas.world\/","https:\/\/in.linkedin.com\/company\/ibas-world"]}]}},"_links":{"self":[{"href":"https:\/\/ibas.world\/sq\/wp-json\/wp\/v2\/pages\/5286"}],"collection":[{"href":"https:\/\/ibas.world\/sq\/wp-json\/wp\/v2\/pages"}],"about":[{"href":"https:\/\/ibas.world\/sq\/wp-json\/wp\/v2\/types\/page"}],"author":[{"embeddable":true,"href":"https:\/\/ibas.world\/sq\/wp-json\/wp\/v2\/users\/54"}],"replies":[{"embeddable":true,"href":"https:\/\/ibas.world\/sq\/wp-json\/wp\/v2\/comments?post=5286"}],"version-history":[{"count":5,"href":"https:\/\/ibas.world\/sq\/wp-json\/wp\/v2\/pages\/5286\/revisions"}],"predecessor-version":[{"id":7891,"href":"https:\/\/ibas.world\/sq\/wp-json\/wp\/v2\/pages\/5286\/revisions\/7891"}],"wp:attachment":[{"href":"https:\/\/ibas.world\/sq\/wp-json\/wp\/v2\/media?parent=5286"}],"curies":[{"name":"wp","href":"https:\/\/api.w.org\/{rel}","templated":true}]}}