{"id":5298,"date":"2023-05-24T14:46:51","date_gmt":"2023-05-24T14:46:51","guid":{"rendered":"https:\/\/ibas.world\/verifiko\/"},"modified":"2026-04-01T08:46:11","modified_gmt":"2026-04-01T08:46:11","slug":"verifiko","status":"publish","type":"page","link":"https:\/\/ibas.world\/sq\/verifiko\/","title":{"rendered":"Verifiko"},"content":{"rendered":"\t\t<div data-elementor-type=\"wp-page\" data-elementor-id=\"5298\" class=\"elementor elementor-5298 elementor-356\">\n\t\t\t\t<div class=\"elementor-element elementor-element-e33e6dc e-con-full e-flex e-con e-parent\" data-id=\"e33e6dc\" data-element_type=\"container\" id=\"verifyContainer\" data-settings=\"{&quot;background_background&quot;:&quot;gradient&quot;}\">\n\t\t\t\t<div class=\"elementor-element elementor-element-ac5980c elementor-widget elementor-widget-html\" data-id=\"ac5980c\" data-element_type=\"widget\" data-widget_type=\"html.default\">\n\t\t\t\t<div class=\"elementor-widget-container\">\n\t\t\t<div class=\"verifiko-pagesat-wrapper\">\r\n    <div class=\"verifiko-pagesat-under\">\r\n        <div class=\"verifiko-title\">\r\n            <h1 class=\"h1-main tcenter\">Verifikoni transaksionet ose pagesat<\/h1>\r\n        <\/div>\r\n\r\n        <div class=\"inputiPageses\">\r\n            <label>\r\n                Referenca\r\n                <input class=\"numriFletepageses\" placeholder=\"Shkruani k\u00ebtu...\" aria-required=\"true\" type=\"text\" name=\"fletepagesa\">\r\n                <a href=\"javascript:void(0)\" class=\"searchBtn\">Verifiko<\/a>\r\n            <\/label>\r\n            <p>Ju lutemi vendosni numrin e v\u00ebrtetimit t\u00eb pages\u00ebs dhe vazhdoni duke klikuar butonin \"Verifiko\" p\u00ebr t\u00eb zbuluar n\u00ebse pagesa u realizua si\u00e7 pritej.<\/p>\r\n        <\/div>\r\n\r\n        <!-- THIS IS THE ONLY PLACE WHERE THE RESULT WILL BE SHOWN -->\r\n        <div class=\"verifyShow-wrapper\" style=\"display:none;\">\r\n            <div class=\"verifyShow\">\r\n                <div class=\"row1 status\">\r\n                    <div><h4>Statusi<\/h4><\/div>\r\n                    <div class=\"statusVerify\"><p>PAGUAR<\/p><\/div>\r\n                <\/div>\r\n                <div class=\"row payer\"><div><p>Paguesi<\/p><\/div><div class=\"payerVerify\"><p>asd<\/p><\/div><\/div>\r\n                <div class=\"row beneficiary\"><div><p>P\u00ebrfituesi<\/p><\/div><div class=\"beneficiaryVerify\"><p>asd<\/p><\/div><\/div>\r\n                <div class=\"row referenceID\"><div><p>ID-ja e referenc\u00ebs s\u00eb pages\u00ebs<\/p><\/div><div class=\"referenceIDVerify\"><p>asd<\/p><\/div><\/div>\r\n                <div class=\"row transactionAmount\"><div><p>Shuma e transaksionit<\/p><\/div><div class=\"transactionAmountVerify\"><p>asd<\/p><\/div><\/div>\r\n                <div class=\"row fee\"><div><p>Tarifa<\/p><\/div><div class=\"feeVerify\"><p>asd<\/p><\/div><\/div>\r\n                <div class=\"row total\"><div><p>Gjithsej<\/p><\/div><div class=\"totalVerify\"><p>asd<\/p><\/div><\/div>\r\n                <div class=\"row verifyButtons\">\r\n                    <div><a href=\"javascript:void(0)\" onclick=\"exitTheVerification()\" class=\"closeVerify\">Mbylle<\/a><\/div>\r\n                    <div><a href=\"javascript:void(0)\" class=\"printVerify\">Printo<\/a><\/div>\r\n                <\/div>\r\n            <\/div>\r\n        <\/div>\r\n\r\n        <div class=\"loadingio-spinner-spinner-zu35wlamfwp apiLoading\"><div class=\"ldio-o3e231nu56\">\r\n            <div><\/div><div><\/div><div><\/div><div><\/div><div><\/div><div><\/div>\r\n            <div><\/div><div><\/div><div><\/div><div><\/div><div><\/div><div><\/div>\r\n            <div><\/div><div><\/div><div><\/div><div><\/div><div><\/div>\r\n        <\/div><\/div>\r\n    <\/div>\r\n<\/div>\r\n<!-- MODAL BLU \u2013 VET\u00cbM P\u00cbR GABIM -->\r\n<div id=\"errorModal\">\r\n    <div class=\"error-box\">\r\n        <div class=\"error-header\">\r\n            <h3>Gabim n\u00eb verifikim<\/h3>\r\n        <\/div>\r\n        <div class=\"error-body\">\r\n            <p id=\"errorText\">\r\n                <strong>TEST2025D<\/strong> nuk u gjet.<br><br>\r\n                Kontrolloni referenc\u00ebn<br>\r\n                Provoni pas 5 minutash<br>\r\n                Na kontaktoni n\u00ebse vazhdon\r\n            <\/p>\r\n        <\/div>\r\n        <div class=\"error-footer\">\r\n            <button class=\"btn-ok\">N\u00eb Rregull<\/button>\r\n        <\/div>\r\n    <\/div>\r\n<\/div>\r\n\r\n<style>\r\n\/* MODAL BLU \u2013 PA BLUR T\u00cb TEPRUAR *\/\r\n#errorModal{\r\n    display:none;\r\n    position:fixed;\r\n    z-index:99999;\r\n    left:0; top:0;\r\n    width:100%; height:100%;\r\n    background:rgba(0,0,0,0.82);   \/* PA BLUR *\/\r\n    justify-content:center;\r\n    align-items:center;\r\n}\r\n.error-box{\r\n    background:#fff;\r\n    width:90%;\r\n    max-width:360px;\r\n    border-radius:20px;\r\n    overflow:hidden;\r\n    box-shadow:0 18px 45px rgba(20,39,105,.38);\r\n    animation:zoomIn .4s ease;\r\n}\r\n.error-header{\r\n    background:linear-gradient(180deg, #274ED2 0%, #142769 100%);\r\n    color:#fff;\r\n    padding:20px 18px;\r\n    text-align:center;\r\n}\r\n.error-header .icon{\r\n    font-size:48px;\r\n    font-weight:900;\r\n    display:block;\r\n    margin-bottom:6px;\r\n}\r\n.error-header h3{\r\n    margin:0;\r\n    font-size:1.25rem;\r\n    font-weight:600;\r\n}\r\n.error-body{\r\n    padding:22px 24px;\r\n    text-align:center;\r\n    color:#333;\r\n    line-height:1.7;\r\n    font-size:0.98rem;\r\n}\r\n.error-body strong{color:#274ED2}\r\n.error-footer{\r\n    padding:14px;\r\n    background:#f8f9ff;\r\n    text-align:center;\r\n}\r\n.btn-ok{\r\n    background:#274ED2;\r\n    color:#fff;\r\n    border:none;\r\n    padding:10px 36px;\r\n    border-radius:50px;\r\n    font-weight:600;\r\n    font-size:1rem;\r\n    cursor:pointer;\r\n    box-shadow:0 6px 18px rgba(39,78,210,.35);\r\n    transition:.3s;\r\n}\r\n.btn-ok:hover{\r\n    background:#1e3aa8;\r\n    transform:translateY(-2px);\r\n}\r\n@keyframes zoomIn{\r\n    from{transform:scale(0.8);opacity:0}\r\n    to{transform:scale(1);opacity:1}\r\n}\r\n<\/style>\r\n\r\n\r\n\r\n\r\n\t\t<\/div>\n\t\t\t\t<\/div>\n\t\t\t\t<\/div>\n\t\t\t\t<\/div>\n\t\t","protected":false},"excerpt":{"rendered":"<p>Verifikoni transaksionet ose pagesat Referenca Verifiko Ju lutemi vendosni numrin e v\u00ebrtetimit t\u00eb pages\u00ebs dhe vazhdoni duke klikuar butonin &#8220;Verifiko&#8221; p\u00ebr t\u00eb zbuluar n\u00ebse pagesa u realizua si\u00e7 pritej. Statusi PAGUAR Paguesi asd P\u00ebrfituesi asd ID-ja e referenc\u00ebs s\u00eb pages\u00ebs asd Shuma e transaksionit asd Tarifa asd Gjithsej asd Mbylle Printo Gabim n\u00eb verifikim TEST2025D [&hellip;]<\/p>\n","protected":false},"author":54,"featured_media":0,"parent":0,"menu_order":0,"comment_status":"closed","ping_status":"closed","template":"","meta":{"inline_featured_image":false,"footnotes":""},"yoast_head":"<!-- This site is optimized with the Yoast SEO plugin v22.5 - https:\/\/yoast.com\/wordpress\/plugins\/seo\/ -->\r\n<title>Verifiko - IBAS<\/title>\r\n<meta name=\"description\" content=\"Drejtoni procesin tuaj t\u00eb verifikimit me verifikimin ton\u00eb t\u00eb transaksionit IBAS. Siguroni autenticitetin dhe sigurin\u00eb e transaksioneve dhe blerjeve tuaja financiare.\" \/>\r\n<meta name=\"robots\" content=\"index, follow, max-snippet:-1, max-image-preview:large, max-video-preview:-1\" \/>\r\n<link rel=\"canonical\" href=\"https:\/\/ibas.world\/sq\/verifiko\/\" \/>\r\n<meta property=\"og:locale\" content=\"sq_AL\" \/>\r\n<meta property=\"og:type\" content=\"article\" \/>\r\n<meta property=\"og:title\" content=\"Verifiko - IBAS\" \/>\r\n<meta property=\"og:description\" content=\"Drejtoni procesin tuaj t\u00eb verifikimit me verifikimin ton\u00eb t\u00eb transaksionit IBAS. Siguroni autenticitetin dhe sigurin\u00eb e transaksioneve dhe blerjeve tuaja financiare.\" \/>\r\n<meta property=\"og:url\" content=\"https:\/\/ibas.world\/sq\/verifiko\/\" \/>\r\n<meta property=\"og:site_name\" content=\"IBAS\" \/>\r\n<meta property=\"article:publisher\" content=\"https:\/\/www.facebook.com\/ibas.world\" \/>\r\n<meta property=\"article:modified_time\" content=\"2026-04-01T08:46:11+00:00\" \/>\r\n<meta property=\"og:image\" content=\"https:\/\/ibas.world\/wp-content\/uploads\/2023\/09\/Solutions-we-deliver.png\" \/>\r\n\t<meta property=\"og:image:width\" content=\"1200\" \/>\r\n\t<meta property=\"og:image:height\" content=\"630\" \/>\r\n\t<meta property=\"og:image:type\" content=\"image\/png\" \/>\r\n<meta name=\"twitter:card\" content=\"summary_large_image\" \/>\r\n<meta name=\"twitter:label1\" content=\"Est. reading time\" \/>\n\t<meta name=\"twitter:data1\" content=\"1 minute\" \/>\r\n<script type=\"application\/ld+json\" class=\"yoast-schema-graph\">{\"@context\":\"https:\/\/schema.org\",\"@graph\":[{\"@type\":\"WebPage\",\"@id\":\"https:\/\/ibas.world\/sq\/verifiko\/\",\"url\":\"https:\/\/ibas.world\/sq\/verifiko\/\",\"name\":\"Verifiko - IBAS\",\"isPartOf\":{\"@id\":\"https:\/\/ibas.world\/sq\/#website\"},\"datePublished\":\"2023-05-24T14:46:51+00:00\",\"dateModified\":\"2026-04-01T08:46:11+00:00\",\"description\":\"Drejtoni procesin tuaj t\u00eb verifikimit me verifikimin ton\u00eb t\u00eb transaksionit IBAS. Siguroni autenticitetin dhe sigurin\u00eb e transaksioneve dhe blerjeve tuaja financiare.\",\"breadcrumb\":{\"@id\":\"https:\/\/ibas.world\/sq\/verifiko\/#breadcrumb\"},\"inLanguage\":\"sq-AL\",\"potentialAction\":[{\"@type\":\"ReadAction\",\"target\":[\"https:\/\/ibas.world\/sq\/verifiko\/\"]}]},{\"@type\":\"BreadcrumbList\",\"@id\":\"https:\/\/ibas.world\/sq\/verifiko\/#breadcrumb\",\"itemListElement\":[{\"@type\":\"ListItem\",\"position\":1,\"name\":\"Home\",\"item\":\"https:\/\/ibas.world\/sq\/\"},{\"@type\":\"ListItem\",\"position\":2,\"name\":\"Verifiko\"}]},{\"@type\":\"WebSite\",\"@id\":\"https:\/\/ibas.world\/sq\/#website\",\"url\":\"https:\/\/ibas.world\/sq\/\",\"name\":\"IBAS\",\"description\":\"\",\"publisher\":{\"@id\":\"https:\/\/ibas.world\/sq\/#organization\"},\"potentialAction\":[{\"@type\":\"SearchAction\",\"target\":{\"@type\":\"EntryPoint\",\"urlTemplate\":\"https:\/\/ibas.world\/sq\/?s={search_term_string}\"},\"query-input\":\"required name=search_term_string\"}],\"inLanguage\":\"sq-AL\"},{\"@type\":\"Organization\",\"@id\":\"https:\/\/ibas.world\/sq\/#organization\",\"name\":\"IBAS\",\"url\":\"https:\/\/ibas.world\/sq\/\",\"logo\":{\"@type\":\"ImageObject\",\"inLanguage\":\"sq-AL\",\"@id\":\"https:\/\/ibas.world\/sq\/#\/schema\/logo\/image\/\",\"url\":\"https:\/\/ibas.world\/wp-content\/uploads\/2023\/06\/favicon.png\",\"contentUrl\":\"https:\/\/ibas.world\/wp-content\/uploads\/2023\/06\/favicon.png\",\"width\":374,\"height\":340,\"caption\":\"IBAS\"},\"image\":{\"@id\":\"https:\/\/ibas.world\/sq\/#\/schema\/logo\/image\/\"},\"sameAs\":[\"https:\/\/www.facebook.com\/ibas.world\",\"https:\/\/www.instagram.com\/ibas.world\/\",\"https:\/\/in.linkedin.com\/company\/ibas-world\"]}]}<\/script>\r\n<!-- \/ Yoast SEO plugin. -->","yoast_head_json":{"title":"Verifiko - IBAS","description":"Drejtoni procesin tuaj t\u00eb verifikimit me verifikimin ton\u00eb t\u00eb transaksionit IBAS. Siguroni autenticitetin dhe sigurin\u00eb e transaksioneve dhe blerjeve tuaja financiare.","robots":{"index":"index","follow":"follow","max-snippet":"max-snippet:-1","max-image-preview":"max-image-preview:large","max-video-preview":"max-video-preview:-1"},"canonical":"https:\/\/ibas.world\/sq\/verifiko\/","og_locale":"sq_AL","og_type":"article","og_title":"Verifiko - IBAS","og_description":"Drejtoni procesin tuaj t\u00eb verifikimit me verifikimin ton\u00eb t\u00eb transaksionit IBAS. Siguroni autenticitetin dhe sigurin\u00eb e transaksioneve dhe blerjeve tuaja financiare.","og_url":"https:\/\/ibas.world\/sq\/verifiko\/","og_site_name":"IBAS","article_publisher":"https:\/\/www.facebook.com\/ibas.world","article_modified_time":"2026-04-01T08:46:11+00:00","og_image":[{"width":1200,"height":630,"url":"https:\/\/ibas.world\/wp-content\/uploads\/2023\/09\/Solutions-we-deliver.png","type":"image\/png"}],"twitter_card":"summary_large_image","twitter_misc":{"Est. reading time":"1 minute"},"schema":{"@context":"https:\/\/schema.org","@graph":[{"@type":"WebPage","@id":"https:\/\/ibas.world\/sq\/verifiko\/","url":"https:\/\/ibas.world\/sq\/verifiko\/","name":"Verifiko - IBAS","isPartOf":{"@id":"https:\/\/ibas.world\/sq\/#website"},"datePublished":"2023-05-24T14:46:51+00:00","dateModified":"2026-04-01T08:46:11+00:00","description":"Drejtoni procesin tuaj t\u00eb verifikimit me verifikimin ton\u00eb t\u00eb transaksionit IBAS. Siguroni autenticitetin dhe sigurin\u00eb e transaksioneve dhe blerjeve tuaja financiare.","breadcrumb":{"@id":"https:\/\/ibas.world\/sq\/verifiko\/#breadcrumb"},"inLanguage":"sq-AL","potentialAction":[{"@type":"ReadAction","target":["https:\/\/ibas.world\/sq\/verifiko\/"]}]},{"@type":"BreadcrumbList","@id":"https:\/\/ibas.world\/sq\/verifiko\/#breadcrumb","itemListElement":[{"@type":"ListItem","position":1,"name":"Home","item":"https:\/\/ibas.world\/sq\/"},{"@type":"ListItem","position":2,"name":"Verifiko"}]},{"@type":"WebSite","@id":"https:\/\/ibas.world\/sq\/#website","url":"https:\/\/ibas.world\/sq\/","name":"IBAS","description":"","publisher":{"@id":"https:\/\/ibas.world\/sq\/#organization"},"potentialAction":[{"@type":"SearchAction","target":{"@type":"EntryPoint","urlTemplate":"https:\/\/ibas.world\/sq\/?s={search_term_string}"},"query-input":"required name=search_term_string"}],"inLanguage":"sq-AL"},{"@type":"Organization","@id":"https:\/\/ibas.world\/sq\/#organization","name":"IBAS","url":"https:\/\/ibas.world\/sq\/","logo":{"@type":"ImageObject","inLanguage":"sq-AL","@id":"https:\/\/ibas.world\/sq\/#\/schema\/logo\/image\/","url":"https:\/\/ibas.world\/wp-content\/uploads\/2023\/06\/favicon.png","contentUrl":"https:\/\/ibas.world\/wp-content\/uploads\/2023\/06\/favicon.png","width":374,"height":340,"caption":"IBAS"},"image":{"@id":"https:\/\/ibas.world\/sq\/#\/schema\/logo\/image\/"},"sameAs":["https:\/\/www.facebook.com\/ibas.world","https:\/\/www.instagram.com\/ibas.world\/","https:\/\/in.linkedin.com\/company\/ibas-world"]}]}},"_links":{"self":[{"href":"https:\/\/ibas.world\/sq\/wp-json\/wp\/v2\/pages\/5298"}],"collection":[{"href":"https:\/\/ibas.world\/sq\/wp-json\/wp\/v2\/pages"}],"about":[{"href":"https:\/\/ibas.world\/sq\/wp-json\/wp\/v2\/types\/page"}],"author":[{"embeddable":true,"href":"https:\/\/ibas.world\/sq\/wp-json\/wp\/v2\/users\/54"}],"replies":[{"embeddable":true,"href":"https:\/\/ibas.world\/sq\/wp-json\/wp\/v2\/comments?post=5298"}],"version-history":[{"count":13,"href":"https:\/\/ibas.world\/sq\/wp-json\/wp\/v2\/pages\/5298\/revisions"}],"predecessor-version":[{"id":9365,"href":"https:\/\/ibas.world\/sq\/wp-json\/wp\/v2\/pages\/5298\/revisions\/9365"}],"wp:attachment":[{"href":"https:\/\/ibas.world\/sq\/wp-json\/wp\/v2\/media?parent=5298"}],"curies":[{"name":"wp","href":"https:\/\/api.w.org\/{rel}","templated":true}]}}