{"id":5317,"date":"2023-05-23T14:58:24","date_gmt":"2023-05-23T14:58:24","guid":{"rendered":"https:\/\/ibas.world\/kredite\/"},"modified":"2025-10-20T12:30:30","modified_gmt":"2025-10-20T12:30:30","slug":"kredite","status":"publish","type":"page","link":"https:\/\/ibas.world\/sq\/kredite\/","title":{"rendered":"Kredit\u00eb"},"content":{"rendered":"\t\t<div data-elementor-type=\"wp-page\" data-elementor-id=\"5317\" class=\"elementor elementor-5317 elementor-212\">\n\t\t\t\t<div class=\"elementor-element elementor-element-5f8f448 e-flex e-con-boxed e-con e-parent\" data-id=\"5f8f448\" data-element_type=\"container\" data-settings=\"{&quot;background_background&quot;:&quot;classic&quot;}\">\n\t\t\t\t\t<div class=\"e-con-inner\">\n\t\t\t\t<div class=\"elementor-element elementor-element-67c700d elementor-widget elementor-widget-html\" data-id=\"67c700d\" data-element_type=\"widget\" data-widget_type=\"html.default\">\n\t\t\t\t<div class=\"elementor-widget-container\">\n\t\t\t<div class=\"products-wrapper\">\n    <div>\n        <h1 class=\"h1-main blueLinear\">Aplikim p\u00ebr kredi<\/h1>\n    <\/div>\n    <div>\n        <p class=\"p-main black0f0 sBold\">Merrni fondet q\u00eb ju nevojiten shpejt dhe leht\u00eb me procesin ton\u00eb t\u00eb thjesht\u00eb t\u00eb aplikimit p\u00ebr kredi.<\/p>\n    <\/div>\n<\/div>\n\n\t\t<\/div>\n\t\t\t\t<\/div>\n\t\t\t\t\t<\/div>\n\t\t\t\t<\/div>\n\t\t<div class=\"elementor-element elementor-element-9c27254 e-flex e-con-boxed e-con e-parent\" data-id=\"9c27254\" data-element_type=\"container\" data-settings=\"{&quot;background_background&quot;:&quot;classic&quot;}\">\n\t\t\t\t\t<div class=\"e-con-inner\">\n\t\t\t\t<div class=\"elementor-element elementor-element-13bdd1b elementor-widget elementor-widget-html\" data-id=\"13bdd1b\" data-element_type=\"widget\" data-widget_type=\"html.default\">\n\t\t\t\t<div class=\"elementor-widget-container\">\n\t\t\t<h3 class=\"tcenter\">Plot\u00ebsoni formularin ton\u00eb t\u00eb leht\u00eb dhe t\u00eb sigurt t\u00eb aplikimit p\u00ebr kredi p\u00ebr t\u00eb filluar udh\u00ebtimin tuaj  financiar.<\/h3>\n\n\t\t<\/div>\n\t\t\t\t<\/div>\n\t\t\t\t\t<\/div>\n\t\t\t\t<\/div>\n\t\t<div class=\"elementor-element elementor-element-0d19c20 e-flex e-con-boxed e-con e-parent\" data-id=\"0d19c20\" data-element_type=\"container\" data-settings=\"{&quot;background_background&quot;:&quot;classic&quot;}\">\n\t\t\t\t\t<div class=\"e-con-inner\">\n\t\t\t\t<div class=\"elementor-element elementor-element-7b4519e elementor-widget elementor-widget-shortcode\" data-id=\"7b4519e\" data-element_type=\"widget\" data-widget_type=\"shortcode.default\">\n\t\t\t\t<div class=\"elementor-widget-container\">\n\t\t\t\t\t<div class=\"elementor-shortcode\">\n<div class=\"wpcf7 no-js\" id=\"wpcf7-f7625-o1\" lang=\"sq-AL\" dir=\"ltr\">\n<div class=\"screen-reader-response\"><p role=\"status\" aria-live=\"polite\" aria-atomic=\"true\"><\/p> <ul><\/ul><\/div>\n<form action=\"\/sq\/wp-json\/wp\/v2\/pages\/5317#wpcf7-f7625-o1\" method=\"post\" class=\"wpcf7-form init\" aria-label=\"Contact form\" novalidate=\"novalidate\" data-status=\"init\">\n<div style=\"display: none;\">\n<input type=\"hidden\" name=\"_wpcf7\" value=\"7625\" \/>\n<input type=\"hidden\" name=\"_wpcf7_version\" value=\"5.9.3\" \/>\n<input type=\"hidden\" name=\"_wpcf7_locale\" value=\"sq_AL\" \/>\n<input type=\"hidden\" name=\"_wpcf7_unit_tag\" value=\"wpcf7-f7625-o1\" \/>\n<input type=\"hidden\" name=\"_wpcf7_container_post\" value=\"0\" \/>\n<input type=\"hidden\" name=\"_wpcf7_posted_data_hash\" value=\"\" \/>\n<input type=\"hidden\" name=\"_wpcf7cf_hidden_group_fields\" value=\"[]\" \/>\n<input type=\"hidden\" name=\"_wpcf7cf_hidden_groups\" value=\"[]\" \/>\n<input type=\"hidden\" name=\"_wpcf7cf_visible_groups\" value=\"[]\" \/>\n<input type=\"hidden\" name=\"_wpcf7cf_repeaters\" value=\"[]\" \/>\n<input type=\"hidden\" name=\"_wpcf7cf_steps\" value=\"{}\" \/>\n<input type=\"hidden\" name=\"_wpcf7cf_options\" value=\"{&quot;form_id&quot;:7625,&quot;conditions&quot;:[],&quot;settings&quot;:{&quot;animation&quot;:&quot;yes&quot;,&quot;animation_intime&quot;:&quot;200&quot;,&quot;animation_outtime&quot;:&quot;200&quot;,&quot;conditions_ui&quot;:&quot;normal&quot;,&quot;notice_dismissed&quot;:&quot;&quot;,&quot;notice_dismissed_update-cf7-5.9.6&quot;:true,&quot;notice_dismissed_update-cf7-6.1.3&quot;:true}}\" \/>\n<\/div>\n<div class=\"aplikimiKredise-wrapp\">\n\t<div class=\"formNumbers\">\n\t\t<div>\n\t\t\t<p><label>Emri dhe mbiemri<br \/>\n<span class=\"wpcf7-form-control-wrap\" data-name=\"emriMbiemri\"><input size=\"40\" class=\"wpcf7-form-control wpcf7-text wpcf7-validates-as-required\" aria-required=\"true\" aria-invalid=\"false\" placeholder=\"Shkruani emrin dhe mbiemrin tuaj\" value=\"\" type=\"text\" name=\"emriMbiemri\" \/><\/span><br \/>\n<\/label>\n\t\t\t<\/p>\n\t\t<\/div>\n\t\t<div>\n\t\t\t<p><label>Numri personal<br \/>\n<span class=\"wpcf7-form-control-wrap\" data-name=\"numriPersonal\"><input class=\"wpcf7-form-control wpcf7-number wpcf7-validates-as-required wpcf7-validates-as-number\" min=\"1000000000\" max=\"9999999999\" aria-required=\"true\" aria-invalid=\"false\" placeholder=\"Shkruani numrin tuaj personal\" value=\"\" type=\"number\" name=\"numriPersonal\" \/><\/span><br \/>\n<\/label>\n\t\t\t<\/p>\n\t\t<\/div>\n\t<\/div>\n\t<div class=\"creditOptions\">\n\t\t<div>\n\t\t\t<p><label>Numri i telefonit<br \/>\n<span class=\"wpcf7-form-control-wrap\" data-name=\"numriTelefonit\"><input size=\"40\" maxlength=\"11\" minlength=\"11\" class=\"wpcf7-form-control wpcf7-tel wpcf7-validates-as-required wpcf7-text wpcf7-validates-as-tel\" aria-required=\"true\" aria-invalid=\"false\" placeholder=\"04*******\" value=\"\" type=\"tel\" name=\"numriTelefonit\" \/><\/span><br \/>\n<\/label>\n\t\t\t<\/p>\n\t\t<\/div>\n\t\t<div>\n\t\t\t<p><label>Shuma e k\u00ebrkuar<br \/>\n<span class=\"wpcf7-form-control-wrap\" data-name=\"shumaInvestuese\"><input class=\"wpcf7-form-control wpcf7-number wpcf7-validates-as-required wpcf7-validates-as-number\" max=\"99999\" aria-required=\"true\" aria-invalid=\"false\" placeholder=\"\u20ac\" value=\"\" type=\"number\" name=\"shumaInvestuese\" \/><\/span><br \/>\n<\/label>\n\t\t\t<\/p>\n\t\t<\/div>\n\t<\/div>\n\t<div class=\"kohezgjatjaEmri\">\n\t\t<div>\n\t\t\t<p><label>Lloji i kredis\u00eb<br \/>\n<span class=\"wpcf7-form-control-wrap\" data-name=\"llojiKredise\"><select class=\"wpcf7-form-control wpcf7-select wpcf7-validates-as-required\" aria-required=\"true\" aria-invalid=\"false\" name=\"llojiKredise\"><option value=\"Kredi\">Kredi<\/option><option value=\"Overdraft\">Overdraft<\/option><option value=\"Bli tani, paguaj m\u00eb von\u00eb\">Bli tani, paguaj m\u00eb von\u00eb<\/option><\/select><\/span><br \/>\n<\/label>\n\t\t\t<\/p>\n\t\t<\/div>\n\t\t<div>\n\t\t\t<p><label>Koh\u00ebzgjatja e kredis\u00eb<br \/>\n<span class=\"wpcf7-form-control-wrap\" data-name=\"kohezgjatjaKredise\"><select class=\"wpcf7-form-control wpcf7-select wpcf7-validates-as-required\" aria-required=\"true\" aria-invalid=\"false\" name=\"kohezgjatjaKredise\"><option value=\"1 muaj\">1 muaj<\/option><option value=\"3 muaj\">3 muaj<\/option><option value=\"4 muaj\">4 muaj<\/option><option value=\"5 muaj\">5 muaj<\/option><option value=\"6 muaj\">6 muaj<\/option><option value=\"7 muaj\">7 muaj<\/option><option value=\"8 muaj\">8 muaj<\/option><option value=\"9 muaj\">9 muaj<\/option><option value=\"10 muaj\">10 muaj<\/option><option value=\"11 muaj\">11 muaj<\/option><option value=\"12 muaj\">12 muaj<\/option><\/select><\/span><br \/>\n<\/label>\n\t\t\t<\/p>\n\t\t<\/div>\n\t<\/div>\n<\/div>\n<div class=\"approvalAccess\">\n\t<div>\n\t\t<h3>APROVIM P\u00cbR QASJE N\u00cb REGJISTRIN E KREDIVE\n\t\t<\/h3>\n\t\t<h5>Me k\u00ebt\u00eb, un\u00eb n\u00ebnshkruari\/e, jap p\u00eblqimin tim q\u00eb IBAS t\u00eb:\n\t\t<\/h5>\n\t\t<ul>\n\t\t\t<li>\n\t\t\t\t<p>Vler\u00ebsoj\u00eb aplikimin tim p\u00ebr kredi;\n\t\t\t\t<\/p>\n\t\t\t<\/li>\n\t\t\t<li>\n\t\t\t\t<p>Vler\u00ebsoj\u00eb historikun tim t\u00eb rrezikut kreditor n\u00eb Bank\u00ebn Qendrore t\u00eb Republik\u00ebs s\u00eb Kosov\u00ebs ose n\u00eb institucione t\u00eb tjera financiare;\n\t\t\t\t<\/p>\n\t\t\t<\/li>\n\t\t\t<li>\n\t\t\t\t<p>Vler\u00ebsoj\u00eb besueshm\u00ebrin\u00eb time si individ i lidhur me huamarr\u00ebsin;\n\t\t\t\t<\/p>\n\t\t\t<\/li>\n\t\t\t<li>\n\t\t\t\t<p>Njoh\u00eb dhe verifikoj\u00eb obligimet e mia financiare ndaj bankave apo institucioneve t\u00eb tjera t\u00eb licencuara p\u00ebrmes t\u00eb dh\u00ebnave t\u00eb Regjistrit t\u00eb Kredive;\n\t\t\t\t<\/p>\n\t\t\t<\/li>\n\t\t\t<li>\n\t\t\t\t<p>P\u00ebrcaktoj\u00eb vler\u00ebn e garancive financiare dhe kapacitetin tim p\u00ebr p\u00ebrmbushjen e detyrimeve kontraktuale.\n\t\t\t\t<\/p>\n\t\t\t<\/li>\n\t\t<\/ul>\n\t<\/div>\n\t<div>\n\t\t<h3>APROVIM P\u00cbR MBLEDHJEN DHE P\u00cbRPUNIMIN E T\u00cb DH\u00cbNAVE PERSONALE\n\t\t<\/h3>\n\t\t<h5>Me k\u00ebt\u00eb, un\u00eb n\u00ebnshkruari\/e, pranoj dhe jap p\u00eblqimin tim q\u00eb IBAS t\u00eb:\n\t\t<\/h5>\n\t\t<ul>\n\t\t\t<li>\n\t\t\t\t<p>Marr\u00eb, p\u00ebrdor\u00eb dhe p\u00ebrpunoj\u00eb t\u00eb gjitha t\u00eb dh\u00ebnat e mia personale p\u00ebr q\u00ebllime t\u00eb identifikimit dhe vler\u00ebsimit t\u00eb kapacitetit tim financiar;\n\t\t\t\t<\/p>\n\t\t\t<\/li>\n\t\t\t<li>\n\t\t\t\t<p>Ruaj\u00eb dhe p\u00ebrdor\u00eb k\u00ebto t\u00eb dh\u00ebna p\u00ebr q\u00ebllime t\u00eb mbrojtjes s\u00eb interesave pron\u00ebsore dhe financiare brenda marr\u00ebdh\u00ebnies kontraktuale me IBAS;\n\t\t\t\t<\/p>\n\t\t\t<\/li>\n\t\t\t<li>\n\t\t\t\t<p>Krijoj\u00eb dhe mir\u00ebmbaj\u00eb nj\u00eb baz\u00eb t\u00eb dh\u00ebnash t\u00eb p\u00ebrbashk\u00ebt t\u00eb klient\u00ebve p\u00ebr q\u00ebllime administrative dhe operacionale.\n\t\t\t\t<\/p>\n\t\t\t<\/li>\n\t\t<\/ul>\n\t\t<p style=\"font-size:15px!important; margin-bottom:0!important\"><br \/>\nJam i\/e vet\u00ebdijsh\u00ebm\/e se IBAS mund, kur \u00ebsht\u00eb e nevojshme, t\u00eb ndaj\u00eb informacionet e mia me pal\u00eb t\u00eb treta t\u00eb autorizuara, t\u00eb p\u00ebrfshira n\u00eb transaksione ligjore nd\u00ebrmjet meje, IBAS-it dhe institucioneve t\u00eb tjera p\u00ebrkat\u00ebse, n\u00eb p\u00ebrputhje me legjislacionin n\u00eb fuqi t\u00eb Republik\u00ebs s\u00eb Kosov\u00ebs.\n\t\t<\/p>\n\t<\/div>\n<\/div>\n<p><div class=\"cf7-cf-turnstile\" style=\"margin-top: 0px; margin-bottom: -15px;\"> <div id=\"cf-turnstile-cf7-4153651606\" class=\"cf-turnstile\" data-callback=\"turnstileCF7Callback\" data-sitekey=\"0x4AAAAAAAKD1eRimFWui5AM\" data-theme=\"light\" data-language=\"auto\" data-size=\"normal\" data-retry=\"auto\" data-retry-interval=\"1000\" data-refresh-expired=\"auto\" data-action=\"contact-form-7\" data-appearance=\"always\"><\/div> <style>.wpcf7-submit { pointer-events: none; opacity: 0.5; }<\/style> <script>document.addEventListener(\"DOMContentLoaded\", function() { setTimeout(function(){ var e=document.getElementById(\"cf-turnstile-cf7-4153651606\"); e&&!e.innerHTML.trim()&&(turnstile.remove(\"#cf-turnstile-cf7-4153651606\"), turnstile.render(\"#cf-turnstile-cf7-4153651606\", {sitekey:\"0x4AAAAAAAKD1eRimFWui5AM\"})); }, 100); });<\/script> <br class=\"cf-turnstile-br cf-turnstile-br-cf7-4153651606\"> <style>#cf-turnstile-cf7-4153651606 { margin-left: -15px; }<\/style> <script>document.addEventListener(\"DOMContentLoaded\",function(){document.querySelectorAll('.wpcf7-form').forEach(function(e){e.addEventListener('submit',function(){if(document.getElementById('cf-turnstile-cf7-4153651606')){setTimeout(function(){turnstile.reset('#cf-turnstile-cf7-4153651606');},1000)}})})});<\/script> <\/div><br\/><input class=\"wpcf7-form-control wpcf7-submit has-spinner aplikoCredit\" type=\"submit\" value=\"Apliko\" \/>\n<\/p>\n<p class=\"p-main\" style=\"padding:0 10px!important\"><br \/>\nP\u00ebr ndihm\u00eb gjat\u00eb procesit t\u00eb aplikimit, ju lutemi kontaktoni n\u00eb numrin <a href=\"tel:038600300\" class=\"main-link\">038600300<\/a> ose n\u00eb rrjetet tona sociale zyrtare.\n<\/p><div class=\"wpcf7-response-output\" aria-hidden=\"true\"><\/div>\n<\/form>\n<\/div>\n<\/div>\n\t\t\t\t<\/div>\n\t\t\t\t<\/div>\n\t\t\t\t\t<\/div>\n\t\t\t\t<\/div>\n\t\t<div class=\"elementor-element elementor-element-ea3ee1c e-flex e-con-boxed e-con e-parent\" data-id=\"ea3ee1c\" data-element_type=\"container\">\n\t\t\t\t\t<div class=\"e-con-inner\">\n\t\t\t\t<div class=\"elementor-element elementor-element-25158fa elementor-widget elementor-widget-html\" data-id=\"25158fa\" data-element_type=\"widget\" data-widget_type=\"html.default\">\n\t\t\t\t<div class=\"elementor-widget-container\">\n\t\t\t<script>const shumaParave = document.querySelector('[data-name=\"shumaInvestuese\"]')\n    const verejtje = document.createElement('p')\n    verejtje.classList.add('verejtje')\n    verejtje.innerHTML = '<span class=\"red\">Warning! <\/span> The maximum allowable amount per application is \u20ac100,000.'\n    shumaParave.appendChild(verejtje)\n    \n<\/script>\t\t<\/div>\n\t\t\t\t<\/div>\n\t\t\t\t\t<\/div>\n\t\t\t\t<\/div>\n\t\t\t\t<\/div>\n\t\t","protected":false},"excerpt":{"rendered":"<p>Aplikim p\u00ebr kredi Merrni fondet q\u00eb ju nevojiten shpejt dhe leht\u00eb me procesin ton\u00eb t\u00eb thjesht\u00eb t\u00eb aplikimit p\u00ebr kredi. Plot\u00ebsoni formularin ton\u00eb t\u00eb leht\u00eb dhe t\u00eb sigurt t\u00eb aplikimit p\u00ebr kredi p\u00ebr t\u00eb filluar udh\u00ebtimin tuaj financiar.<\/p>\n","protected":false},"author":54,"featured_media":0,"parent":0,"menu_order":0,"comment_status":"closed","ping_status":"closed","template":"","meta":{"inline_featured_image":false,"footnotes":""},"yoast_head":"<!-- This site is optimized with the Yoast SEO plugin v22.5 - https:\/\/yoast.com\/wordpress\/plugins\/seo\/ -->\r\n<title>Kredit\u00eb - IBAS<\/title>\r\n<meta name=\"description\" content=\"Merrni fondet q\u00eb ju nevojiten shpejt dhe leht\u00eb me procesin ton\u00eb t\u00eb thjesht\u00eb t\u00eb aplikimit p\u00ebr kredi. Plot\u00ebsoni formularin ton\u00eb t\u00eb leht\u00eb dhe t\u00eb sigurt t\u00eb aplikimit p\u00ebr kredi p\u00ebr t\u00eb...\" \/>\r\n<meta name=\"robots\" content=\"index, follow, max-snippet:-1, max-image-preview:large, max-video-preview:-1\" \/>\r\n<link rel=\"canonical\" href=\"https:\/\/ibas.world\/sq\/kredite\/\" \/>\r\n<meta property=\"og:locale\" content=\"sq_AL\" \/>\r\n<meta property=\"og:type\" content=\"article\" \/>\r\n<meta property=\"og:title\" content=\"Kredit\u00eb - IBAS\" \/>\r\n<meta property=\"og:description\" content=\"Merrni fondet q\u00eb ju nevojiten shpejt dhe leht\u00eb me procesin ton\u00eb t\u00eb thjesht\u00eb t\u00eb aplikimit p\u00ebr kredi. Plot\u00ebsoni formularin ton\u00eb t\u00eb leht\u00eb dhe t\u00eb sigurt t\u00eb aplikimit p\u00ebr kredi p\u00ebr t\u00eb...\" \/>\r\n<meta property=\"og:url\" content=\"https:\/\/ibas.world\/sq\/kredite\/\" \/>\r\n<meta property=\"og:site_name\" content=\"IBAS\" \/>\r\n<meta property=\"article:publisher\" content=\"https:\/\/www.facebook.com\/ibas.world\" \/>\r\n<meta property=\"article:modified_time\" content=\"2025-10-20T12:30:30+00:00\" \/>\r\n<meta property=\"og:image\" content=\"https:\/\/ibas.world\/wp-content\/uploads\/2023\/09\/Solutions-we-deliver.png\" \/>\r\n\t<meta property=\"og:image:width\" content=\"1200\" \/>\r\n\t<meta property=\"og:image:height\" content=\"630\" \/>\r\n\t<meta property=\"og:image:type\" content=\"image\/png\" \/>\r\n<meta name=\"twitter:card\" content=\"summary_large_image\" \/>\r\n<meta name=\"twitter:label1\" content=\"Est. reading time\" \/>\n\t<meta name=\"twitter:data1\" content=\"1 minute\" \/>\r\n<script type=\"application\/ld+json\" class=\"yoast-schema-graph\">{\"@context\":\"https:\/\/schema.org\",\"@graph\":[{\"@type\":\"WebPage\",\"@id\":\"https:\/\/ibas.world\/sq\/kredite\/\",\"url\":\"https:\/\/ibas.world\/sq\/kredite\/\",\"name\":\"Kredit\u00eb - IBAS\",\"isPartOf\":{\"@id\":\"https:\/\/ibas.world\/sq\/#website\"},\"datePublished\":\"2023-05-23T14:58:24+00:00\",\"dateModified\":\"2025-10-20T12:30:30+00:00\",\"description\":\"Merrni fondet q\u00eb ju nevojiten shpejt dhe leht\u00eb me procesin ton\u00eb t\u00eb thjesht\u00eb t\u00eb aplikimit p\u00ebr kredi. Plot\u00ebsoni formularin ton\u00eb t\u00eb leht\u00eb dhe t\u00eb sigurt t\u00eb aplikimit p\u00ebr kredi p\u00ebr t\u00eb...\",\"breadcrumb\":{\"@id\":\"https:\/\/ibas.world\/sq\/kredite\/#breadcrumb\"},\"inLanguage\":\"sq-AL\",\"potentialAction\":[{\"@type\":\"ReadAction\",\"target\":[\"https:\/\/ibas.world\/sq\/kredite\/\"]}]},{\"@type\":\"BreadcrumbList\",\"@id\":\"https:\/\/ibas.world\/sq\/kredite\/#breadcrumb\",\"itemListElement\":[{\"@type\":\"ListItem\",\"position\":1,\"name\":\"Home\",\"item\":\"https:\/\/ibas.world\/sq\/\"},{\"@type\":\"ListItem\",\"position\":2,\"name\":\"Kredit\u00eb\"}]},{\"@type\":\"WebSite\",\"@id\":\"https:\/\/ibas.world\/sq\/#website\",\"url\":\"https:\/\/ibas.world\/sq\/\",\"name\":\"IBAS\",\"description\":\"\",\"publisher\":{\"@id\":\"https:\/\/ibas.world\/sq\/#organization\"},\"potentialAction\":[{\"@type\":\"SearchAction\",\"target\":{\"@type\":\"EntryPoint\",\"urlTemplate\":\"https:\/\/ibas.world\/sq\/?s={search_term_string}\"},\"query-input\":\"required name=search_term_string\"}],\"inLanguage\":\"sq-AL\"},{\"@type\":\"Organization\",\"@id\":\"https:\/\/ibas.world\/sq\/#organization\",\"name\":\"IBAS\",\"url\":\"https:\/\/ibas.world\/sq\/\",\"logo\":{\"@type\":\"ImageObject\",\"inLanguage\":\"sq-AL\",\"@id\":\"https:\/\/ibas.world\/sq\/#\/schema\/logo\/image\/\",\"url\":\"https:\/\/ibas.world\/wp-content\/uploads\/2023\/06\/favicon.png\",\"contentUrl\":\"https:\/\/ibas.world\/wp-content\/uploads\/2023\/06\/favicon.png\",\"width\":374,\"height\":340,\"caption\":\"IBAS\"},\"image\":{\"@id\":\"https:\/\/ibas.world\/sq\/#\/schema\/logo\/image\/\"},\"sameAs\":[\"https:\/\/www.facebook.com\/ibas.world\",\"https:\/\/www.instagram.com\/ibas.world\/\",\"https:\/\/in.linkedin.com\/company\/ibas-world\"]}]}<\/script>\r\n<!-- \/ Yoast SEO plugin. -->","yoast_head_json":{"title":"Kredit\u00eb - IBAS","description":"Merrni fondet q\u00eb ju nevojiten shpejt dhe leht\u00eb me procesin ton\u00eb t\u00eb thjesht\u00eb t\u00eb aplikimit p\u00ebr kredi. Plot\u00ebsoni formularin ton\u00eb t\u00eb leht\u00eb dhe t\u00eb sigurt t\u00eb aplikimit p\u00ebr kredi p\u00ebr t\u00eb...","robots":{"index":"index","follow":"follow","max-snippet":"max-snippet:-1","max-image-preview":"max-image-preview:large","max-video-preview":"max-video-preview:-1"},"canonical":"https:\/\/ibas.world\/sq\/kredite\/","og_locale":"sq_AL","og_type":"article","og_title":"Kredit\u00eb - IBAS","og_description":"Merrni fondet q\u00eb ju nevojiten shpejt dhe leht\u00eb me procesin ton\u00eb t\u00eb thjesht\u00eb t\u00eb aplikimit p\u00ebr kredi. Plot\u00ebsoni formularin ton\u00eb t\u00eb leht\u00eb dhe t\u00eb sigurt t\u00eb aplikimit p\u00ebr kredi p\u00ebr t\u00eb...","og_url":"https:\/\/ibas.world\/sq\/kredite\/","og_site_name":"IBAS","article_publisher":"https:\/\/www.facebook.com\/ibas.world","article_modified_time":"2025-10-20T12:30:30+00:00","og_image":[{"width":1200,"height":630,"url":"https:\/\/ibas.world\/wp-content\/uploads\/2023\/09\/Solutions-we-deliver.png","type":"image\/png"}],"twitter_card":"summary_large_image","twitter_misc":{"Est. reading time":"1 minute"},"schema":{"@context":"https:\/\/schema.org","@graph":[{"@type":"WebPage","@id":"https:\/\/ibas.world\/sq\/kredite\/","url":"https:\/\/ibas.world\/sq\/kredite\/","name":"Kredit\u00eb - IBAS","isPartOf":{"@id":"https:\/\/ibas.world\/sq\/#website"},"datePublished":"2023-05-23T14:58:24+00:00","dateModified":"2025-10-20T12:30:30+00:00","description":"Merrni fondet q\u00eb ju nevojiten shpejt dhe leht\u00eb me procesin ton\u00eb t\u00eb thjesht\u00eb t\u00eb aplikimit p\u00ebr kredi. Plot\u00ebsoni formularin ton\u00eb t\u00eb leht\u00eb dhe t\u00eb sigurt t\u00eb aplikimit p\u00ebr kredi p\u00ebr t\u00eb...","breadcrumb":{"@id":"https:\/\/ibas.world\/sq\/kredite\/#breadcrumb"},"inLanguage":"sq-AL","potentialAction":[{"@type":"ReadAction","target":["https:\/\/ibas.world\/sq\/kredite\/"]}]},{"@type":"BreadcrumbList","@id":"https:\/\/ibas.world\/sq\/kredite\/#breadcrumb","itemListElement":[{"@type":"ListItem","position":1,"name":"Home","item":"https:\/\/ibas.world\/sq\/"},{"@type":"ListItem","position":2,"name":"Kredit\u00eb"}]},{"@type":"WebSite","@id":"https:\/\/ibas.world\/sq\/#website","url":"https:\/\/ibas.world\/sq\/","name":"IBAS","description":"","publisher":{"@id":"https:\/\/ibas.world\/sq\/#organization"},"potentialAction":[{"@type":"SearchAction","target":{"@type":"EntryPoint","urlTemplate":"https:\/\/ibas.world\/sq\/?s={search_term_string}"},"query-input":"required name=search_term_string"}],"inLanguage":"sq-AL"},{"@type":"Organization","@id":"https:\/\/ibas.world\/sq\/#organization","name":"IBAS","url":"https:\/\/ibas.world\/sq\/","logo":{"@type":"ImageObject","inLanguage":"sq-AL","@id":"https:\/\/ibas.world\/sq\/#\/schema\/logo\/image\/","url":"https:\/\/ibas.world\/wp-content\/uploads\/2023\/06\/favicon.png","contentUrl":"https:\/\/ibas.world\/wp-content\/uploads\/2023\/06\/favicon.png","width":374,"height":340,"caption":"IBAS"},"image":{"@id":"https:\/\/ibas.world\/sq\/#\/schema\/logo\/image\/"},"sameAs":["https:\/\/www.facebook.com\/ibas.world","https:\/\/www.instagram.com\/ibas.world\/","https:\/\/in.linkedin.com\/company\/ibas-world"]}]}},"_links":{"self":[{"href":"https:\/\/ibas.world\/sq\/wp-json\/wp\/v2\/pages\/5317"}],"collection":[{"href":"https:\/\/ibas.world\/sq\/wp-json\/wp\/v2\/pages"}],"about":[{"href":"https:\/\/ibas.world\/sq\/wp-json\/wp\/v2\/types\/page"}],"author":[{"embeddable":true,"href":"https:\/\/ibas.world\/sq\/wp-json\/wp\/v2\/users\/54"}],"replies":[{"embeddable":true,"href":"https:\/\/ibas.world\/sq\/wp-json\/wp\/v2\/comments?post=5317"}],"version-history":[{"count":18,"href":"https:\/\/ibas.world\/sq\/wp-json\/wp\/v2\/pages\/5317\/revisions"}],"predecessor-version":[{"id":7467,"href":"https:\/\/ibas.world\/sq\/wp-json\/wp\/v2\/pages\/5317\/revisions\/7467"}],"wp:attachment":[{"href":"https:\/\/ibas.world\/sq\/wp-json\/wp\/v2\/media?parent=5317"}],"curies":[{"name":"wp","href":"https:\/\/api.w.org\/{rel}","templated":true}]}}