{"id":5327,"date":"2023-05-23T14:10:57","date_gmt":"2023-05-23T14:10:57","guid":{"rendered":"https:\/\/ibas.world\/produktet\/"},"modified":"2025-10-20T06:59:33","modified_gmt":"2025-10-20T06:59:33","slug":"produktet","status":"publish","type":"page","link":"https:\/\/ibas.world\/sq\/produktet\/","title":{"rendered":"Produktet"},"content":{"rendered":"\t\t<div data-elementor-type=\"wp-page\" data-elementor-id=\"5327\" class=\"elementor elementor-5327 elementor-187\">\n\t\t\t\t<div class=\"elementor-element elementor-element-f81a8ad elementor-hidden-desktop elementor-hidden-tablet_extra elementor-hidden-tablet elementor-hidden-mobile e-flex e-con-boxed e-con e-parent\" data-id=\"f81a8ad\" data-element_type=\"container\" data-settings=\"{&quot;background_background&quot;:&quot;classic&quot;}\">\n\t\t\t\t\t<div class=\"e-con-inner\">\n\t\t\t\t<div class=\"elementor-element elementor-element-f3fcd99 elementor-widget elementor-widget-html\" data-id=\"f3fcd99\" data-element_type=\"widget\" data-widget_type=\"html.default\">\n\t\t\t\t<div class=\"elementor-widget-container\">\n\t\t\t<div class=\"products-wrapper\">\n    <div>\n        <h1 class=\"h1-main\">Produktet tona<\/h1>\n    <\/div>\n    <div>\n        <p class=\"p-main black0f0 sBold\">N\u00eb IBAS, ne krijojm\u00eb me pasion produkte inovative q\u00eb e b\u00ebjn\u00eb jet\u00ebn tuaj m\u00eb t\u00eb leht\u00eb dhe m\u00eb t\u00eb vlefshme \u2014 si n\u00eb aspektin personal, ashtu edhe profesional.\n<\/p>\n    <\/div>\n<\/div>\n\t\t<\/div>\n\t\t\t\t<\/div>\n\t\t\t\t\t<\/div>\n\t\t\t\t<\/div>\n\t\t<div class=\"elementor-element elementor-element-c3aa5a7 elementor-hidden-desktop elementor-hidden-tablet_extra elementor-hidden-tablet elementor-hidden-mobile e-flex e-con-boxed e-con e-parent\" data-id=\"c3aa5a7\" data-element_type=\"container\">\n\t\t\t\t\t<div class=\"e-con-inner\">\n\t\t\t\t<div class=\"elementor-element elementor-element-e3b4a49 elementor-widget elementor-widget-text-editor\" data-id=\"e3b4a49\" data-element_type=\"widget\" data-widget_type=\"text-editor.default\">\n\t\t\t\t<div class=\"elementor-widget-container\">\n\t\t\t<style>\/*! elementor - v3.21.0 - 25-04-2024 *\/\n.elementor-widget-text-editor.elementor-drop-cap-view-stacked .elementor-drop-cap{background-color:#69727d;color:#fff}.elementor-widget-text-editor.elementor-drop-cap-view-framed .elementor-drop-cap{color:#69727d;border:3px solid;background-color:transparent}.elementor-widget-text-editor:not(.elementor-drop-cap-view-default) .elementor-drop-cap{margin-top:8px}.elementor-widget-text-editor:not(.elementor-drop-cap-view-default) .elementor-drop-cap-letter{width:1em;height:1em}.elementor-widget-text-editor .elementor-drop-cap{float:left;text-align:center;line-height:1;font-size:50px}.elementor-widget-text-editor .elementor-drop-cap-letter{display:inline-block}<\/style>\t\t\t\t<p><strong>IBAS<\/strong> \u00ebsht\u00eb ofruesi m\u00eb i avancuar i zgjidhjeve p\u00ebr t\u00eb gjitha nevojat tuaja financiare. Me <strong>sh\u00ebrbimet<\/strong> tona inovative <strong>t\u00eb portofolit elektronik<\/strong> , <strong>e-Portofolit<\/strong> , <strong>ePOS<\/strong> , <strong>eTransaksioneve<\/strong> , <strong>e-Commerce<\/strong> dhe eKredis\u00eb elektronike, ne ju ofrojm\u00eb nj\u00eb grup t\u00eb plot\u00eb mjetesh p\u00ebr t\u00eb menaxhuar financat tuaja.<\/p>\n\t\t\t\t\t\t<\/div>\n\t\t\t\t<\/div>\n\t\t\t\t\t<\/div>\n\t\t\t\t<\/div>\n\t\t<div class=\"elementor-element elementor-element-a321ac5 e-flex e-con-boxed e-con e-parent\" data-id=\"a321ac5\" data-element_type=\"container\">\n\t\t\t\t\t<div class=\"e-con-inner\">\n\t\t\t\t<div class=\"elementor-element elementor-element-756adcd elementor-widget elementor-widget-html\" data-id=\"756adcd\" data-element_type=\"widget\" data-widget_type=\"html.default\">\n\t\t\t\t<div class=\"elementor-widget-container\">\n\t\t\t<h2 class=\"black0f0 tcenter blueLinear\">Zgjidhje gjith\u00ebp\u00ebrfshir\u00ebse financiare\n<\/h2>\n<p class=\"p-main black0f0 tcenter\">Ne ofrojm\u00eb nj\u00eb gam\u00eb t\u00eb gjer\u00eb sh\u00ebrbimesh q\u00eb p\u00ebrfshijn\u00eb pagesa digjitale dhe ePOS, d\u00ebrgime nd\u00ebrkomb\u00ebtare parash, kredi t\u00eb p\u00ebrshtatura p\u00ebr nevojat tuaja, k\u00ebshillim personal p\u00ebr investime, si dhe produkte moderne si \u201cBli tani, paguaj m\u00eb von\u00eb\u201d, kredi afatshkurt\u00ebr dhe shp\u00ebrblime cash-back, nd\u00ebr t\u00eb tjera.<\/p>\t\t<\/div>\n\t\t\t\t<\/div>\n\t\t\t\t\t<\/div>\n\t\t\t\t<\/div>\n\t\t<div class=\"elementor-element elementor-element-2149f1d e-flex e-con-boxed e-con e-parent\" data-id=\"2149f1d\" data-element_type=\"container\" id=\"digitalLoc\">\n\t\t\t\t\t<div class=\"e-con-inner\">\n\t\t\t\t<div class=\"elementor-element elementor-element-f69bcaf elementor-widget elementor-widget-html\" data-id=\"f69bcaf\" data-element_type=\"widget\" data-widget_type=\"html.default\">\n\t\t\t\t<div class=\"elementor-widget-container\">\n\t\t\t<div class=\"solutions-wrapp\">\n    <div class=\"sol-img\">\n        <img decoding=\"async\" src=\"\/wp-content\/uploads\/2023\/08\/Group-521.svg\">\n    <\/div>\n    <div class=\"sol-cont\">\n        <div>\n        <h3 class=\"black0f0\">Pagesat dixhitale<\/h3>\n        <\/div>\n        <div>\n            <h5 class=\"black0f0\">Gama jon\u00eb dinamike e produkteve p\u00ebrfshin\u00eb:\n<\/h5>\n\n        <ul class=\"ul-prods\">\n            <li>\n  IBAN britanik me qasje n\u00eb SEPA (Single European Payment Area).\n            <\/li>\n            <li>\n  Zgjidhje p\u00ebr pagesa me ePOS dhe QR kod\n\n            <\/li>\n            <li>\n  Karta debiti dhe porta t\u00eb sigurta pagese online\n\n            <\/li>\n            <li>\n  Sh\u00ebrbime p\u00ebr pages\u00ebn e faturave t\u00eb sh\u00ebrbimeve publike\n\n            <\/li>\n            <li>\n  Pagesa t\u00eb lehta dhe pa komplikime p\u00ebr institucionet publike\n \n            <\/li>\n            <\/ul>\n\n        <\/div>\n    <\/div>\n<\/div>\t\t<\/div>\n\t\t\t\t<\/div>\n\t\t\t\t\t<\/div>\n\t\t\t\t<\/div>\n\t\t<div class=\"elementor-element elementor-element-5f2e011 e-flex e-con-boxed e-con e-parent\" data-id=\"5f2e011\" data-element_type=\"container\" id=\"internationalLoc\">\n\t\t\t\t\t<div class=\"e-con-inner\">\n\t\t\t\t<div class=\"elementor-element elementor-element-91f5d72 elementor-widget elementor-widget-html\" data-id=\"91f5d72\" data-element_type=\"widget\" data-widget_type=\"html.default\">\n\t\t\t\t<div class=\"elementor-widget-container\">\n\t\t\t<div class=\"solutions-wrapp\">\n    <div class=\"sol-img\">\n        <img decoding=\"async\" src=\"\/wp-content\/uploads\/2023\/08\/Group-522.svg\">\n    <\/div>\n    <div class=\"sol-cont\">\n        <div>\n        <h3 class=\"black0f0\">Transferime Nd\u00ebrkomb\u00ebtare t\u00eb Parave<\/h3>\n        <\/div>\n        <div>\n            <h5 class=\"black0f0\">Sh\u00ebrbimet tona globale p\u00ebrfshijn\u00eb:\n<\/h5>\n            <ul class=\"ul-prods\">\n            <li>\n  Transferime t\u00eb lehta drejt dhe nga mbi 5,000 banka brenda Zon\u00ebs Ekonomike Evropiane\n\n            <\/li>\n            <li>\nT\u00ebrheqje t\u00eb thjeshta fondesh nga PayPal, Wise dhe portofola t\u00eb ngjashme digjitale\n            <\/li>\n            <li>\nPagesa t\u00eb p\u00ebrshtatshme p\u00ebr platformat e pun\u00ebs n\u00eb distanc\u00eb si Upwork, Fiverr, PeoplePerHour, TopTal etj.\n\n            <\/li>\n            <\/ul>\n        <\/div>\n    <\/div>\n<\/div>\t\t<\/div>\n\t\t\t\t<\/div>\n\t\t\t\t\t<\/div>\n\t\t\t\t<\/div>\n\t\t<div class=\"elementor-element elementor-element-a55cabb e-flex e-con-boxed e-con e-parent\" data-id=\"a55cabb\" data-element_type=\"container\" id=\"loansLoc\">\n\t\t\t\t\t<div class=\"e-con-inner\">\n\t\t\t\t<div class=\"elementor-element elementor-element-d34cba8 elementor-widget elementor-widget-html\" data-id=\"d34cba8\" data-element_type=\"widget\" data-widget_type=\"html.default\">\n\t\t\t\t<div class=\"elementor-widget-container\">\n\t\t\t<div class=\"solutions-wrapp\">\n    <div class=\"sol-img\">\n        <img decoding=\"async\" src=\"\/wp-content\/uploads\/2023\/08\/Group-523.svg\">\n    <\/div>\n    <div class=\"sol-cont\">\n        <div>\n        <h3 class=\"black0f0\">Kredi p\u00ebr pagesa\n<\/h3>\n        <\/div>\n        <div>\n            <h5 class=\"black0f0\">Kredit\u00eb tona mbulojn\u00eb nj\u00eb gam\u00eb t\u00eb gjer\u00eb nevojash:\n<\/h5>\n            <ul class=\"ul-prods\">\n                <li>Kredi p\u00ebr pagesa deri n\u00eb 100,000 \u20ac\n<\/li>\n                <li>Leht\u00ebsi overdraft-i deri n\u00eb 100,000 \u20ac\n\n<\/li>\n                <li>Skema \u201cBlej tani, paguaj m\u00eb von\u00eb\u201d q\u00eb ofron tre muaj pa interes\n<\/li>\n            <\/ul>\n\n        <\/div>\n    <\/div>\n<\/div>\t\t<\/div>\n\t\t\t\t<\/div>\n\t\t\t\t\t<\/div>\n\t\t\t\t<\/div>\n\t\t<div class=\"elementor-element elementor-element-85ce21d e-flex e-con-boxed e-con e-parent\" data-id=\"85ce21d\" data-element_type=\"container\" id=\"investmentLoc\">\n\t\t\t\t\t<div class=\"e-con-inner\">\n\t\t\t\t<div class=\"elementor-element elementor-element-0810103 elementor-widget elementor-widget-html\" data-id=\"0810103\" data-element_type=\"widget\" data-widget_type=\"html.default\">\n\t\t\t\t<div class=\"elementor-widget-container\">\n\t\t\t<div class=\"solutions-wrapp\">\n    <div class=\"sol-img\">\n        <img decoding=\"async\" src=\"\/wp-content\/uploads\/2023\/08\/Group-524.svg\">\n    <\/div>\n    <div class=\"sol-cont\">\n        <div>\n        <h3 class=\"black0f0\">Sh\u00ebrbimet e K\u00ebshillimit p\u00ebr Investime\n<\/h3>\n        <\/div>\n        <div>\n            <h5 class=\"black0f0\">Sh\u00ebrbimet tona t\u00eb specializuara p\u00ebrfshijn\u00eb:\n<\/h5>\n            <ul class=\"ul-prods\">\n                <li>K\u00ebshilla profesionale dhe plane investimi p\u00ebr blerjen e instrumenteve financiare si aksione, obligacione dhe letra tregtare dhe\n<\/li>\n                <li>Udh\u00ebzime strategjike dhe plane investimi p\u00ebr shitjen e instrumenteve financiare si aksione, obligacione dhe letra tregtare.<\/li>\n            <\/ul>\n        <\/div>\n    <\/div>\n<\/div>\t\t<\/div>\n\t\t\t\t<\/div>\n\t\t\t\t\t<\/div>\n\t\t\t\t<\/div>\n\t\t\t\t<\/div>\n\t\t","protected":false},"excerpt":{"rendered":"<p>Produktet tona N\u00eb IBAS, ne krijojm\u00eb me pasion produkte inovative q\u00eb e b\u00ebjn\u00eb jet\u00ebn tuaj m\u00eb t\u00eb leht\u00eb dhe m\u00eb t\u00eb vlefshme \u2014 si n\u00eb aspektin personal, ashtu edhe profesional. IBAS \u00ebsht\u00eb ofruesi m\u00eb i avancuar i zgjidhjeve p\u00ebr t\u00eb gjitha nevojat tuaja financiare. Me sh\u00ebrbimet tona inovative t\u00eb portofolit elektronik , e-Portofolit , ePOS [&hellip;]<\/p>\n","protected":false},"author":54,"featured_media":0,"parent":0,"menu_order":0,"comment_status":"closed","ping_status":"closed","template":"","meta":{"inline_featured_image":false,"footnotes":""},"yoast_head":"<!-- This site is optimized with the Yoast SEO plugin v22.5 - https:\/\/yoast.com\/wordpress\/plugins\/seo\/ -->\r\n<title>Produktet - IBAS<\/title>\r\n<meta name=\"description\" content=\"N\u00eb IBAS, ne nuk jemi vet\u00ebm t\u00eb p\u00ebrkushtuar, por jemi t\u00eb p\u00ebrkushtuar me pasion p\u00ebr t\u00eb krijuar produkte t\u00eb nivelit t\u00eb lart\u00eb, t\u00eb krijuar p\u00ebr t\u00eb pasuruar ndjesh\u00ebm jet\u00ebn tuaj t\u00eb p\u00ebrditshme.\" \/>\r\n<meta name=\"robots\" content=\"index, follow, max-snippet:-1, max-image-preview:large, max-video-preview:-1\" \/>\r\n<link rel=\"canonical\" href=\"https:\/\/ibas.world\/sq\/produktet\/\" \/>\r\n<meta property=\"og:locale\" content=\"sq_AL\" \/>\r\n<meta property=\"og:type\" content=\"article\" \/>\r\n<meta property=\"og:title\" content=\"Produktet - IBAS\" \/>\r\n<meta property=\"og:description\" content=\"N\u00eb IBAS, ne nuk jemi vet\u00ebm t\u00eb p\u00ebrkushtuar, por jemi t\u00eb p\u00ebrkushtuar me pasion p\u00ebr t\u00eb krijuar produkte t\u00eb nivelit t\u00eb lart\u00eb, t\u00eb krijuar p\u00ebr t\u00eb pasuruar ndjesh\u00ebm jet\u00ebn tuaj t\u00eb p\u00ebrditshme.\" \/>\r\n<meta property=\"og:url\" content=\"https:\/\/ibas.world\/sq\/produktet\/\" \/>\r\n<meta property=\"og:site_name\" content=\"IBAS\" \/>\r\n<meta property=\"article:publisher\" content=\"https:\/\/www.facebook.com\/ibas.world\" \/>\r\n<meta property=\"article:modified_time\" content=\"2025-10-20T06:59:33+00:00\" \/>\r\n<meta property=\"og:image\" content=\"https:\/\/ibas.world\/wp-content\/uploads\/2023\/09\/Solutions-we-deliver.png\" \/>\r\n\t<meta property=\"og:image:width\" content=\"1200\" \/>\r\n\t<meta property=\"og:image:height\" content=\"630\" \/>\r\n\t<meta property=\"og:image:type\" content=\"image\/png\" \/>\r\n<meta name=\"twitter:card\" content=\"summary_large_image\" \/>\r\n<meta name=\"twitter:label1\" content=\"Est. reading time\" \/>\n\t<meta name=\"twitter:data1\" content=\"3 minutes\" \/>\r\n<script type=\"application\/ld+json\" class=\"yoast-schema-graph\">{\"@context\":\"https:\/\/schema.org\",\"@graph\":[{\"@type\":\"WebPage\",\"@id\":\"https:\/\/ibas.world\/sq\/produktet\/\",\"url\":\"https:\/\/ibas.world\/sq\/produktet\/\",\"name\":\"Produktet - IBAS\",\"isPartOf\":{\"@id\":\"https:\/\/ibas.world\/sq\/#website\"},\"datePublished\":\"2023-05-23T14:10:57+00:00\",\"dateModified\":\"2025-10-20T06:59:33+00:00\",\"description\":\"N\u00eb IBAS, ne nuk jemi vet\u00ebm t\u00eb p\u00ebrkushtuar, por jemi t\u00eb p\u00ebrkushtuar me pasion p\u00ebr t\u00eb krijuar produkte t\u00eb nivelit t\u00eb lart\u00eb, t\u00eb krijuar p\u00ebr t\u00eb pasuruar ndjesh\u00ebm jet\u00ebn tuaj t\u00eb p\u00ebrditshme.\",\"breadcrumb\":{\"@id\":\"https:\/\/ibas.world\/sq\/produktet\/#breadcrumb\"},\"inLanguage\":\"sq-AL\",\"potentialAction\":[{\"@type\":\"ReadAction\",\"target\":[\"https:\/\/ibas.world\/sq\/produktet\/\"]}]},{\"@type\":\"BreadcrumbList\",\"@id\":\"https:\/\/ibas.world\/sq\/produktet\/#breadcrumb\",\"itemListElement\":[{\"@type\":\"ListItem\",\"position\":1,\"name\":\"Home\",\"item\":\"https:\/\/ibas.world\/sq\/\"},{\"@type\":\"ListItem\",\"position\":2,\"name\":\"Produktet\"}]},{\"@type\":\"WebSite\",\"@id\":\"https:\/\/ibas.world\/sq\/#website\",\"url\":\"https:\/\/ibas.world\/sq\/\",\"name\":\"IBAS\",\"description\":\"\",\"publisher\":{\"@id\":\"https:\/\/ibas.world\/sq\/#organization\"},\"potentialAction\":[{\"@type\":\"SearchAction\",\"target\":{\"@type\":\"EntryPoint\",\"urlTemplate\":\"https:\/\/ibas.world\/sq\/?s={search_term_string}\"},\"query-input\":\"required name=search_term_string\"}],\"inLanguage\":\"sq-AL\"},{\"@type\":\"Organization\",\"@id\":\"https:\/\/ibas.world\/sq\/#organization\",\"name\":\"IBAS\",\"url\":\"https:\/\/ibas.world\/sq\/\",\"logo\":{\"@type\":\"ImageObject\",\"inLanguage\":\"sq-AL\",\"@id\":\"https:\/\/ibas.world\/sq\/#\/schema\/logo\/image\/\",\"url\":\"https:\/\/ibas.world\/wp-content\/uploads\/2023\/06\/favicon.png\",\"contentUrl\":\"https:\/\/ibas.world\/wp-content\/uploads\/2023\/06\/favicon.png\",\"width\":374,\"height\":340,\"caption\":\"IBAS\"},\"image\":{\"@id\":\"https:\/\/ibas.world\/sq\/#\/schema\/logo\/image\/\"},\"sameAs\":[\"https:\/\/www.facebook.com\/ibas.world\",\"https:\/\/www.instagram.com\/ibas.world\/\",\"https:\/\/in.linkedin.com\/company\/ibas-world\"]}]}<\/script>\r\n<!-- \/ Yoast SEO plugin. -->","yoast_head_json":{"title":"Produktet - IBAS","description":"N\u00eb IBAS, ne nuk jemi vet\u00ebm t\u00eb p\u00ebrkushtuar, por jemi t\u00eb p\u00ebrkushtuar me pasion p\u00ebr t\u00eb krijuar produkte t\u00eb nivelit t\u00eb lart\u00eb, t\u00eb krijuar p\u00ebr t\u00eb pasuruar ndjesh\u00ebm jet\u00ebn tuaj t\u00eb p\u00ebrditshme.","robots":{"index":"index","follow":"follow","max-snippet":"max-snippet:-1","max-image-preview":"max-image-preview:large","max-video-preview":"max-video-preview:-1"},"canonical":"https:\/\/ibas.world\/sq\/produktet\/","og_locale":"sq_AL","og_type":"article","og_title":"Produktet - IBAS","og_description":"N\u00eb IBAS, ne nuk jemi vet\u00ebm t\u00eb p\u00ebrkushtuar, por jemi t\u00eb p\u00ebrkushtuar me pasion p\u00ebr t\u00eb krijuar produkte t\u00eb nivelit t\u00eb lart\u00eb, t\u00eb krijuar p\u00ebr t\u00eb pasuruar ndjesh\u00ebm jet\u00ebn tuaj t\u00eb p\u00ebrditshme.","og_url":"https:\/\/ibas.world\/sq\/produktet\/","og_site_name":"IBAS","article_publisher":"https:\/\/www.facebook.com\/ibas.world","article_modified_time":"2025-10-20T06:59:33+00:00","og_image":[{"width":1200,"height":630,"url":"https:\/\/ibas.world\/wp-content\/uploads\/2023\/09\/Solutions-we-deliver.png","type":"image\/png"}],"twitter_card":"summary_large_image","twitter_misc":{"Est. reading time":"3 minutes"},"schema":{"@context":"https:\/\/schema.org","@graph":[{"@type":"WebPage","@id":"https:\/\/ibas.world\/sq\/produktet\/","url":"https:\/\/ibas.world\/sq\/produktet\/","name":"Produktet - IBAS","isPartOf":{"@id":"https:\/\/ibas.world\/sq\/#website"},"datePublished":"2023-05-23T14:10:57+00:00","dateModified":"2025-10-20T06:59:33+00:00","description":"N\u00eb IBAS, ne nuk jemi vet\u00ebm t\u00eb p\u00ebrkushtuar, por jemi t\u00eb p\u00ebrkushtuar me pasion p\u00ebr t\u00eb krijuar produkte t\u00eb nivelit t\u00eb lart\u00eb, t\u00eb krijuar p\u00ebr t\u00eb pasuruar ndjesh\u00ebm jet\u00ebn tuaj t\u00eb p\u00ebrditshme.","breadcrumb":{"@id":"https:\/\/ibas.world\/sq\/produktet\/#breadcrumb"},"inLanguage":"sq-AL","potentialAction":[{"@type":"ReadAction","target":["https:\/\/ibas.world\/sq\/produktet\/"]}]},{"@type":"BreadcrumbList","@id":"https:\/\/ibas.world\/sq\/produktet\/#breadcrumb","itemListElement":[{"@type":"ListItem","position":1,"name":"Home","item":"https:\/\/ibas.world\/sq\/"},{"@type":"ListItem","position":2,"name":"Produktet"}]},{"@type":"WebSite","@id":"https:\/\/ibas.world\/sq\/#website","url":"https:\/\/ibas.world\/sq\/","name":"IBAS","description":"","publisher":{"@id":"https:\/\/ibas.world\/sq\/#organization"},"potentialAction":[{"@type":"SearchAction","target":{"@type":"EntryPoint","urlTemplate":"https:\/\/ibas.world\/sq\/?s={search_term_string}"},"query-input":"required name=search_term_string"}],"inLanguage":"sq-AL"},{"@type":"Organization","@id":"https:\/\/ibas.world\/sq\/#organization","name":"IBAS","url":"https:\/\/ibas.world\/sq\/","logo":{"@type":"ImageObject","inLanguage":"sq-AL","@id":"https:\/\/ibas.world\/sq\/#\/schema\/logo\/image\/","url":"https:\/\/ibas.world\/wp-content\/uploads\/2023\/06\/favicon.png","contentUrl":"https:\/\/ibas.world\/wp-content\/uploads\/2023\/06\/favicon.png","width":374,"height":340,"caption":"IBAS"},"image":{"@id":"https:\/\/ibas.world\/sq\/#\/schema\/logo\/image\/"},"sameAs":["https:\/\/www.facebook.com\/ibas.world","https:\/\/www.instagram.com\/ibas.world\/","https:\/\/in.linkedin.com\/company\/ibas-world"]}]}},"_links":{"self":[{"href":"https:\/\/ibas.world\/sq\/wp-json\/wp\/v2\/pages\/5327"}],"collection":[{"href":"https:\/\/ibas.world\/sq\/wp-json\/wp\/v2\/pages"}],"about":[{"href":"https:\/\/ibas.world\/sq\/wp-json\/wp\/v2\/types\/page"}],"author":[{"embeddable":true,"href":"https:\/\/ibas.world\/sq\/wp-json\/wp\/v2\/users\/54"}],"replies":[{"embeddable":true,"href":"https:\/\/ibas.world\/sq\/wp-json\/wp\/v2\/comments?post=5327"}],"version-history":[{"count":11,"href":"https:\/\/ibas.world\/sq\/wp-json\/wp\/v2\/pages\/5327\/revisions"}],"predecessor-version":[{"id":7331,"href":"https:\/\/ibas.world\/sq\/wp-json\/wp\/v2\/pages\/5327\/revisions\/7331"}],"wp:attachment":[{"href":"https:\/\/ibas.world\/sq\/wp-json\/wp\/v2\/media?parent=5327"}],"curies":[{"name":"wp","href":"https:\/\/api.w.org\/{rel}","templated":true}]}}