{"id":7943,"date":"2025-11-11T09:00:43","date_gmt":"2025-11-11T09:00:43","guid":{"rendered":"https:\/\/ibas.world\/?page_id=7943"},"modified":"2025-11-11T13:48:15","modified_gmt":"2025-11-11T13:48:15","slug":"ankand-publik-shitja-e-paluajtshmerise","status":"publish","type":"page","link":"https:\/\/ibas.world\/sq\/ankand-publik-shitja-e-paluajtshmerise\/","title":{"rendered":"ANKAND PUBLIK \u2013 SHITJA E PALUAJTSHM\u00cbRIS\u00cb"},"content":{"rendered":"\t\t<div data-elementor-type=\"wp-page\" data-elementor-id=\"7943\" class=\"elementor elementor-7943\">\n\t\t\t\t<div class=\"elementor-element elementor-element-fdc1e50 e-flex e-con-boxed e-con e-parent\" data-id=\"fdc1e50\" data-element_type=\"container\">\n\t\t\t\t\t<div class=\"e-con-inner\">\n\t\t\t\t<div class=\"elementor-element elementor-element-cea97f2 elementor-widget elementor-widget-html\" data-id=\"cea97f2\" data-element_type=\"widget\" data-widget_type=\"html.default\">\n\t\t\t\t<div class=\"elementor-widget-container\">\n\t\t\t<h2 class=\"black0f0 blueLinear\">ANKAND PUBLIK \u2013 SHITJA E PALUAJTSHM\u00cbRIS\u00cb\r\n <\/h2>\t\t<\/div>\n\t\t\t\t<\/div>\n\t\t\t\t\t<\/div>\n\t\t\t\t<\/div>\n\t\t<div class=\"elementor-element elementor-element-f5f4fd3 e-flex e-con-boxed e-con e-parent\" data-id=\"f5f4fd3\" data-element_type=\"container\">\n\t\t\t\t\t<div class=\"e-con-inner\">\n\t\t\t\t<div class=\"elementor-element elementor-element-bebabf7 elementor-widget elementor-widget-html\" data-id=\"bebabf7\" data-element_type=\"widget\" data-widget_type=\"html.default\">\n\t\t\t\t<div class=\"elementor-widget-container\">\n\t\t\t<p class=\"p-main black0f0\">Institucioni Financiar: IBAS Sh.A. <br><br>\n\nIBAS Sh.A. njofton t\u00eb gjith\u00eb t\u00eb interesuarit p\u00ebr shpalljen e ankandit publik p\u00ebr shitjen e paluajtshm\u00ebris\u00eb me t\u00eb dh\u00ebnat e m\u00ebposhtme:<br><br>\n\n<strong>Identifikimi i pron\u00ebs<\/strong> <br>\nNj\u00ebsia kadastrale: P-70403013-01727-7<br>\nZona Kadastrale: Gjilan<br>\nVendi: Bregu i Djegur, lagjja Arb\u00ebria<br>\nSip\u00ebrfaqja e parcel\u00ebs: 430 m\u00b2<br>\nNumri i certifikat\u00ebs s\u00eb pron\u00ebs: 0071082-22 <br><br>\n\n<strong>P\u00ebrshkrimi i pron\u00ebs<\/strong><br>\nProna p\u00ebrb\u00ebhet nga parcela dhe sht\u00ebpi banimi me sip\u00ebrfaqe t\u00eb p\u00ebrgjithshme 270 m\u00b2.<br>\nVlera totale: 138,000 \u20ac.<br><br>\n\n<strong>Lokacioni dhe qasja<\/strong><br>\nProna ka qasje t\u00eb drejtp\u00ebrdrejt\u00eb n\u00eb rrug\u00eb t\u00eb asfaltuar<br>\nVendndodhja: rreth 2.7 km nga qendra e qytetit t\u00eb Gjilanit<br>\nZona rezidenciale me sht\u00ebpi individuale, e p\u00ebrshtatshme p\u00ebr banim.<br>\n<a style=\"text-decoration:underline; color:black;\" href=\"https:\/\/maps.app.goo.gl\/h3oHM4ak5Vo5Lo68A\">Veg\u00ebza p\u00ebr Google map<\/a><br><br>\n\n\n<strong>Data dhe vendi i ankandit<\/strong><br>\nData e ankandit: 25.11.2025, ora 10:30 <br>\nVendi: Zyra e P\u00ebrmbarueses Private Rezarta Metaj, Rr. Rexhep Luci nr. 20 I\/4, Prishtin\u00eb<br><br>\n\n<strong>Kontakt p\u00ebr informacione<\/strong><br>\nT\u00eb interesuarit mund t\u00eb lajm\u00ebrohen edhe para dat\u00ebs s\u00eb ankandit<br>\nEmail: info@ibas.world<br>\nTel: 0380 600 300 | 048 166 155<br>\nAdresa: Rruga Tirana nr. 91, Prishtin\u00eb<\/p>\n\t\t<\/div>\n\t\t\t\t<\/div>\n\t\t\t\t\t<\/div>\n\t\t\t\t<\/div>\n\t\t\t\t<\/div>\n\t\t","protected":false},"excerpt":{"rendered":"<p>ANKAND PUBLIK \u2013 SHITJA E PALUAJTSHM\u00cbRIS\u00cb Institucioni Financiar: IBAS Sh.A. IBAS Sh.A. njofton t\u00eb gjith\u00eb t\u00eb interesuarit p\u00ebr shpalljen e ankandit publik p\u00ebr shitjen e paluajtshm\u00ebris\u00eb me t\u00eb dh\u00ebnat e m\u00ebposhtme: Identifikimi i pron\u00ebs Nj\u00ebsia kadastrale: P-70403013-01727-7 Zona Kadastrale: Gjilan Vendi: Bregu i Djegur, lagjja Arb\u00ebria Sip\u00ebrfaqja e parcel\u00ebs: 430 m\u00b2 Numri i certifikat\u00ebs s\u00eb [&hellip;]<\/p>\n","protected":false},"author":54,"featured_media":7977,"parent":0,"menu_order":0,"comment_status":"closed","ping_status":"closed","template":"","meta":{"inline_featured_image":false,"footnotes":""},"yoast_head":"<!-- This site is optimized with the Yoast SEO plugin v22.5 - https:\/\/yoast.com\/wordpress\/plugins\/seo\/ -->\r\n<title>ANKAND PUBLIK \u2013 SHITJA E PALUAJTSHM\u00cbRIS\u00cb - IBAS<\/title>\r\n<meta name=\"description\" content=\"N\u00eb IBAS, ne e kuptojm\u00eb se ndonj\u00ebher\u00eb mund t\u00eb lindin shqet\u00ebsime. Ne ju inkurajojm\u00eb t\u00eb ndani komentet dhe ankesat tuaja me ne. V\u00ebshtrimet tuaja...\" \/>\r\n<meta name=\"robots\" content=\"index, follow, max-snippet:-1, max-image-preview:large, max-video-preview:-1\" \/>\r\n<link rel=\"canonical\" href=\"https:\/\/ibas.world\/sq\/ankand-publik-shitja-e-paluajtshmerise\/\" \/>\r\n<meta property=\"og:locale\" content=\"sq_AL\" \/>\r\n<meta property=\"og:type\" content=\"article\" \/>\r\n<meta property=\"og:title\" content=\"ANKAND PUBLIK \u2013 SHITJA E PALUAJTSHM\u00cbRIS\u00cb - IBAS\" \/>\r\n<meta property=\"og:description\" content=\"N\u00eb IBAS, ne e kuptojm\u00eb se ndonj\u00ebher\u00eb mund t\u00eb lindin shqet\u00ebsime. Ne ju inkurajojm\u00eb t\u00eb ndani komentet dhe ankesat tuaja me ne. V\u00ebshtrimet tuaja...\" \/>\r\n<meta property=\"og:url\" content=\"https:\/\/ibas.world\/sq\/ankand-publik-shitja-e-paluajtshmerise\/\" \/>\r\n<meta property=\"og:site_name\" content=\"IBAS\" \/>\r\n<meta property=\"article:publisher\" content=\"https:\/\/www.facebook.com\/ibas.world\" \/>\r\n<meta property=\"article:modified_time\" content=\"2025-11-11T13:48:15+00:00\" \/>\r\n<meta property=\"og:image\" content=\"https:\/\/ibas.world\/wp-content\/uploads\/2025\/11\/Artboard-1-1.png\" \/>\r\n\t<meta property=\"og:image:width\" content=\"300\" \/>\r\n\t<meta property=\"og:image:height\" content=\"300\" \/>\r\n\t<meta property=\"og:image:type\" content=\"image\/png\" \/>\r\n<meta name=\"twitter:card\" content=\"summary_large_image\" \/>\r\n<meta name=\"twitter:label1\" content=\"Est. reading time\" \/>\n\t<meta name=\"twitter:data1\" content=\"1 minute\" \/>\r\n<script type=\"application\/ld+json\" class=\"yoast-schema-graph\">{\"@context\":\"https:\/\/schema.org\",\"@graph\":[{\"@type\":\"WebPage\",\"@id\":\"https:\/\/ibas.world\/sq\/ankand-publik-shitja-e-paluajtshmerise\/\",\"url\":\"https:\/\/ibas.world\/sq\/ankand-publik-shitja-e-paluajtshmerise\/\",\"name\":\"ANKAND PUBLIK \u2013 SHITJA E PALUAJTSHM\u00cbRIS\u00cb - IBAS\",\"isPartOf\":{\"@id\":\"https:\/\/ibas.world\/sq\/#website\"},\"primaryImageOfPage\":{\"@id\":\"https:\/\/ibas.world\/sq\/ankand-publik-shitja-e-paluajtshmerise\/#primaryimage\"},\"image\":{\"@id\":\"https:\/\/ibas.world\/sq\/ankand-publik-shitja-e-paluajtshmerise\/#primaryimage\"},\"thumbnailUrl\":\"https:\/\/ibas.world\/wp-content\/uploads\/2025\/11\/Artboard-1-1.png\",\"datePublished\":\"2025-11-11T09:00:43+00:00\",\"dateModified\":\"2025-11-11T13:48:15+00:00\",\"description\":\"N\u00eb IBAS, ne e kuptojm\u00eb se ndonj\u00ebher\u00eb mund t\u00eb lindin shqet\u00ebsime. Ne ju inkurajojm\u00eb t\u00eb ndani komentet dhe ankesat tuaja me ne. V\u00ebshtrimet tuaja...\",\"breadcrumb\":{\"@id\":\"https:\/\/ibas.world\/sq\/ankand-publik-shitja-e-paluajtshmerise\/#breadcrumb\"},\"inLanguage\":\"sq-AL\",\"potentialAction\":[{\"@type\":\"ReadAction\",\"target\":[\"https:\/\/ibas.world\/sq\/ankand-publik-shitja-e-paluajtshmerise\/\"]}]},{\"@type\":\"ImageObject\",\"inLanguage\":\"sq-AL\",\"@id\":\"https:\/\/ibas.world\/sq\/ankand-publik-shitja-e-paluajtshmerise\/#primaryimage\",\"url\":\"https:\/\/ibas.world\/wp-content\/uploads\/2025\/11\/Artboard-1-1.png\",\"contentUrl\":\"https:\/\/ibas.world\/wp-content\/uploads\/2025\/11\/Artboard-1-1.png\",\"width\":300,\"height\":300},{\"@type\":\"BreadcrumbList\",\"@id\":\"https:\/\/ibas.world\/sq\/ankand-publik-shitja-e-paluajtshmerise\/#breadcrumb\",\"itemListElement\":[{\"@type\":\"ListItem\",\"position\":1,\"name\":\"Home\",\"item\":\"https:\/\/ibas.world\/sq\/\"},{\"@type\":\"ListItem\",\"position\":2,\"name\":\"ANKAND PUBLIK \u2013 SHITJA E PALUAJTSHM\u00cbRIS\u00cb\"}]},{\"@type\":\"WebSite\",\"@id\":\"https:\/\/ibas.world\/sq\/#website\",\"url\":\"https:\/\/ibas.world\/sq\/\",\"name\":\"IBAS\",\"description\":\"\",\"publisher\":{\"@id\":\"https:\/\/ibas.world\/sq\/#organization\"},\"potentialAction\":[{\"@type\":\"SearchAction\",\"target\":{\"@type\":\"EntryPoint\",\"urlTemplate\":\"https:\/\/ibas.world\/sq\/?s={search_term_string}\"},\"query-input\":\"required name=search_term_string\"}],\"inLanguage\":\"sq-AL\"},{\"@type\":\"Organization\",\"@id\":\"https:\/\/ibas.world\/sq\/#organization\",\"name\":\"IBAS\",\"url\":\"https:\/\/ibas.world\/sq\/\",\"logo\":{\"@type\":\"ImageObject\",\"inLanguage\":\"sq-AL\",\"@id\":\"https:\/\/ibas.world\/sq\/#\/schema\/logo\/image\/\",\"url\":\"https:\/\/ibas.world\/wp-content\/uploads\/2023\/06\/favicon.png\",\"contentUrl\":\"https:\/\/ibas.world\/wp-content\/uploads\/2023\/06\/favicon.png\",\"width\":374,\"height\":340,\"caption\":\"IBAS\"},\"image\":{\"@id\":\"https:\/\/ibas.world\/sq\/#\/schema\/logo\/image\/\"},\"sameAs\":[\"https:\/\/www.facebook.com\/ibas.world\",\"https:\/\/www.instagram.com\/ibas.world\/\",\"https:\/\/in.linkedin.com\/company\/ibas-world\"]}]}<\/script>\r\n<!-- \/ Yoast SEO plugin. -->","yoast_head_json":{"title":"ANKAND PUBLIK \u2013 SHITJA E PALUAJTSHM\u00cbRIS\u00cb - IBAS","description":"N\u00eb IBAS, ne e kuptojm\u00eb se ndonj\u00ebher\u00eb mund t\u00eb lindin shqet\u00ebsime. Ne ju inkurajojm\u00eb t\u00eb ndani komentet dhe ankesat tuaja me ne. V\u00ebshtrimet tuaja...","robots":{"index":"index","follow":"follow","max-snippet":"max-snippet:-1","max-image-preview":"max-image-preview:large","max-video-preview":"max-video-preview:-1"},"canonical":"https:\/\/ibas.world\/sq\/ankand-publik-shitja-e-paluajtshmerise\/","og_locale":"sq_AL","og_type":"article","og_title":"ANKAND PUBLIK \u2013 SHITJA E PALUAJTSHM\u00cbRIS\u00cb - IBAS","og_description":"N\u00eb IBAS, ne e kuptojm\u00eb se ndonj\u00ebher\u00eb mund t\u00eb lindin shqet\u00ebsime. Ne ju inkurajojm\u00eb t\u00eb ndani komentet dhe ankesat tuaja me ne. V\u00ebshtrimet tuaja...","og_url":"https:\/\/ibas.world\/sq\/ankand-publik-shitja-e-paluajtshmerise\/","og_site_name":"IBAS","article_publisher":"https:\/\/www.facebook.com\/ibas.world","article_modified_time":"2025-11-11T13:48:15+00:00","og_image":[{"width":300,"height":300,"url":"https:\/\/ibas.world\/wp-content\/uploads\/2025\/11\/Artboard-1-1.png","type":"image\/png"}],"twitter_card":"summary_large_image","twitter_misc":{"Est. reading time":"1 minute"},"schema":{"@context":"https:\/\/schema.org","@graph":[{"@type":"WebPage","@id":"https:\/\/ibas.world\/sq\/ankand-publik-shitja-e-paluajtshmerise\/","url":"https:\/\/ibas.world\/sq\/ankand-publik-shitja-e-paluajtshmerise\/","name":"ANKAND PUBLIK \u2013 SHITJA E PALUAJTSHM\u00cbRIS\u00cb - IBAS","isPartOf":{"@id":"https:\/\/ibas.world\/sq\/#website"},"primaryImageOfPage":{"@id":"https:\/\/ibas.world\/sq\/ankand-publik-shitja-e-paluajtshmerise\/#primaryimage"},"image":{"@id":"https:\/\/ibas.world\/sq\/ankand-publik-shitja-e-paluajtshmerise\/#primaryimage"},"thumbnailUrl":"https:\/\/ibas.world\/wp-content\/uploads\/2025\/11\/Artboard-1-1.png","datePublished":"2025-11-11T09:00:43+00:00","dateModified":"2025-11-11T13:48:15+00:00","description":"N\u00eb IBAS, ne e kuptojm\u00eb se ndonj\u00ebher\u00eb mund t\u00eb lindin shqet\u00ebsime. Ne ju inkurajojm\u00eb t\u00eb ndani komentet dhe ankesat tuaja me ne. V\u00ebshtrimet tuaja...","breadcrumb":{"@id":"https:\/\/ibas.world\/sq\/ankand-publik-shitja-e-paluajtshmerise\/#breadcrumb"},"inLanguage":"sq-AL","potentialAction":[{"@type":"ReadAction","target":["https:\/\/ibas.world\/sq\/ankand-publik-shitja-e-paluajtshmerise\/"]}]},{"@type":"ImageObject","inLanguage":"sq-AL","@id":"https:\/\/ibas.world\/sq\/ankand-publik-shitja-e-paluajtshmerise\/#primaryimage","url":"https:\/\/ibas.world\/wp-content\/uploads\/2025\/11\/Artboard-1-1.png","contentUrl":"https:\/\/ibas.world\/wp-content\/uploads\/2025\/11\/Artboard-1-1.png","width":300,"height":300},{"@type":"BreadcrumbList","@id":"https:\/\/ibas.world\/sq\/ankand-publik-shitja-e-paluajtshmerise\/#breadcrumb","itemListElement":[{"@type":"ListItem","position":1,"name":"Home","item":"https:\/\/ibas.world\/sq\/"},{"@type":"ListItem","position":2,"name":"ANKAND PUBLIK \u2013 SHITJA E PALUAJTSHM\u00cbRIS\u00cb"}]},{"@type":"WebSite","@id":"https:\/\/ibas.world\/sq\/#website","url":"https:\/\/ibas.world\/sq\/","name":"IBAS","description":"","publisher":{"@id":"https:\/\/ibas.world\/sq\/#organization"},"potentialAction":[{"@type":"SearchAction","target":{"@type":"EntryPoint","urlTemplate":"https:\/\/ibas.world\/sq\/?s={search_term_string}"},"query-input":"required name=search_term_string"}],"inLanguage":"sq-AL"},{"@type":"Organization","@id":"https:\/\/ibas.world\/sq\/#organization","name":"IBAS","url":"https:\/\/ibas.world\/sq\/","logo":{"@type":"ImageObject","inLanguage":"sq-AL","@id":"https:\/\/ibas.world\/sq\/#\/schema\/logo\/image\/","url":"https:\/\/ibas.world\/wp-content\/uploads\/2023\/06\/favicon.png","contentUrl":"https:\/\/ibas.world\/wp-content\/uploads\/2023\/06\/favicon.png","width":374,"height":340,"caption":"IBAS"},"image":{"@id":"https:\/\/ibas.world\/sq\/#\/schema\/logo\/image\/"},"sameAs":["https:\/\/www.facebook.com\/ibas.world","https:\/\/www.instagram.com\/ibas.world\/","https:\/\/in.linkedin.com\/company\/ibas-world"]}]}},"_links":{"self":[{"href":"https:\/\/ibas.world\/sq\/wp-json\/wp\/v2\/pages\/7943"}],"collection":[{"href":"https:\/\/ibas.world\/sq\/wp-json\/wp\/v2\/pages"}],"about":[{"href":"https:\/\/ibas.world\/sq\/wp-json\/wp\/v2\/types\/page"}],"author":[{"embeddable":true,"href":"https:\/\/ibas.world\/sq\/wp-json\/wp\/v2\/users\/54"}],"replies":[{"embeddable":true,"href":"https:\/\/ibas.world\/sq\/wp-json\/wp\/v2\/comments?post=7943"}],"version-history":[{"count":21,"href":"https:\/\/ibas.world\/sq\/wp-json\/wp\/v2\/pages\/7943\/revisions"}],"predecessor-version":[{"id":7976,"href":"https:\/\/ibas.world\/sq\/wp-json\/wp\/v2\/pages\/7943\/revisions\/7976"}],"wp:featuredmedia":[{"embeddable":true,"href":"https:\/\/ibas.world\/sq\/wp-json\/wp\/v2\/media\/7977"}],"wp:attachment":[{"href":"https:\/\/ibas.world\/sq\/wp-json\/wp\/v2\/media?parent=7943"}],"curies":[{"name":"wp","href":"https:\/\/api.w.org\/{rel}","templated":true}]}}